{"id":2099,"date":"2025-12-19T13:00:27","date_gmt":"2025-12-19T13:00:27","guid":{"rendered":"https:\/\/peronmedya.com\/liderokullari\/?page_id=2099"},"modified":"2025-12-19T13:12:51","modified_gmt":"2025-12-19T13:12:51","slug":"bursluluk-sinavi","status":"publish","type":"page","link":"https:\/\/peronmedya.com\/liderokullari\/bursluluk-sinavi\/","title":{"rendered":"Bursluluk S\u0131nav\u0131"},"content":{"rendered":"\t\t<div data-elementor-type=\"wp-page\" data-elementor-id=\"2099\" class=\"elementor elementor-2099\" data-elementor-post-type=\"page\">\n\t\t\t\t<div class=\"elementor-element elementor-element-bb1f54a e-flex e-con-boxed e-con e-parent\" data-id=\"bb1f54a\" data-element_type=\"container\" data-e-type=\"container\">\n\t\t\t\t\t<div class=\"e-con-inner\">\n\t\t<div class=\"elementor-element elementor-element-94c7d42 e-con-full e-flex e-con e-child\" data-id=\"94c7d42\" data-element_type=\"container\" data-e-type=\"container\">\n\t\t<div class=\"elementor-element elementor-element-6a310b7 e-con-full e-flex elementor-invisible e-con e-child\" data-id=\"6a310b7\" data-element_type=\"container\" data-e-type=\"container\" data-settings=\"{&quot;animation&quot;:&quot;fadeInLeft&quot;}\">\n\t\t\t\t<div class=\"elementor-element elementor-element-05441ad elementor-widget elementor-widget-heading\" data-id=\"05441ad\" data-element_type=\"widget\" data-e-type=\"widget\" data-widget_type=\"heading.default\">\n\t\t\t\t<div class=\"elementor-widget-container\">\n\t\t\t\t\t<h1 class=\"elementor-heading-title elementor-size-default\">Bursluluk S\u0131nav\u0131<\/h1>\t\t\t\t<\/div>\n\t\t\t\t<\/div>\n\t\t\t\t<div class=\"elementor-element elementor-element-d912d29 elementor-widget-divider--view-line elementor-widget elementor-widget-divider\" data-id=\"d912d29\" data-element_type=\"widget\" data-e-type=\"widget\" data-widget_type=\"divider.default\">\n\t\t\t\t<div class=\"elementor-widget-container\">\n\t\t\t\t\t\t\t<div class=\"elementor-divider\">\n\t\t\t<span class=\"elementor-divider-separator\">\n\t\t\t\t\t\t<\/span>\n\t\t<\/div>\n\t\t\t\t\t\t<\/div>\n\t\t\t\t<\/div>\n\t\t\t\t<div class=\"elementor-element elementor-element-baba99d elementor-widget elementor-widget-text-editor\" data-id=\"baba99d\" data-element_type=\"widget\" data-e-type=\"widget\" data-widget_type=\"text-editor.default\">\n\t\t\t\t<div class=\"elementor-widget-container\">\n\t\t\t\t\t\t\t\t\t<p>Akademik ba\u015far\u0131s\u0131n\u0131 gelece\u011fe ta\u015f\u0131mak isteyen \u00f6\u011frencilerimiz i\u00e7in bursluluk s\u0131nav\u0131 ba\u015fvurular\u0131 ba\u015flad\u0131.<\/p>\t\t\t\t\t\t\t\t<\/div>\n\t\t\t\t<\/div>\n\t\t\t\t<\/div>\n\t\t\t\t<\/div>\n\t\t\t\t\t<\/div>\n\t\t\t\t<\/div>\n\t\t<div class=\"elementor-element elementor-element-98bd0a5 e-flex e-con-boxed e-con e-parent\" data-id=\"98bd0a5\" data-element_type=\"container\" data-e-type=\"container\">\n\t\t\t\t\t<div class=\"e-con-inner\">\n\t\t\t\t<div class=\"elementor-element elementor-element-efc62c5 elementor-widget elementor-widget-html\" data-id=\"efc62c5\" data-element_type=\"widget\" data-e-type=\"widget\" data-widget_type=\"html.default\">\n\t\t\t\t<div class=\"elementor-widget-container\">\n\t\t\t\t\t<iframe src=\"https:\/\/docs.google.com\/forms\/d\/e\/1FAIpQLSc86ayS6uidHYXXdu24bxO7_NKv5nd-S4jEzJaPWWcT9vg2cQ\/formResponse?embedded=true\"\n        width=\"640\"\n        height=\"800\"\n        frameborder=\"0\"\n        marginheight=\"0\"\n        marginwidth=\"0\">\nLoading\u2026\n<\/iframe>\n\t\t\t\t<\/div>\n\t\t\t\t<\/div>\n\t\t\t\t\t<\/div>\n\t\t\t\t<\/div>\n\t\t\t\t<\/div>\n\t\t","protected":false},"excerpt":{"rendered":"<p>Bursluluk S\u0131nav\u0131 Akademik ba\u015far\u0131s\u0131n\u0131 gelece\u011fe ta\u015f\u0131mak isteyen \u00f6\u011frencilerimiz i\u00e7in bursluluk s\u0131nav\u0131 ba\u015fvurular\u0131 ba\u015flad\u0131. Loading\u2026<\/p>\n","protected":false},"author":3,"featured_media":0,"parent":0,"menu_order":0,"comment_status":"closed","ping_status":"closed","template":"","meta":{"footnotes":""},"class_list":["post-2099","page","type-page","status-publish","hentry"],"_links":{"self":[{"href":"https:\/\/peronmedya.com\/liderokullari\/wp-json\/wp\/v2\/pages\/2099","targetHints":{"allow":["GET"]}}],"collection":[{"href":"https:\/\/peronmedya.com\/liderokullari\/wp-json\/wp\/v2\/pages"}],"about":[{"href":"https:\/\/peronmedya.com\/liderokullari\/wp-json\/wp\/v2\/types\/page"}],"author":[{"embeddable":true,"href":"https:\/\/peronmedya.com\/liderokullari\/wp-json\/wp\/v2\/users\/3"}],"replies":[{"embeddable":true,"href":"https:\/\/peronmedya.com\/liderokullari\/wp-json\/wp\/v2\/comments?post=2099"}],"version-history":[{"count":7,"href":"https:\/\/peronmedya.com\/liderokullari\/wp-json\/wp\/v2\/pages\/2099\/revisions"}],"predecessor-version":[{"id":2111,"href":"https:\/\/peronmedya.com\/liderokullari\/wp-json\/wp\/v2\/pages\/2099\/revisions\/2111"}],"wp:attachment":[{"href":"https:\/\/peronmedya.com\/liderokullari\/wp-json\/wp\/v2\/media?parent=2099"}],"curies":[{"name":"wp","href":"https:\/\/api.w.org\/{rel}","templated":true}]}}