{"id":2259,"date":"2026-01-29T17:55:01","date_gmt":"2026-01-29T17:55:01","guid":{"rendered":"https:\/\/peronmedya.com\/liderokullari\/?page_id=2259"},"modified":"2026-02-11T10:23:48","modified_gmt":"2026-02-11T10:23:48","slug":"yabanci-dil-ingilizce","status":"publish","type":"page","link":"https:\/\/peronmedya.com\/liderokullari\/yabanci-dil-ingilizce\/","title":{"rendered":"Yabanc\u0131 Dil &#8211; \u0130ngilizce"},"content":{"rendered":"\t\t<div data-elementor-type=\"wp-page\" data-elementor-id=\"2259\" class=\"elementor elementor-2259\" data-elementor-post-type=\"page\">\n\t\t\t\t<div class=\"elementor-element elementor-element-a8ccc5b e-flex e-con-boxed e-con e-parent\" data-id=\"a8ccc5b\" data-element_type=\"container\" data-e-type=\"container\">\n\t\t\t\t\t<div class=\"e-con-inner\">\n\t\t<div class=\"elementor-element elementor-element-6a96dcb e-flex e-con-boxed e-con e-child\" data-id=\"6a96dcb\" data-element_type=\"container\" data-e-type=\"container\">\n\t\t\t\t\t<div class=\"e-con-inner\">\n\t\t\t\t<div class=\"elementor-element elementor-element-0d709f9 elementor-widget elementor-widget-text-editor\" data-id=\"0d709f9\" data-element_type=\"widget\" data-e-type=\"widget\" data-widget_type=\"text-editor.default\">\n\t\t\t\t<div class=\"elementor-widget-container\">\n\t\t\t\t\t\t\t\t\t<p>Ayd\u0131n Lider Okullar\u0131<\/p>\t\t\t\t\t\t\t\t<\/div>\n\t\t\t\t<\/div>\n\t\t\t\t<div class=\"elementor-element elementor-element-44bd3e4 elementor-widget elementor-widget-heading\" data-id=\"44bd3e4\" data-element_type=\"widget\" data-e-type=\"widget\" data-widget_type=\"heading.default\">\n\t\t\t\t<div class=\"elementor-widget-container\">\n\t\t\t\t\t<h2 class=\"elementor-heading-title elementor-size-default\">Yabanc\u0131 Diller \u2013 \u0130ngilizce\n<\/h2>\t\t\t\t<\/div>\n\t\t\t\t<\/div>\n\t\t\t\t<div class=\"elementor-element elementor-element-40d3801 elementor-widget elementor-widget-text-editor\" data-id=\"40d3801\" data-element_type=\"widget\" data-e-type=\"widget\" data-widget_type=\"text-editor.default\">\n\t\t\t\t<div class=\"elementor-widget-container\">\n\t\t\t\t\t\t\t\t\t<p class=\"p1\">Lider Okullar\u0131nda \u0130ngilizce, bir ders de\u011fil ya\u015fam\u0131n do\u011fal bir par\u00e7as\u0131d\u0131r. Ezbere dayal\u0131 \u00f6\u011fretim yerine, \u00f6\u011frencilerin dili aktif kullanarak \u00f6\u011frenmesini hedefleriz. Anaokulundan ortaokula kadar yap\u0131land\u0131r\u0131lm\u0131\u015f program\u0131m\u0131zla \u0130ngilizcenin kal\u0131c\u0131 ve i\u015flevsel \u015fekilde kazan\u0131lmas\u0131n\u0131 sa\u011flar\u0131z.<\/p><p class=\"p2\"><b>FAST \u0130ngilizce \u00d6\u011fretim Modeli<\/b><\/p><ul class=\"ul1\"><li class=\"li1\"><b>Fluency (Ak\u0131c\u0131l\u0131k):<\/b> Ak\u0131c\u0131 konu\u015fma<\/li><li class=\"li1\"><b>Accuracy (Do\u011fruluk):<\/b> Do\u011fru ve etkili kullan\u0131m<\/li><li class=\"li1\"><b>Skills (Beceriler):<\/b> Dinleme, konu\u015fma, okuma, yazma<\/li><li class=\"li1\"><b>Transfer:<\/b> G\u00fcnl\u00fck ya\u015famda dili kullanabilme<\/li><\/ul><p class=\"p2\"><b>E\u011fitim Kademelerine G\u00f6re \u0130ngilizce<\/b><\/p><p class=\"p1\"><b>Anaokulu (3\u20136 Ya\u015f)<\/b><br \/>\u0130ngilizce; oyun, m\u00fczik, hik\u00e2ye ve drama yoluyla do\u011fal bir ortamda \u00f6\u011fretilir. \u00d6\u011frencilerin dili fark\u0131nda olmadan edinmeleri ve basit c\u00fcmlelerle kendilerini ifade edebilmeleri hedeflenir.<\/p><p class=\"p1\"><b>\u0130lkokul (1\u20134. S\u0131n\u0131flar)<\/b><br \/>\u0130leti\u015fim temelli derslerle konu\u015fma ve dinleme becerileri \u00f6n plandad\u0131r. \u00d6\u011frenciler A1\u2013A2 seviyelerinde \u0130ngilizceyi anlayan ve temel ileti\u015fim kurabilen bireyler olarak yeti\u015ftirilir.<\/p><p class=\"p1\"><b>Ortaokul (5\u20138. S\u0131n\u0131flar)<\/b><br \/>Proje tabanl\u0131 \u00e7al\u0131\u015fmalarla akademik \u0130ngilizce desteklenir. Seviye s\u0131n\u0131flar\u0131nda y\u00fcr\u00fct\u00fclen e\u011fitimle \u00f6\u011frenciler B1\u2013B2 d\u00fczeylerinde dili akademik ve g\u00fcnl\u00fck ya\u015famda etkili \u015fekilde kullanmay\u0131 \u00f6\u011frenir.<\/p>\t\t\t\t\t\t\t\t<\/div>\n\t\t\t\t<\/div>\n\t\t\t\t\t<\/div>\n\t\t\t\t<\/div>\n\t\t\t\t\t<\/div>\n\t\t\t\t<\/div>\n\t\t<div class=\"elementor-element elementor-element-3eae3c7 e-flex e-con-boxed e-con e-parent\" data-id=\"3eae3c7\" data-element_type=\"container\" data-e-type=\"container\">\n\t\t\t\t\t<div class=\"e-con-inner\">\n\t\t<div class=\"elementor-element elementor-element-95e6dae e-flex e-con-boxed e-con e-child\" data-id=\"95e6dae\" data-element_type=\"container\" data-e-type=\"container\">\n\t\t\t\t\t<div class=\"e-con-inner\">\n\t\t\t\t<div class=\"elementor-element elementor-element-0c5978c elementor-widget elementor-widget-heading\" data-id=\"0c5978c\" data-element_type=\"widget\" data-e-type=\"widget\" data-widget_type=\"heading.default\">\n\t\t\t\t<div class=\"elementor-widget-container\">\n\t\t\t\t\t<h2 class=\"elementor-heading-title elementor-size-default\">Uluslararas\u0131 Projelerimiz<\/h2>\t\t\t\t<\/div>\n\t\t\t\t<\/div>\n\t\t\t\t<div class=\"elementor-element elementor-element-c501126 elementor-widget elementor-widget-text-editor\" data-id=\"c501126\" data-element_type=\"widget\" data-e-type=\"widget\" data-widget_type=\"text-editor.default\">\n\t\t\t\t<div class=\"elementor-widget-container\">\n\t\t\t\t\t\t\t\t\t<p class=\"p1\">Okulumuz, \u00f6\u011frencilerimizin yarat\u0131c\u0131l\u0131k, problem \u00e7\u00f6zme, ileti\u015fim ve liderlik becerilerini geli\u015ftirmek amac\u0131yla uluslararas\u0131 projelere ve akademik s\u0131navlara aktif olarak kat\u0131l\u0131m\u0131n\u0131 destekler.<\/p><p class=\"p2\"><b>JMUN (Junior Model United Nations) \u2013 7. S\u0131n\u0131flar<\/b><\/p><p class=\"p1\">\u00d6\u011frencilerimiz, Birle\u015fmi\u015f Milletler sim\u00fclasyonlar\u0131 arac\u0131l\u0131\u011f\u0131yla farkl\u0131 \u00fclkeleri temsil eder; diplomasi, m\u00fczakere ve topluluk \u00f6n\u00fcnde konu\u015fma becerilerini geli\u015ftirir. JMUN, \u00f6\u011frencilerin k\u00fcresel fark\u0131ndal\u0131k ve analitik d\u00fc\u015f\u00fcnme becerilerini g\u00fc\u00e7lendirir.<\/p><p class=\"p2\"><b>Destination Imagination \u2013 4. S\u0131n\u0131flar<\/b><\/p><p class=\"p1\">Bu uluslararas\u0131 proje, \u00f6\u011frencilerimize yarat\u0131c\u0131 problem \u00e7\u00f6zme ve tak\u0131m \u00e7al\u0131\u015fmas\u0131 deneyimi sunar. Disiplinler aras\u0131 projelerle \u00f6zg\u00fcn d\u00fc\u015f\u00fcnme becerileri desteklenir.<\/p><p class=\"p1\">Bu projeler sayesinde \u00f6\u011frencilerimiz, akademik geli\u015fimlerini sosyal ve ki\u015fisel kazan\u0131mlarla birlikte uluslararas\u0131 bir bak\u0131\u015f a\u00e7\u0131s\u0131yla g\u00fc\u00e7lendirir.<br \/><br \/><\/p><p class=\"p1\"><b>Cambridge English S\u0131navlar\u0131<\/b><\/p><p class=\"p2\">Okulumuzda \u00f6\u011frencilerimiz, d\u00fcnya genelinde ge\u00e7erlili\u011fe sahip Cambridge English s\u0131navlar\u0131na kat\u0131lmaktad\u0131r. Bu s\u0131navlar, dinleme, konu\u015fma, okuma ve yazma becerilerini uluslararas\u0131 standartlarda \u00f6l\u00e7er.<\/p><p class=\"p2\">Cambridge s\u0131navlar\u0131na y\u00f6nelik olarak, \u00f6\u011frencilerin seviyelerine uygun planl\u0131 et\u00fct \u00e7al\u0131\u015fmalar\u0131 y\u00fcr\u00fct\u00fcl\u00fcr. \u00d6rnek s\u0131navlar, kelime ve dil bilgisi \u00e7al\u0131\u015fmalar\u0131 ile konu\u015fma uygulamalar\u0131 sayesinde \u00f6\u011frenciler s\u0131nav format\u0131na etkili \u015fekilde haz\u0131rlan\u0131r. Bu s\u00fcre\u00e7, \u00f6\u011frencilerin \u0130ngilizceyi \u00f6zg\u00fcvenle ve etkin bi\u00e7imde kullanmalar\u0131n\u0131 destekler.<br \/><br \/><\/p><p class=\"p1\"><b>Gauss Matematik S\u0131nav\u0131<\/b><\/p><p class=\"p1\"><b><i>(University of Waterloo \u2013 Kanada<\/i><\/b><span class=\"s1\"><b><i>)<\/i><\/b><b><i><\/i><\/b><\/span><\/p><ol class=\"ol1\"><li class=\"li2\">s\u0131n\u0131f \u00f6\u011frencilerimiz, University of Waterloo taraf\u0131ndan d\u00fczenlenen Gauss Matematik S\u0131nav\u0131na kat\u0131lmaktad\u0131r. Bu s\u0131nav, matematiksel d\u00fc\u015f\u00fcnme ve problem \u00e7\u00f6zme becerilerini \u00f6l\u00e7meyi ama\u00e7lar.<\/li><\/ol><p class=\"p2\">S\u0131nava y\u00f6nelik y\u00fcr\u00fct\u00fclen haz\u0131rl\u0131k \u00e7al\u0131\u015fmalar\u0131yla \u00f6\u011frencilerimize uluslararas\u0131 bir akademik s\u0131nav deneyimi kazand\u0131r\u0131l\u0131r. Gauss Matematik S\u0131nav\u0131, \u00f6\u011frencilerin matematik ve bilgisayar bilimleri alanlar\u0131na olan ilgilerini destekler.<\/p>\t\t\t\t\t\t\t\t<\/div>\n\t\t\t\t<\/div>\n\t\t\t\t\t<\/div>\n\t\t\t\t<\/div>\n\t\t\t\t\t<\/div>\n\t\t\t\t<\/div>\n\t\t<div class=\"elementor-element elementor-element-96af020 e-flex e-con-boxed e-con e-parent\" data-id=\"96af020\" data-element_type=\"container\" data-e-type=\"container\">\n\t\t\t\t\t<div class=\"e-con-inner\">\n\t\t<div class=\"elementor-element elementor-element-f3d3d46 e-con-full e-flex e-con e-child\" data-id=\"f3d3d46\" data-element_type=\"container\" data-e-type=\"container\">\n\t\t<div class=\"elementor-element elementor-element-404e0a4 e-con-full e-flex e-con e-child\" data-id=\"404e0a4\" data-element_type=\"container\" data-e-type=\"container\">\n\t\t<div class=\"elementor-element elementor-element-65a005a e-con-full e-flex elementor-invisible e-con e-child\" data-id=\"65a005a\" data-element_type=\"container\" data-e-type=\"container\" data-settings=\"{&quot;animation&quot;:&quot;fadeInRight&quot;}\">\n\t\t\t\t<div class=\"elementor-element elementor-element-881c735 elementor-widget elementor-widget-heading\" data-id=\"881c735\" data-element_type=\"widget\" data-e-type=\"widget\" data-widget_type=\"heading.default\">\n\t\t\t\t<div class=\"elementor-widget-container\">\n\t\t\t\t\t<h2 class=\"elementor-heading-title elementor-size-default\">Speaking Club (Konu\u015fma Kul\u00fcb\u00fc)<\/h2>\t\t\t\t<\/div>\n\t\t\t\t<\/div>\n\t\t\t\t<div class=\"elementor-element elementor-element-a9b9608 elementor-widget-divider--view-line elementor-widget elementor-widget-divider\" data-id=\"a9b9608\" data-element_type=\"widget\" data-e-type=\"widget\" data-widget_type=\"divider.default\">\n\t\t\t\t<div class=\"elementor-widget-container\">\n\t\t\t\t\t\t\t<div class=\"elementor-divider\">\n\t\t\t<span class=\"elementor-divider-separator\">\n\t\t\t\t\t\t<\/span>\n\t\t<\/div>\n\t\t\t\t\t\t<\/div>\n\t\t\t\t<\/div>\n\t\t\t\t<div class=\"elementor-element elementor-element-b4982b2 elementor-widget elementor-widget-text-editor\" data-id=\"b4982b2\" data-element_type=\"widget\" data-e-type=\"widget\" data-widget_type=\"text-editor.default\">\n\t\t\t\t<div class=\"elementor-widget-container\">\n\t\t\t\t\t\t\t\t\t<p class=\"p1\">Okulumuzda \u00f6\u011frencilerimizin \u0130ngilizce ileti\u015fim becerilerini geli\u015ftirmek ve kendilerini \u00f6zg\u00fcvenle ifade edebilmelerini desteklemek amac\u0131yla hafta sonlar\u0131 Konu\u015fma Kul\u00fcpleri d\u00fczenlenmektedir.<\/p><p class=\"p1\">Konu\u015fma Kul\u00fcplerinde \u00f6\u011frenciler; g\u00fcnl\u00fck ya\u015famdan se\u00e7ilen konular \u00fczerinden konu\u015fur, fikirlerini payla\u015f\u0131r ve grup i\u00e7inde aktif olarak ileti\u015fim kurar. Etkinlikler, \u00f6\u011frencilerin kat\u0131l\u0131m\u0131n\u0131 te\u015fvik eden samimi ve destekleyici bir ortamda y\u00fcr\u00fct\u00fcl\u00fcr.<\/p><p class=\"p2\"><b>Konu\u015fma Kul\u00fcb\u00fc ile \u00f6\u011frenciler:<\/b><b><\/b><\/p><ul class=\"ul1\"><li class=\"li1\">Ak\u0131c\u0131 ve etkili konu\u015fma becerileri geli\u015ftirir,<\/li><li class=\"li1\">Dinleme ve kar\u015f\u0131l\u0131kl\u0131 ileti\u015fim becerilerini g\u00fc\u00e7lendirir,<\/li><li class=\"li1\">\u00d6zg\u00fcven kazan\u0131r,<\/li><li class=\"li1\">Sosyal etkile\u015fim ve ekip \u00e7al\u0131\u015fmas\u0131 deneyimi ya\u015far.<\/li><\/ul><p class=\"p1\">Konu\u015fma Kul\u00fcplerinde hata yapman\u0131n \u00f6\u011frenmenin do\u011fal bir par\u00e7as\u0131 oldu\u011fu anlay\u0131\u015f\u0131 benimsenir. Etkinlikler, \u00f6\u011frencilerin ya\u015f ve dil seviyelerine uygun olarak planlan\u0131r.<\/p>\t\t\t\t\t\t\t\t<\/div>\n\t\t\t\t<\/div>\n\t\t\t\t<\/div>\n\t\t<div class=\"elementor-element elementor-element-9f8a8f0 e-con-full e-flex elementor-invisible e-con e-child\" data-id=\"9f8a8f0\" data-element_type=\"container\" data-e-type=\"container\" data-settings=\"{&quot;animation&quot;:&quot;fadeInLeft&quot;}\">\n\t\t\t\t<div class=\"elementor-element elementor-element-2494e21 elementor-widget elementor-widget-image\" data-id=\"2494e21\" data-element_type=\"widget\" data-e-type=\"widget\" data-widget_type=\"image.default\">\n\t\t\t\t<div class=\"elementor-widget-container\">\n\t\t\t\t\t\t\t\t\t\t\t\t\t\t\t<img fetchpriority=\"high\" decoding=\"async\" width=\"1500\" height=\"1000\" src=\"https:\/\/peronmedya.com\/liderokullari\/wp-content\/uploads\/2026\/01\/2149511040.jpg\" class=\"attachment-full size-full wp-image-2271\" alt=\"\" srcset=\"https:\/\/peronmedya.com\/liderokullari\/wp-content\/uploads\/2026\/01\/2149511040.jpg 1500w, https:\/\/peronmedya.com\/liderokullari\/wp-content\/uploads\/2026\/01\/2149511040-300x200.jpg 300w, https:\/\/peronmedya.com\/liderokullari\/wp-content\/uploads\/2026\/01\/2149511040-1024x683.jpg 1024w, https:\/\/peronmedya.com\/liderokullari\/wp-content\/uploads\/2026\/01\/2149511040-768x512.jpg 768w\" sizes=\"(max-width: 1500px) 100vw, 1500px\" \/>\t\t\t\t\t\t\t\t\t\t\t\t\t\t\t<\/div>\n\t\t\t\t<\/div>\n\t\t\t\t<\/div>\n\t\t\t\t<\/div>\n\t\t\t\t<\/div>\n\t\t\t\t\t<\/div>\n\t\t\t\t<\/div>\n\t\t<div class=\"elementor-element elementor-element-f778d32 e-flex e-con-boxed e-con e-parent\" data-id=\"f778d32\" data-element_type=\"container\" data-e-type=\"container\">\n\t\t\t\t\t<div class=\"e-con-inner\">\n\t\t<div class=\"elementor-element elementor-element-0601d0b e-con-full e-flex e-con e-child\" data-id=\"0601d0b\" data-element_type=\"container\" data-e-type=\"container\">\n\t\t<div class=\"elementor-element elementor-element-639d352 e-con-full e-flex e-con e-child\" data-id=\"639d352\" data-element_type=\"container\" data-e-type=\"container\">\n\t\t<div class=\"elementor-element elementor-element-d139db6 e-con-full e-flex e-con e-child\" data-id=\"d139db6\" data-element_type=\"container\" data-e-type=\"container\">\n\t\t\t\t<div class=\"elementor-element elementor-element-d14184c elementor-invisible elementor-widget elementor-widget-image\" data-id=\"d14184c\" data-element_type=\"widget\" data-e-type=\"widget\" data-settings=\"{&quot;_animation&quot;:&quot;fadeInLeft&quot;}\" data-widget_type=\"image.default\">\n\t\t\t\t<div class=\"elementor-widget-container\">\n\t\t\t\t\t\t\t\t\t\t\t\t\t\t\t<img decoding=\"async\" width=\"2016\" height=\"1134\" src=\"https:\/\/peronmedya.com\/liderokullari\/wp-content\/uploads\/2026\/01\/DJI_20250216154638_0380_D-1-1.jpg\" class=\"attachment-full size-full wp-image-2203\" alt=\"\" srcset=\"https:\/\/peronmedya.com\/liderokullari\/wp-content\/uploads\/2026\/01\/DJI_20250216154638_0380_D-1-1.jpg 2016w, https:\/\/peronmedya.com\/liderokullari\/wp-content\/uploads\/2026\/01\/DJI_20250216154638_0380_D-1-1-300x169.jpg 300w, https:\/\/peronmedya.com\/liderokullari\/wp-content\/uploads\/2026\/01\/DJI_20250216154638_0380_D-1-1-1024x576.jpg 1024w, https:\/\/peronmedya.com\/liderokullari\/wp-content\/uploads\/2026\/01\/DJI_20250216154638_0380_D-1-1-768x432.jpg 768w, https:\/\/peronmedya.com\/liderokullari\/wp-content\/uploads\/2026\/01\/DJI_20250216154638_0380_D-1-1-1536x864.jpg 1536w\" sizes=\"(max-width: 2016px) 100vw, 2016px\" \/>\t\t\t\t\t\t\t\t\t\t\t\t\t\t\t<\/div>\n\t\t\t\t<\/div>\n\t\t\t\t<div class=\"elementor-element elementor-element-b58f718 elementor-widget elementor-widget-text-editor\" data-id=\"b58f718\" data-element_type=\"widget\" data-e-type=\"widget\" data-widget_type=\"text-editor.default\">\n\t\t\t\t<div class=\"elementor-widget-container\">\n\t\t\t\t\t\t\t\t\t<p class=\"p2\"><b>5. S\u0131n\u0131f<\/b><\/p><p class=\"p1\">\u00d6\u011frenciler ilkokulda edindikleri dil temelini g\u00fc\u00e7lendirir. Kelime bilgisi ve temel dil bilgisi yap\u0131lar\u0131 geli\u015ftirilirken, konu\u015fma ve anlama becerileri \u00f6n plandad\u0131r. Ama\u00e7, \u00f6\u011frencilerin \u0130ngilizceye olan \u00f6zg\u00fcvenlerini art\u0131rmakt\u0131r.<\/p><p class=\"p2\"><b>6. S\u0131n\u0131f<\/b><\/p><p class=\"p1\">\u00d6\u011frencilerin \u0130ngilizceyi daha ak\u0131c\u0131 ve do\u011fru kullanmalar\u0131 hedeflenir. Okuma ve yazma becerileri geli\u015ftirilir; ileti\u015fim temelli etkinlikler ve proje \u00e7al\u0131\u015fmalar\u0131yla dilin aktif kullan\u0131m\u0131 desteklenir.<\/p><p class=\"p2\"><b>7. S\u0131n\u0131f<\/b><\/p><p class=\"p1\">\u00d6\u011frenciler daha karma\u015f\u0131k dil yap\u0131lar\u0131n\u0131 kullanabilir h\u00e2le gelir. Okudu\u011funu anlama, yaz\u0131l\u0131 ve s\u00f6zl\u00fc ifade becerileri geli\u015ftirilir. Sunumlar, tart\u0131\u015fmalar ve projelerle akademik \u0130ngilizce desteklenir.<\/p><p class=\"p1\"><b>8. S\u0131n\u0131f<\/b><\/p><p class=\"p2\">S\u0131nav odakl\u0131 \u00e7al\u0131\u015fmalarla \u00f6\u011frenciler, kar\u015f\u0131la\u015facaklar\u0131 dil yap\u0131lar\u0131n\u0131 etkin bi\u00e7imde kullan\u0131r. Okuma, dinleme, yazma ve konu\u015fma becerileri g\u00fc\u00e7lendirilerek lise d\u00fczeyinde \u0130ngilizceye sa\u011flam bir altyap\u0131 olu\u015fturulur.<\/p>\t\t\t\t\t\t\t\t<\/div>\n\t\t\t\t<\/div>\n\t\t\t\t<\/div>\n\t\t<div class=\"elementor-element elementor-element-c53eaba e-con-full e-flex e-con e-child\" data-id=\"c53eaba\" data-element_type=\"container\" data-e-type=\"container\">\n\t\t\t\t<div class=\"elementor-element elementor-element-432ff38 elementor-widget elementor-widget-heading\" data-id=\"432ff38\" data-element_type=\"widget\" data-e-type=\"widget\" data-widget_type=\"heading.default\">\n\t\t\t\t<div class=\"elementor-widget-container\">\n\t\t\t\t\t<h2 class=\"elementor-heading-title elementor-size-default\">\u0130lkokul ve Ortaokulda \u0130ngilizce E\u011fitim Program\u0131m\u0131z<\/h2>\t\t\t\t<\/div>\n\t\t\t\t<\/div>\n\t\t\t\t<div class=\"elementor-element elementor-element-fc75c1f elementor-widget elementor-widget-text-editor\" data-id=\"fc75c1f\" data-element_type=\"widget\" data-e-type=\"widget\" data-widget_type=\"text-editor.default\">\n\t\t\t\t<div class=\"elementor-widget-container\">\n\t\t\t\t\t\t\t\t\t<p class=\"p1\">\u0130ngilizce program\u0131m\u0131z, \u00f6\u011frencilerimizin dili do\u011fal, kal\u0131c\u0131 ve i\u015flevsel bi\u00e7imde \u00f6\u011frenmelerini hedefler. \u0130lkokuldan ortaokula kadar kademeli olarak yap\u0131land\u0131r\u0131lan programla \u00f6\u011frenciler, \u0130ngilizceyi bir ders de\u011fil, etkili bir ileti\u015fim arac\u0131 olarak kullanmay\u0131 \u00f6\u011frenir.<\/p><p class=\"p2\"><b>1. S\u0131n\u0131f<\/b><\/p><p class=\"p1\">\u00d6\u011frenciler \u0130ngilizceyle do\u011fal ve e\u011flenceli bir ortamda tan\u0131\u015f\u0131r. \u015eark\u0131lar, oyunlar ve hik\u00e2yelerle y\u00fcr\u00fct\u00fclen derslerde dinleme ve anlama becerileri \u00f6n plandad\u0131r. Bu seviyede konu\u015fma beklenmez; ama\u00e7 dile kar\u015f\u0131 olumlu bir tutum geli\u015ftirmektir.<\/p><p class=\"p2\"><b>2. S\u0131n\u0131f<\/b><\/p><p class=\"p1\">Kelime bilgisi geli\u015fen \u00f6\u011frenciler, k\u0131sa ve basit c\u00fcmlelerle kendilerini ifade etmeye ba\u015flar. Dinleme, konu\u015fma ve etkile\u015fim temelli etkinliklerle \u0130ngilizceyi aktif kullanmalar\u0131 desteklenir.<\/p><p class=\"p2\"><b>3. S\u0131n\u0131f<\/b><\/p><p class=\"p1\">\u0130ngilizce \u00f6\u011fretimi daha sistemli bir yap\u0131ya kavu\u015fur. \u00d6\u011frenciler okuma ve yazma becerilerine ad\u0131m atar, k\u0131sa metinler okuyup basit yaz\u0131lar yazar. G\u00fcnl\u00fck konu\u015fmalarda dili anlaml\u0131 \u015fekilde kullanmalar\u0131 hedeflenir.<\/p><p class=\"p2\"><b>4. S\u0131n\u0131f<\/b><\/p><p class=\"p1\">D\u00f6rt temel dil becerisi dengeli bi\u00e7imde geli\u015ftirilir. \u00d6\u011frenciler k\u0131sa konu\u015fmalar yapabilir, basit metinler yazabilir ve \u0130ngilizce y\u00f6nergeleri ba\u011f\u0131ms\u0131z olarak takip edebilir.<\/p><p class=\"p2\">\u00a0<\/p>\t\t\t\t\t\t\t\t<\/div>\n\t\t\t\t<\/div>\n\t\t\t\t<div class=\"elementor-element elementor-element-ecd804a elementor-hidden-phone elementor-invisible elementor-widget elementor-widget-image\" data-id=\"ecd804a\" data-element_type=\"widget\" data-e-type=\"widget\" data-settings=\"{&quot;_animation&quot;:&quot;fadeInRight&quot;}\" data-widget_type=\"image.default\">\n\t\t\t\t<div class=\"elementor-widget-container\">\n\t\t\t\t\t\t\t\t\t\t\t\t\t\t\t<img decoding=\"async\" width=\"390\" height=\"420\" src=\"https:\/\/peronmedya.com\/liderokullari\/wp-content\/uploads\/2025\/12\/Featured-Image-02.png\" class=\"attachment-full size-full wp-image-1471\" alt=\"\" srcset=\"https:\/\/peronmedya.com\/liderokullari\/wp-content\/uploads\/2025\/12\/Featured-Image-02.png 390w, https:\/\/peronmedya.com\/liderokullari\/wp-content\/uploads\/2025\/12\/Featured-Image-02-279x300.png 279w\" sizes=\"(max-width: 390px) 100vw, 390px\" \/>\t\t\t\t\t\t\t\t\t\t\t\t\t\t\t<\/div>\n\t\t\t\t<\/div>\n\t\t\t\t<\/div>\n\t\t\t\t<\/div>\n\t\t\t\t<\/div>\n\t\t\t\t\t<\/div>\n\t\t\t\t<\/div>\n\t\t\t\t<\/div>\n\t\t","protected":false},"excerpt":{"rendered":"<p>Ayd\u0131n Lider Okullar\u0131 Yabanc\u0131 Diller \u2013 \u0130ngilizce Lider Okullar\u0131nda \u0130ngilizce, bir ders de\u011fil ya\u015fam\u0131n do\u011fal bir par\u00e7as\u0131d\u0131r. Ezbere dayal\u0131 \u00f6\u011fretim yerine, \u00f6\u011frencilerin dili aktif kullanarak \u00f6\u011frenmesini hedefleriz. Anaokulundan ortaokula kadar yap\u0131land\u0131r\u0131lm\u0131\u015f program\u0131m\u0131zla \u0130ngilizcenin kal\u0131c\u0131 ve i\u015flevsel \u015fekilde kazan\u0131lmas\u0131n\u0131 sa\u011flar\u0131z. FAST \u0130ngilizce \u00d6\u011fretim Modeli Fluency (Ak\u0131c\u0131l\u0131k): Ak\u0131c\u0131 konu\u015fma Accuracy (Do\u011fruluk): Do\u011fru ve etkili kullan\u0131m Skills (Beceriler): [&hellip;]<\/p>\n","protected":false},"author":3,"featured_media":0,"parent":0,"menu_order":0,"comment_status":"closed","ping_status":"closed","template":"","meta":{"footnotes":""},"class_list":["post-2259","page","type-page","status-publish","hentry"],"_links":{"self":[{"href":"https:\/\/peronmedya.com\/liderokullari\/wp-json\/wp\/v2\/pages\/2259","targetHints":{"allow":["GET"]}}],"collection":[{"href":"https:\/\/peronmedya.com\/liderokullari\/wp-json\/wp\/v2\/pages"}],"about":[{"href":"https:\/\/peronmedya.com\/liderokullari\/wp-json\/wp\/v2\/types\/page"}],"author":[{"embeddable":true,"href":"https:\/\/peronmedya.com\/liderokullari\/wp-json\/wp\/v2\/users\/3"}],"replies":[{"embeddable":true,"href":"https:\/\/peronmedya.com\/liderokullari\/wp-json\/wp\/v2\/comments?post=2259"}],"version-history":[{"count":20,"href":"https:\/\/peronmedya.com\/liderokullari\/wp-json\/wp\/v2\/pages\/2259\/revisions"}],"predecessor-version":[{"id":3837,"href":"https:\/\/peronmedya.com\/liderokullari\/wp-json\/wp\/v2\/pages\/2259\/revisions\/3837"}],"wp:attachment":[{"href":"https:\/\/peronmedya.com\/liderokullari\/wp-json\/wp\/v2\/media?parent=2259"}],"curies":[{"name":"wp","href":"https:\/\/api.w.org\/{rel}","templated":true}]}}