{"id":2294,"date":"2026-01-29T19:04:55","date_gmt":"2026-01-29T19:04:55","guid":{"rendered":"https:\/\/peronmedya.com\/liderokullari\/?page_id=2294"},"modified":"2026-02-11T10:20:31","modified_gmt":"2026-02-11T10:20:31","slug":"ortaokul-akademik-birimler","status":"publish","type":"page","link":"https:\/\/peronmedya.com\/liderokullari\/ortaokul-akademik-birimler\/","title":{"rendered":"Ortaokul Akademik Birimler"},"content":{"rendered":"\t\t<div data-elementor-type=\"wp-page\" data-elementor-id=\"2294\" class=\"elementor elementor-2294\" data-elementor-post-type=\"page\">\n\t\t\t\t<div class=\"elementor-element elementor-element-e9cad51 e-flex e-con-boxed e-con e-parent\" data-id=\"e9cad51\" data-element_type=\"container\" data-e-type=\"container\">\n\t\t\t\t\t<div class=\"e-con-inner\">\n\t\t<div class=\"elementor-element elementor-element-7a13002 e-flex e-con-boxed e-con e-child\" data-id=\"7a13002\" data-element_type=\"container\" data-e-type=\"container\">\n\t\t\t\t\t<div class=\"e-con-inner\">\n\t\t\t\t<div class=\"elementor-element elementor-element-7b665dd elementor-widget elementor-widget-text-editor\" data-id=\"7b665dd\" data-element_type=\"widget\" data-e-type=\"widget\" data-widget_type=\"text-editor.default\">\n\t\t\t\t<div class=\"elementor-widget-container\">\n\t\t\t\t\t\t\t\t\t<p>Ayd\u0131n Lider Okullar\u0131<\/p>\t\t\t\t\t\t\t\t<\/div>\n\t\t\t\t<\/div>\n\t\t\t\t<div class=\"elementor-element elementor-element-e39013c elementor-widget elementor-widget-heading\" data-id=\"e39013c\" data-element_type=\"widget\" data-e-type=\"widget\" data-widget_type=\"heading.default\">\n\t\t\t\t<div class=\"elementor-widget-container\">\n\t\t\t\t\t<h2 class=\"elementor-heading-title elementor-size-default\">Ortaokul Akademik Birimler<\/h2>\t\t\t\t<\/div>\n\t\t\t\t<\/div>\n\t\t\t\t<div class=\"elementor-element elementor-element-a708da7 elementor-widget elementor-widget-text-editor\" data-id=\"a708da7\" data-element_type=\"widget\" data-e-type=\"widget\" data-widget_type=\"text-editor.default\">\n\t\t\t\t<div class=\"elementor-widget-container\">\n\t\t\t\t\t\t\t\t\t<h4 class=\"p1\"><b>T\u00fcrk\u00e7e Akademik Birimi<\/b><\/h4><p class=\"p1\">T\u00fcrk\u00e7e Akademik Birimi, \u00f6\u011frencilerin dili do\u011fru, etkili ve bilin\u00e7li kullanmalar\u0131n\u0131 hedefler. Bu do\u011frultuda \u00f6\u011frencilerin;<\/p><ul class=\"ul1\"><li class=\"li1\">S\u00f6zl\u00fc ve yaz\u0131l\u0131 ileti\u015fim becerilerini geli\u015ftirmeleri,<\/li><li class=\"li1\">Okudu\u011funu anlama, yorumlama ve analiz etme becerileri kazanmalar\u0131,<\/li><li class=\"li1\">T\u00fcrk\u00e7eyi konu\u015fma ve yazma kurallar\u0131na uygun \u015fekilde kullanmalar\u0131,<\/li><li class=\"li1\">Okuma al\u0131\u015fkanl\u0131\u011f\u0131 ve s\u00f6zc\u00fck da\u011farc\u0131klar\u0131n\u0131 geli\u015ftirmeleri,<\/li><li class=\"li1\">D\u00fc\u015f\u00fcncelerini, duygular\u0131n\u0131 ve hayal g\u00fc\u00e7lerini do\u011fru bi\u00e7imde ifade edebilmeleri,<\/li><li class=\"li1\">Ara\u015ft\u0131rma, ke\u015ffetme ve ele\u015ftirel d\u00fc\u015f\u00fcnme becerileri kazanmalar\u0131,<\/li><li class=\"li1\">Farkl\u0131 edeb\u00ee t\u00fcrleri tan\u0131malar\u0131 ve nitelikli eserlerle bulu\u015fmalar\u0131,<\/li><li class=\"li1\">G\u00fcncel ve evrensel konulara duyarl\u0131 bireyler olarak yeti\u015fmeleri<\/li><\/ul><p class=\"p1\">ama\u00e7lan\u0131r.<\/p><p class=\"p1\">LGS\u2019ye y\u00f6nelik soru analizleri, kazan\u0131m taramalar\u0131 ve metin temelli \u00e7al\u0131\u015fmalarla \u00f6\u011frencilerin s\u00f6zel ba\u015far\u0131lar\u0131 sistemli bi\u00e7imde desteklenir.<\/p><h4 class=\"p1\"><b>Matematik Akademik Birimi<\/b><\/h4><p class=\"p1\">Matematik Akademik Birimi, \u00f6\u011frencilerin matematiksel d\u00fc\u015f\u00fcnme ve problem \u00e7\u00f6zme becerilerini geli\u015ftirmeye odaklan\u0131r.<\/p><p class=\"p1\">Bu kapsamda \u00f6\u011frencilerin;<\/p><ul class=\"ul1\"><li class=\"li1\">Matemati\u011fe kar\u015f\u0131 ilgi ve merak geli\u015ftirmeleri,<\/li><li class=\"li1\">Temel matematiksel i\u015flem becerilerini kazanmalar\u0131,<\/li><li class=\"li1\">G\u00fcnl\u00fck ya\u015fam problemlerini analiz edebilme ve \u00e7\u00f6z\u00fcm \u00fcretebilmeleri,<\/li><li class=\"li1\">Matemati\u011fin kendine \u00f6zg\u00fc dilini do\u011fru kullanmalar\u0131,<\/li><li class=\"li1\">Disiplinler aras\u0131 ba\u011flant\u0131lar kurabilmeleri,<\/li><li class=\"li1\">Uygun kaynaklara ula\u015fma ve bu kaynaklar\u0131 etkili kullanma becerisi kazanmalar\u0131<\/li><\/ul><p class=\"p1\">hedeflenir.<\/p><h4 class=\"p1\"><b>Sosyal Bilgiler Akademik Birimi<\/b><\/h4><p class=\"p1\">Sosyal Bilgiler Akademik Birimi, \u00f6\u011frencilerin tarihsel, co\u011frafi ve toplumsal fark\u0131ndal\u0131k kazanmalar\u0131n\u0131 hedefler. Dersler; bilgiye dayal\u0131 \u00f6\u011frenme, yorumlama ve analiz becerileriyle desteklenir.<\/p><p class=\"p1\">Bu kapsamda \u00f6\u011frencilerin;<\/p><ul class=\"ul1\"><li class=\"li1\">Kendilerini birey olarak tan\u0131malar\u0131,<\/li><li class=\"li1\">Gelecek ya\u015fama haz\u0131rlanarak sorumluluk bilinci kazanmalar\u0131,<\/li><li class=\"li1\">Bilgi, kavram ve de\u011fer becerilerini geli\u015ftirmeleri,<\/li><li class=\"li1\">D\u00fc\u015f\u00fcnmeye, soru sormaya ve g\u00f6r\u00fc\u015f payla\u015fmaya te\u015fvik edilmeleri,<\/li><li class=\"li1\">Hak ve sorumluluklar\u0131n\u0131n fark\u0131nda bireyler olmalar\u0131,<\/li><li class=\"li1\">Toplumsal sorunlara kar\u015f\u0131 duyarl\u0131l\u0131k geli\u015ftirmeleri,<\/li><li class=\"li1\">Etkili ileti\u015fim ve etkile\u015fim kurabilmeleri<\/li><\/ul><p class=\"p1\">ama\u00e7lan\u0131r.<\/p><h4 class=\"p1\"><b>Din K\u00fclt\u00fcr\u00fc ve Ahlak Bilgisi Akademik Birimi<\/b><\/h4><p class=\"p1\">Din K\u00fclt\u00fcr\u00fc ve Ahlak Bilgisi Akademik Birimi, \u00f6\u011frencilerin din\u00ee ve ahlaki kavramlar\u0131 do\u011fru bi\u00e7imde tan\u0131malar\u0131n\u0131 ve bu kavramlar\u0131 g\u00fcnl\u00fck ya\u015famla ili\u015fkilendirebilmelerini hedefler.<\/p><p class=\"p1\">Bu do\u011frultuda \u00f6\u011frencilerin;<\/p><ul class=\"ul1\"><li class=\"li1\">Din\u00ee ve ahlaki temel kavramlar\u0131 tan\u0131malar\u0131,<\/li><li class=\"li1\">Dinin sosyal hayat, k\u00fclt\u00fcr ve medeniyet \u00fczerindeki etkilerini kavramalar\u0131,<\/li><li class=\"li1\">Farkl\u0131 inan\u00e7 ve yorumlara sayg\u0131 duymalar\u0131,<\/li><li class=\"li1\">Ahlaki de\u011ferleri i\u00e7selle\u015ftirmeleri,<\/li><li class=\"li1\">\u0130slam dininin temel kaynaklar\u0131n\u0131 ve Hz. Muhammed\u2019in (s.a.v.) \u00f6rnek hayat\u0131n\u0131 tan\u0131malar\u0131,<\/li><li class=\"li1\">\u0130nan\u00e7 ve ibadetlerin bireysel davran\u0131\u015flar \u00fczerindeki olumlu etkisini fark etmeleri<\/li><\/ul><p class=\"p1\">hedeflenir.<\/p><p class=\"p1\">Kazan\u0131m odakl\u0131 \u00e7al\u0131\u015fmalar ve LGS\u2019ye y\u00f6nelik soru analizleriyle \u00f6\u011frencilerin akademik ba\u015far\u0131lar\u0131 sistemli bi\u00e7imde desteklenir.<\/p><h4 class=\"p1\"><b>\u00d6l\u00e7me ve De\u011ferlendirme<\/b><\/h4><p class=\"p1\">\u00d6l\u00e7me ve De\u011ferlendirme Birimi, \u00f6\u011frenme s\u00fcre\u00e7lerini veriye dayal\u0131 ve b\u00fct\u00fcnc\u00fcl bir yakla\u015f\u0131mla takip eder. Akademik \u00e7al\u0131\u015fmalar, alan yaz\u0131ndaki g\u00fcncel geli\u015fmeler do\u011frultusunda planlan\u0131r ve t\u00fcm derslere entegre edilir.<\/p><p class=\"p1\">\u00d6\u011frencilerin geli\u015fimi; analiz, \u00f6l\u00e7\u00fcm ve raporlama \u00e7al\u0131\u015fmalar\u0131yla izlenirken, akademik ba\u015far\u0131n\u0131n duygusal ve sosyal boyutlar\u0131 da dikkate al\u0131n\u0131r. Bu s\u00fcre\u00e7, Rehberlik Birimi ile i\u015f birli\u011fi i\u00e7inde y\u00fcr\u00fct\u00fclerek \u00f6\u011frencilerin bireysel ihtiya\u00e7lar\u0131na y\u00f6nelik destek sa\u011flan\u0131r.<\/p><p class=\"p1\">Bu kapsamda;<\/p><ul class=\"ul1\"><li class=\"li1\">D\u00fczenli \u00e7al\u0131\u015fma al\u0131\u015fkanl\u0131\u011f\u0131 kazand\u0131r\u0131l\u0131r,<\/li><li class=\"li1\">Analitik ve ele\u015ftirel d\u00fc\u015f\u00fcnme becerileri geli\u015ftirilir,<\/li><li class=\"li1\">\u00d6\u011frencilerin bireysel d\u00fczeylerine uygun farkl\u0131la\u015ft\u0131r\u0131lm\u0131\u015f \u00e7al\u0131\u015fmalar uygulan\u0131r,<\/li><li class=\"li1\">Destek ihtiyac\u0131 olan \u00f6\u011frenciler g\u00fc\u00e7lendirilirken, ba\u015far\u0131l\u0131 \u00f6\u011frenciler ileri seviyeye ta\u015f\u0131n\u0131r,<\/li><li class=\"li1\">Disiplinler aras\u0131 ba\u011flant\u0131larla \u00f6\u011frenme derinle\u015ftirilir.<\/li><\/ul><p class=\"p1\">Temel kazan\u0131mlar olu\u015fturulduktan sonra yeni nesil soru tipleriyle akademik derinlik sa\u011flan\u0131r. LGS\u2019ye y\u00f6nelik deneme, et\u00fct ve bireysel takip \u00e7al\u0131\u015fmalar\u0131yla \u00f6\u011frencilerin geli\u015fimi d\u00fczenli olarak izlenir.<\/p><h4 class=\"p1\"><b>Fen Bilimleri Akademik Birimi<\/b><\/h4><p class=\"p1\">Fen Bilimleri Akademik Birimi, \u00f6\u011frencilerin bilimsel d\u00fc\u015f\u00fcnme, sorgulama ve neden\u2013sonu\u00e7 ili\u015fkisi kurma becerilerini geli\u015ftirmeyi hedefler. Dersler; deney, g\u00f6zlem ve uygulama temelli etkinliklerle desteklenir.<\/p><p class=\"p1\">Bu do\u011frultuda \u00f6\u011frencilerin;<\/p><ul class=\"ul1\"><li class=\"li1\">Fen bilimlerine ilgi ve merak geli\u015ftirmeleri,<\/li><li class=\"li1\">Bilimsel y\u00f6ntemleri tan\u0131yarak aktif bi\u00e7imde kullanmalar\u0131,<\/li><li class=\"li1\">Fen, teknoloji, m\u00fchendislik, toplum ve \u00e7evre aras\u0131ndaki ili\u015fkileri kavramalar\u0131,<\/li><li class=\"li1\">Teorik bilgilerini uygulamaya ve \u00fcr\u00fcne d\u00f6n\u00fc\u015ft\u00fcrmeleri,<\/li><li class=\"li1\">Bilimsel terminolojiyi do\u011fru kullanmalar\u0131,<\/li><li class=\"li1\">G\u00fcncel teknolojiyi \u00f6\u011frenme s\u00fcrecine entegre etmeleri,<\/li><li class=\"li1\">Grup \u00e7al\u0131\u015fmalar\u0131nda ileti\u015fim, i\u015f birli\u011fi ve liderlik becerileri kazanmalar\u0131<\/li><\/ul><p class=\"p1\">ama\u00e7lan\u0131r.<\/p><p class=\"p1\">Kazan\u0131m odakl\u0131 \u00e7al\u0131\u015fmalar ve LGS Fen Bilimleri sorular\u0131na y\u00f6nelik analizlerle \u00f6\u011frencilerin akademik ba\u015far\u0131lar\u0131 sistemli bi\u00e7imde desteklenir.<\/p>\t\t\t\t\t\t\t\t<\/div>\n\t\t\t\t<\/div>\n\t\t\t\t\t<\/div>\n\t\t\t\t<\/div>\n\t\t\t\t<div class=\"elementor-element elementor-element-8ae8e42 elementor-widget elementor-widget-image\" data-id=\"8ae8e42\" data-element_type=\"widget\" data-e-type=\"widget\" data-widget_type=\"image.default\">\n\t\t\t\t<div class=\"elementor-widget-container\">\n\t\t\t\t\t\t\t\t\t\t\t\t\t\t\t<img fetchpriority=\"high\" decoding=\"async\" width=\"800\" height=\"450\" src=\"https:\/\/peronmedya.com\/liderokullari\/wp-content\/uploads\/2025\/10\/lider-okullari-video-preview-1024x576.png\" class=\"attachment-large size-large wp-image-737\" alt=\"\" srcset=\"https:\/\/peronmedya.com\/liderokullari\/wp-content\/uploads\/2025\/10\/lider-okullari-video-preview-1024x576.png 1024w, https:\/\/peronmedya.com\/liderokullari\/wp-content\/uploads\/2025\/10\/lider-okullari-video-preview-300x169.png 300w, https:\/\/peronmedya.com\/liderokullari\/wp-content\/uploads\/2025\/10\/lider-okullari-video-preview-768x432.png 768w, https:\/\/peronmedya.com\/liderokullari\/wp-content\/uploads\/2025\/10\/lider-okullari-video-preview-1536x864.png 1536w, https:\/\/peronmedya.com\/liderokullari\/wp-content\/uploads\/2025\/10\/lider-okullari-video-preview.png 1920w\" sizes=\"(max-width: 800px) 100vw, 800px\" \/>\t\t\t\t\t\t\t\t\t\t\t\t\t\t\t<\/div>\n\t\t\t\t<\/div>\n\t\t\t\t\t<\/div>\n\t\t\t\t<\/div>\n\t\t<div class=\"elementor-element elementor-element-6e3a1fa e-flex e-con-boxed e-con e-parent\" data-id=\"6e3a1fa\" data-element_type=\"container\" data-e-type=\"container\">\n\t\t\t\t\t<div class=\"e-con-inner\">\n\t\t<div class=\"elementor-element elementor-element-f7ad29c e-flex e-con-boxed e-con e-child\" data-id=\"f7ad29c\" data-element_type=\"container\" data-e-type=\"container\">\n\t\t\t\t\t<div class=\"e-con-inner\">\n\t\t<div class=\"elementor-element elementor-element-e2025fb e-flex e-con-boxed e-con e-child\" data-id=\"e2025fb\" data-element_type=\"container\" data-e-type=\"container\">\n\t\t\t\t\t<div class=\"e-con-inner\">\n\t\t\t\t<div class=\"elementor-element elementor-element-caed312 elementor-widget elementor-widget-text-editor\" data-id=\"caed312\" data-element_type=\"widget\" data-e-type=\"widget\" data-widget_type=\"text-editor.default\">\n\t\t\t\t<div class=\"elementor-widget-container\">\n\t\t\t\t\t\t\t\t\t<h3 class=\"p1\"><b>\u00d6l\u00e7me ve De\u011ferlendirme Birimi<\/b><\/h3><p class=\"p1\">\u00d6l\u00e7me ve De\u011ferlendirme Birimi, \u00f6\u011frenme s\u00fcre\u00e7lerini g\u00fcncel e\u011fitim yakla\u015f\u0131mlar\u0131 do\u011frultusunda, veriye dayal\u0131 ve b\u00fct\u00fcnc\u00fcl bir anlay\u0131\u015fla y\u00fcr\u00fct\u00fcr. Akademik \u00e7al\u0131\u015fmalar, alan yaz\u0131ndaki geli\u015fmeler takip edilerek \u00f6\u011fretmenler ve Rehberlik Birimi i\u015f birli\u011fiyle planlan\u0131r.<\/p><p class=\"p1\">\u00d6\u011frencilerin akademik geli\u015fimi; analiz ve raporlama \u00e7al\u0131\u015fmalar\u0131yla izlenirken, duygusal ve sosyal fakt\u00f6rler de de\u011ferlendirme s\u00fcrecine d\u00e2hil edilir. Bu sayede nicel veriler, nitel geri bildirimlerle desteklenerek \u00f6\u011frencilerin bireysel \u00f6\u011frenme ihtiya\u00e7lar\u0131na y\u00f6nelik planlamalar yap\u0131l\u0131r.<\/p><p class=\"p1\"><b>\u00d6l\u00e7me ve De\u011ferlendirme S\u00fcre\u00e7leri<\/b><\/p><p class=\"p1\">Birimin temel \u00e7al\u0131\u015fmalar\u0131:<\/p><ul class=\"ul1\"><li class=\"li1\">G\u00fcncel \u00f6l\u00e7me ve de\u011ferlendirme y\u00f6ntemlerini e\u011fitim s\u00fcrecine entegre etmek,<\/li><li class=\"li1\">S\u00fcre\u00e7 ve sonu\u00e7 odakl\u0131 \u00f6l\u00e7me ara\u00e7lar\u0131 geli\u015ftirmek ve uygulamak,<\/li><li class=\"li1\">S\u0131nav ve deneme s\u0131navlar\u0131n\u0131 haz\u0131rlamak, de\u011ferlendirmek ve analiz etmek,<\/li><li class=\"li1\">Elde edilen verileri \u00f6\u011frenci, \u00f6\u011fretmen ve velilerle payla\u015fmak,<\/li><li class=\"li1\">Analiz sonu\u00e7lar\u0131na g\u00f6re s\u0131n\u0131f, k\u00fc\u00e7\u00fck grup ve bireysel destek \u00e7al\u0131\u015fmalar\u0131 planlamak,<\/li><li class=\"li1\">\u00d6\u011frenmeyi destekleyen akademik \u00e7al\u0131\u015fmalar\u0131n takibini sa\u011flamak.<\/li><\/ul><p class=\"p1\"><b>Kullan\u0131lan \u00d6l\u00e7me Y\u00f6ntemleri<\/b><\/p><p class=\"p2\"><b>S\u00fcre\u00e7 Odakl\u0131 De\u011ferlendirme<\/b><b><\/b><\/p><ul class=\"ul1\"><li class=\"li1\">Performans g\u00f6revleri<\/li><li class=\"li1\">Proje \u00e7al\u0131\u015fmalar\u0131<\/li><li class=\"li1\">Portfolyo (\u00fcr\u00fcn dosyas\u0131)<\/li><li class=\"li1\">\u00d6z de\u011ferlendirme<\/li><\/ul><p class=\"p2\"><b>Sonu\u00e7 Odakl\u0131 De\u011ferlendirme<\/b><b><\/b><\/p><ul class=\"ul1\"><li class=\"li1\">Yaz\u0131l\u0131 ve izleme s\u0131navlar\u0131<\/li><li class=\"li1\">Deneme s\u0131navlar\u0131<\/li><li class=\"li1\">Uygulamal\u0131 s\u0131navlar<\/li><\/ul><p class=\"p1\">\u00d6l\u00e7me ve de\u011ferlendirme sonu\u00e7lar\u0131na g\u00f6re belirlenen ihtiya\u00e7lar, hafta i\u00e7i ve hafta sonu yap\u0131lan et\u00fct \u00e7al\u0131\u015fmalar\u0131yla (s\u0131n\u0131f, k\u00fc\u00e7\u00fck grup ve bireysel) desteklenir.<\/p>\t\t\t\t\t\t\t\t<\/div>\n\t\t\t\t<\/div>\n\t\t\t\t\t<\/div>\n\t\t\t\t<\/div>\n\t\t\t\t\t<\/div>\n\t\t\t\t<\/div>\n\t\t\t\t\t<\/div>\n\t\t\t\t<\/div>\n\t\t\t\t<\/div>\n\t\t","protected":false},"excerpt":{"rendered":"<p>Ayd\u0131n Lider Okullar\u0131 Ortaokul Akademik Birimler T\u00fcrk\u00e7e Akademik Birimi T\u00fcrk\u00e7e Akademik Birimi, \u00f6\u011frencilerin dili do\u011fru, etkili ve bilin\u00e7li kullanmalar\u0131n\u0131 hedefler. Bu do\u011frultuda \u00f6\u011frencilerin; S\u00f6zl\u00fc ve yaz\u0131l\u0131 ileti\u015fim becerilerini geli\u015ftirmeleri, Okudu\u011funu anlama, yorumlama ve analiz etme becerileri kazanmalar\u0131, T\u00fcrk\u00e7eyi konu\u015fma ve yazma kurallar\u0131na uygun \u015fekilde kullanmalar\u0131, Okuma al\u0131\u015fkanl\u0131\u011f\u0131 ve s\u00f6zc\u00fck da\u011farc\u0131klar\u0131n\u0131 geli\u015ftirmeleri, D\u00fc\u015f\u00fcncelerini, duygular\u0131n\u0131 ve hayal [&hellip;]<\/p>\n","protected":false},"author":3,"featured_media":0,"parent":0,"menu_order":0,"comment_status":"closed","ping_status":"closed","template":"","meta":{"footnotes":""},"class_list":["post-2294","page","type-page","status-publish","hentry"],"_links":{"self":[{"href":"https:\/\/peronmedya.com\/liderokullari\/wp-json\/wp\/v2\/pages\/2294","targetHints":{"allow":["GET"]}}],"collection":[{"href":"https:\/\/peronmedya.com\/liderokullari\/wp-json\/wp\/v2\/pages"}],"about":[{"href":"https:\/\/peronmedya.com\/liderokullari\/wp-json\/wp\/v2\/types\/page"}],"author":[{"embeddable":true,"href":"https:\/\/peronmedya.com\/liderokullari\/wp-json\/wp\/v2\/users\/3"}],"replies":[{"embeddable":true,"href":"https:\/\/peronmedya.com\/liderokullari\/wp-json\/wp\/v2\/comments?post=2294"}],"version-history":[{"count":22,"href":"https:\/\/peronmedya.com\/liderokullari\/wp-json\/wp\/v2\/pages\/2294\/revisions"}],"predecessor-version":[{"id":3825,"href":"https:\/\/peronmedya.com\/liderokullari\/wp-json\/wp\/v2\/pages\/2294\/revisions\/3825"}],"wp:attachment":[{"href":"https:\/\/peronmedya.com\/liderokullari\/wp-json\/wp\/v2\/media?parent=2294"}],"curies":[{"name":"wp","href":"https:\/\/api.w.org\/{rel}","templated":true}]}}