{"id":2401,"date":"2026-01-30T11:22:30","date_gmt":"2026-01-30T11:22:30","guid":{"rendered":"https:\/\/peronmedya.com\/liderokullari\/?page_id=2401"},"modified":"2026-02-11T10:39:17","modified_gmt":"2026-02-11T10:39:17","slug":"kayit","status":"publish","type":"page","link":"https:\/\/peronmedya.com\/liderokullari\/kayit\/","title":{"rendered":"Kay\u0131t"},"content":{"rendered":"\t\t<div data-elementor-type=\"wp-page\" data-elementor-id=\"2401\" class=\"elementor elementor-2401\" data-elementor-post-type=\"page\">\n\t\t\t\t\t\t<section class=\"elementor-section elementor-top-section elementor-element elementor-element-8915f4c elementor-section-boxed elementor-section-height-default elementor-section-height-default\" data-id=\"8915f4c\" data-element_type=\"section\" data-e-type=\"section\" data-settings=\"{&quot;mdp_selection_sticky_effect_enable&quot;:false}\">\n\t\t\t\t\t\t\t<div class=\"elementor-background-overlay\"><\/div>\n\t\t\t\t\t\t\t<div class=\"elementor-container elementor-column-gap-default\">\n\t\t\t\t\t<div class=\"elementor-column elementor-col-100 elementor-top-column elementor-element elementor-element-523e67a\" data-id=\"523e67a\" data-element_type=\"column\" data-e-type=\"column\" data-settings=\"{&quot;mdp_selection_sticky_column_effect_enable&quot;:false}\">\n\t\t\t<div class=\"elementor-widget-wrap elementor-element-populated\">\n\t\t\t\t\t\t<div class=\"elementor-element elementor-element-99ed828 elementor-widget elementor-widget-heading\" data-id=\"99ed828\" data-element_type=\"widget\" data-e-type=\"widget\" data-widget_type=\"heading.default\">\n\t\t\t\t<div class=\"elementor-widget-container\">\n\t\t\t\t\t<h2 class=\"elementor-heading-title elementor-size-default\">Kay\u0131t<\/h2>\t\t\t\t<\/div>\n\t\t\t\t<\/div>\n\t\t\t\t<section class=\"elementor-section elementor-inner-section elementor-element elementor-element-104f97b elementor-section-boxed elementor-section-height-default elementor-section-height-default\" data-id=\"104f97b\" data-element_type=\"section\" data-e-type=\"section\" data-settings=\"{&quot;mdp_selection_sticky_effect_enable&quot;:false}\">\n\t\t\t\t\t\t<div class=\"elementor-container elementor-column-gap-default\">\n\t\t\t\t\t<div class=\"elementor-column elementor-col-50 elementor-inner-column elementor-element elementor-element-69fb31c elementor-invisible\" data-id=\"69fb31c\" data-element_type=\"column\" data-e-type=\"column\" data-settings=\"{&quot;animation&quot;:&quot;fadeInLeft&quot;,&quot;mdp_selection_sticky_column_effect_enable&quot;:false}\">\n\t\t\t<div class=\"elementor-widget-wrap elementor-element-populated\">\n\t\t\t\t\t\t<div class=\"elementor-element elementor-element-74dfa61 elementor-widget elementor-widget-text-editor\" data-id=\"74dfa61\" data-element_type=\"widget\" data-e-type=\"widget\" data-widget_type=\"text-editor.default\">\n\t\t\t\t<div class=\"elementor-widget-container\">\n\t\t\t\t\t\t\t\t\t<p class=\"p1\">Okulumuza kay\u0131t s\u00fcreci, \u00f6\u011frencilerimizin akademik, sosyal ve duygusal geli\u015fimlerini en do\u011fru \u015fekilde desteklemek amac\u0131yla planlanmaktad\u0131r. Randevu sonras\u0131 t\u00fcm g\u00f6r\u00fc\u015fmeler y\u00fcz y\u00fcze yap\u0131lmaktad\u0131r.<\/p><p class=\"p1\">Kay\u0131t a\u015famas\u0131nda;<\/p><ul class=\"ul1\"><li class=\"li1\">\u00d6\u011frencinin ya\u015f ve geli\u015fim \u00f6zellikleri dikkate al\u0131n\u0131r<\/li><li class=\"li1\">Aile ile birebir g\u00f6r\u00fc\u015fmeler ger\u00e7ekle\u015ftirilir<\/li><li class=\"li1\">Rehberlik birimi taraf\u0131ndan de\u011ferlendirmeler yap\u0131l\u0131r<\/li><\/ul><p class=\"p1\">Amac\u0131m\u0131z, her \u00f6\u011frenciyi kendi potansiyeline uygun bir e\u011fitim ortam\u0131 ile bulu\u015fturmak ve ailelerimizle g\u00fc\u00e7l\u00fc bir i\u015f birli\u011fi kurmakt\u0131r.<\/p><p class=\"p1\">Kay\u0131t s\u00fcreci hakk\u0131nda detayl\u0131 bilgi almak ve randevu olu\u015fturmak i\u00e7in okul y\u00f6netimimiz ile ileti\u015fime ge\u00e7ebilirsiniz.<\/p>\t\t\t\t\t\t\t\t<\/div>\n\t\t\t\t<\/div>\n\t\t\t\t\t<\/div>\n\t\t<\/div>\n\t\t\t\t<div class=\"elementor-column elementor-col-50 elementor-inner-column elementor-element elementor-element-30d0645 elementor-invisible\" data-id=\"30d0645\" data-element_type=\"column\" data-e-type=\"column\" data-settings=\"{&quot;animation&quot;:&quot;fadeInRight&quot;,&quot;mdp_selection_sticky_column_effect_enable&quot;:false}\">\n\t\t\t<div class=\"elementor-widget-wrap elementor-element-populated\">\n\t\t\t\t\t\t<div class=\"elementor-element elementor-element-aa77ffd elementor-widget elementor-widget-image\" data-id=\"aa77ffd\" data-element_type=\"widget\" data-e-type=\"widget\" data-widget_type=\"image.default\">\n\t\t\t\t<div class=\"elementor-widget-container\">\n\t\t\t\t\t\t\t\t\t\t\t\t\t\t\t<img fetchpriority=\"high\" decoding=\"async\" width=\"1920\" height=\"1080\" src=\"https:\/\/peronmedya.com\/liderokullari\/wp-content\/uploads\/2025\/10\/lider-okullari-video-preview.png\" class=\"attachment-full size-full wp-image-737\" alt=\"\" srcset=\"https:\/\/peronmedya.com\/liderokullari\/wp-content\/uploads\/2025\/10\/lider-okullari-video-preview.png 1920w, https:\/\/peronmedya.com\/liderokullari\/wp-content\/uploads\/2025\/10\/lider-okullari-video-preview-300x169.png 300w, https:\/\/peronmedya.com\/liderokullari\/wp-content\/uploads\/2025\/10\/lider-okullari-video-preview-1024x576.png 1024w, https:\/\/peronmedya.com\/liderokullari\/wp-content\/uploads\/2025\/10\/lider-okullari-video-preview-768x432.png 768w, https:\/\/peronmedya.com\/liderokullari\/wp-content\/uploads\/2025\/10\/lider-okullari-video-preview-1536x864.png 1536w\" sizes=\"(max-width: 1920px) 100vw, 1920px\" \/>\t\t\t\t\t\t\t\t\t\t\t\t\t\t\t<\/div>\n\t\t\t\t<\/div>\n\t\t\t\t\t<\/div>\n\t\t<\/div>\n\t\t\t\t\t<\/div>\n\t\t<\/section>\n\t\t\t\t\t<\/div>\n\t\t<\/div>\n\t\t\t\t\t<\/div>\n\t\t<\/section>\n\t\t<div class=\"elementor-element elementor-element-b3c0010 e-flex e-con-boxed e-con e-parent\" data-id=\"b3c0010\" data-element_type=\"container\" data-e-type=\"container\">\n\t\t\t\t\t<div class=\"e-con-inner\">\n\t\t<div class=\"elementor-element elementor-element-08949a4 e-flex e-con-boxed e-con e-child\" data-id=\"08949a4\" data-element_type=\"container\" data-e-type=\"container\">\n\t\t\t\t\t<div class=\"e-con-inner\">\n\t\t\t\t<div class=\"elementor-element elementor-element-7d8f478 elementor-widget elementor-widget-heading\" data-id=\"7d8f478\" data-element_type=\"widget\" data-e-type=\"widget\" data-widget_type=\"heading.default\">\n\t\t\t\t<div class=\"elementor-widget-container\">\n\t\t\t\t\t<h2 class=\"elementor-heading-title elementor-size-default\">Aday \u00d6\u011frenci Kay\u0131t S\u00fcrecimiz<\/h2>\t\t\t\t<\/div>\n\t\t\t\t<\/div>\n\t\t\t\t<div class=\"elementor-element elementor-element-66e9a22 elementor-widget elementor-widget-text-editor\" data-id=\"66e9a22\" data-element_type=\"widget\" data-e-type=\"widget\" data-widget_type=\"text-editor.default\">\n\t\t\t\t<div class=\"elementor-widget-container\">\n\t\t\t\t\t\t\t\t\t<p class=\"p1\"><b>(Randevu olu\u015fturularak g\u00f6r\u00fc\u015fmeler y\u00fcz y\u00fcze yap\u0131lmaktad\u0131r.)<\/b><\/p><p class=\"p2\"><span class=\"s1\"><b>1. Ba\u015fvuru ve \u00d6n G\u00f6r\u00fc\u015fme <\/b><\/span><br \/>Ailelerimiz, okulumuza ba\u015fvuru yaparak kay\u0131t s\u00fcreci hakk\u0131nda bilgi al\u0131r. \u00d6n g\u00f6r\u00fc\u015fmede okulun e\u011fitim anlay\u0131\u015f\u0131 ve s\u00fcre\u00e7ler hakk\u0131nda bilgilendirme yap\u0131l\u0131r.<\/p><p class=\"p2\"><span class=\"s1\"><b>2. Rehberlik G\u00f6r\u00fc\u015fmesi<\/b><\/span><br \/>Rehberlik birimi taraf\u0131ndan \u00f6\u011frenci ve aile ile bireysel g\u00f6r\u00fc\u015fme yap\u0131l\u0131r. \u00d6\u011frencinin ihtiya\u00e7lar\u0131 ve beklentileri de\u011ferlendirilir.<\/p><p class=\"p2\"><span class=\"s1\"><b>3. Bilgilendirme ve Geri Bildirim<\/b><\/span><br \/>Yap\u0131lan g\u00f6r\u00fc\u015fme ve de\u011ferlendirmeler sonucunda aileye s\u00fcre\u00e7le ilgili bilgilendirme ve geri bildirim sunulur.<\/p><p class=\"p2\"><span class=\"s1\"><b>4. Kay\u0131t \u0130\u015flemlerinin Tamamlanmas\u0131<\/b><\/span><br \/>Kar\u015f\u0131l\u0131kl\u0131 mutabakat sa\u011flanmas\u0131 durumunda kay\u0131t i\u015flemleri tamamlan\u0131r ve \u00f6\u011frenci okulumuza dahil olur.<\/p>\t\t\t\t\t\t\t\t<\/div>\n\t\t\t\t<\/div>\n\t\t\t\t\t<\/div>\n\t\t\t\t<\/div>\n\t\t\t\t\t<\/div>\n\t\t\t\t<\/div>\n\t\t<div class=\"elementor-element elementor-element-21c0748 e-flex e-con-boxed e-con e-parent\" data-id=\"21c0748\" data-element_type=\"container\" data-e-type=\"container\">\n\t\t\t\t\t<div class=\"e-con-inner\">\n\t\t<div class=\"elementor-element elementor-element-7785e33 e-flex e-con-boxed e-con e-child\" data-id=\"7785e33\" data-element_type=\"container\" data-e-type=\"container\">\n\t\t\t\t\t<div class=\"e-con-inner\">\n\t\t\t\t<div class=\"elementor-element elementor-element-eaedcf7 elementor-widget elementor-widget-heading\" data-id=\"eaedcf7\" data-element_type=\"widget\" data-e-type=\"widget\" data-widget_type=\"heading.default\">\n\t\t\t\t<div class=\"elementor-widget-container\">\n\t\t\t\t\t<h2 class=\"elementor-heading-title elementor-size-default\">Aday \u00d6\u011frenci Kay\u0131t Formu<\/h2>\t\t\t\t<\/div>\n\t\t\t\t<\/div>\n\t\t\t\t\t<\/div>\n\t\t\t\t<\/div>\n\t\t\t\t<div class=\"elementor-element elementor-element-863f914 elementor-widget elementor-widget-html\" data-id=\"863f914\" data-element_type=\"widget\" data-e-type=\"widget\" data-widget_type=\"html.default\">\n\t\t\t\t<div class=\"elementor-widget-container\">\n\t\t\t\t\t<iframe src=\"https:\/\/docs.google.com\/forms\/d\/e\/1FAIpQLSd4O_ohawKpiBg-pPrYD_gHqBmAm43nHP3OKsZO81sz5MRpGQ\/viewform?embedded=true\" width=\"640\" height=\"2285\" frameborder=\"0\" marginheight=\"0\" marginwidth=\"0\">Y\u00fckleniyor\u2026<\/iframe>\t\t\t\t<\/div>\n\t\t\t\t<\/div>\n\t\t\t\t<div class=\"elementor-element elementor-element-58f56f3 elementor-widget elementor-widget-image\" data-id=\"58f56f3\" data-element_type=\"widget\" data-e-type=\"widget\" data-widget_type=\"image.default\">\n\t\t\t\t<div class=\"elementor-widget-container\">\n\t\t\t\t\t\t\t\t\t\t\t\t\t\t\t<img decoding=\"async\" width=\"800\" height=\"450\" src=\"https:\/\/peronmedya.com\/liderokullari\/wp-content\/uploads\/2026\/01\/DJI_20250216154638_0380_D-1-1-1024x576.jpg\" class=\"attachment-large size-large wp-image-2203\" alt=\"\" srcset=\"https:\/\/peronmedya.com\/liderokullari\/wp-content\/uploads\/2026\/01\/DJI_20250216154638_0380_D-1-1-1024x576.jpg 1024w, https:\/\/peronmedya.com\/liderokullari\/wp-content\/uploads\/2026\/01\/DJI_20250216154638_0380_D-1-1-300x169.jpg 300w, https:\/\/peronmedya.com\/liderokullari\/wp-content\/uploads\/2026\/01\/DJI_20250216154638_0380_D-1-1-768x432.jpg 768w, https:\/\/peronmedya.com\/liderokullari\/wp-content\/uploads\/2026\/01\/DJI_20250216154638_0380_D-1-1-1536x864.jpg 1536w, https:\/\/peronmedya.com\/liderokullari\/wp-content\/uploads\/2026\/01\/DJI_20250216154638_0380_D-1-1.jpg 2016w\" sizes=\"(max-width: 800px) 100vw, 800px\" \/>\t\t\t\t\t\t\t\t\t\t\t\t\t\t\t<\/div>\n\t\t\t\t<\/div>\n\t\t\t\t\t<\/div>\n\t\t\t\t<\/div>\n\t\t\t\t<\/div>\n\t\t","protected":false},"excerpt":{"rendered":"<p>Kay\u0131t Okulumuza kay\u0131t s\u00fcreci, \u00f6\u011frencilerimizin akademik, sosyal ve duygusal geli\u015fimlerini en do\u011fru \u015fekilde desteklemek amac\u0131yla planlanmaktad\u0131r. Randevu sonras\u0131 t\u00fcm g\u00f6r\u00fc\u015fmeler y\u00fcz y\u00fcze yap\u0131lmaktad\u0131r. Kay\u0131t a\u015famas\u0131nda; \u00d6\u011frencinin ya\u015f ve geli\u015fim \u00f6zellikleri dikkate al\u0131n\u0131r Aile ile birebir g\u00f6r\u00fc\u015fmeler ger\u00e7ekle\u015ftirilir Rehberlik birimi taraf\u0131ndan de\u011ferlendirmeler yap\u0131l\u0131r Amac\u0131m\u0131z, her \u00f6\u011frenciyi kendi potansiyeline uygun bir e\u011fitim ortam\u0131 ile bulu\u015fturmak ve ailelerimizle [&hellip;]<\/p>\n","protected":false},"author":3,"featured_media":0,"parent":0,"menu_order":0,"comment_status":"closed","ping_status":"closed","template":"","meta":{"footnotes":""},"class_list":["post-2401","page","type-page","status-publish","hentry"],"_links":{"self":[{"href":"https:\/\/peronmedya.com\/liderokullari\/wp-json\/wp\/v2\/pages\/2401","targetHints":{"allow":["GET"]}}],"collection":[{"href":"https:\/\/peronmedya.com\/liderokullari\/wp-json\/wp\/v2\/pages"}],"about":[{"href":"https:\/\/peronmedya.com\/liderokullari\/wp-json\/wp\/v2\/types\/page"}],"author":[{"embeddable":true,"href":"https:\/\/peronmedya.com\/liderokullari\/wp-json\/wp\/v2\/users\/3"}],"replies":[{"embeddable":true,"href":"https:\/\/peronmedya.com\/liderokullari\/wp-json\/wp\/v2\/comments?post=2401"}],"version-history":[{"count":13,"href":"https:\/\/peronmedya.com\/liderokullari\/wp-json\/wp\/v2\/pages\/2401\/revisions"}],"predecessor-version":[{"id":3900,"href":"https:\/\/peronmedya.com\/liderokullari\/wp-json\/wp\/v2\/pages\/2401\/revisions\/3900"}],"wp:attachment":[{"href":"https:\/\/peronmedya.com\/liderokullari\/wp-json\/wp\/v2\/media?parent=2401"}],"curies":[{"name":"wp","href":"https:\/\/api.w.org\/{rel}","templated":true}]}}