{"id":2424,"date":"2026-01-30T11:50:34","date_gmt":"2026-01-30T11:50:34","guid":{"rendered":"https:\/\/peronmedya.com\/liderokullari\/?page_id=2424"},"modified":"2026-02-11T09:54:06","modified_gmt":"2026-02-11T09:54:06","slug":"egitim-modelimiz-2","status":"publish","type":"page","link":"https:\/\/peronmedya.com\/liderokullari\/egitim-modelimiz-2\/","title":{"rendered":"E\u011fitim Modelimiz"},"content":{"rendered":"\t\t<div data-elementor-type=\"wp-page\" data-elementor-id=\"2424\" class=\"elementor elementor-2424\" data-elementor-post-type=\"page\">\n\t\t\t\t<div class=\"elementor-element elementor-element-84d0768 e-flex e-con-boxed e-con e-parent\" data-id=\"84d0768\" data-element_type=\"container\" data-e-type=\"container\">\n\t\t\t\t\t<div class=\"e-con-inner\">\n\t\t<div class=\"elementor-element elementor-element-4dba76c e-con-full e-flex e-con e-child\" data-id=\"4dba76c\" data-element_type=\"container\" data-e-type=\"container\">\n\t\t\t\t<div class=\"elementor-element elementor-element-0790d32 elementor-widget elementor-widget-heading\" data-id=\"0790d32\" data-element_type=\"widget\" data-e-type=\"widget\" data-widget_type=\"heading.default\">\n\t\t\t\t<div class=\"elementor-widget-container\">\n\t\t\t\t\t<h2 class=\"elementor-heading-title elementor-size-default\">E\u011fitim Modelimiz<\/h2>\t\t\t\t<\/div>\n\t\t\t\t<\/div>\n\t\t<div class=\"elementor-element elementor-element-59fb478 e-con-full e-flex e-con e-child\" data-id=\"59fb478\" data-element_type=\"container\" data-e-type=\"container\">\n\t\t<div class=\"elementor-element elementor-element-e848b64 e-con-full e-flex elementor-invisible e-con e-child\" data-id=\"e848b64\" data-element_type=\"container\" data-e-type=\"container\" data-settings=\"{&quot;animation&quot;:&quot;fadeInLeft&quot;}\">\n\t\t\t\t<div class=\"elementor-element elementor-element-d755a20 elementor-widget elementor-widget-text-editor\" data-id=\"d755a20\" data-element_type=\"widget\" data-e-type=\"widget\" data-widget_type=\"text-editor.default\">\n\t\t\t\t<div class=\"elementor-widget-container\">\n\t\t\t\t\t\t\t\t\t<h3><strong>\u201cLider NextGen E\u011fitim Modeli\u201d<\/strong><\/h3><p><br \/>\u00f6\u011frencilerin yaln\u0131zca akademik bilgiyle de\u011fil; ele\u015ftirel d\u00fc\u015f\u00fcnme, problem \u00e7\u00f6zme, ileti\u015fim, etik liderlik ve k\u00fcresel fark\u0131ndal\u0131k becerileriyle donat\u0131lmas\u0131n\u0131 ama\u00e7layan, \u00f6\u011frenci merkezli ve yetkinlik temelli bir e\u011fitim yakla\u015f\u0131m\u0131d\u0131r. Model; de\u011fi\u015fen d\u00fcnya ko\u015fullar\u0131na uyum sa\u011flayabilen, sorumluluk alan ve y\u00f6n verebilen bireyler yeti\u015ftirmeyi hedefler.<\/p><p><strong>\u201cBug\u00fcn\u00fcn \u00f6\u011frencileri, yar\u0131n\u0131n liderleri.\u201d<\/strong><\/p><p><strong>L-NEXT<\/strong><\/p>\t\t\t\t\t\t\t\t<\/div>\n\t\t\t\t<\/div>\n\t\t\t\t<\/div>\n\t\t<div class=\"elementor-element elementor-element-d8c43f5 e-con-full e-flex elementor-invisible e-con e-child\" data-id=\"d8c43f5\" data-element_type=\"container\" data-e-type=\"container\" data-settings=\"{&quot;animation&quot;:&quot;fadeInRight&quot;}\">\n\t\t\t\t<div class=\"elementor-element elementor-element-05d4806 elementor-widget elementor-widget-image\" data-id=\"05d4806\" data-element_type=\"widget\" data-e-type=\"widget\" data-widget_type=\"image.default\">\n\t\t\t\t<div class=\"elementor-widget-container\">\n\t\t\t\t\t\t\t\t\t\t\t\t\t\t\t<img fetchpriority=\"high\" decoding=\"async\" width=\"1920\" height=\"1080\" src=\"https:\/\/peronmedya.com\/liderokullari\/wp-content\/uploads\/2025\/10\/lider-okullari-video-preview.png\" class=\"attachment-full size-full wp-image-737\" alt=\"\" srcset=\"https:\/\/peronmedya.com\/liderokullari\/wp-content\/uploads\/2025\/10\/lider-okullari-video-preview.png 1920w, https:\/\/peronmedya.com\/liderokullari\/wp-content\/uploads\/2025\/10\/lider-okullari-video-preview-300x169.png 300w, https:\/\/peronmedya.com\/liderokullari\/wp-content\/uploads\/2025\/10\/lider-okullari-video-preview-1024x576.png 1024w, https:\/\/peronmedya.com\/liderokullari\/wp-content\/uploads\/2025\/10\/lider-okullari-video-preview-768x432.png 768w, https:\/\/peronmedya.com\/liderokullari\/wp-content\/uploads\/2025\/10\/lider-okullari-video-preview-1536x864.png 1536w\" sizes=\"(max-width: 1920px) 100vw, 1920px\" \/>\t\t\t\t\t\t\t\t\t\t\t\t\t\t\t<\/div>\n\t\t\t\t<\/div>\n\t\t\t\t<\/div>\n\t\t\t\t<\/div>\n\t\t\t\t<\/div>\n\t\t\t\t\t<\/div>\n\t\t\t\t<\/div>\n\t\t<div class=\"elementor-element elementor-element-79e55c2 e-flex e-con-boxed e-con e-parent\" data-id=\"79e55c2\" data-element_type=\"container\" data-e-type=\"container\">\n\t\t\t\t\t<div class=\"e-con-inner\">\n\t\t<div class=\"elementor-element elementor-element-4450072 e-con-full e-flex e-con e-child\" data-id=\"4450072\" data-element_type=\"container\" data-e-type=\"container\">\n\t\t\t\t<div class=\"elementor-element elementor-element-1f61140 elementor-widget elementor-widget-heading\" data-id=\"1f61140\" data-element_type=\"widget\" data-e-type=\"widget\" data-widget_type=\"heading.default\">\n\t\t\t\t<div class=\"elementor-widget-container\">\n\t\t\t\t\t<h2 class=\"elementor-heading-title elementor-size-default\">\u00dc\u00e7 A\u015famal\u0131 E\u011fitim Yap\u0131s\u0131<\/h2>\t\t\t\t<\/div>\n\t\t\t\t<\/div>\n\t\t\t\t<div class=\"elementor-element elementor-element-fca15ce elementor-widget elementor-widget-text-editor\" data-id=\"fca15ce\" data-element_type=\"widget\" data-e-type=\"widget\" data-widget_type=\"text-editor.default\">\n\t\t\t\t<div class=\"elementor-widget-container\">\n\t\t\t\t\t\t\t\t\t<p class=\"p1\">Ayd\u0131n Lider Okullar\u0131 B\u00fct\u00fcnsel E\u011fitim Modeli \u00fc\u00e7 ana basamaktan olu\u015fur:<\/p>\t\t\t\t\t\t\t\t<\/div>\n\t\t\t\t<\/div>\n\t\t<div class=\"elementor-element elementor-element-d42ea29 e-con-full e-flex e-con e-child\" data-id=\"d42ea29\" data-element_type=\"container\" data-e-type=\"container\">\n\t\t<div class=\"elementor-element elementor-element-ac8caf9 e-con-full e-flex elementor-invisible e-con e-child\" data-id=\"ac8caf9\" data-element_type=\"container\" data-e-type=\"container\" data-settings=\"{&quot;animation&quot;:&quot;fadeInRight&quot;}\">\n\t\t\t\t<div class=\"elementor-element elementor-element-2684c9b elementor-widget elementor-widget-image\" data-id=\"2684c9b\" data-element_type=\"widget\" data-e-type=\"widget\" data-widget_type=\"image.default\">\n\t\t\t\t<div class=\"elementor-widget-container\">\n\t\t\t\t\t\t\t\t\t\t\t\t\t\t\t<img decoding=\"async\" width=\"1920\" height=\"1282\" src=\"https:\/\/peronmedya.com\/liderokullari\/wp-content\/uploads\/2026\/01\/pexels-pavel-danilyuk-8422164.jpg\" class=\"attachment-full size-full wp-image-2352\" alt=\"\" srcset=\"https:\/\/peronmedya.com\/liderokullari\/wp-content\/uploads\/2026\/01\/pexels-pavel-danilyuk-8422164.jpg 1920w, https:\/\/peronmedya.com\/liderokullari\/wp-content\/uploads\/2026\/01\/pexels-pavel-danilyuk-8422164-300x200.jpg 300w, https:\/\/peronmedya.com\/liderokullari\/wp-content\/uploads\/2026\/01\/pexels-pavel-danilyuk-8422164-1024x684.jpg 1024w, https:\/\/peronmedya.com\/liderokullari\/wp-content\/uploads\/2026\/01\/pexels-pavel-danilyuk-8422164-768x513.jpg 768w, https:\/\/peronmedya.com\/liderokullari\/wp-content\/uploads\/2026\/01\/pexels-pavel-danilyuk-8422164-1536x1026.jpg 1536w\" sizes=\"(max-width: 1920px) 100vw, 1920px\" \/>\t\t\t\t\t\t\t\t\t\t\t\t\t\t\t<\/div>\n\t\t\t\t<\/div>\n\t\t\t\t<\/div>\n\t\t<div class=\"elementor-element elementor-element-a97493c e-con-full e-flex elementor-invisible e-con e-child\" data-id=\"a97493c\" data-element_type=\"container\" data-e-type=\"container\" data-settings=\"{&quot;animation&quot;:&quot;fadeInLeft&quot;}\">\n\t\t\t\t<div class=\"elementor-element elementor-element-e3589ef elementor-widget elementor-widget-text-editor\" data-id=\"e3589ef\" data-element_type=\"widget\" data-e-type=\"widget\" data-widget_type=\"text-editor.default\">\n\t\t\t\t<div class=\"elementor-widget-container\">\n\t\t\t\t\t\t\t\t\t<h4 class=\"p1\"><b>Lider Nova | Ke\u015fif ve Potansiyel<\/b><\/h4><p class=\"p2\">Anaokulu ve erken \u00e7ocukluk d\u00f6nemini kapsar.<br \/>Bu a\u015famada ama\u00e7; \u00e7ocu\u011fun merak duygusunu geli\u015ftirmek,<br \/>\u00f6\u011frenmeye kar\u015f\u0131 olumlu tutum kazand\u0131rmak ve potansiyelini g\u00f6r\u00fcn\u00fcr h\u00e2le getirmektir.<\/p><ul class=\"ul1\"><li class=\"li2\">Do\u011fa temelli \u00f6\u011frenme<\/li><li class=\"li2\">Oyun, deney ve hik\u00e2ye \u00e7al\u0131\u015fmalar\u0131<\/li><li class=\"li2\">Duyusal ve sosyal geli\u015fim<\/li><li class=\"li2\">\u0130ngilizceye erken ve do\u011fal maruz kalma<\/li><\/ul><p class=\"p2\">\u0130ngilizce bu d\u00f6nemde bir ders de\u011fil, <b>g\u00fcnl\u00fck ya\u015fam dili<\/b> olarak sunulur.<\/p><h4 class=\"p1\"><b>Lider Core | Sa\u011flam Akademik Temel<\/b><\/h4><p class=\"p2\">\u0130lkokul ve ortaokul akademik omurgas\u0131n\u0131 olu\u015fturur.<br \/>Ama\u00e7; kavramsal \u00f6\u011frenmeye dayal\u0131 g\u00fc\u00e7l\u00fc bir akademik temel olu\u015fturmakt\u0131r.<\/p><ul class=\"ul1\"><li class=\"li2\">MEB m\u00fcfredat\u0131yla tam uyum<\/li><li class=\"li2\">Kavram temelli \u00f6\u011fretim<\/li><li class=\"li2\">D\u00fczenli \u00f6l\u00e7me ve de\u011ferlendirme<\/li><li class=\"li2\">Analitik d\u00fc\u015f\u00fcnme becerileri<\/li><li class=\"li2\">S\u0131navlara kademeli ve bilin\u00e7li haz\u0131rl\u0131k<\/li><\/ul><p class=\"p2\">S\u0131nav, e\u011fitimin amac\u0131 de\u011fil; <b>do\u011fal sonucu<\/b> olarak ele al\u0131n\u0131r.<\/p><h4 class=\"p1\"><b>Lider Fusion | Dil, Beceri ve Proje<\/b><\/h4><p class=\"p2\">Bu a\u015fama, \u00f6\u011frenilen bilginin hayata d\u00f6n\u00fc\u015ft\u00fcr\u00fcld\u00fc\u011f\u00fc aland\u0131r.<\/p><ul class=\"ul1\"><li class=\"li2\">FAST \u0130ngilizce E\u011fitim Modeli<\/li><li class=\"li2\">Proje temelli \u00f6\u011frenme<\/li><li class=\"li2\">Sunum, \u00fcretim ve tak\u0131m \u00e7al\u0131\u015fmalar\u0131<\/li><li class=\"li2\">Disiplinler aras\u0131 yakla\u015f\u0131m<\/li><\/ul>\t\t\t\t\t\t\t\t<\/div>\n\t\t\t\t<\/div>\n\t\t\t\t<\/div>\n\t\t\t\t<\/div>\n\t\t\t\t<\/div>\n\t\t\t\t\t<\/div>\n\t\t\t\t<\/div>\n\t\t<div class=\"elementor-element elementor-element-ff1c045 e-flex e-con-boxed e-con e-parent\" data-id=\"ff1c045\" data-element_type=\"container\" data-e-type=\"container\">\n\t\t\t\t\t<div class=\"e-con-inner\">\n\t\t<div class=\"elementor-element elementor-element-6498b02 e-flex e-con-boxed e-con e-child\" data-id=\"6498b02\" data-element_type=\"container\" data-e-type=\"container\">\n\t\t\t\t\t<div class=\"e-con-inner\">\n\t\t\t\t<div class=\"elementor-element elementor-element-681a01f elementor-widget__width-initial elementor-widget elementor-widget-text-editor\" data-id=\"681a01f\" data-element_type=\"widget\" data-e-type=\"widget\" data-widget_type=\"text-editor.default\">\n\t\t\t\t<div class=\"elementor-widget-container\">\n\t\t\t\t\t\t\t\t\t<h3 class=\"p1\"><b>\u00d6l\u00e7en, \u0130zleyen ve Geli\u015ftiren Sistem<\/b><\/h3><p class=\"p2\">E\u011fitim modelimizin merkezinde g\u00fc\u00e7l\u00fc bir \u00f6l\u00e7me\u2013de\u011ferlendirme sistemi yer al\u0131r.<br \/>\u00d6\u011frenciler y\u0131l i\u00e7inde d\u00f6rt kez de\u011ferlendirilir ve geli\u015fimleri \u201cLider Karne\u201d ile \u00e7ok boyutlu olarak izlenir.<\/p><p class=\"p2\">De\u011ferlendirme;<\/p><ul class=\"ul1\"><li class=\"li2\">Not odakl\u0131 de\u011fil,<\/li><li class=\"li2\">Geli\u015fim ve ilerleme odakl\u0131d\u0131r.<\/li><\/ul><p class=\"p2\">Veliler i\u00e7in her d\u00f6nem haz\u0131rlanan<span class=\"Apple-converted-space\">\u00a0 <\/span>\u201cLider Karne\u201d y\u00f6ntemiyle net, \u015feffaf ve kar\u015f\u0131la\u015ft\u0131r\u0131labilir geri bildirimler sunulur.<\/p><h3 class=\"p1\"><b>Gelece\u011fe Haz\u0131rlayan E\u011fitim<\/b><\/h3><p class=\"p2\">Ayd\u0131n Lider Okullar\u0131\u2019nda e\u011fitim;<br \/>\u00f6\u011frencileri yaln\u0131zca bug\u00fcne de\u011fil, <b>yar\u0131n\u0131n d\u00fcnyas\u0131na<\/b> haz\u0131rlar.<\/p><p class=\"p2\">Amac\u0131m\u0131z;<\/p><ul class=\"ul1\"><li class=\"li2\">Merak eden,<\/li><li class=\"li2\">Sorgulayan,<\/li><li class=\"li2\">Kendini ifade edebilen,<\/li><li class=\"li2\">\u00d6\u011frendiklerini hayata aktarabilen,<\/li><li class=\"li2\">Dil bilen ve \u00fcretebilen bireyler yeti\u015ftirmektir.<\/li><\/ul><p class=\"p4\"><b>Ayd\u0131n Lider Okullar\u0131\u2019nda \u00e7ocuklar;<\/b><\/p><p class=\"p2\"><b>Ke\u015ffeder, sa\u011flam temellerle \u00f6\u011frenir ve \u00f6\u011frendiklerini hayata d\u00f6n\u00fc\u015ft\u00fcr\u00fcr.<\/b><b><\/b><\/p>\t\t\t\t\t\t\t\t<\/div>\n\t\t\t\t<\/div>\n\t\t\t\t\t<\/div>\n\t\t\t\t<\/div>\n\t\t\t\t<div class=\"elementor-element elementor-element-efb536e elementor-widget elementor-widget-image\" data-id=\"efb536e\" data-element_type=\"widget\" data-e-type=\"widget\" data-widget_type=\"image.default\">\n\t\t\t\t<div class=\"elementor-widget-container\">\n\t\t\t\t\t\t\t\t\t\t\t\t\t\t\t<img decoding=\"async\" width=\"800\" height=\"271\" src=\"https:\/\/peronmedya.com\/liderokullari\/wp-content\/uploads\/2025\/10\/Basliksiz-1-1-1024x347.png\" class=\"attachment-large size-large wp-image-554\" alt=\"\" srcset=\"https:\/\/peronmedya.com\/liderokullari\/wp-content\/uploads\/2025\/10\/Basliksiz-1-1-1024x347.png 1024w, https:\/\/peronmedya.com\/liderokullari\/wp-content\/uploads\/2025\/10\/Basliksiz-1-1-300x102.png 300w, https:\/\/peronmedya.com\/liderokullari\/wp-content\/uploads\/2025\/10\/Basliksiz-1-1-768x260.png 768w, https:\/\/peronmedya.com\/liderokullari\/wp-content\/uploads\/2025\/10\/Basliksiz-1-1-1536x520.png 1536w, https:\/\/peronmedya.com\/liderokullari\/wp-content\/uploads\/2025\/10\/Basliksiz-1-1.png 1920w\" sizes=\"(max-width: 800px) 100vw, 800px\" \/>\t\t\t\t\t\t\t\t\t\t\t\t\t\t\t<\/div>\n\t\t\t\t<\/div>\n\t\t\t\t\t<\/div>\n\t\t\t\t<\/div>\n\t\t\t\t<\/div>\n\t\t","protected":false},"excerpt":{"rendered":"<p>E\u011fitim Modelimiz \u201cLider NextGen E\u011fitim Modeli\u201d \u00f6\u011frencilerin yaln\u0131zca akademik bilgiyle de\u011fil; ele\u015ftirel d\u00fc\u015f\u00fcnme, problem \u00e7\u00f6zme, ileti\u015fim, etik liderlik ve k\u00fcresel fark\u0131ndal\u0131k becerileriyle donat\u0131lmas\u0131n\u0131 ama\u00e7layan, \u00f6\u011frenci merkezli ve yetkinlik temelli bir e\u011fitim yakla\u015f\u0131m\u0131d\u0131r. Model; de\u011fi\u015fen d\u00fcnya ko\u015fullar\u0131na uyum sa\u011flayabilen, sorumluluk alan ve y\u00f6n verebilen bireyler yeti\u015ftirmeyi hedefler. \u201cBug\u00fcn\u00fcn \u00f6\u011frencileri, yar\u0131n\u0131n liderleri.\u201d L-NEXT \u00dc\u00e7 A\u015famal\u0131 E\u011fitim Yap\u0131s\u0131 [&hellip;]<\/p>\n","protected":false},"author":3,"featured_media":0,"parent":0,"menu_order":0,"comment_status":"closed","ping_status":"closed","template":"","meta":{"footnotes":""},"class_list":["post-2424","page","type-page","status-publish","hentry"],"_links":{"self":[{"href":"https:\/\/peronmedya.com\/liderokullari\/wp-json\/wp\/v2\/pages\/2424","targetHints":{"allow":["GET"]}}],"collection":[{"href":"https:\/\/peronmedya.com\/liderokullari\/wp-json\/wp\/v2\/pages"}],"about":[{"href":"https:\/\/peronmedya.com\/liderokullari\/wp-json\/wp\/v2\/types\/page"}],"author":[{"embeddable":true,"href":"https:\/\/peronmedya.com\/liderokullari\/wp-json\/wp\/v2\/users\/3"}],"replies":[{"embeddable":true,"href":"https:\/\/peronmedya.com\/liderokullari\/wp-json\/wp\/v2\/comments?post=2424"}],"version-history":[{"count":22,"href":"https:\/\/peronmedya.com\/liderokullari\/wp-json\/wp\/v2\/pages\/2424\/revisions"}],"predecessor-version":[{"id":3744,"href":"https:\/\/peronmedya.com\/liderokullari\/wp-json\/wp\/v2\/pages\/2424\/revisions\/3744"}],"wp:attachment":[{"href":"https:\/\/peronmedya.com\/liderokullari\/wp-json\/wp\/v2\/media?parent=2424"}],"curies":[{"name":"wp","href":"https:\/\/api.w.org\/{rel}","templated":true}]}}