{"id":2457,"date":"2026-02-04T06:04:11","date_gmt":"2026-02-04T06:04:11","guid":{"rendered":"https:\/\/peronmedya.com\/liderokullari\/?page_id=2457"},"modified":"2026-02-11T08:20:31","modified_gmt":"2026-02-11T08:20:31","slug":"kvkk-aydinlatma","status":"publish","type":"page","link":"https:\/\/peronmedya.com\/liderokullari\/kvkk-aydinlatma\/","title":{"rendered":"KVKK Ayd\u0131nlatma"},"content":{"rendered":"\t\t<div data-elementor-type=\"wp-page\" data-elementor-id=\"2457\" class=\"elementor elementor-2457\" data-elementor-post-type=\"page\">\n\t\t\t\t<div class=\"elementor-element elementor-element-814582c e-flex e-con-boxed e-con e-parent\" data-id=\"814582c\" data-element_type=\"container\" data-e-type=\"container\">\n\t\t\t\t\t<div class=\"e-con-inner\">\n\t\t<div class=\"elementor-element elementor-element-d0a367a e-flex e-con-boxed e-con e-child\" data-id=\"d0a367a\" data-element_type=\"container\" data-e-type=\"container\">\n\t\t\t\t\t<div class=\"e-con-inner\">\n\t\t\t\t<div class=\"elementor-element elementor-element-6f32127 elementor-widget elementor-widget-text-editor\" data-id=\"6f32127\" data-element_type=\"widget\" data-e-type=\"widget\" data-widget_type=\"text-editor.default\">\n\t\t\t\t<div class=\"elementor-widget-container\">\n\t\t\t\t\t\t\t\t\t<p>Ayd\u0131n Lider Okullar\u0131<\/p>\t\t\t\t\t\t\t\t<\/div>\n\t\t\t\t<\/div>\n\t\t\t\t<div class=\"elementor-element elementor-element-ccc98ce elementor-widget elementor-widget-heading\" data-id=\"ccc98ce\" data-element_type=\"widget\" data-e-type=\"widget\" data-widget_type=\"heading.default\">\n\t\t\t\t<div class=\"elementor-widget-container\">\n\t\t\t\t\t<h2 class=\"elementor-heading-title elementor-size-default\">Ki\u015fisel Verilerin Korunmas\u0131 Kanunu (KVKK) Ayd\u0131nlatma Metni\n<\/h2>\t\t\t\t<\/div>\n\t\t\t\t<\/div>\n\t\t\t\t<div class=\"elementor-element elementor-element-e3d8d28 elementor-widget__width-initial elementor-widget elementor-widget-text-editor\" data-id=\"e3d8d28\" data-element_type=\"widget\" data-e-type=\"widget\" data-widget_type=\"text-editor.default\">\n\t\t\t\t<div class=\"elementor-widget-container\">\n\t\t\t\t\t\t\t\t\t<p class=\"p1\">Lider Okullar\u0131 olarak, 6698 say\u0131l\u0131 Ki\u015fisel Verilerin Korunmas\u0131 Kanunu (\u201cKVKK\u201d) uyar\u0131nca; \u00f6\u011frenci, veli, \u00e7al\u0131\u015fan, ziyaret\u00e7i ve di\u011fer ilgili ki\u015filere ait ki\u015fisel verilerin hukuka uygun olarak i\u015flenmesine ve korunmas\u0131na b\u00fcy\u00fck \u00f6nem vermekteyiz.<\/p><p class=\"p1\">Bu kapsamda ki\u015fisel verileriniz; e\u011fitim-\u00f6\u011fretim faaliyetlerinin y\u00fcr\u00fct\u00fclmesi, okul\u2013veli\u2013\u00f6\u011frenci ileti\u015fiminin sa\u011flanmas\u0131, rehberlik ve dan\u0131\u015fmanl\u0131k hizmetlerinin sunulmas\u0131, \u00f6l\u00e7me-de\u011ferlendirme s\u00fcre\u00e7lerinin y\u00fcr\u00fct\u00fclmesi, kurumsal g\u00fcvenli\u011fin sa\u011flanmas\u0131, yasal y\u00fck\u00fcml\u00fcl\u00fcklerin yerine getirilmesi ve okul faaliyetlerinin planlanmas\u0131 ama\u00e7lar\u0131yla KVKK\u2019n\u0131n 5. ve 6. maddelerinde belirtilen \u015fartlar dahilinde i\u015flenmektedir.<\/p><p class=\"p1\">Toplanan ki\u015fisel veriler; yetkili kamu kurum ve kurulu\u015flar\u0131, mevzuat gere\u011fi payla\u015f\u0131m yap\u0131lmas\u0131 gereken merciler ve hizmet al\u0131nan i\u015f ortaklar\u0131yla, yaln\u0131zca ilgili ama\u00e7lar do\u011frultusunda ve gerekli g\u00fcvenlik tedbirleri al\u0131narak payla\u015f\u0131labilmektedir.<\/p><p class=\"p1\">Ki\u015fisel verileriniz, hukuka ve d\u00fcr\u00fcstl\u00fck kurallar\u0131na uygun olarak; do\u011fru ve g\u00fcncel \u015fekilde, belirli, a\u00e7\u0131k ve me\u015fru ama\u00e7larla i\u015flenmekte; i\u015flendikleri ama\u00e7la ba\u011flant\u0131l\u0131, s\u0131n\u0131rl\u0131 ve \u00f6l\u00e7\u00fcl\u00fc olarak muhafaza edilmektedir.<\/p><p class=\"p1\">KVKK\u2019n\u0131n 11. maddesi kapsam\u0131nda; ki\u015fisel verilerinizin i\u015flenip i\u015flenmedi\u011fini \u00f6\u011frenme, i\u015flenmi\u015fse buna ili\u015fkin bilgi talep etme, i\u015flenme amac\u0131n\u0131 ve amac\u0131na uygun kullan\u0131l\u0131p kullan\u0131lmad\u0131\u011f\u0131n\u0131 \u00f6\u011frenme, yurt i\u00e7inde veya yurt d\u0131\u015f\u0131nda aktar\u0131ld\u0131\u011f\u0131 \u00fc\u00e7\u00fcnc\u00fc ki\u015fileri bilme, eksik veya yanl\u0131\u015f i\u015flenmi\u015f verilerin d\u00fczeltilmesini isteme, silinmesini veya yok edilmesini talep etme ve bu i\u015flemlerin \u00fc\u00e7\u00fcnc\u00fc ki\u015filere bildirilmesini isteme haklar\u0131na sahipsiniz.<\/p><p class=\"p1\">Bu haklar\u0131n\u0131za ili\u015fkin taleplerinizi, Lider Okullar\u0131\u2019na yaz\u0131l\u0131 olarak veya KVKK\u2019da belirtilen di\u011fer y\u00f6ntemlerle iletebilirsiniz. Ba\u015fvurular\u0131n\u0131z, mevzuatta \u00f6ng\u00f6r\u00fclen s\u00fcreler i\u00e7erisinde de\u011ferlendirilerek sonu\u00e7land\u0131r\u0131lacakt\u0131r.<\/p><p class=\"p1\">Lider Okullar\u0131, ki\u015fisel verilerin korunmas\u0131 konusunda gerekli teknik ve idari tedbirleri almaya ve bu konuda azami hassasiyeti g\u00f6stermeye devam edece\u011fini taahh\u00fct eder.<\/p>\t\t\t\t\t\t\t\t<\/div>\n\t\t\t\t<\/div>\n\t\t\t\t\t<\/div>\n\t\t\t\t<\/div>\n\t\t\t\t\t<\/div>\n\t\t\t\t<\/div>\n\t\t\t\t<\/div>\n\t\t","protected":false},"excerpt":{"rendered":"<p>Ayd\u0131n Lider Okullar\u0131 Ki\u015fisel Verilerin Korunmas\u0131 Kanunu (KVKK) Ayd\u0131nlatma Metni Lider Okullar\u0131 olarak, 6698 say\u0131l\u0131 Ki\u015fisel Verilerin Korunmas\u0131 Kanunu (\u201cKVKK\u201d) uyar\u0131nca; \u00f6\u011frenci, veli, \u00e7al\u0131\u015fan, ziyaret\u00e7i ve di\u011fer ilgili ki\u015filere ait ki\u015fisel verilerin hukuka uygun olarak i\u015flenmesine ve korunmas\u0131na b\u00fcy\u00fck \u00f6nem vermekteyiz. Bu kapsamda ki\u015fisel verileriniz; e\u011fitim-\u00f6\u011fretim faaliyetlerinin y\u00fcr\u00fct\u00fclmesi, okul\u2013veli\u2013\u00f6\u011frenci ileti\u015fiminin sa\u011flanmas\u0131, rehberlik ve dan\u0131\u015fmanl\u0131k hizmetlerinin [&hellip;]<\/p>\n","protected":false},"author":3,"featured_media":0,"parent":0,"menu_order":0,"comment_status":"closed","ping_status":"closed","template":"","meta":{"footnotes":""},"class_list":["post-2457","page","type-page","status-publish","hentry"],"_links":{"self":[{"href":"https:\/\/peronmedya.com\/liderokullari\/wp-json\/wp\/v2\/pages\/2457","targetHints":{"allow":["GET"]}}],"collection":[{"href":"https:\/\/peronmedya.com\/liderokullari\/wp-json\/wp\/v2\/pages"}],"about":[{"href":"https:\/\/peronmedya.com\/liderokullari\/wp-json\/wp\/v2\/types\/page"}],"author":[{"embeddable":true,"href":"https:\/\/peronmedya.com\/liderokullari\/wp-json\/wp\/v2\/users\/3"}],"replies":[{"embeddable":true,"href":"https:\/\/peronmedya.com\/liderokullari\/wp-json\/wp\/v2\/comments?post=2457"}],"version-history":[{"count":7,"href":"https:\/\/peronmedya.com\/liderokullari\/wp-json\/wp\/v2\/pages\/2457\/revisions"}],"predecessor-version":[{"id":3653,"href":"https:\/\/peronmedya.com\/liderokullari\/wp-json\/wp\/v2\/pages\/2457\/revisions\/3653"}],"wp:attachment":[{"href":"https:\/\/peronmedya.com\/liderokullari\/wp-json\/wp\/v2\/media?parent=2457"}],"curies":[{"name":"wp","href":"https:\/\/api.w.org\/{rel}","templated":true}]}}