{"id":2463,"date":"2026-02-04T06:09:07","date_gmt":"2026-02-04T06:09:07","guid":{"rendered":"https:\/\/peronmedya.com\/liderokullari\/?page_id=2463"},"modified":"2026-02-11T09:57:50","modified_gmt":"2026-02-11T09:57:50","slug":"yayinlar","status":"publish","type":"page","link":"https:\/\/peronmedya.com\/liderokullari\/yayinlar\/","title":{"rendered":"Yay\u0131nlar"},"content":{"rendered":"\t\t<div data-elementor-type=\"wp-page\" data-elementor-id=\"2463\" class=\"elementor elementor-2463\" data-elementor-post-type=\"page\">\n\t\t\t\t<div class=\"elementor-element elementor-element-8c3d77f e-flex e-con-boxed e-con e-child\" data-id=\"8c3d77f\" data-element_type=\"container\" data-e-type=\"container\">\n\t\t\t\t\t<div class=\"e-con-inner\">\n\t\t<div class=\"elementor-element elementor-element-3d8e3c0 e-flex e-con-boxed e-con e-child\" data-id=\"3d8e3c0\" data-element_type=\"container\" data-e-type=\"container\">\n\t\t\t\t\t<div class=\"e-con-inner\">\n\t\t\t\t<div class=\"elementor-element elementor-element-2517952 elementor-widget elementor-widget-heading\" data-id=\"2517952\" data-element_type=\"widget\" data-e-type=\"widget\" data-widget_type=\"heading.default\">\n\t\t\t\t<div class=\"elementor-widget-container\">\n\t\t\t\t\t<h3 class=\"elementor-heading-title elementor-size-default\">\u0130lkokul Yay\u0131nlar\u0131m\u0131z<\/h3>\t\t\t\t<\/div>\n\t\t\t\t<\/div>\n\t\t<div class=\"elementor-element elementor-element-6a2a14e e-flex e-con-boxed e-con e-child\" data-id=\"6a2a14e\" data-element_type=\"container\" data-e-type=\"container\">\n\t\t\t\t\t<div class=\"e-con-inner\">\n\t\t\t\t<div class=\"elementor-element elementor-element-e8bd414 elementor-widget elementor-widget-text-editor\" data-id=\"e8bd414\" data-element_type=\"widget\" data-e-type=\"widget\" data-widget_type=\"text-editor.default\">\n\t\t\t\t<div class=\"elementor-widget-container\">\n\t\t\t\t\t\t\t\t\t<p class=\"p1\"><strong>Bilginin Kal\u0131c\u0131 \u0130zleri L\u0130DER OKULLARI<\/strong> <strong>olarak<\/strong>, \u00f6\u011frencilerimiz ve velilerimiz i\u00e7in sundu\u011fumuz yay\u0131nlar\u0131 <span class=\"s1\">sadece ara\u00e7 de\u011fil, rehber<\/span> olarak g\u00f6r\u00fcyoruz. Yay\u0131n anlay\u0131\u015f\u0131m\u0131z alt\u0131 temel ilkeye dayan\u0131r: g\u00fcncellik, m\u00fcfredat uyumu, \u00f6l\u00e7me-de\u011ferlendirme niteli\u011fi, \u00f6\u011frenci seviyesine uygunluk, akademik ba\u015far\u0131y\u0131 destekleme ve verimli kullan\u0131m.Ders kitaplar\u0131n\u0131n yan\u0131 s\u0131ra;<\/p><ul class=\"ul1\"><li class=\"li2\">L\u0130DER \u00d6dev F\u00f6yleri (L\u00d6F)<\/li><li class=\"li2\">L\u0130DER Kazan\u0131m De\u011ferlendirme S\u0131navlar\u0131 (LKS)<\/li><li class=\"li2\">MEB m\u00fcfredat\u0131na uygun T\u00fcrkiye Geneli Deneme S\u0131navlar\u0131<\/li><li class=\"li2\">Kurumsal E\u011fitim Materyalleri<\/li><li class=\"li2\">Et\u00fct ve Tekrar Materyalleri<\/li><li class=\"li2\">Dijital \u0130\u00e7erikler<b><\/b><\/li><\/ul><p class=\"p1\">akademik birimlerimiz taraf\u0131ndan planl\u0131 ve verimli bir \u015fekilde kullan\u0131lmaktad\u0131r. Bu yay\u0131nlar, \u00f6\u011frencilerin \u00f6\u011frenme s\u00fcre\u00e7lerini destekleyerek <span class=\"s1\"><b>kal\u0131c\u0131 ba\u015far\u0131ya ula\u015fmalar\u0131n\u0131 sa\u011flar.<\/b><\/span><\/p>\t\t\t\t\t\t\t\t<\/div>\n\t\t\t\t<\/div>\n\t\t\t\t\t<\/div>\n\t\t\t\t<\/div>\n\t\t\t\t\t<\/div>\n\t\t\t\t<\/div>\n\t\t\t\t\t<\/div>\n\t\t\t\t<\/div>\n\t\t<div class=\"elementor-element elementor-element-817cb54 e-flex e-con-boxed e-con e-parent\" data-id=\"817cb54\" data-element_type=\"container\" data-e-type=\"container\">\n\t\t\t\t\t<div class=\"e-con-inner\">\n\t\t<div class=\"elementor-element elementor-element-9682ad4 e-flex e-con-boxed e-con e-child\" data-id=\"9682ad4\" data-element_type=\"container\" data-e-type=\"container\">\n\t\t\t\t\t<div class=\"e-con-inner\">\n\t\t\t\t<div class=\"elementor-element elementor-element-98c6571 elementor-widget elementor-widget-heading\" data-id=\"98c6571\" data-element_type=\"widget\" data-e-type=\"widget\" data-widget_type=\"heading.default\">\n\t\t\t\t<div class=\"elementor-widget-container\">\n\t\t\t\t\t<h3 class=\"elementor-heading-title elementor-size-default\">Ortaokul Yay\u0131nlar\u0131m\u0131z<\/h3>\t\t\t\t<\/div>\n\t\t\t\t<\/div>\n\t\t<div class=\"elementor-element elementor-element-a429f15 e-flex e-con-boxed e-con e-child\" data-id=\"a429f15\" data-element_type=\"container\" data-e-type=\"container\">\n\t\t\t\t\t<div class=\"e-con-inner\">\n\t\t\t\t<div class=\"elementor-element elementor-element-cfc48be elementor-widget elementor-widget-text-editor\" data-id=\"cfc48be\" data-element_type=\"widget\" data-e-type=\"widget\" data-widget_type=\"text-editor.default\">\n\t\t\t\t<div class=\"elementor-widget-container\">\n\t\t\t\t\t\t\t\t\t<p class=\"p1\">Okulumuzda kullan\u0131lan e\u011fitim yay\u0131nlar\u0131, <span class=\"s1\"><b>MEB m\u00fcfredat\u0131na ve LGS kazan\u0131mlar\u0131na uygun<\/b><\/span> olarak \u00f6zenle se\u00e7ilmektedir.<\/p><p class=\"p1\">Ders kitaplar\u0131n\u0131n yan\u0131 s\u0131ra akademik birimlerimiz, \u00f6\u011frencilerin geli\u015fimini desteklemek i\u00e7in;<\/p><ul class=\"ul1\"><li class=\"li1\">L\u0130DER \u00d6dev F\u00f6yleri (L\u00d6F)<\/li><li class=\"li1\">L\u0130DER \u00dcnite De\u011ferlendirme S\u0131navlar\u0131 (L\u00dcS)<\/li><li class=\"li1\">L\u0130DER Kazan\u0131m De\u011ferlendirme S\u0131navlar\u0131 (LKS)<\/li><li class=\"li1\">T\u00fcrkiye Geneli Deneme S\u0131navlar\u0131<\/li><li class=\"li1\">Et\u00fct ve tekrar materyalleri<\/li><\/ul><p class=\"p1\">gibi kaynaklar\u0131 planl\u0131 \u015fekilde kullanmaktad\u0131r.<\/p><p class=\"p2\"><span class=\"s3\">Yay\u0131n se\u00e7iminde <\/span><b>g\u00fcncellik, \u00f6l\u00e7me-de\u011ferlendirme niteli\u011fi ve \u00f6\u011frencinin seviyesine uygunluk<\/b><span class=\"s3\"> esas al\u0131n\u0131r.<\/span><\/p>\t\t\t\t\t\t\t\t<\/div>\n\t\t\t\t<\/div>\n\t\t\t\t\t<\/div>\n\t\t\t\t<\/div>\n\t\t\t\t\t<\/div>\n\t\t\t\t<\/div>\n\t\t\t\t\t<\/div>\n\t\t\t\t<\/div>\n\t\t\t\t<\/div>\n\t\t","protected":false},"excerpt":{"rendered":"<p>\u0130lkokul Yay\u0131nlar\u0131m\u0131z Bilginin Kal\u0131c\u0131 \u0130zleri L\u0130DER OKULLARI olarak, \u00f6\u011frencilerimiz ve velilerimiz i\u00e7in sundu\u011fumuz yay\u0131nlar\u0131 sadece ara\u00e7 de\u011fil, rehber olarak g\u00f6r\u00fcyoruz. Yay\u0131n anlay\u0131\u015f\u0131m\u0131z alt\u0131 temel ilkeye dayan\u0131r: g\u00fcncellik, m\u00fcfredat uyumu, \u00f6l\u00e7me-de\u011ferlendirme niteli\u011fi, \u00f6\u011frenci seviyesine uygunluk, akademik ba\u015far\u0131y\u0131 destekleme ve verimli kullan\u0131m.Ders kitaplar\u0131n\u0131n yan\u0131 s\u0131ra; L\u0130DER \u00d6dev F\u00f6yleri (L\u00d6F) L\u0130DER Kazan\u0131m De\u011ferlendirme S\u0131navlar\u0131 (LKS) MEB m\u00fcfredat\u0131na uygun [&hellip;]<\/p>\n","protected":false},"author":3,"featured_media":0,"parent":0,"menu_order":0,"comment_status":"closed","ping_status":"closed","template":"","meta":{"footnotes":""},"class_list":["post-2463","page","type-page","status-publish","hentry"],"_links":{"self":[{"href":"https:\/\/peronmedya.com\/liderokullari\/wp-json\/wp\/v2\/pages\/2463","targetHints":{"allow":["GET"]}}],"collection":[{"href":"https:\/\/peronmedya.com\/liderokullari\/wp-json\/wp\/v2\/pages"}],"about":[{"href":"https:\/\/peronmedya.com\/liderokullari\/wp-json\/wp\/v2\/types\/page"}],"author":[{"embeddable":true,"href":"https:\/\/peronmedya.com\/liderokullari\/wp-json\/wp\/v2\/users\/3"}],"replies":[{"embeddable":true,"href":"https:\/\/peronmedya.com\/liderokullari\/wp-json\/wp\/v2\/comments?post=2463"}],"version-history":[{"count":13,"href":"https:\/\/peronmedya.com\/liderokullari\/wp-json\/wp\/v2\/pages\/2463\/revisions"}],"predecessor-version":[{"id":3753,"href":"https:\/\/peronmedya.com\/liderokullari\/wp-json\/wp\/v2\/pages\/2463\/revisions\/3753"}],"wp:attachment":[{"href":"https:\/\/peronmedya.com\/liderokullari\/wp-json\/wp\/v2\/media?parent=2463"}],"curies":[{"name":"wp","href":"https:\/\/api.w.org\/{rel}","templated":true}]}}