{"id":2484,"date":"2026-02-04T06:23:25","date_gmt":"2026-02-04T06:23:25","guid":{"rendered":"https:\/\/peronmedya.com\/liderokullari\/?page_id=2484"},"modified":"2026-02-11T08:40:27","modified_gmt":"2026-02-11T08:40:27","slug":"lider-restaurant","status":"publish","type":"page","link":"https:\/\/peronmedya.com\/liderokullari\/lider-restaurant\/","title":{"rendered":"Lider Restaurant"},"content":{"rendered":"\t\t<div data-elementor-type=\"wp-page\" data-elementor-id=\"2484\" class=\"elementor elementor-2484\" data-elementor-post-type=\"page\">\n\t\t\t\t<div class=\"elementor-element elementor-element-4f5be85 e-flex e-con-boxed e-con e-parent\" data-id=\"4f5be85\" data-element_type=\"container\" data-e-type=\"container\" data-settings=\"{&quot;background_background&quot;:&quot;classic&quot;}\">\n\t\t\t\t\t<div class=\"e-con-inner\">\n\t\t<div class=\"elementor-element elementor-element-266fa78 e-flex e-con-boxed e-con e-child\" data-id=\"266fa78\" data-element_type=\"container\" data-e-type=\"container\">\n\t\t\t\t\t<div class=\"e-con-inner\">\n\t\t<div class=\"elementor-element elementor-element-cd62dd4 e-con-full e-flex e-con e-child\" data-id=\"cd62dd4\" data-element_type=\"container\" data-e-type=\"container\">\n\t\t\t\t<div class=\"elementor-element elementor-element-0b486fc elementor-widget__width-initial elementor-invisible elementor-widget elementor-widget-image\" data-id=\"0b486fc\" data-element_type=\"widget\" data-e-type=\"widget\" data-settings=\"{&quot;_animation&quot;:&quot;fadeInDown&quot;,&quot;_animation_tablet&quot;:&quot;fadeInRight&quot;,&quot;_animation_delay&quot;:&quot;200&quot;}\" data-widget_type=\"image.default\">\n\t\t\t\t<div class=\"elementor-widget-container\">\n\t\t\t\t\t\t\t\t\t\t\t\t\t\t\t<img fetchpriority=\"high\" decoding=\"async\" width=\"800\" height=\"532\" src=\"https:\/\/peronmedya.com\/liderokullari\/wp-content\/uploads\/2025\/12\/composed-lunch-candies-1024x681.jpg\" class=\"attachment-large size-large wp-image-1920\" alt=\"\" srcset=\"https:\/\/peronmedya.com\/liderokullari\/wp-content\/uploads\/2025\/12\/composed-lunch-candies-1024x681.jpg 1024w, https:\/\/peronmedya.com\/liderokullari\/wp-content\/uploads\/2025\/12\/composed-lunch-candies-300x199.jpg 300w, https:\/\/peronmedya.com\/liderokullari\/wp-content\/uploads\/2025\/12\/composed-lunch-candies-768x511.jpg 768w, https:\/\/peronmedya.com\/liderokullari\/wp-content\/uploads\/2025\/12\/composed-lunch-candies-1536x1021.jpg 1536w, https:\/\/peronmedya.com\/liderokullari\/wp-content\/uploads\/2025\/12\/composed-lunch-candies.jpg 1925w\" sizes=\"(max-width: 800px) 100vw, 800px\" \/>\t\t\t\t\t\t\t\t\t\t\t\t\t\t\t<\/div>\n\t\t\t\t<\/div>\n\t\t\t\t<div class=\"elementor-element elementor-element-5fd97d3 elementor-widget__width-initial elementor-invisible elementor-widget elementor-widget-image\" data-id=\"5fd97d3\" data-element_type=\"widget\" data-e-type=\"widget\" data-settings=\"{&quot;_animation&quot;:&quot;fadeInDown&quot;,&quot;_animation_tablet&quot;:&quot;fadeInLeft&quot;}\" data-widget_type=\"image.default\">\n\t\t\t\t<div class=\"elementor-widget-container\">\n\t\t\t\t\t\t\t\t\t\t\t\t\t\t\t<img decoding=\"async\" width=\"800\" height=\"534\" src=\"https:\/\/peronmedya.com\/liderokullari\/wp-content\/uploads\/2025\/12\/flat-lay-batch-cooking-meals-arrangement-1024x683.jpg\" class=\"attachment-large size-large wp-image-1919\" alt=\"\" srcset=\"https:\/\/peronmedya.com\/liderokullari\/wp-content\/uploads\/2025\/12\/flat-lay-batch-cooking-meals-arrangement-1024x683.jpg 1024w, https:\/\/peronmedya.com\/liderokullari\/wp-content\/uploads\/2025\/12\/flat-lay-batch-cooking-meals-arrangement-300x200.jpg 300w, https:\/\/peronmedya.com\/liderokullari\/wp-content\/uploads\/2025\/12\/flat-lay-batch-cooking-meals-arrangement-768x512.jpg 768w, https:\/\/peronmedya.com\/liderokullari\/wp-content\/uploads\/2025\/12\/flat-lay-batch-cooking-meals-arrangement-1536x1024.jpg 1536w, https:\/\/peronmedya.com\/liderokullari\/wp-content\/uploads\/2025\/12\/flat-lay-batch-cooking-meals-arrangement.jpg 1843w\" sizes=\"(max-width: 800px) 100vw, 800px\" \/>\t\t\t\t\t\t\t\t\t\t\t\t\t\t\t<\/div>\n\t\t\t\t<\/div>\n\t\t\t\t<div class=\"elementor-element elementor-element-5dbf701 elementor-invisible elementor-widget elementor-widget-text-editor\" data-id=\"5dbf701\" data-element_type=\"widget\" data-e-type=\"widget\" data-settings=\"{&quot;_animation&quot;:&quot;fadeInUp&quot;}\" data-widget_type=\"text-editor.default\">\n\t\t\t\t<div class=\"elementor-widget-container\">\n\t\t\t\t\t\t\t\t\t<p class=\"p1\">Okulumuzda \u00f6\u011frencilerimizin sa\u011fl\u0131kl\u0131, dengeli ve g\u00fcvenli beslenmesini sa\u011flamak amac\u0131yla <b>Lider Restaurant<\/b> anlay\u0131\u015f\u0131yla hizmet sunulmaktad\u0131r.<\/p><p class=\"p1\">Okulumuzda 3 \u00f6\u011f\u00fcn yemek hizmeti verilmektedir.<\/p><p class=\"p1\">KAHVALTI (ilkokul ve ortaokul i\u00e7in opsiyonel)<\/p><p class=\"p1\">\u00d6\u011eLEN YEME\u011e\u0130<\/p><p class=\"p1\">\u0130K\u0130ND\u0130 (okulumuzda kantin bulunmad\u0131\u011f\u0131 i\u00e7in her ya\u015f grubuna verilir.)<\/p><p class=\"p1\">\u00a0<\/p>\t\t\t\t\t\t\t\t<\/div>\n\t\t\t\t<\/div>\n\t\t\t\t<\/div>\n\t\t<div class=\"elementor-element elementor-element-b2f8876 e-con-full e-flex e-con e-child\" data-id=\"b2f8876\" data-element_type=\"container\" data-e-type=\"container\">\n\t\t<div class=\"elementor-element elementor-element-89faacc e-flex e-con-boxed e-con e-child\" data-id=\"89faacc\" data-element_type=\"container\" data-e-type=\"container\">\n\t\t\t\t\t<div class=\"e-con-inner\">\n\t\t\t\t<div class=\"elementor-element elementor-element-beddc70 elementor-widget elementor-widget-heading\" data-id=\"beddc70\" data-element_type=\"widget\" data-e-type=\"widget\" data-widget_type=\"heading.default\">\n\t\t\t\t<div class=\"elementor-widget-container\">\n\t\t\t\t\t<h2 class=\"elementor-heading-title elementor-size-default\">Lider Restaurant<\/h2>\t\t\t\t<\/div>\n\t\t\t\t<\/div>\n\t\t\t\t<div class=\"elementor-element elementor-element-b95b4b1 elementor-widget-divider--view-line elementor-widget elementor-widget-divider\" data-id=\"b95b4b1\" data-element_type=\"widget\" data-e-type=\"widget\" data-widget_type=\"divider.default\">\n\t\t\t\t<div class=\"elementor-widget-container\">\n\t\t\t\t\t\t\t<div class=\"elementor-divider\">\n\t\t\t<span class=\"elementor-divider-separator\">\n\t\t\t\t\t\t<\/span>\n\t\t<\/div>\n\t\t\t\t\t\t<\/div>\n\t\t\t\t<\/div>\n\t\t\t\t\t<\/div>\n\t\t\t\t<\/div>\n\t\t\t\t<div class=\"elementor-element elementor-element-30e2d26 elementor-widget__width-inherit elementor-hidden-tablet elementor-invisible elementor-widget elementor-widget-image\" data-id=\"30e2d26\" data-element_type=\"widget\" data-e-type=\"widget\" data-settings=\"{&quot;_animation&quot;:&quot;fadeIn&quot;}\" data-widget_type=\"image.default\">\n\t\t\t\t<div class=\"elementor-widget-container\">\n\t\t\t\t\t\t\t\t\t\t\t\t\t\t\t<img decoding=\"async\" width=\"800\" height=\"450\" src=\"https:\/\/peronmedya.com\/liderokullari\/wp-content\/uploads\/2024\/03\/6196-0-lider-okullari-aydin-1024x576.jpeg\" class=\"attachment-large size-large wp-image-421\" alt=\"\" srcset=\"https:\/\/peronmedya.com\/liderokullari\/wp-content\/uploads\/2024\/03\/6196-0-lider-okullari-aydin-1024x576.jpeg 1024w, https:\/\/peronmedya.com\/liderokullari\/wp-content\/uploads\/2024\/03\/6196-0-lider-okullari-aydin-300x169.jpeg 300w, https:\/\/peronmedya.com\/liderokullari\/wp-content\/uploads\/2024\/03\/6196-0-lider-okullari-aydin-768x432.jpeg 768w, https:\/\/peronmedya.com\/liderokullari\/wp-content\/uploads\/2024\/03\/6196-0-lider-okullari-aydin-1536x864.jpeg 1536w, https:\/\/peronmedya.com\/liderokullari\/wp-content\/uploads\/2024\/03\/6196-0-lider-okullari-aydin.jpeg 1920w\" sizes=\"(max-width: 800px) 100vw, 800px\" \/>\t\t\t\t\t\t\t\t\t\t\t\t\t\t\t<\/div>\n\t\t\t\t<\/div>\n\t\t\t\t<\/div>\n\t\t\t\t\t<\/div>\n\t\t\t\t<\/div>\n\t\t\t\t<div class=\"elementor-element elementor-element-5ba549a elementor-invisible elementor-widget elementor-widget-text-editor\" data-id=\"5ba549a\" data-element_type=\"widget\" data-e-type=\"widget\" data-settings=\"{&quot;_animation&quot;:&quot;fadeInUp&quot;}\" data-widget_type=\"text-editor.default\">\n\t\t\t\t<div class=\"elementor-widget-container\">\n\t\t\t\t\t\t\t\t\t<p class=\"p1\">Yemeklerimiz, alan\u0131nda deneyimli ve kurumsal bir firma olan <b>Turest Yemek<\/b> taraf\u0131ndan, <b>okulumuzun kendi mutfa\u011f\u0131nda<\/b> hijyen ve kalite standartlar\u0131na uygun \u015fekilde haz\u0131rlanmaktad\u0131r.<\/p><p class=\"p1\">Turest Yemek; g\u0131da g\u00fcvenli\u011fi, tedarik ve kalite kontrol s\u00fcre\u00e7lerinde alan\u0131nda uzman <b>\u00e7\u00f6z\u00fcm ortaklar\u0131<\/b> ile \u00e7al\u0131\u015fmakta, t\u00fcm \u00fcretim a\u015famalar\u0131n\u0131 d\u00fczenli denetimlerle y\u00fcr\u00fctmektedir. Kullan\u0131lan malzemeler g\u00fcvenilir tedarik\u00e7ilerden temin edilmekte, men\u00fcler \u00e7ocuklar\u0131n ya\u015f gruplar\u0131na ve geli\u015fim ihtiya\u00e7lar\u0131na uygun olarak planlanmaktad\u0131r.<\/p><p class=\"p1\">Haz\u0131rlanan t\u00fcm yemekler;<\/p><ul class=\"ul1\"><li class=\"li1\">G\u00fcnl\u00fck ve taze olarak \u00fcretilir<\/li><li class=\"li1\">Hijyen kurallar\u0131na uygun ortamlarda haz\u0131rlan\u0131r<\/li><li class=\"li1\">Besin de\u011ferleri g\u00f6zetilerek dengeli men\u00fcler halinde sunulur<\/li><\/ul><p class=\"p1\">Amac\u0131m\u0131z, \u00f6\u011frencilerimizin okulda ge\u00e7irdikleri zaman\u0131 sa\u011fl\u0131kl\u0131 beslenme al\u0131\u015fkanl\u0131klar\u0131yla desteklemek ve ailelerimize bu konuda g\u00f6n\u00fcl rahatl\u0131\u011f\u0131 sa\u011flamakt\u0131r.<\/p>\t\t\t\t\t\t\t\t<\/div>\n\t\t\t\t<\/div>\n\t\t\t\t\t<\/div>\n\t\t\t\t<\/div>\n\t\t\t\t<\/div>\n\t\t","protected":false},"excerpt":{"rendered":"<p>Okulumuzda \u00f6\u011frencilerimizin sa\u011fl\u0131kl\u0131, dengeli ve g\u00fcvenli beslenmesini sa\u011flamak amac\u0131yla Lider Restaurant anlay\u0131\u015f\u0131yla hizmet sunulmaktad\u0131r. Okulumuzda 3 \u00f6\u011f\u00fcn yemek hizmeti verilmektedir. KAHVALTI (ilkokul ve ortaokul i\u00e7in opsiyonel) \u00d6\u011eLEN YEME\u011e\u0130 \u0130K\u0130ND\u0130 (okulumuzda kantin bulunmad\u0131\u011f\u0131 i\u00e7in her ya\u015f grubuna verilir.) \u00a0 Lider Restaurant Yemeklerimiz, alan\u0131nda deneyimli ve kurumsal bir firma olan Turest Yemek taraf\u0131ndan, okulumuzun kendi mutfa\u011f\u0131nda hijyen [&hellip;]<\/p>\n","protected":false},"author":3,"featured_media":0,"parent":0,"menu_order":0,"comment_status":"closed","ping_status":"closed","template":"","meta":{"footnotes":""},"class_list":["post-2484","page","type-page","status-publish","hentry"],"_links":{"self":[{"href":"https:\/\/peronmedya.com\/liderokullari\/wp-json\/wp\/v2\/pages\/2484","targetHints":{"allow":["GET"]}}],"collection":[{"href":"https:\/\/peronmedya.com\/liderokullari\/wp-json\/wp\/v2\/pages"}],"about":[{"href":"https:\/\/peronmedya.com\/liderokullari\/wp-json\/wp\/v2\/types\/page"}],"author":[{"embeddable":true,"href":"https:\/\/peronmedya.com\/liderokullari\/wp-json\/wp\/v2\/users\/3"}],"replies":[{"embeddable":true,"href":"https:\/\/peronmedya.com\/liderokullari\/wp-json\/wp\/v2\/comments?post=2484"}],"version-history":[{"count":10,"href":"https:\/\/peronmedya.com\/liderokullari\/wp-json\/wp\/v2\/pages\/2484\/revisions"}],"predecessor-version":[{"id":3693,"href":"https:\/\/peronmedya.com\/liderokullari\/wp-json\/wp\/v2\/pages\/2484\/revisions\/3693"}],"wp:attachment":[{"href":"https:\/\/peronmedya.com\/liderokullari\/wp-json\/wp\/v2\/media?parent=2484"}],"curies":[{"name":"wp","href":"https:\/\/api.w.org\/{rel}","templated":true}]}}