{"id":2492,"date":"2026-02-04T06:26:06","date_gmt":"2026-02-04T06:26:06","guid":{"rendered":"https:\/\/peronmedya.com\/liderokullari\/?page_id=2492"},"modified":"2026-02-11T08:41:33","modified_gmt":"2026-02-11T08:41:33","slug":"liderde-saglik-2","status":"publish","type":"page","link":"https:\/\/peronmedya.com\/liderokullari\/liderde-saglik-2\/","title":{"rendered":"Lider&#8217;de Sa\u011fl\u0131k"},"content":{"rendered":"\t\t<div data-elementor-type=\"wp-page\" data-elementor-id=\"2492\" class=\"elementor elementor-2492\" data-elementor-post-type=\"page\">\n\t\t\t\t<div class=\"elementor-element elementor-element-ce0bcbf e-flex e-con-boxed e-con e-parent\" data-id=\"ce0bcbf\" data-element_type=\"container\" data-e-type=\"container\" data-settings=\"{&quot;background_background&quot;:&quot;classic&quot;}\">\n\t\t\t\t\t<div class=\"e-con-inner\">\n\t\t<div class=\"elementor-element elementor-element-b8cbf28 e-con-full e-flex e-con e-child\" data-id=\"b8cbf28\" data-element_type=\"container\" data-e-type=\"container\">\n\t\t\t\t<div class=\"elementor-element elementor-element-79a00ee elementor-widget elementor-widget-heading\" data-id=\"79a00ee\" data-element_type=\"widget\" data-e-type=\"widget\" data-widget_type=\"heading.default\">\n\t\t\t\t<div class=\"elementor-widget-container\">\n\t\t\t\t\t<h2 class=\"elementor-heading-title elementor-size-default\">Lider'de Sa\u011fl\u0131k<\/h2>\t\t\t\t<\/div>\n\t\t\t\t<\/div>\n\t\t\t\t<div class=\"elementor-element elementor-element-b7c87b8 elementor-widget-divider--view-line elementor-widget elementor-widget-divider\" data-id=\"b7c87b8\" data-element_type=\"widget\" data-e-type=\"widget\" data-widget_type=\"divider.default\">\n\t\t\t\t<div class=\"elementor-widget-container\">\n\t\t\t\t\t\t\t<div class=\"elementor-divider\">\n\t\t\t<span class=\"elementor-divider-separator\">\n\t\t\t\t\t\t<\/span>\n\t\t<\/div>\n\t\t\t\t\t\t<\/div>\n\t\t\t\t<\/div>\n\t\t\t\t<div class=\"elementor-element elementor-element-59bdbb2 elementor-widget__width-inherit elementor-invisible elementor-widget elementor-widget-image\" data-id=\"59bdbb2\" data-element_type=\"widget\" data-e-type=\"widget\" data-settings=\"{&quot;_animation&quot;:&quot;fadeIn&quot;}\" data-widget_type=\"image.default\">\n\t\t\t\t<div class=\"elementor-widget-container\">\n\t\t\t\t\t\t\t\t\t\t\t\t\t\t\t<img fetchpriority=\"high\" decoding=\"async\" width=\"800\" height=\"600\" src=\"https:\/\/peronmedya.com\/liderokullari\/wp-content\/uploads\/2024\/02\/lider-okullari-1024x768.jpeg\" class=\"attachment-large size-large wp-image-12\" alt=\"\" srcset=\"https:\/\/peronmedya.com\/liderokullari\/wp-content\/uploads\/2024\/02\/lider-okullari-1024x768.jpeg 1024w, https:\/\/peronmedya.com\/liderokullari\/wp-content\/uploads\/2024\/02\/lider-okullari-300x225.jpeg 300w, https:\/\/peronmedya.com\/liderokullari\/wp-content\/uploads\/2024\/02\/lider-okullari-768x576.jpeg 768w, https:\/\/peronmedya.com\/liderokullari\/wp-content\/uploads\/2024\/02\/lider-okullari.jpeg 1248w\" sizes=\"(max-width: 800px) 100vw, 800px\" \/>\t\t\t\t\t\t\t\t\t\t\t\t\t\t\t<\/div>\n\t\t\t\t<\/div>\n\t\t\t\t<\/div>\n\t\t<div class=\"elementor-element elementor-element-a5d28d0 e-con-full e-flex e-con e-child\" data-id=\"a5d28d0\" data-element_type=\"container\" data-e-type=\"container\">\n\t\t\t\t<div class=\"elementor-element elementor-element-b0bad69 elementor-widget__width-initial elementor-invisible elementor-widget elementor-widget-image\" data-id=\"b0bad69\" data-element_type=\"widget\" data-e-type=\"widget\" data-settings=\"{&quot;_animation&quot;:&quot;fadeInDown&quot;,&quot;_animation_tablet&quot;:&quot;fadeInLeft&quot;}\" data-widget_type=\"image.default\">\n\t\t\t\t<div class=\"elementor-widget-container\">\n\t\t\t\t\t\t\t\t\t\t\t\t\t\t\t<img decoding=\"async\" width=\"800\" height=\"534\" src=\"https:\/\/peronmedya.com\/liderokullari\/wp-content\/uploads\/2024\/03\/3-1197x800-1-1024x684.jpeg\" class=\"attachment-large size-large wp-image-419\" alt=\"\" srcset=\"https:\/\/peronmedya.com\/liderokullari\/wp-content\/uploads\/2024\/03\/3-1197x800-1-1024x684.jpeg 1024w, https:\/\/peronmedya.com\/liderokullari\/wp-content\/uploads\/2024\/03\/3-1197x800-1-300x201.jpeg 300w, https:\/\/peronmedya.com\/liderokullari\/wp-content\/uploads\/2024\/03\/3-1197x800-1-768x513.jpeg 768w, https:\/\/peronmedya.com\/liderokullari\/wp-content\/uploads\/2024\/03\/3-1197x800-1.jpeg 1197w\" sizes=\"(max-width: 800px) 100vw, 800px\" \/>\t\t\t\t\t\t\t\t\t\t\t\t\t\t\t<\/div>\n\t\t\t\t<\/div>\n\t\t\t\t<div class=\"elementor-element elementor-element-86c07f2 elementor-widget__width-initial elementor-invisible elementor-widget elementor-widget-image\" data-id=\"86c07f2\" data-element_type=\"widget\" data-e-type=\"widget\" data-settings=\"{&quot;_animation&quot;:&quot;fadeInDown&quot;,&quot;_animation_tablet&quot;:&quot;fadeInRight&quot;,&quot;_animation_delay&quot;:&quot;200&quot;}\" data-widget_type=\"image.default\">\n\t\t\t\t<div class=\"elementor-widget-container\">\n\t\t\t\t\t\t\t\t\t\t\t\t\t\t\t<img decoding=\"async\" width=\"684\" height=\"1024\" src=\"https:\/\/peronmedya.com\/liderokullari\/wp-content\/uploads\/2024\/03\/lider-okullari-saglik-768x1149-1-684x1024.jpeg\" class=\"attachment-large size-large wp-image-420\" alt=\"\" srcset=\"https:\/\/peronmedya.com\/liderokullari\/wp-content\/uploads\/2024\/03\/lider-okullari-saglik-768x1149-1-684x1024.jpeg 684w, https:\/\/peronmedya.com\/liderokullari\/wp-content\/uploads\/2024\/03\/lider-okullari-saglik-768x1149-1-201x300.jpeg 201w, https:\/\/peronmedya.com\/liderokullari\/wp-content\/uploads\/2024\/03\/lider-okullari-saglik-768x1149-1.jpeg 768w\" sizes=\"(max-width: 684px) 100vw, 684px\" \/>\t\t\t\t\t\t\t\t\t\t\t\t\t\t\t<\/div>\n\t\t\t\t<\/div>\n\t\t\t\t<div class=\"elementor-element elementor-element-9055a54 elementor-invisible elementor-widget elementor-widget-text-editor\" data-id=\"9055a54\" data-element_type=\"widget\" data-e-type=\"widget\" data-settings=\"{&quot;_animation&quot;:&quot;fadeInUp&quot;}\" data-widget_type=\"text-editor.default\">\n\t\t\t\t<div class=\"elementor-widget-container\">\n\t\t\t\t\t\t\t\t\t<p class=\"p1\">Okulumuzda \u00f6\u011frencilerimizin sa\u011fl\u0131k ve g\u00fcvenli\u011fi \u00f6nceli\u011fimizdir. Bu do\u011frultuda, okulumuz b\u00fcnyesinde <span class=\"s1\"><b>1 adet revir<\/b><\/span> bulunmakta ve <span class=\"s1\"><b>tam zamanl\u0131 hem\u015fire<\/b><\/span> g\u00f6rev yapmaktad\u0131r.<\/p><p class=\"p1\">Revirimizde \u00f6\u011frencilerimizin g\u00fcn i\u00e7inde ya\u015fayabilece\u011fi sa\u011fl\u0131k ihtiya\u00e7lar\u0131na h\u0131zl\u0131 ve do\u011fru \u015fekilde m\u00fcdahale edilmekte, gerekli durumlarda ailelerle an\u0131nda ileti\u015fime ge\u00e7ilmektedir<\/p><p class=\"p1\">Amac\u0131m\u0131z, \u00f6\u011frencilerimizin kendilerini g\u00fcvende hissettikleri sa\u011fl\u0131kl\u0131 bir okul ortam\u0131 sunmakt\u0131r.<\/p>\t\t\t\t\t\t\t\t<\/div>\n\t\t\t\t<\/div>\n\t\t\t\t<\/div>\n\t\t\t\t\t<\/div>\n\t\t\t\t<\/div>\n\t\t\t\t<\/div>\n\t\t","protected":false},"excerpt":{"rendered":"<p>Lider&#8217;de Sa\u011fl\u0131k Okulumuzda \u00f6\u011frencilerimizin sa\u011fl\u0131k ve g\u00fcvenli\u011fi \u00f6nceli\u011fimizdir. Bu do\u011frultuda, okulumuz b\u00fcnyesinde 1 adet revir bulunmakta ve tam zamanl\u0131 hem\u015fire g\u00f6rev yapmaktad\u0131r. Revirimizde \u00f6\u011frencilerimizin g\u00fcn i\u00e7inde ya\u015fayabilece\u011fi sa\u011fl\u0131k ihtiya\u00e7lar\u0131na h\u0131zl\u0131 ve do\u011fru \u015fekilde m\u00fcdahale edilmekte, gerekli durumlarda ailelerle an\u0131nda ileti\u015fime ge\u00e7ilmektedir Amac\u0131m\u0131z, \u00f6\u011frencilerimizin kendilerini g\u00fcvende hissettikleri sa\u011fl\u0131kl\u0131 bir okul ortam\u0131 sunmakt\u0131r.<\/p>\n","protected":false},"author":3,"featured_media":0,"parent":0,"menu_order":0,"comment_status":"closed","ping_status":"closed","template":"","meta":{"footnotes":""},"class_list":["post-2492","page","type-page","status-publish","hentry"],"_links":{"self":[{"href":"https:\/\/peronmedya.com\/liderokullari\/wp-json\/wp\/v2\/pages\/2492","targetHints":{"allow":["GET"]}}],"collection":[{"href":"https:\/\/peronmedya.com\/liderokullari\/wp-json\/wp\/v2\/pages"}],"about":[{"href":"https:\/\/peronmedya.com\/liderokullari\/wp-json\/wp\/v2\/types\/page"}],"author":[{"embeddable":true,"href":"https:\/\/peronmedya.com\/liderokullari\/wp-json\/wp\/v2\/users\/3"}],"replies":[{"embeddable":true,"href":"https:\/\/peronmedya.com\/liderokullari\/wp-json\/wp\/v2\/comments?post=2492"}],"version-history":[{"count":13,"href":"https:\/\/peronmedya.com\/liderokullari\/wp-json\/wp\/v2\/pages\/2492\/revisions"}],"predecessor-version":[{"id":3702,"href":"https:\/\/peronmedya.com\/liderokullari\/wp-json\/wp\/v2\/pages\/2492\/revisions\/3702"}],"wp:attachment":[{"href":"https:\/\/peronmedya.com\/liderokullari\/wp-json\/wp\/v2\/media?parent=2492"}],"curies":[{"name":"wp","href":"https:\/\/api.w.org\/{rel}","templated":true}]}}