{"id":2497,"date":"2026-02-04T06:27:03","date_gmt":"2026-02-04T06:27:03","guid":{"rendered":"https:\/\/peronmedya.com\/liderokullari\/?page_id=2497"},"modified":"2026-02-11T08:47:32","modified_gmt":"2026-02-11T08:47:32","slug":"kutuphane","status":"publish","type":"page","link":"https:\/\/peronmedya.com\/liderokullari\/kutuphane\/","title":{"rendered":"K\u00fct\u00fcphane"},"content":{"rendered":"\t\t<div data-elementor-type=\"wp-page\" data-elementor-id=\"2497\" class=\"elementor elementor-2497\" data-elementor-post-type=\"page\">\n\t\t\t\t<div class=\"elementor-element elementor-element-eaa9fb8 e-flex e-con-boxed e-con e-parent\" data-id=\"eaa9fb8\" data-element_type=\"container\" data-e-type=\"container\">\n\t\t\t\t\t<div class=\"e-con-inner\">\n\t\t<div class=\"elementor-element elementor-element-f85bb17 e-con-full e-flex e-con e-child\" data-id=\"f85bb17\" data-element_type=\"container\" data-e-type=\"container\">\n\t\t<div class=\"elementor-element elementor-element-869ed92 e-con-full e-flex e-con e-child\" data-id=\"869ed92\" data-element_type=\"container\" data-e-type=\"container\">\n\t\t<div class=\"elementor-element elementor-element-8ebca5e e-con-full e-flex elementor-invisible e-con e-child\" data-id=\"8ebca5e\" data-element_type=\"container\" data-e-type=\"container\" data-settings=\"{&quot;animation&quot;:&quot;fadeInRight&quot;}\">\n\t\t\t\t<div class=\"elementor-element elementor-element-49d23a8 elementor-widget elementor-widget-heading\" data-id=\"49d23a8\" data-element_type=\"widget\" data-e-type=\"widget\" data-widget_type=\"heading.default\">\n\t\t\t\t<div class=\"elementor-widget-container\">\n\t\t\t\t\t<h2 class=\"elementor-heading-title elementor-size-default\">K\u00fct\u00fcphane<\/h2>\t\t\t\t<\/div>\n\t\t\t\t<\/div>\n\t\t\t\t<div class=\"elementor-element elementor-element-8ea77a9 elementor-widget-divider--view-line elementor-widget elementor-widget-divider\" data-id=\"8ea77a9\" data-element_type=\"widget\" data-e-type=\"widget\" data-widget_type=\"divider.default\">\n\t\t\t\t<div class=\"elementor-widget-container\">\n\t\t\t\t\t\t\t<div class=\"elementor-divider\">\n\t\t\t<span class=\"elementor-divider-separator\">\n\t\t\t\t\t\t<\/span>\n\t\t<\/div>\n\t\t\t\t\t\t<\/div>\n\t\t\t\t<\/div>\n\t\t\t\t<div class=\"elementor-element elementor-element-95f26aa elementor-widget elementor-widget-text-editor\" data-id=\"95f26aa\" data-element_type=\"widget\" data-e-type=\"widget\" data-widget_type=\"text-editor.default\">\n\t\t\t\t<div class=\"elementor-widget-container\">\n\t\t\t\t\t\t\t\t\t<p class=\"p1\">Okul k\u00fct\u00fcphanelerimiz; \u00f6\u011frencilerimizin okuma, ara\u015ft\u0131rma, sorgulama ve ele\u015ftirel d\u00fc\u015f\u00fcnme becerilerini geli\u015ftirdikleri, hayal g\u00fc\u00e7lerini ve yarat\u0131c\u0131l\u0131klar\u0131n\u0131 besleyen \u00f6\u011frenme alanlar\u0131d\u0131r. \u0130lkokul ve ortaokul d\u00fczeyine uygun olarak d\u00fczenlenen k\u00fct\u00fcphanelerimiz, \u00f6\u011frencilerimizin ki\u015fisel, sosyal ve k\u00fclt\u00fcrel geli\u015fimlerine katk\u0131 sa\u011flayan zengin i\u00e7eriklere sahiptir.<\/p><p class=\"p1\">K\u00fct\u00fcphanelerimiz, \u00f6\u011frencilerin ya\u015fam boyu \u00f6\u011frenme al\u0131\u015fkanl\u0131\u011f\u0131 kazanmalar\u0131n\u0131 desteklerken; \u00f6\u011fretmen ve \u00f6\u011frenciler i\u00e7in akademik \u00e7al\u0131\u015fmalar, etkinlikler ve ara\u015ft\u0131rmalar ad\u0131na eri\u015filebilir ve nitelikli bir \u00f6\u011frenme ortam\u0131 sunar. Bireysel ve grup \u00e7al\u0131\u015fmalar\u0131na imk\u00e2n tan\u0131yan bu alanlar, okul m\u00fcfredat\u0131n\u0131 destekleyen ve \u00f6\u011frenmeyi kal\u0131c\u0131 hale getiren \u00f6nemli e\u011fitim ortamlar\u0131 aras\u0131nda yer almaktad\u0131r.<\/p>\t\t\t\t\t\t\t\t<\/div>\n\t\t\t\t<\/div>\n\t\t\t\t<\/div>\n\t\t<div class=\"elementor-element elementor-element-fcaef1c e-con-full e-flex elementor-invisible e-con e-child\" data-id=\"fcaef1c\" data-element_type=\"container\" data-e-type=\"container\" data-settings=\"{&quot;animation&quot;:&quot;fadeInLeft&quot;}\">\n\t\t\t\t<div class=\"elementor-element elementor-element-55aeaa7 elementor-widget elementor-widget-image\" data-id=\"55aeaa7\" data-element_type=\"widget\" data-e-type=\"widget\" data-widget_type=\"image.default\">\n\t\t\t\t<div class=\"elementor-widget-container\">\n\t\t\t\t\t\t\t\t\t\t\t\t\t\t\t<img fetchpriority=\"high\" decoding=\"async\" width=\"1500\" height=\"1000\" src=\"https:\/\/peronmedya.com\/liderokullari\/wp-content\/uploads\/2026\/01\/2148469974.jpg\" class=\"attachment-full size-full wp-image-2412\" alt=\"\" srcset=\"https:\/\/peronmedya.com\/liderokullari\/wp-content\/uploads\/2026\/01\/2148469974.jpg 1500w, https:\/\/peronmedya.com\/liderokullari\/wp-content\/uploads\/2026\/01\/2148469974-300x200.jpg 300w, https:\/\/peronmedya.com\/liderokullari\/wp-content\/uploads\/2026\/01\/2148469974-1024x683.jpg 1024w, https:\/\/peronmedya.com\/liderokullari\/wp-content\/uploads\/2026\/01\/2148469974-768x512.jpg 768w\" sizes=\"(max-width: 1500px) 100vw, 1500px\" \/>\t\t\t\t\t\t\t\t\t\t\t\t\t\t\t<\/div>\n\t\t\t\t<\/div>\n\t\t\t\t<\/div>\n\t\t\t\t<\/div>\n\t\t\t\t<\/div>\n\t\t\t\t\t<\/div>\n\t\t\t\t<\/div>\n\t\t\t\t<\/div>\n\t\t","protected":false},"excerpt":{"rendered":"<p>K\u00fct\u00fcphane Okul k\u00fct\u00fcphanelerimiz; \u00f6\u011frencilerimizin okuma, ara\u015ft\u0131rma, sorgulama ve ele\u015ftirel d\u00fc\u015f\u00fcnme becerilerini geli\u015ftirdikleri, hayal g\u00fc\u00e7lerini ve yarat\u0131c\u0131l\u0131klar\u0131n\u0131 besleyen \u00f6\u011frenme alanlar\u0131d\u0131r. \u0130lkokul ve ortaokul d\u00fczeyine uygun olarak d\u00fczenlenen k\u00fct\u00fcphanelerimiz, \u00f6\u011frencilerimizin ki\u015fisel, sosyal ve k\u00fclt\u00fcrel geli\u015fimlerine katk\u0131 sa\u011flayan zengin i\u00e7eriklere sahiptir. K\u00fct\u00fcphanelerimiz, \u00f6\u011frencilerin ya\u015fam boyu \u00f6\u011frenme al\u0131\u015fkanl\u0131\u011f\u0131 kazanmalar\u0131n\u0131 desteklerken; \u00f6\u011fretmen ve \u00f6\u011frenciler i\u00e7in akademik \u00e7al\u0131\u015fmalar, etkinlikler ve ara\u015ft\u0131rmalar [&hellip;]<\/p>\n","protected":false},"author":3,"featured_media":0,"parent":0,"menu_order":0,"comment_status":"closed","ping_status":"closed","template":"","meta":{"footnotes":""},"class_list":["post-2497","page","type-page","status-publish","hentry"],"_links":{"self":[{"href":"https:\/\/peronmedya.com\/liderokullari\/wp-json\/wp\/v2\/pages\/2497","targetHints":{"allow":["GET"]}}],"collection":[{"href":"https:\/\/peronmedya.com\/liderokullari\/wp-json\/wp\/v2\/pages"}],"about":[{"href":"https:\/\/peronmedya.com\/liderokullari\/wp-json\/wp\/v2\/types\/page"}],"author":[{"embeddable":true,"href":"https:\/\/peronmedya.com\/liderokullari\/wp-json\/wp\/v2\/users\/3"}],"replies":[{"embeddable":true,"href":"https:\/\/peronmedya.com\/liderokullari\/wp-json\/wp\/v2\/comments?post=2497"}],"version-history":[{"count":13,"href":"https:\/\/peronmedya.com\/liderokullari\/wp-json\/wp\/v2\/pages\/2497\/revisions"}],"predecessor-version":[{"id":3726,"href":"https:\/\/peronmedya.com\/liderokullari\/wp-json\/wp\/v2\/pages\/2497\/revisions\/3726"}],"wp:attachment":[{"href":"https:\/\/peronmedya.com\/liderokullari\/wp-json\/wp\/v2\/media?parent=2497"}],"curies":[{"name":"wp","href":"https:\/\/api.w.org\/{rel}","templated":true}]}}