{"id":2512,"date":"2026-02-04T07:14:23","date_gmt":"2026-02-04T07:14:23","guid":{"rendered":"https:\/\/peronmedya.com\/liderokullari\/?page_id=2512"},"modified":"2026-02-11T08:45:49","modified_gmt":"2026-02-11T08:45:49","slug":"kampuste-bir-gun","status":"publish","type":"page","link":"https:\/\/peronmedya.com\/liderokullari\/kampuste-bir-gun\/","title":{"rendered":"Kamp\u00fcste Bir G\u00fcn"},"content":{"rendered":"\t\t<div data-elementor-type=\"wp-page\" data-elementor-id=\"2512\" class=\"elementor elementor-2512\" data-elementor-post-type=\"page\">\n\t\t\t\t<div class=\"elementor-element elementor-element-21f936b e-flex e-con-boxed e-con e-parent\" data-id=\"21f936b\" data-element_type=\"container\" data-e-type=\"container\">\n\t\t\t\t\t<div class=\"e-con-inner\">\n\t\t<div class=\"elementor-element elementor-element-37d4955 e-con-full e-flex e-con e-child\" data-id=\"37d4955\" data-element_type=\"container\" data-e-type=\"container\">\n\t\t<div class=\"elementor-element elementor-element-81bb292 e-con-full e-flex e-con e-child\" data-id=\"81bb292\" data-element_type=\"container\" data-e-type=\"container\">\n\t\t<div class=\"elementor-element elementor-element-2bec0d3 e-con-full e-flex elementor-invisible e-con e-child\" data-id=\"2bec0d3\" data-element_type=\"container\" data-e-type=\"container\" data-settings=\"{&quot;animation&quot;:&quot;fadeInRight&quot;}\">\n\t\t\t\t<div class=\"elementor-element elementor-element-8f38564 elementor-widget elementor-widget-heading\" data-id=\"8f38564\" data-element_type=\"widget\" data-e-type=\"widget\" data-widget_type=\"heading.default\">\n\t\t\t\t<div class=\"elementor-widget-container\">\n\t\t\t\t\t<h2 class=\"elementor-heading-title elementor-size-default\">Kamp\u00fcste Bir G\u00fcn<\/h2>\t\t\t\t<\/div>\n\t\t\t\t<\/div>\n\t\t\t\t<div class=\"elementor-element elementor-element-cab000d elementor-widget-divider--view-line elementor-widget elementor-widget-divider\" data-id=\"cab000d\" data-element_type=\"widget\" data-e-type=\"widget\" data-widget_type=\"divider.default\">\n\t\t\t\t<div class=\"elementor-widget-container\">\n\t\t\t\t\t\t\t<div class=\"elementor-divider\">\n\t\t\t<span class=\"elementor-divider-separator\">\n\t\t\t\t\t\t<\/span>\n\t\t<\/div>\n\t\t\t\t\t\t<\/div>\n\t\t\t\t<\/div>\n\t\t\t\t<div class=\"elementor-element elementor-element-25bf42c elementor-widget elementor-widget-text-editor\" data-id=\"25bf42c\" data-element_type=\"widget\" data-e-type=\"widget\" data-widget_type=\"text-editor.default\">\n\t\t\t\t<div class=\"elementor-widget-container\">\n\t\t\t\t\t\t\t\t\t<p class=\"p1\">Lider Okullar\u0131 kamp\u00fcs\u00fcnde bir g\u00fcn, \u00f6\u011frencilerimizin akademik, sosyal ve ki\u015fisel geli\u015fimlerini destekleyecek \u015fekilde \u00f6zenle planlanm\u0131\u015f zengin bir programla ge\u00e7er. G\u00fcn, dersler ve uygulamal\u0131 at\u00f6lye \u00e7al\u0131\u015fmalar\u0131 ile ba\u015flar; k\u00fct\u00fcphane, \u00e7al\u0131\u015fma salonlar\u0131 ve laboratuvarlar\u0131n sundu\u011fu imk\u00e2nlarla desteklenir.<\/p><p class=\"p1\">\u00d6\u011fle ve \u00f6\u011fleden sonra saatlerinde ger\u00e7ekle\u015ftirilen kul\u00fcp dersleri ve spor faaliyetleri sayesinde \u00f6\u011frenciler hem bilgi hem de deneyim kazan\u0131r. Kamp\u00fcs\u00fcm\u00fczde yer alan yemekhane ve dinlenme alanlar\u0131, \u00f6\u011frencilerin sosyalle\u015febilecekleri ve fikir al\u0131\u015fveri\u015finde bulunabilecekleri samimi ortamlar sunar.<\/p><p class=\"p1\">G\u00fcn\u00fcn ilerleyen saatlerinde sunulan rehberlik ve dan\u0131\u015fmanl\u0131k hizmetleri, her \u00f6\u011frencinin bireysel geli\u015fimini destekler. Ye\u015fil alanlar ve a\u00e7\u0131k hava mek\u00e2nlar\u0131 ise dinlenme, \u00fcretme ve yarat\u0131c\u0131 molalar i\u00e7in ideal bir atmosfer sa\u011flar. T\u00fcm bu unsurlar bir araya gelerek, \u00f6\u011frencilerimizin hem akademik hem de ki\u015fisel a\u00e7\u0131dan geli\u015fimini te\u015fvik eden dengeli ve canl\u0131 bir kamp\u00fcs ya\u015fam\u0131 olu\u015fturur.<\/p>\t\t\t\t\t\t\t\t<\/div>\n\t\t\t\t<\/div>\n\t\t\t\t<\/div>\n\t\t<div class=\"elementor-element elementor-element-e256061 e-con-full e-flex elementor-invisible e-con e-child\" data-id=\"e256061\" data-element_type=\"container\" data-e-type=\"container\" data-settings=\"{&quot;animation&quot;:&quot;fadeInLeft&quot;}\">\n\t\t\t\t<div class=\"elementor-element elementor-element-6268a74 elementor-widget elementor-widget-image\" data-id=\"6268a74\" data-element_type=\"widget\" data-e-type=\"widget\" data-widget_type=\"image.default\">\n\t\t\t\t<div class=\"elementor-widget-container\">\n\t\t\t\t\t\t\t\t\t\t\t\t\t\t\t<img fetchpriority=\"high\" decoding=\"async\" width=\"1709\" height=\"2560\" src=\"https:\/\/peronmedya.com\/liderokullari\/wp-content\/uploads\/2026\/01\/pexels-pavel-danilyuk-8422168-scaled.jpg\" class=\"attachment-full size-full wp-image-2344\" alt=\"\" srcset=\"https:\/\/peronmedya.com\/liderokullari\/wp-content\/uploads\/2026\/01\/pexels-pavel-danilyuk-8422168-scaled.jpg 1709w, https:\/\/peronmedya.com\/liderokullari\/wp-content\/uploads\/2026\/01\/pexels-pavel-danilyuk-8422168-200x300.jpg 200w, https:\/\/peronmedya.com\/liderokullari\/wp-content\/uploads\/2026\/01\/pexels-pavel-danilyuk-8422168-684x1024.jpg 684w, https:\/\/peronmedya.com\/liderokullari\/wp-content\/uploads\/2026\/01\/pexels-pavel-danilyuk-8422168-768x1150.jpg 768w, https:\/\/peronmedya.com\/liderokullari\/wp-content\/uploads\/2026\/01\/pexels-pavel-danilyuk-8422168-1025x1536.jpg 1025w, https:\/\/peronmedya.com\/liderokullari\/wp-content\/uploads\/2026\/01\/pexels-pavel-danilyuk-8422168-1367x2048.jpg 1367w\" sizes=\"(max-width: 1709px) 100vw, 1709px\" \/>\t\t\t\t\t\t\t\t\t\t\t\t\t\t\t<\/div>\n\t\t\t\t<\/div>\n\t\t\t\t<\/div>\n\t\t\t\t<\/div>\n\t\t\t\t<\/div>\n\t\t\t\t\t<\/div>\n\t\t\t\t<\/div>\n\t\t\t\t<\/div>\n\t\t","protected":false},"excerpt":{"rendered":"<p>Kamp\u00fcste Bir G\u00fcn Lider Okullar\u0131 kamp\u00fcs\u00fcnde bir g\u00fcn, \u00f6\u011frencilerimizin akademik, sosyal ve ki\u015fisel geli\u015fimlerini destekleyecek \u015fekilde \u00f6zenle planlanm\u0131\u015f zengin bir programla ge\u00e7er. G\u00fcn, dersler ve uygulamal\u0131 at\u00f6lye \u00e7al\u0131\u015fmalar\u0131 ile ba\u015flar; k\u00fct\u00fcphane, \u00e7al\u0131\u015fma salonlar\u0131 ve laboratuvarlar\u0131n sundu\u011fu imk\u00e2nlarla desteklenir. \u00d6\u011fle ve \u00f6\u011fleden sonra saatlerinde ger\u00e7ekle\u015ftirilen kul\u00fcp dersleri ve spor faaliyetleri sayesinde \u00f6\u011frenciler hem bilgi hem de [&hellip;]<\/p>\n","protected":false},"author":3,"featured_media":0,"parent":0,"menu_order":0,"comment_status":"closed","ping_status":"closed","template":"","meta":{"footnotes":""},"class_list":["post-2512","page","type-page","status-publish","hentry"],"_links":{"self":[{"href":"https:\/\/peronmedya.com\/liderokullari\/wp-json\/wp\/v2\/pages\/2512","targetHints":{"allow":["GET"]}}],"collection":[{"href":"https:\/\/peronmedya.com\/liderokullari\/wp-json\/wp\/v2\/pages"}],"about":[{"href":"https:\/\/peronmedya.com\/liderokullari\/wp-json\/wp\/v2\/types\/page"}],"author":[{"embeddable":true,"href":"https:\/\/peronmedya.com\/liderokullari\/wp-json\/wp\/v2\/users\/3"}],"replies":[{"embeddable":true,"href":"https:\/\/peronmedya.com\/liderokullari\/wp-json\/wp\/v2\/comments?post=2512"}],"version-history":[{"count":13,"href":"https:\/\/peronmedya.com\/liderokullari\/wp-json\/wp\/v2\/pages\/2512\/revisions"}],"predecessor-version":[{"id":3717,"href":"https:\/\/peronmedya.com\/liderokullari\/wp-json\/wp\/v2\/pages\/2512\/revisions\/3717"}],"wp:attachment":[{"href":"https:\/\/peronmedya.com\/liderokullari\/wp-json\/wp\/v2\/media?parent=2512"}],"curies":[{"name":"wp","href":"https:\/\/api.w.org\/{rel}","templated":true}]}}