{"id":2521,"date":"2026-02-04T07:15:25","date_gmt":"2026-02-04T07:15:25","guid":{"rendered":"https:\/\/peronmedya.com\/liderokullari\/?page_id=2521"},"modified":"2026-02-11T08:49:00","modified_gmt":"2026-02-11T08:49:00","slug":"geleneksel-etkinliklerimiz","status":"publish","type":"page","link":"https:\/\/peronmedya.com\/liderokullari\/geleneksel-etkinliklerimiz\/","title":{"rendered":"Geleneksel Etkinliklerimiz"},"content":{"rendered":"\t\t<div data-elementor-type=\"wp-page\" data-elementor-id=\"2521\" class=\"elementor elementor-2521\" data-elementor-post-type=\"page\">\n\t\t\t\t<div class=\"elementor-element elementor-element-e0f913e e-flex e-con-boxed e-con e-parent\" data-id=\"e0f913e\" data-element_type=\"container\" data-e-type=\"container\">\n\t\t\t\t\t<div class=\"e-con-inner\">\n\t\t<div class=\"elementor-element elementor-element-24600dd e-con-full e-flex e-con e-child\" data-id=\"24600dd\" data-element_type=\"container\" data-e-type=\"container\">\n\t\t<div class=\"elementor-element elementor-element-0bfd959 e-con-full e-flex e-con e-child\" data-id=\"0bfd959\" data-element_type=\"container\" data-e-type=\"container\">\n\t\t<div class=\"elementor-element elementor-element-0e06384 e-con-full e-flex elementor-invisible e-con e-child\" data-id=\"0e06384\" data-element_type=\"container\" data-e-type=\"container\" data-settings=\"{&quot;animation&quot;:&quot;fadeInRight&quot;}\">\n\t\t\t\t<div class=\"elementor-element elementor-element-747b7ee elementor-widget elementor-widget-heading\" data-id=\"747b7ee\" data-element_type=\"widget\" data-e-type=\"widget\" data-widget_type=\"heading.default\">\n\t\t\t\t<div class=\"elementor-widget-container\">\n\t\t\t\t\t<h2 class=\"elementor-heading-title elementor-size-default\">Geleneksel Etkinliklerimiz<\/h2>\t\t\t\t<\/div>\n\t\t\t\t<\/div>\n\t\t\t\t<div class=\"elementor-element elementor-element-263692b elementor-widget-divider--view-line elementor-widget elementor-widget-divider\" data-id=\"263692b\" data-element_type=\"widget\" data-e-type=\"widget\" data-widget_type=\"divider.default\">\n\t\t\t\t<div class=\"elementor-widget-container\">\n\t\t\t\t\t\t\t<div class=\"elementor-divider\">\n\t\t\t<span class=\"elementor-divider-separator\">\n\t\t\t\t\t\t<\/span>\n\t\t<\/div>\n\t\t\t\t\t\t<\/div>\n\t\t\t\t<\/div>\n\t\t\t\t<div class=\"elementor-element elementor-element-214072e elementor-widget elementor-widget-text-editor\" data-id=\"214072e\" data-element_type=\"widget\" data-e-type=\"widget\" data-widget_type=\"text-editor.default\">\n\t\t\t\t<div class=\"elementor-widget-container\">\n\t\t\t\t\t\t\t\t\t<p class=\"p1\">Lider Okullar\u0131\u2019nda \u00f6\u011frencilerimizin \u00e7ok y\u00f6nl\u00fc geli\u015fimini destekleyen geleneksel etkinlikler, her y\u0131l planl\u0131 ve \u00f6zenli bir \u015fekilde hayata ge\u00e7irilmektedir. Bahar \u015eenli\u011fi (LiderFest); oyun alanlar\u0131, \u015fi\u015fme oyun ve havuz aktiviteleri, ebru ve kil sanat at\u00f6lyeleri ile g\u00fcn boyu s\u00fcren konserlerin yer ald\u0131\u011f\u0131, kamp\u00fcs genelinde co\u015fku yaratan kapsaml\u0131 bir organizasyondur.<\/p><p class=\"p1\">Okuma Bayram\u0131m\u0131z, \u00f6\u011frencilerimizin okuma yolculuklar\u0131ndaki geli\u015fimlerini yans\u0131tan; okulumuz taraf\u0131ndan \u00f6zg\u00fcn olarak haz\u0131rlanan ske\u00e7lerle sahnelenerek hem e\u011fitici hem de kal\u0131c\u0131 bir deneyim sunar.<\/p><p class=\"p1\">Bilim \u015eenli\u011fimiz, \u00f6\u011frencilerimizin ara\u015ft\u0131rma, sorgulama ve \u00fcretme becerilerini sergiledikleri projelerle bilimsel d\u00fc\u015f\u00fcnceyi destekleyen geleneksel etkinliklerimiz aras\u0131nda yer almaktad\u0131r. \u0130ngilizce Veli At\u00f6lyelerimiz ise velilerimizin e\u011fitim s\u00fcrecine aktif kat\u0131l\u0131m\u0131n\u0131 te\u015fvik ederken, yabanc\u0131 dil fark\u0131ndal\u0131\u011f\u0131n\u0131 g\u00fc\u00e7lendiren etkile\u015fimli \u00e7al\u0131\u015fmalarla ger\u00e7ekle\u015ftirilmektedir.<\/p><p class=\"p1\">Bunlara ek olarak; yaz aylar\u0131nda d\u00fczenlenen a\u00e7\u0131k hava gece sinemas\u0131 etkinliklerimiz kamp\u00fcs\u00fcm\u00fczde keyifli ve sosyal payla\u015f\u0131mlar sunarken, bisiklet turlar\u0131 \u00f6\u011frencilerimizin sa\u011fl\u0131kl\u0131 ya\u015fam bilinci kazanmalar\u0131na ve birlikte hareket etme k\u00fclt\u00fcr\u00fcn\u00fc geli\u015ftirmelerine katk\u0131 sa\u011flamaktad\u0131r.<\/p>\t\t\t\t\t\t\t\t<\/div>\n\t\t\t\t<\/div>\n\t\t\t\t<\/div>\n\t\t<div class=\"elementor-element elementor-element-3e9b087 e-con-full elementor-hidden-tablet elementor-hidden-mobile e-flex elementor-invisible e-con e-child\" data-id=\"3e9b087\" data-element_type=\"container\" data-e-type=\"container\" data-settings=\"{&quot;animation&quot;:&quot;fadeInLeft&quot;}\">\n\t\t\t\t<div class=\"elementor-element elementor-element-dedad58 elementor-widget elementor-widget-image\" data-id=\"dedad58\" data-element_type=\"widget\" data-e-type=\"widget\" data-widget_type=\"image.default\">\n\t\t\t\t<div class=\"elementor-widget-container\">\n\t\t\t\t\t\t\t\t\t\t\t\t\t\t\t<img fetchpriority=\"high\" decoding=\"async\" width=\"1248\" height=\"936\" src=\"https:\/\/peronmedya.com\/liderokullari\/wp-content\/uploads\/2024\/02\/lider-okullari.jpeg\" class=\"attachment-full size-full wp-image-12\" alt=\"\" srcset=\"https:\/\/peronmedya.com\/liderokullari\/wp-content\/uploads\/2024\/02\/lider-okullari.jpeg 1248w, https:\/\/peronmedya.com\/liderokullari\/wp-content\/uploads\/2024\/02\/lider-okullari-300x225.jpeg 300w, https:\/\/peronmedya.com\/liderokullari\/wp-content\/uploads\/2024\/02\/lider-okullari-1024x768.jpeg 1024w, https:\/\/peronmedya.com\/liderokullari\/wp-content\/uploads\/2024\/02\/lider-okullari-768x576.jpeg 768w\" sizes=\"(max-width: 1248px) 100vw, 1248px\" \/>\t\t\t\t\t\t\t\t\t\t\t\t\t\t\t<\/div>\n\t\t\t\t<\/div>\n\t\t\t\t<\/div>\n\t\t\t\t<\/div>\n\t\t\t\t<\/div>\n\t\t\t\t\t<\/div>\n\t\t\t\t<\/div>\n\t\t<div class=\"elementor-element elementor-element-5cf9bcd e-flex e-con-boxed e-con e-parent\" data-id=\"5cf9bcd\" data-element_type=\"container\" data-e-type=\"container\">\n\t\t\t\t\t<div class=\"e-con-inner\">\n\t\t\t\t<div class=\"elementor-element elementor-element-81b109a elementor-widget elementor-widget-video\" data-id=\"81b109a\" data-element_type=\"widget\" data-e-type=\"widget\" data-settings=\"{&quot;video_type&quot;:&quot;hosted&quot;,&quot;autoplay&quot;:&quot;yes&quot;,&quot;mute&quot;:&quot;yes&quot;}\" data-widget_type=\"video.default\">\n\t\t\t\t<div class=\"elementor-widget-container\">\n\t\t\t\t\t\t\t<div class=\"e-hosted-video elementor-wrapper elementor-open-inline\">\n\t\t\t\t\t<video class=\"elementor-video\" src=\"https:\/\/peronmedya.com\/liderokullari\/wp-content\/uploads\/2026\/02\/Geleneksel-Bahar-Senligimiz.mp4\" autoplay=\"\" muted=\"muted\" controlsList=\"nodownload\"><\/video>\n\t\t\t\t<\/div>\n\t\t\t\t\t\t<\/div>\n\t\t\t\t<\/div>\n\t\t\t\t\t<\/div>\n\t\t\t\t<\/div>\n\t\t\t\t<\/div>\n\t\t","protected":false},"excerpt":{"rendered":"<p>Geleneksel Etkinliklerimiz Lider Okullar\u0131\u2019nda \u00f6\u011frencilerimizin \u00e7ok y\u00f6nl\u00fc geli\u015fimini destekleyen geleneksel etkinlikler, her y\u0131l planl\u0131 ve \u00f6zenli bir \u015fekilde hayata ge\u00e7irilmektedir. Bahar \u015eenli\u011fi (LiderFest); oyun alanlar\u0131, \u015fi\u015fme oyun ve havuz aktiviteleri, ebru ve kil sanat at\u00f6lyeleri ile g\u00fcn boyu s\u00fcren konserlerin yer ald\u0131\u011f\u0131, kamp\u00fcs genelinde co\u015fku yaratan kapsaml\u0131 bir organizasyondur. Okuma Bayram\u0131m\u0131z, \u00f6\u011frencilerimizin okuma yolculuklar\u0131ndaki geli\u015fimlerini [&hellip;]<\/p>\n","protected":false},"author":3,"featured_media":0,"parent":0,"menu_order":0,"comment_status":"closed","ping_status":"closed","template":"","meta":{"footnotes":""},"class_list":["post-2521","page","type-page","status-publish","hentry"],"_links":{"self":[{"href":"https:\/\/peronmedya.com\/liderokullari\/wp-json\/wp\/v2\/pages\/2521","targetHints":{"allow":["GET"]}}],"collection":[{"href":"https:\/\/peronmedya.com\/liderokullari\/wp-json\/wp\/v2\/pages"}],"about":[{"href":"https:\/\/peronmedya.com\/liderokullari\/wp-json\/wp\/v2\/types\/page"}],"author":[{"embeddable":true,"href":"https:\/\/peronmedya.com\/liderokullari\/wp-json\/wp\/v2\/users\/3"}],"replies":[{"embeddable":true,"href":"https:\/\/peronmedya.com\/liderokullari\/wp-json\/wp\/v2\/comments?post=2521"}],"version-history":[{"count":13,"href":"https:\/\/peronmedya.com\/liderokullari\/wp-json\/wp\/v2\/pages\/2521\/revisions"}],"predecessor-version":[{"id":3735,"href":"https:\/\/peronmedya.com\/liderokullari\/wp-json\/wp\/v2\/pages\/2521\/revisions\/3735"}],"wp:attachment":[{"href":"https:\/\/peronmedya.com\/liderokullari\/wp-json\/wp\/v2\/media?parent=2521"}],"curies":[{"name":"wp","href":"https:\/\/api.w.org\/{rel}","templated":true}]}}