{"id":2532,"date":"2026-02-04T07:17:54","date_gmt":"2026-02-04T07:17:54","guid":{"rendered":"https:\/\/peronmedya.com\/liderokullari\/?page_id=2532"},"modified":"2026-02-11T08:46:56","modified_gmt":"2026-02-11T08:46:56","slug":"liderde-haftasonu","status":"publish","type":"page","link":"https:\/\/peronmedya.com\/liderokullari\/liderde-haftasonu\/","title":{"rendered":"Lider&#8217;de Haftasonu"},"content":{"rendered":"\t\t<div data-elementor-type=\"wp-page\" data-elementor-id=\"2532\" class=\"elementor elementor-2532\" data-elementor-post-type=\"page\">\n\t\t\t\t<div class=\"elementor-element elementor-element-82ef0d0 e-flex e-con-boxed e-con e-parent\" data-id=\"82ef0d0\" data-element_type=\"container\" data-e-type=\"container\" data-settings=\"{&quot;background_background&quot;:&quot;classic&quot;}\">\n\t\t\t\t\t<div class=\"e-con-inner\">\n\t\t<div class=\"elementor-element elementor-element-d2d0989 e-flex e-con-boxed e-con e-child\" data-id=\"d2d0989\" data-element_type=\"container\" data-e-type=\"container\">\n\t\t\t\t\t<div class=\"e-con-inner\">\n\t\t<div class=\"elementor-element elementor-element-9b000b9 e-con-full e-flex e-con e-child\" data-id=\"9b000b9\" data-element_type=\"container\" data-e-type=\"container\">\n\t\t\t\t<div class=\"elementor-element elementor-element-9224e3b elementor-widget__width-initial elementor-invisible elementor-widget elementor-widget-image\" data-id=\"9224e3b\" data-element_type=\"widget\" data-e-type=\"widget\" data-settings=\"{&quot;_animation&quot;:&quot;fadeInDown&quot;,&quot;_animation_tablet&quot;:&quot;fadeInLeft&quot;}\" data-widget_type=\"image.default\">\n\t\t\t\t<div class=\"elementor-widget-container\">\n\t\t\t\t\t\t\t\t\t\t\t\t\t\t\t<img fetchpriority=\"high\" decoding=\"async\" width=\"800\" height=\"534\" src=\"https:\/\/peronmedya.com\/liderokullari\/wp-content\/uploads\/2025\/10\/3-1197x800-1-1024x684.jpg\" class=\"attachment-large size-large wp-image-635\" alt=\"\" srcset=\"https:\/\/peronmedya.com\/liderokullari\/wp-content\/uploads\/2025\/10\/3-1197x800-1-1024x684.jpg 1024w, https:\/\/peronmedya.com\/liderokullari\/wp-content\/uploads\/2025\/10\/3-1197x800-1-300x201.jpg 300w, https:\/\/peronmedya.com\/liderokullari\/wp-content\/uploads\/2025\/10\/3-1197x800-1-768x513.jpg 768w, https:\/\/peronmedya.com\/liderokullari\/wp-content\/uploads\/2025\/10\/3-1197x800-1.jpg 1197w\" sizes=\"(max-width: 800px) 100vw, 800px\" \/>\t\t\t\t\t\t\t\t\t\t\t\t\t\t\t<\/div>\n\t\t\t\t<\/div>\n\t\t\t\t<div class=\"elementor-element elementor-element-bdf9f76 elementor-widget__width-initial elementor-invisible elementor-widget elementor-widget-image\" data-id=\"bdf9f76\" data-element_type=\"widget\" data-e-type=\"widget\" data-settings=\"{&quot;_animation&quot;:&quot;fadeInDown&quot;,&quot;_animation_tablet&quot;:&quot;fadeInRight&quot;,&quot;_animation_delay&quot;:&quot;200&quot;}\" data-widget_type=\"image.default\">\n\t\t\t\t<div class=\"elementor-widget-container\">\n\t\t\t\t\t\t\t\t\t\t\t\t\t\t\t<img decoding=\"async\" width=\"800\" height=\"450\" src=\"https:\/\/peronmedya.com\/liderokullari\/wp-content\/uploads\/2025\/10\/Lider-Okullari-I-Ilkokul-Muzik-Kulubu-0-26-screenshot-1024x576.png\" class=\"attachment-large size-large wp-image-607\" alt=\"\" srcset=\"https:\/\/peronmedya.com\/liderokullari\/wp-content\/uploads\/2025\/10\/Lider-Okullari-I-Ilkokul-Muzik-Kulubu-0-26-screenshot-1024x576.png 1024w, https:\/\/peronmedya.com\/liderokullari\/wp-content\/uploads\/2025\/10\/Lider-Okullari-I-Ilkokul-Muzik-Kulubu-0-26-screenshot-300x169.png 300w, https:\/\/peronmedya.com\/liderokullari\/wp-content\/uploads\/2025\/10\/Lider-Okullari-I-Ilkokul-Muzik-Kulubu-0-26-screenshot-768x432.png 768w, https:\/\/peronmedya.com\/liderokullari\/wp-content\/uploads\/2025\/10\/Lider-Okullari-I-Ilkokul-Muzik-Kulubu-0-26-screenshot.png 1280w\" sizes=\"(max-width: 800px) 100vw, 800px\" \/>\t\t\t\t\t\t\t\t\t\t\t\t\t\t\t<\/div>\n\t\t\t\t<\/div>\n\t\t\t\t<div class=\"elementor-element elementor-element-e2e0359 elementor-invisible elementor-widget elementor-widget-text-editor\" data-id=\"e2e0359\" data-element_type=\"widget\" data-e-type=\"widget\" data-settings=\"{&quot;_animation&quot;:&quot;fadeInUp&quot;}\" data-widget_type=\"text-editor.default\">\n\t\t\t\t<div class=\"elementor-widget-container\">\n\t\t\t\t\t\t\t\t\t<p class=\"p1\">Lider Okullar\u0131\u2019nda hafta sonlar\u0131, \u00f6\u011frencilerimizin akademik geli\u015fimlerini desteklemek ve bireysel ihtiya\u00e7lar\u0131na y\u00f6nelik \u00e7\u00f6z\u00fcmler sunmak amac\u0131yla planlanm\u0131\u015f verimli bir e\u011fitim s\u00fcreciyle de\u011ferlendirilir.<\/p><p class=\"p1\">\u00a0<\/p>\t\t\t\t\t\t\t\t<\/div>\n\t\t\t\t<\/div>\n\t\t\t\t<\/div>\n\t\t<div class=\"elementor-element elementor-element-e925576 e-con-full e-flex e-con e-child\" data-id=\"e925576\" data-element_type=\"container\" data-e-type=\"container\">\n\t\t<div class=\"elementor-element elementor-element-62550ad e-flex e-con-boxed e-con e-child\" data-id=\"62550ad\" data-element_type=\"container\" data-e-type=\"container\">\n\t\t\t\t\t<div class=\"e-con-inner\">\n\t\t\t\t<div class=\"elementor-element elementor-element-3aa9696 elementor-widget elementor-widget-heading\" data-id=\"3aa9696\" data-element_type=\"widget\" data-e-type=\"widget\" data-widget_type=\"heading.default\">\n\t\t\t\t<div class=\"elementor-widget-container\">\n\t\t\t\t\t<h2 class=\"elementor-heading-title elementor-size-default\">Lider Okullar\u0131\u2019nda Hafta Sonu\n<\/h2>\t\t\t\t<\/div>\n\t\t\t\t<\/div>\n\t\t\t\t<div class=\"elementor-element elementor-element-6ded4e6 elementor-widget-divider--view-line elementor-widget elementor-widget-divider\" data-id=\"6ded4e6\" data-element_type=\"widget\" data-e-type=\"widget\" data-widget_type=\"divider.default\">\n\t\t\t\t<div class=\"elementor-widget-container\">\n\t\t\t\t\t\t\t<div class=\"elementor-divider\">\n\t\t\t<span class=\"elementor-divider-separator\">\n\t\t\t\t\t\t<\/span>\n\t\t<\/div>\n\t\t\t\t\t\t<\/div>\n\t\t\t\t<\/div>\n\t\t\t\t\t<\/div>\n\t\t\t\t<\/div>\n\t\t\t\t<div class=\"elementor-element elementor-element-9f0a799 elementor-widget__width-inherit elementor-hidden-tablet elementor-invisible elementor-widget elementor-widget-image\" data-id=\"9f0a799\" data-element_type=\"widget\" data-e-type=\"widget\" data-settings=\"{&quot;_animation&quot;:&quot;fadeIn&quot;}\" data-widget_type=\"image.default\">\n\t\t\t\t<div class=\"elementor-widget-container\">\n\t\t\t\t\t\t\t\t\t\t\t\t\t\t\t<img decoding=\"async\" width=\"800\" height=\"600\" src=\"https:\/\/peronmedya.com\/liderokullari\/wp-content\/uploads\/2024\/02\/lider-okullari-1024x768.jpeg\" class=\"attachment-large size-large wp-image-12\" alt=\"\" srcset=\"https:\/\/peronmedya.com\/liderokullari\/wp-content\/uploads\/2024\/02\/lider-okullari-1024x768.jpeg 1024w, https:\/\/peronmedya.com\/liderokullari\/wp-content\/uploads\/2024\/02\/lider-okullari-300x225.jpeg 300w, https:\/\/peronmedya.com\/liderokullari\/wp-content\/uploads\/2024\/02\/lider-okullari-768x576.jpeg 768w, https:\/\/peronmedya.com\/liderokullari\/wp-content\/uploads\/2024\/02\/lider-okullari.jpeg 1248w\" sizes=\"(max-width: 800px) 100vw, 800px\" \/>\t\t\t\t\t\t\t\t\t\t\t\t\t\t\t<\/div>\n\t\t\t\t<\/div>\n\t\t\t\t<\/div>\n\t\t\t\t\t<\/div>\n\t\t\t\t<\/div>\n\t\t<div class=\"elementor-element elementor-element-a2c15ea e-flex e-con-boxed e-con e-child\" data-id=\"a2c15ea\" data-element_type=\"container\" data-e-type=\"container\">\n\t\t\t\t\t<div class=\"e-con-inner\">\n\t\t\t\t<div class=\"elementor-element elementor-element-01ce887 elementor-invisible elementor-widget elementor-widget-text-editor\" data-id=\"01ce887\" data-element_type=\"widget\" data-e-type=\"widget\" data-settings=\"{&quot;_animation&quot;:&quot;fadeInUp&quot;}\" data-widget_type=\"text-editor.default\">\n\t\t\t\t<div class=\"elementor-widget-container\">\n\t\t\t\t\t\t\t\t\t<p class=\"p1\">Birinci, ikinci ve \u00fc\u00e7\u00fcnc\u00fc s\u0131n\u0131f \u00f6\u011frencilerimiz i\u00e7in hafta sonlar\u0131; \u00f6\u011frenme h\u0131zlar\u0131 ve ihtiya\u00e7lar\u0131 do\u011frultusunda olu\u015fturulan k\u00fc\u00e7\u00fck grup et\u00fct \u00e7al\u0131\u015fmalar\u0131 ile desteklenmektedir. Bu \u00e7al\u0131\u015fmalar, temel kazan\u0131mlar\u0131n peki\u015ftirilmesini ve \u00f6\u011frencilerin akademik \u00f6zg\u00fcvenlerinin g\u00fc\u00e7lenmesini ama\u00e7lar.<\/p><p class=\"p1\">D\u00f6rd\u00fcnc\u00fc s\u0131n\u0131f \u00f6\u011frencilerimiz i\u00e7in ise ortaokula haz\u0131rl\u0131k s\u00fcrecine y\u00f6nelik \u00f6zel et\u00fct sistemi uygulanmaktad\u0131r. Bu program, \u00f6\u011frencilerimizin akademik ge\u00e7i\u015f s\u00fcrecini g\u00fc\u00e7l\u00fc ve bilin\u00e7li bir \u015fekilde tamamlamalar\u0131n\u0131 hedefler.<\/p><p class=\"p1\">Be\u015finci, alt\u0131nc\u0131, yedinci ve sekizinci s\u0131n\u0131f \u00f6\u011frencilerimiz i\u00e7in hafta sonu et\u00fctleri; akademik ihtiya\u00e7lara g\u00f6re planlanan, k\u00fc\u00e7\u00fck gruplar halinde y\u00fcr\u00fct\u00fclen \u00e7\u0131k\u0131\u015f et\u00fctleri ile desteklenmektedir. Bu sistem sayesinde \u00f6\u011frencilerimiz eksiklerini tamamlarken, konular\u0131 daha kal\u0131c\u0131 ve etkin bir \u015fekilde \u00f6\u011frenme f\u0131rsat\u0131 bulur.<\/p><p class=\"p1\">Akademik \u00e7al\u0131\u015fmalar\u0131n yan\u0131 s\u0131ra, ilkokul ve ortaokul \u00f6\u011frencilerimize y\u00f6nelik futbol, basketbol ve voleybol bran\u015flar\u0131nda sportif antrenmanlar hafta sonu program\u0131m\u0131zda yer almaktad\u0131r. Bu antrenmanlar, \u00f6\u011frencilerimizin fiziksel geli\u015fimlerini desteklerken tak\u0131m ruhu, disiplin ve sa\u011fl\u0131kl\u0131 ya\u015fam bilinci kazanmalar\u0131na katk\u0131 sa\u011flar.<\/p><p class=\"p2\">Lider Okullar\u0131\u2019nda hafta sonlar\u0131; \u00f6\u011frencilerimizin hem akademik hem de sosyal ve sportif geli\u015fimlerini destekleyen, dengeli ve verimli bir \u00f6\u011frenme ortam\u0131 sunar.<\/p>\t\t\t\t\t\t\t\t<\/div>\n\t\t\t\t<\/div>\n\t\t\t\t\t<\/div>\n\t\t\t\t<\/div>\n\t\t\t\t\t<\/div>\n\t\t\t\t<\/div>\n\t\t\t\t<\/div>\n\t\t","protected":false},"excerpt":{"rendered":"<p>Lider Okullar\u0131\u2019nda hafta sonlar\u0131, \u00f6\u011frencilerimizin akademik geli\u015fimlerini desteklemek ve bireysel ihtiya\u00e7lar\u0131na y\u00f6nelik \u00e7\u00f6z\u00fcmler sunmak amac\u0131yla planlanm\u0131\u015f verimli bir e\u011fitim s\u00fcreciyle de\u011ferlendirilir. \u00a0 Lider Okullar\u0131\u2019nda Hafta Sonu Birinci, ikinci ve \u00fc\u00e7\u00fcnc\u00fc s\u0131n\u0131f \u00f6\u011frencilerimiz i\u00e7in hafta sonlar\u0131; \u00f6\u011frenme h\u0131zlar\u0131 ve ihtiya\u00e7lar\u0131 do\u011frultusunda olu\u015fturulan k\u00fc\u00e7\u00fck grup et\u00fct \u00e7al\u0131\u015fmalar\u0131 ile desteklenmektedir. Bu \u00e7al\u0131\u015fmalar, temel kazan\u0131mlar\u0131n peki\u015ftirilmesini ve \u00f6\u011frencilerin akademik [&hellip;]<\/p>\n","protected":false},"author":3,"featured_media":0,"parent":0,"menu_order":0,"comment_status":"closed","ping_status":"closed","template":"","meta":{"footnotes":""},"class_list":["post-2532","page","type-page","status-publish","hentry"],"_links":{"self":[{"href":"https:\/\/peronmedya.com\/liderokullari\/wp-json\/wp\/v2\/pages\/2532","targetHints":{"allow":["GET"]}}],"collection":[{"href":"https:\/\/peronmedya.com\/liderokullari\/wp-json\/wp\/v2\/pages"}],"about":[{"href":"https:\/\/peronmedya.com\/liderokullari\/wp-json\/wp\/v2\/types\/page"}],"author":[{"embeddable":true,"href":"https:\/\/peronmedya.com\/liderokullari\/wp-json\/wp\/v2\/users\/3"}],"replies":[{"embeddable":true,"href":"https:\/\/peronmedya.com\/liderokullari\/wp-json\/wp\/v2\/comments?post=2532"}],"version-history":[{"count":10,"href":"https:\/\/peronmedya.com\/liderokullari\/wp-json\/wp\/v2\/pages\/2532\/revisions"}],"predecessor-version":[{"id":3723,"href":"https:\/\/peronmedya.com\/liderokullari\/wp-json\/wp\/v2\/pages\/2532\/revisions\/3723"}],"wp:attachment":[{"href":"https:\/\/peronmedya.com\/liderokullari\/wp-json\/wp\/v2\/media?parent=2532"}],"curies":[{"name":"wp","href":"https:\/\/api.w.org\/{rel}","templated":true}]}}