{"id":2551,"date":"2026-02-04T07:32:07","date_gmt":"2026-02-04T07:32:07","guid":{"rendered":"https:\/\/peronmedya.com\/liderokullari\/?page_id=2551"},"modified":"2026-02-07T08:49:00","modified_gmt":"2026-02-07T08:49:00","slug":"lider-marsi-2","status":"publish","type":"page","link":"https:\/\/peronmedya.com\/liderokullari\/lider-marsi-2\/","title":{"rendered":"Lider Mar\u015f\u0131"},"content":{"rendered":"\t\t<div data-elementor-type=\"wp-page\" data-elementor-id=\"2551\" class=\"elementor elementor-2551\" data-elementor-post-type=\"page\">\n\t\t\t\t<div class=\"elementor-element elementor-element-15a2d8d e-flex e-con-boxed e-con e-parent\" data-id=\"15a2d8d\" data-element_type=\"container\" data-e-type=\"container\">\n\t\t\t\t\t<div class=\"e-con-inner\">\n\t\t<div class=\"elementor-element elementor-element-d89350a e-flex e-con-boxed e-con e-child\" data-id=\"d89350a\" data-element_type=\"container\" data-e-type=\"container\">\n\t\t\t\t\t<div class=\"e-con-inner\">\n\t\t\t\t<div class=\"elementor-element elementor-element-37ba268 elementor-widget__width-initial elementor-widget elementor-widget-text-editor\" data-id=\"37ba268\" data-element_type=\"widget\" data-e-type=\"widget\" data-widget_type=\"text-editor.default\">\n\t\t\t\t<div class=\"elementor-widget-container\">\n\t\t\t\t\t\t\t\t\t<div class=\"container section-title-container\"><h1 class=\"section-title section-title-center\"><span class=\"section-title-main\">Lider Okullar\u0131 Mar\u015f\u0131<\/span><b><\/b><\/h1><\/div><p><strong>\u0130lk ad\u0131mda ba\u015flar kalpte \u201cL\u0130DER\u201d at\u0131\u015f\u0131<\/strong><br \/><strong>Emin ellerde co\u015far \u00fclkemin gen\u00e7 bak\u0131\u015f\u0131<\/strong><br \/><strong>Lider \u00e7ocuklarla liderlik yar\u0131\u015f\u0131nda<\/strong><br \/><strong>Atam\u0131z\u0131n izinde ar\u015fa do\u011fru \u00e7\u0131k\u0131\u015f\u0131<\/strong><\/p><p><strong>Lider Okullar\u0131<\/strong><br \/><strong>Yetenek hi\u00e7 kalmaz sakl\u0131<\/strong><br \/><strong>Lider Okullar\u0131<\/strong><br \/><strong>Bir devrin ba\u015flang\u0131c\u0131<\/strong><\/p><p><strong>Sevgiyle ekilir e\u011fitim tohumlar\u0131<\/strong><br \/><strong>Hasad\u0131 kendi yapar, T\u00fcrkiye \u00e7ocuklar\u0131<\/strong><br \/><strong>G\u00fcmb\u00fcr g\u00fcmb\u00fcr s\u00f6ylenir gelecek \u015fark\u0131lar\u0131<\/strong><br \/><strong>G\u00fcl\u00fcmser u\u011furlan\u0131r d\u00fcn\u00fcm\u00fcn yar\u0131nlar\u0131<\/strong><\/p><p><strong>Lider Okullar\u0131<\/strong><br \/><strong>Yetenek hi\u00e7 kalmaz sakl\u0131<\/strong><br \/><strong>Lider Okullar\u0131<\/strong><br \/><strong>Bir devrin ba\u015flang\u0131c\u0131<\/strong><\/p><p><strong>S\u00f6z: Saadet A\u00e7elya \u00d6V\u00dcN\u00c7<\/strong><\/p><p><strong>Beste: Mehmet Akif TEKE<\/strong><\/p>\t\t\t\t\t\t\t\t<\/div>\n\t\t\t\t<\/div>\n\t\t\t\t\t<\/div>\n\t\t\t\t<\/div>\n\t\t\t\t\t<\/div>\n\t\t\t\t<\/div>\n\t\t<div class=\"elementor-element elementor-element-8877093 e-flex e-con-boxed e-con e-parent\" data-id=\"8877093\" data-element_type=\"container\" data-e-type=\"container\">\n\t\t\t\t\t<div class=\"e-con-inner\">\n\t\t\t\t<div class=\"elementor-element elementor-element-b54e9ab elementor-align-center elementor-widget elementor-widget-button\" data-id=\"b54e9ab\" data-element_type=\"widget\" data-e-type=\"widget\" data-widget_type=\"button.default\">\n\t\t\t\t<div class=\"elementor-widget-container\">\n\t\t\t\t\t\t\t\t\t<div class=\"elementor-button-wrapper\">\n\t\t\t\t\t<a class=\"elementor-button elementor-button-link elementor-size-sm\" href=\"https:\/\/liderokullari.com\/img\/lider-okullari-marsi.mp3\">\n\t\t\t\t\t\t<span class=\"elementor-button-content-wrapper\">\n\t\t\t\t\t\t\t\t\t<span class=\"elementor-button-text\">Mar\u015f\u0131 Dinlemek \u0130\u00e7in T\u0131klay\u0131n\u0131z<\/span>\n\t\t\t\t\t<\/span>\n\t\t\t\t\t<\/a>\n\t\t\t\t<\/div>\n\t\t\t\t\t\t\t\t<\/div>\n\t\t\t\t<\/div>\n\t\t\t\t\t<\/div>\n\t\t\t\t<\/div>\n\t\t\t\t<\/div>\n\t\t","protected":false},"excerpt":{"rendered":"<p>Lider Okullar\u0131 Mar\u015f\u0131 \u0130lk ad\u0131mda ba\u015flar kalpte \u201cL\u0130DER\u201d at\u0131\u015f\u0131Emin ellerde co\u015far \u00fclkemin gen\u00e7 bak\u0131\u015f\u0131Lider \u00e7ocuklarla liderlik yar\u0131\u015f\u0131ndaAtam\u0131z\u0131n izinde ar\u015fa do\u011fru \u00e7\u0131k\u0131\u015f\u0131 Lider Okullar\u0131Yetenek hi\u00e7 kalmaz sakl\u0131Lider Okullar\u0131Bir devrin ba\u015flang\u0131c\u0131 Sevgiyle ekilir e\u011fitim tohumlar\u0131Hasad\u0131 kendi yapar, T\u00fcrkiye \u00e7ocuklar\u0131G\u00fcmb\u00fcr g\u00fcmb\u00fcr s\u00f6ylenir gelecek \u015fark\u0131lar\u0131G\u00fcl\u00fcmser u\u011furlan\u0131r d\u00fcn\u00fcm\u00fcn yar\u0131nlar\u0131 Lider Okullar\u0131Yetenek hi\u00e7 kalmaz sakl\u0131Lider Okullar\u0131Bir devrin ba\u015flang\u0131c\u0131 S\u00f6z: Saadet A\u00e7elya [&hellip;]<\/p>\n","protected":false},"author":3,"featured_media":0,"parent":0,"menu_order":0,"comment_status":"closed","ping_status":"closed","template":"","meta":{"footnotes":""},"class_list":["post-2551","page","type-page","status-publish","hentry"],"_links":{"self":[{"href":"https:\/\/peronmedya.com\/liderokullari\/wp-json\/wp\/v2\/pages\/2551","targetHints":{"allow":["GET"]}}],"collection":[{"href":"https:\/\/peronmedya.com\/liderokullari\/wp-json\/wp\/v2\/pages"}],"about":[{"href":"https:\/\/peronmedya.com\/liderokullari\/wp-json\/wp\/v2\/types\/page"}],"author":[{"embeddable":true,"href":"https:\/\/peronmedya.com\/liderokullari\/wp-json\/wp\/v2\/users\/3"}],"replies":[{"embeddable":true,"href":"https:\/\/peronmedya.com\/liderokullari\/wp-json\/wp\/v2\/comments?post=2551"}],"version-history":[{"count":7,"href":"https:\/\/peronmedya.com\/liderokullari\/wp-json\/wp\/v2\/pages\/2551\/revisions"}],"predecessor-version":[{"id":3236,"href":"https:\/\/peronmedya.com\/liderokullari\/wp-json\/wp\/v2\/pages\/2551\/revisions\/3236"}],"wp:attachment":[{"href":"https:\/\/peronmedya.com\/liderokullari\/wp-json\/wp\/v2\/media?parent=2551"}],"curies":[{"name":"wp","href":"https:\/\/api.w.org\/{rel}","templated":true}]}}