{"id":2576,"date":"2026-02-04T10:19:56","date_gmt":"2026-02-04T10:19:56","guid":{"rendered":"https:\/\/peronmedya.com\/liderokullari\/?page_id=2576"},"modified":"2026-02-11T10:31:46","modified_gmt":"2026-02-11T10:31:46","slug":"ilkokul-rehberlik-modeli","status":"publish","type":"page","link":"https:\/\/peronmedya.com\/liderokullari\/ilkokul-rehberlik-modeli\/","title":{"rendered":"\u0130lkokul Rehberlik Modeli"},"content":{"rendered":"\t\t<div data-elementor-type=\"wp-page\" data-elementor-id=\"2576\" class=\"elementor elementor-2576\" data-elementor-post-type=\"page\">\n\t\t\t\t<div class=\"elementor-element elementor-element-1dee882 e-flex e-con-boxed e-con e-parent\" data-id=\"1dee882\" data-element_type=\"container\" data-e-type=\"container\">\n\t\t\t\t\t<div class=\"e-con-inner\">\n\t\t<div class=\"elementor-element elementor-element-d8142d1 e-flex e-con-boxed e-con e-child\" data-id=\"d8142d1\" data-element_type=\"container\" data-e-type=\"container\">\n\t\t\t\t\t<div class=\"e-con-inner\">\n\t\t\t\t<div class=\"elementor-element elementor-element-a567f0e elementor-widget elementor-widget-image\" data-id=\"a567f0e\" data-element_type=\"widget\" data-e-type=\"widget\" data-widget_type=\"image.default\">\n\t\t\t\t<div class=\"elementor-widget-container\">\n\t\t\t\t\t\t\t\t\t\t\t\t\t\t\t<img fetchpriority=\"high\" decoding=\"async\" width=\"800\" height=\"250\" src=\"https:\/\/peronmedya.com\/liderokullari\/wp-content\/uploads\/2025\/10\/ilkokul-slider-2-1024x320.png\" class=\"attachment-large size-large wp-image-569\" alt=\"\" srcset=\"https:\/\/peronmedya.com\/liderokullari\/wp-content\/uploads\/2025\/10\/ilkokul-slider-2-1024x320.png 1024w, https:\/\/peronmedya.com\/liderokullari\/wp-content\/uploads\/2025\/10\/ilkokul-slider-2-300x94.png 300w, https:\/\/peronmedya.com\/liderokullari\/wp-content\/uploads\/2025\/10\/ilkokul-slider-2-768x240.png 768w, https:\/\/peronmedya.com\/liderokullari\/wp-content\/uploads\/2025\/10\/ilkokul-slider-2-1536x480.png 1536w, https:\/\/peronmedya.com\/liderokullari\/wp-content\/uploads\/2025\/10\/ilkokul-slider-2.png 1920w\" sizes=\"(max-width: 800px) 100vw, 800px\" \/>\t\t\t\t\t\t\t\t\t\t\t\t\t\t\t<\/div>\n\t\t\t\t<\/div>\n\t\t\t\t<div class=\"elementor-element elementor-element-59fc0ef elementor-widget elementor-widget-heading\" data-id=\"59fc0ef\" data-element_type=\"widget\" data-e-type=\"widget\" data-widget_type=\"heading.default\">\n\t\t\t\t<div class=\"elementor-widget-container\">\n\t\t\t\t\t<h2 class=\"elementor-heading-title elementor-size-default\">\u0130lkokul Rehberlik Modeli<\/h2>\t\t\t\t<\/div>\n\t\t\t\t<\/div>\n\t\t\t\t<div class=\"elementor-element elementor-element-2c55ce8 elementor-widget elementor-widget-text-editor\" data-id=\"2c55ce8\" data-element_type=\"widget\" data-e-type=\"widget\" data-widget_type=\"text-editor.default\">\n\t\t\t\t<div class=\"elementor-widget-container\">\n\t\t\t\t\t\t\t\t\t<p class=\"p1\">Lider Okullar\u0131 Psikolojik Dan\u0131\u015fma ve Rehberlik Birimi, \u00f6\u011frencilerimizin sosyal, duygusal, davran\u0131\u015fsal ve akademik geli\u015fimlerini desteklemek amac\u0131yla b\u00fct\u00fcnc\u00fcl bir rehberlik program\u0131 y\u00fcr\u00fct\u00fcr. \u00d6\u011frenci, veli ve \u00f6\u011fretmen i\u015f birli\u011fi temelinde planlanan hizmetlerimiz, her \u00e7ocu\u011fun bireysel farkl\u0131l\u0131klar\u0131n\u0131 g\u00f6zetir ve g\u00fcvenli bir \u00f6\u011frenme ortam\u0131 sunar.<\/p><p class=\"p2\"><b>\u00d6\u011frencilere Y\u00f6nelik \u00c7al\u0131\u015fmalar<\/b><\/p><ul class=\"ul1\"><li class=\"li1\"><b>Bireysel ve grup rehberli\u011fi:<\/b> Okula uyum, benlik fark\u0131ndal\u0131\u011f\u0131, duygu y\u00f6netimi, problem \u00e7\u00f6zme ve ileti\u015fim becerileri<\/li><li class=\"li1\"><b>Geli\u015fimsel de\u011ferlendirme:<\/b> G\u00f6zlem, \u00f6l\u00e7ek ve testlerle ihtiya\u00e7lara uygun destek planlar\u0131<\/li><\/ul><p class=\"p2\"><b>Velilere Y\u00f6nelik \u00c7al\u0131\u015fmalar<\/b><\/p><ul class=\"ul1\"><li class=\"li1\">Bireysel g\u00f6r\u00fc\u015fmeler ve bilgilendirme toplant\u0131lar\u0131<\/li><li class=\"li1\">\u00c7ocuklar\u0131n geli\u015fim s\u00fcre\u00e7lerine rehberlik ve dan\u0131\u015fmanl\u0131k deste\u011fi<\/li><\/ul><p class=\"p2\"><b>\u00d6\u011fretmenlere Y\u00f6nelik \u00c7al\u0131\u015fmalar<\/b><\/p><ul class=\"ul1\"><li class=\"li1\">S\u0131n\u0131f ve bran\u015f \u00f6\u011fretmenleriyle i\u015f birli\u011fi<\/li><li class=\"li1\">Rehberlik materyalleri ve \u00f6\u011frenciye y\u00f6nelik strateji dan\u0131\u015fmanl\u0131\u011f\u0131<\/li><\/ul><p class=\"p2\"><b>Y\u00f6nlendirme ve S\u00fcre\u00e7 Takibi<\/b><\/p><ul class=\"ul1\"><li class=\"li1\">\u00d6\u011frencilerin sosyal, duygusal, davran\u0131\u015fsal ve akademik ihtiya\u00e7lar\u0131na g\u00f6re y\u00f6nlendirme<\/li><li class=\"li1\">Kurum d\u0131\u015f\u0131 uzmanlarla i\u015f birli\u011fi ve s\u00fcre\u00e7 takibi<\/li><\/ul><p class=\"p3\">\u00a0<\/p><p class=\"p4\"><b>Geli\u015fim Alanlar\u0131na Y\u00f6nelik \u00c7al\u0131\u015fmalar<\/b><\/p><p class=\"p1\"><b>1. Geli\u015fimsel Alan<\/b><b><\/b><\/p><ul class=\"ul1\"><li class=\"li1\">Ki\u015filik \u00f6zelliklerini tan\u0131ma ve fark\u0131ndal\u0131k<\/li><li class=\"li1\">Benlik alg\u0131s\u0131n\u0131 g\u00fc\u00e7lendirme<\/li><li class=\"li1\">Problem \u00e7\u00f6zme ve ileti\u015fim becerileri<\/li><li class=\"li1\">Sosyal beceri geli\u015ftirme<\/li><li class=\"li1\">Karar verme ve sorumluluk alma<\/li><\/ul><p class=\"p1\"><b>2. Duygusal Alan<\/b><b><\/b><\/p><ul class=\"ul1\"><li class=\"li1\">Temel duygular\u0131 tan\u0131ma ve adland\u0131rma<\/li><li class=\"li1\">\u00d6fke, \u00fcz\u00fcnt\u00fc, kayg\u0131 gibi duygularla ba\u015f etme stratejileri<\/li><li class=\"li1\">Duygusal iyi olu\u015fu destekleyen g\u00fcvenli ortam<\/li><\/ul><p class=\"p1\"><b>3. Sosyal Alan<\/b><b><\/b><\/p><ul class=\"ul1\"><li class=\"li1\">Empati, i\u015f birli\u011fi, s\u0131n\u0131r koyma<\/li><li class=\"li1\">\u00c7at\u0131\u015fma \u00e7\u00f6zme ve ileti\u015fim becerilerini geli\u015ftirme<\/li><\/ul><p class=\"p1\"><b>4. Akademik Alan<\/b><b><\/b><\/p><ul class=\"ul1\"><li class=\"li1\">Dikkat, planlama ve zaman y\u00f6netimi<\/li><li class=\"li1\">Hedef belirleme ve etkili \u00e7al\u0131\u015fma al\u0131\u015fkanl\u0131klar\u0131<\/li><\/ul><p class=\"p3\">\u00a0<\/p><p class=\"p4\"><b>\u00d6\u011frencilere Y\u00f6nelik E\u011fitimler<\/b><\/p><ul class=\"ul1\"><li class=\"li1\"><b>Mahremiyet E\u011fitimi:<\/b> Beden, bilgi, zaman ve e\u015fya mahremiyeti kavramlar\u0131<\/li><li class=\"li1\"><b>Dikkat G\u00fc\u00e7lendirme Egzersizleri<\/b><b><\/b><\/li><li class=\"li1\"><b>Duygular\u0131 \u0130fade Etme ve Arkada\u015fl\u0131k \u0130li\u015fkileri<\/b><b><\/b><\/li><li class=\"li1\"><b>\u00c7at\u0131\u015fma \u00c7\u00f6zme ve \u0130leti\u015fim Becerileri:<\/b> Sorunlar\u0131 bar\u0131\u015f\u00e7\u0131l yolla \u00e7\u00f6zme, sayg\u0131l\u0131 ve sorumlu davran\u0131\u015f geli\u015ftirme<\/li><li class=\"li1\"><b>Benlik Kavram\u0131:<\/b> Kendini tan\u0131ma ve g\u00fc\u00e7l\u00fc y\u00f6nlerini fark etme<\/li><\/ul><p class=\"p1\"><b>Y\u00f6ntemler:<\/b> Hikayele\u015ftirme, drama, soru-cevap, \u00f6rnek olay inceleme, bireysel ve grup \u00e7al\u0131\u015fmalar\u0131<\/p><p class=\"p5\">\u00a0<\/p><p class=\"p6\"><b><span class=\"Apple-converted-space\">\u00a0\u00a0<\/span><\/b><\/p>\t\t\t\t\t\t\t\t<\/div>\n\t\t\t\t<\/div>\n\t\t\t\t\t<\/div>\n\t\t\t\t<\/div>\n\t\t\t\t\t<\/div>\n\t\t\t\t<\/div>\n\t\t\t\t<\/div>\n\t\t","protected":false},"excerpt":{"rendered":"<p>\u0130lkokul Rehberlik Modeli Lider Okullar\u0131 Psikolojik Dan\u0131\u015fma ve Rehberlik Birimi, \u00f6\u011frencilerimizin sosyal, duygusal, davran\u0131\u015fsal ve akademik geli\u015fimlerini desteklemek amac\u0131yla b\u00fct\u00fcnc\u00fcl bir rehberlik program\u0131 y\u00fcr\u00fct\u00fcr. \u00d6\u011frenci, veli ve \u00f6\u011fretmen i\u015f birli\u011fi temelinde planlanan hizmetlerimiz, her \u00e7ocu\u011fun bireysel farkl\u0131l\u0131klar\u0131n\u0131 g\u00f6zetir ve g\u00fcvenli bir \u00f6\u011frenme ortam\u0131 sunar. \u00d6\u011frencilere Y\u00f6nelik \u00c7al\u0131\u015fmalar Bireysel ve grup rehberli\u011fi: Okula uyum, benlik fark\u0131ndal\u0131\u011f\u0131, [&hellip;]<\/p>\n","protected":false},"author":3,"featured_media":0,"parent":0,"menu_order":0,"comment_status":"closed","ping_status":"closed","template":"","meta":{"footnotes":""},"class_list":["post-2576","page","type-page","status-publish","hentry"],"_links":{"self":[{"href":"https:\/\/peronmedya.com\/liderokullari\/wp-json\/wp\/v2\/pages\/2576","targetHints":{"allow":["GET"]}}],"collection":[{"href":"https:\/\/peronmedya.com\/liderokullari\/wp-json\/wp\/v2\/pages"}],"about":[{"href":"https:\/\/peronmedya.com\/liderokullari\/wp-json\/wp\/v2\/types\/page"}],"author":[{"embeddable":true,"href":"https:\/\/peronmedya.com\/liderokullari\/wp-json\/wp\/v2\/users\/3"}],"replies":[{"embeddable":true,"href":"https:\/\/peronmedya.com\/liderokullari\/wp-json\/wp\/v2\/comments?post=2576"}],"version-history":[{"count":7,"href":"https:\/\/peronmedya.com\/liderokullari\/wp-json\/wp\/v2\/pages\/2576\/revisions"}],"predecessor-version":[{"id":3870,"href":"https:\/\/peronmedya.com\/liderokullari\/wp-json\/wp\/v2\/pages\/2576\/revisions\/3870"}],"wp:attachment":[{"href":"https:\/\/peronmedya.com\/liderokullari\/wp-json\/wp\/v2\/media?parent=2576"}],"curies":[{"name":"wp","href":"https:\/\/api.w.org\/{rel}","templated":true}]}}