{"id":2611,"date":"2026-02-04T13:19:44","date_gmt":"2026-02-04T13:19:44","guid":{"rendered":"https:\/\/peronmedya.com\/liderokullari\/?page_id=2611"},"modified":"2026-02-04T18:06:21","modified_gmt":"2026-02-04T18:06:21","slug":"spor","status":"publish","type":"page","link":"https:\/\/peronmedya.com\/liderokullari\/spor\/","title":{"rendered":"Spor"},"content":{"rendered":"\t\t<div data-elementor-type=\"wp-page\" data-elementor-id=\"2611\" class=\"elementor elementor-2611\" data-elementor-post-type=\"page\">\n\t\t\t\t<div class=\"elementor-element elementor-element-bf592fe e-flex e-con-boxed e-con e-parent\" data-id=\"bf592fe\" data-element_type=\"container\" data-e-type=\"container\" data-settings=\"{&quot;background_background&quot;:&quot;classic&quot;}\">\n\t\t\t\t\t<div class=\"e-con-inner\">\n\t\t<div class=\"elementor-element elementor-element-d04c8b3 e-con-full e-flex e-con e-child\" data-id=\"d04c8b3\" data-element_type=\"container\" data-e-type=\"container\">\n\t\t\t\t<div class=\"elementor-element elementor-element-4769465 elementor-widget-divider--view-line elementor-widget elementor-widget-divider\" data-id=\"4769465\" data-element_type=\"widget\" data-e-type=\"widget\" data-widget_type=\"divider.default\">\n\t\t\t\t<div class=\"elementor-widget-container\">\n\t\t\t\t\t\t\t<div class=\"elementor-divider\">\n\t\t\t<span class=\"elementor-divider-separator\">\n\t\t\t\t\t\t<\/span>\n\t\t<\/div>\n\t\t\t\t\t\t<\/div>\n\t\t\t\t<\/div>\n\t\t\t\t<div class=\"elementor-element elementor-element-2b578d7 elementor-widget elementor-widget-heading\" data-id=\"2b578d7\" data-element_type=\"widget\" data-e-type=\"widget\" data-widget_type=\"heading.default\">\n\t\t\t\t<div class=\"elementor-widget-container\">\n\t\t\t\t\t<h2 class=\"elementor-heading-title elementor-size-default\">Lider Okullar\u0131\u2019nda Spor<\/h2>\t\t\t\t<\/div>\n\t\t\t\t<\/div>\n\t\t\t\t<div class=\"elementor-element elementor-element-c57c5d5 elementor-widget__width-inherit elementor-invisible elementor-widget elementor-widget-image\" data-id=\"c57c5d5\" data-element_type=\"widget\" data-e-type=\"widget\" data-settings=\"{&quot;_animation&quot;:&quot;fadeIn&quot;}\" data-widget_type=\"image.default\">\n\t\t\t\t<div class=\"elementor-widget-container\">\n\t\t\t\t\t\t\t\t\t\t\t\t\t\t\t<img fetchpriority=\"high\" decoding=\"async\" width=\"800\" height=\"999\" src=\"https:\/\/peronmedya.com\/liderokullari\/wp-content\/uploads\/2026\/02\/DSCF3592-820x1024.jpg\" class=\"attachment-large size-large wp-image-2614\" alt=\"\" srcset=\"https:\/\/peronmedya.com\/liderokullari\/wp-content\/uploads\/2026\/02\/DSCF3592-820x1024.jpg 820w, https:\/\/peronmedya.com\/liderokullari\/wp-content\/uploads\/2026\/02\/DSCF3592-240x300.jpg 240w, https:\/\/peronmedya.com\/liderokullari\/wp-content\/uploads\/2026\/02\/DSCF3592-768x959.jpg 768w, https:\/\/peronmedya.com\/liderokullari\/wp-content\/uploads\/2026\/02\/DSCF3592-1230x1536.jpg 1230w, https:\/\/peronmedya.com\/liderokullari\/wp-content\/uploads\/2026\/02\/DSCF3592-1640x2048.jpg 1640w\" sizes=\"(max-width: 800px) 100vw, 800px\" \/>\t\t\t\t\t\t\t\t\t\t\t\t\t\t\t<\/div>\n\t\t\t\t<\/div>\n\t\t\t\t<\/div>\n\t\t<div class=\"elementor-element elementor-element-9c8f04e e-con-full e-flex e-con e-child\" data-id=\"9c8f04e\" data-element_type=\"container\" data-e-type=\"container\">\n\t\t\t\t<div class=\"elementor-element elementor-element-4be88c2 elementor-widget__width-initial elementor-invisible elementor-widget elementor-widget-image\" data-id=\"4be88c2\" data-element_type=\"widget\" data-e-type=\"widget\" data-settings=\"{&quot;_animation&quot;:&quot;fadeInDown&quot;,&quot;_animation_tablet&quot;:&quot;fadeInLeft&quot;}\" data-widget_type=\"image.default\">\n\t\t\t\t<div class=\"elementor-widget-container\">\n\t\t\t\t\t\t\t\t\t\t\t\t\t\t\t<img decoding=\"async\" width=\"800\" height=\"999\" src=\"https:\/\/peronmedya.com\/liderokullari\/wp-content\/uploads\/2026\/02\/DSCF3593-820x1024.jpg\" class=\"attachment-large size-large wp-image-2615\" alt=\"\" srcset=\"https:\/\/peronmedya.com\/liderokullari\/wp-content\/uploads\/2026\/02\/DSCF3593-820x1024.jpg 820w, https:\/\/peronmedya.com\/liderokullari\/wp-content\/uploads\/2026\/02\/DSCF3593-240x300.jpg 240w, https:\/\/peronmedya.com\/liderokullari\/wp-content\/uploads\/2026\/02\/DSCF3593-768x959.jpg 768w, https:\/\/peronmedya.com\/liderokullari\/wp-content\/uploads\/2026\/02\/DSCF3593-1230x1536.jpg 1230w, https:\/\/peronmedya.com\/liderokullari\/wp-content\/uploads\/2026\/02\/DSCF3593-1640x2048.jpg 1640w\" sizes=\"(max-width: 800px) 100vw, 800px\" \/>\t\t\t\t\t\t\t\t\t\t\t\t\t\t\t<\/div>\n\t\t\t\t<\/div>\n\t\t\t\t<div class=\"elementor-element elementor-element-f8d9f05 elementor-widget__width-initial elementor-invisible elementor-widget elementor-widget-image\" data-id=\"f8d9f05\" data-element_type=\"widget\" data-e-type=\"widget\" data-settings=\"{&quot;_animation&quot;:&quot;fadeInDown&quot;,&quot;_animation_tablet&quot;:&quot;fadeInRight&quot;,&quot;_animation_delay&quot;:&quot;200&quot;}\" data-widget_type=\"image.default\">\n\t\t\t\t<div class=\"elementor-widget-container\">\n\t\t\t\t\t\t\t\t\t\t\t\t\t\t\t<img decoding=\"async\" width=\"800\" height=\"534\" src=\"https:\/\/peronmedya.com\/liderokullari\/wp-content\/uploads\/2026\/01\/pexels-rdne-8224650-1024x683.jpg\" class=\"attachment-large size-large wp-image-2358\" alt=\"\" srcset=\"https:\/\/peronmedya.com\/liderokullari\/wp-content\/uploads\/2026\/01\/pexels-rdne-8224650-1024x683.jpg 1024w, https:\/\/peronmedya.com\/liderokullari\/wp-content\/uploads\/2026\/01\/pexels-rdne-8224650-300x200.jpg 300w, https:\/\/peronmedya.com\/liderokullari\/wp-content\/uploads\/2026\/01\/pexels-rdne-8224650-768x512.jpg 768w, https:\/\/peronmedya.com\/liderokullari\/wp-content\/uploads\/2026\/01\/pexels-rdne-8224650-1536x1024.jpg 1536w, https:\/\/peronmedya.com\/liderokullari\/wp-content\/uploads\/2026\/01\/pexels-rdne-8224650.jpg 1920w\" sizes=\"(max-width: 800px) 100vw, 800px\" \/>\t\t\t\t\t\t\t\t\t\t\t\t\t\t\t<\/div>\n\t\t\t\t<\/div>\n\t\t\t\t<div class=\"elementor-element elementor-element-dcec46d elementor-invisible elementor-widget elementor-widget-text-editor\" data-id=\"dcec46d\" data-element_type=\"widget\" data-e-type=\"widget\" data-settings=\"{&quot;_animation&quot;:&quot;fadeInUp&quot;}\" data-widget_type=\"text-editor.default\">\n\t\t\t\t<div class=\"elementor-widget-container\">\n\t\t\t\t\t\t\t\t\t<p class=\"p1\">Lider Okullar\u0131 olarak, \u00f6\u011frencilerimizin sa\u011fl\u0131kl\u0131 bir ki\u015filik ve g\u00fc\u00e7l\u00fc bir fiziksel geli\u015fim s\u00fcreci ge\u00e7irmelerinde sporun \u00f6nemli bir rol\u00fc oldu\u011funun bilincindeyiz. D\u00fczenli spor yapan \u00f6\u011frenciler; sportmenlik ve <b>fair play<\/b> ruhunu deneyimleyerek hem kendilerine hem de rakiplerine sayg\u0131 duymay\u0131 \u00f6\u011frenir, inan\u00e7, cesaret ve m\u00fccadele becerilerini geli\u015ftirirler.<\/p><p class=\"p1\">Bu anlay\u0131\u015f do\u011frultusunda; okulumuzda sunulan <b>Beden E\u011fitimi dersleri<\/b>, <b>okul tak\u0131mlar\u0131<\/b> ve <b>Lider Spor Kul\u00fcb\u00fc<\/b> \u00e7al\u0131\u015fmalar\u0131yla \u00f6\u011frencilerimizin sporu ya\u015fam boyu s\u00fcrd\u00fcrebilecekleri bir al\u0131\u015fkanl\u0131k h\u00e2line getirmeleri hedeflenmektedir. Spor sayesinde \u00f6\u011frencilerimiz rekabeti do\u011fru \u015fekilde i\u00e7selle\u015ftirirken, sorumluluk almay\u0131, zaman\u0131 etkili kullanmay\u0131, tak\u0131m \u00e7al\u0131\u015fmas\u0131n\u0131 ve liderlik becerilerini de geli\u015ftirme f\u0131rsat\u0131 bulurlar.<\/p>\t\t\t\t\t\t\t\t<\/div>\n\t\t\t\t<\/div>\n\t\t\t\t<\/div>\n\t\t\t\t\t<\/div>\n\t\t\t\t<\/div>\n\t\t\t\t<\/div>\n\t\t","protected":false},"excerpt":{"rendered":"<p>Lider Okullar\u0131\u2019nda Spor Lider Okullar\u0131 olarak, \u00f6\u011frencilerimizin sa\u011fl\u0131kl\u0131 bir ki\u015filik ve g\u00fc\u00e7l\u00fc bir fiziksel geli\u015fim s\u00fcreci ge\u00e7irmelerinde sporun \u00f6nemli bir rol\u00fc oldu\u011funun bilincindeyiz. D\u00fczenli spor yapan \u00f6\u011frenciler; sportmenlik ve fair play ruhunu deneyimleyerek hem kendilerine hem de rakiplerine sayg\u0131 duymay\u0131 \u00f6\u011frenir, inan\u00e7, cesaret ve m\u00fccadele becerilerini geli\u015ftirirler. Bu anlay\u0131\u015f do\u011frultusunda; okulumuzda sunulan Beden E\u011fitimi dersleri, [&hellip;]<\/p>\n","protected":false},"author":3,"featured_media":0,"parent":0,"menu_order":0,"comment_status":"closed","ping_status":"closed","template":"","meta":{"footnotes":""},"class_list":["post-2611","page","type-page","status-publish","hentry"],"_links":{"self":[{"href":"https:\/\/peronmedya.com\/liderokullari\/wp-json\/wp\/v2\/pages\/2611","targetHints":{"allow":["GET"]}}],"collection":[{"href":"https:\/\/peronmedya.com\/liderokullari\/wp-json\/wp\/v2\/pages"}],"about":[{"href":"https:\/\/peronmedya.com\/liderokullari\/wp-json\/wp\/v2\/types\/page"}],"author":[{"embeddable":true,"href":"https:\/\/peronmedya.com\/liderokullari\/wp-json\/wp\/v2\/users\/3"}],"replies":[{"embeddable":true,"href":"https:\/\/peronmedya.com\/liderokullari\/wp-json\/wp\/v2\/comments?post=2611"}],"version-history":[{"count":7,"href":"https:\/\/peronmedya.com\/liderokullari\/wp-json\/wp\/v2\/pages\/2611\/revisions"}],"predecessor-version":[{"id":2748,"href":"https:\/\/peronmedya.com\/liderokullari\/wp-json\/wp\/v2\/pages\/2611\/revisions\/2748"}],"wp:attachment":[{"href":"https:\/\/peronmedya.com\/liderokullari\/wp-json\/wp\/v2\/media?parent=2611"}],"curies":[{"name":"wp","href":"https:\/\/api.w.org\/{rel}","templated":true}]}}