{"id":2737,"date":"2026-02-04T17:57:24","date_gmt":"2026-02-04T17:57:24","guid":{"rendered":"https:\/\/peronmedya.com\/liderokullari\/?page_id=2737"},"modified":"2026-02-11T10:36:35","modified_gmt":"2026-02-11T10:36:35","slug":"proje-takimlarimiz","status":"publish","type":"page","link":"https:\/\/peronmedya.com\/liderokullari\/proje-takimlarimiz\/","title":{"rendered":"Proje Tak\u0131mlar\u0131m\u0131z"},"content":{"rendered":"\t\t<div data-elementor-type=\"wp-page\" data-elementor-id=\"2737\" class=\"elementor elementor-2737\" data-elementor-post-type=\"page\">\n\t\t\t\t<div class=\"elementor-element elementor-element-672a43a e-flex e-con-boxed e-con e-parent\" data-id=\"672a43a\" data-element_type=\"container\" data-e-type=\"container\">\n\t\t\t\t\t<div class=\"e-con-inner\">\n\t\t<div class=\"elementor-element elementor-element-a6f07ef e-con-full e-flex e-con e-child\" data-id=\"a6f07ef\" data-element_type=\"container\" data-e-type=\"container\">\n\t\t\t\t<div class=\"elementor-element elementor-element-b4c8467 elementor-widget elementor-widget-heading\" data-id=\"b4c8467\" data-element_type=\"widget\" data-e-type=\"widget\" data-widget_type=\"heading.default\">\n\t\t\t\t<div class=\"elementor-widget-container\">\n\t\t\t\t\t<h2 class=\"elementor-heading-title elementor-size-default\">Proje Tak\u0131mlar\u0131m\u0131z<\/h2>\t\t\t\t<\/div>\n\t\t\t\t<\/div>\n\t\t<div class=\"elementor-element elementor-element-9070c61 e-con-full e-flex e-con e-child\" data-id=\"9070c61\" data-element_type=\"container\" data-e-type=\"container\">\n\t\t<div class=\"elementor-element elementor-element-9b60604 e-con-full e-flex elementor-invisible e-con e-child\" data-id=\"9b60604\" data-element_type=\"container\" data-e-type=\"container\" data-settings=\"{&quot;animation&quot;:&quot;fadeInLeft&quot;}\">\n\t\t\t\t<div class=\"elementor-element elementor-element-3b5b43a elementor-widget elementor-widget-text-editor\" data-id=\"3b5b43a\" data-element_type=\"widget\" data-e-type=\"widget\" data-widget_type=\"text-editor.default\">\n\t\t\t\t<div class=\"elementor-widget-container\">\n\t\t\t\t\t\t\t\t\t<p class=\"p1\"><b>Lider Okullar\u0131<\/b> olarak \u00f6\u011frencilerimizin ilgi, yetenek ve potansiyellerini ortaya \u00e7\u0131karmay\u0131 hedefleyen <b>Proje Tak\u0131mlar\u0131m\u0131z<\/b>, ilkokul ve ortaokul kademelerinde yap\u0131land\u0131r\u0131lm\u0131\u015ft\u0131r.<\/p><p class=\"p1\">\u0130lkokul ve ortaokul d\u00fczeyinde olu\u015fturulan proje tak\u0131mlar\u0131m\u0131z, <b>her kademede 15\u2019er ki\u015filik ekipler<\/b> h\u00e2linde \u00e7al\u0131\u015fmalar\u0131n\u0131 s\u00fcrd\u00fcrmektedir. Bu yap\u0131 sayesinde \u00f6\u011frencilerimiz; ekip i\u00e7inde aktif rol almay\u0131, sorumluluk \u00fcstlenmeyi ve i\u015f birli\u011fi i\u00e7inde \u00fcretmeyi deneyimleme f\u0131rsat\u0131 bulur.<\/p><p class=\"p1\">Tak\u0131mlar\u0131m\u0131z; bilim, teknoloji, \u00e7evre, matematik, sanat ve giri\u015fimcilik gibi farkl\u0131 alanlarda proje \u00fcretirken \u00f6\u011frencilerimizin ara\u015ft\u0131rma yapma, problem \u00e7\u00f6zme, yarat\u0131c\u0131 d\u00fc\u015f\u00fcnme ve sunum becerileri sistemli bir \u015fekilde desteklenir. \u00d6\u011fretmen rehberli\u011finde y\u00fcr\u00fct\u00fclen bu \u00e7al\u0131\u015fmalar, \u00f6\u011frencilerimizin hem akademik hem de sosyal geli\u015fimlerine katk\u0131 sa\u011flar.<\/p><p class=\"p1\">Lider Okullar\u0131 Proje Tak\u0131mlar\u0131, <b>k\u00fc\u00e7\u00fck gruplar h\u00e2linde b\u00fcy\u00fck fikirler \u00fcretmeyi<\/b> hedefleyen, \u00f6\u011frencilerimizi gelece\u011fe haz\u0131rlayan g\u00fc\u00e7l\u00fc bir \u00f6\u011frenme ortam\u0131 sunar.<\/p>\t\t\t\t\t\t\t\t<\/div>\n\t\t\t\t<\/div>\n\t\t\t\t<\/div>\n\t\t<div class=\"elementor-element elementor-element-72fccce e-con-full e-flex elementor-invisible e-con e-child\" data-id=\"72fccce\" data-element_type=\"container\" data-e-type=\"container\" data-settings=\"{&quot;animation&quot;:&quot;fadeInRight&quot;}\">\n\t\t\t\t<div class=\"elementor-element elementor-element-699a842 elementor-widget elementor-widget-image\" data-id=\"699a842\" data-element_type=\"widget\" data-e-type=\"widget\" data-widget_type=\"image.default\">\n\t\t\t\t<div class=\"elementor-widget-container\">\n\t\t\t\t\t\t\t\t\t\t\t\t\t\t\t<img fetchpriority=\"high\" decoding=\"async\" width=\"800\" height=\"609\" src=\"https:\/\/peronmedya.com\/liderokullari\/wp-content\/uploads\/2026\/02\/WhatsApp-Image-2026-02-06-at-09.32.20-1024x780.jpeg\" class=\"attachment-large size-large wp-image-3229\" alt=\"\" srcset=\"https:\/\/peronmedya.com\/liderokullari\/wp-content\/uploads\/2026\/02\/WhatsApp-Image-2026-02-06-at-09.32.20-1024x780.jpeg 1024w, https:\/\/peronmedya.com\/liderokullari\/wp-content\/uploads\/2026\/02\/WhatsApp-Image-2026-02-06-at-09.32.20-300x229.jpeg 300w, https:\/\/peronmedya.com\/liderokullari\/wp-content\/uploads\/2026\/02\/WhatsApp-Image-2026-02-06-at-09.32.20-768x585.jpeg 768w, https:\/\/peronmedya.com\/liderokullari\/wp-content\/uploads\/2026\/02\/WhatsApp-Image-2026-02-06-at-09.32.20-1536x1170.jpeg 1536w, https:\/\/peronmedya.com\/liderokullari\/wp-content\/uploads\/2026\/02\/WhatsApp-Image-2026-02-06-at-09.32.20.jpeg 1600w\" sizes=\"(max-width: 800px) 100vw, 800px\" \/>\t\t\t\t\t\t\t\t\t\t\t\t\t\t\t<\/div>\n\t\t\t\t<\/div>\n\t\t\t\t<div class=\"elementor-element elementor-element-9ff535c elementor-widget elementor-widget-image\" data-id=\"9ff535c\" data-element_type=\"widget\" data-e-type=\"widget\" data-widget_type=\"image.default\">\n\t\t\t\t<div class=\"elementor-widget-container\">\n\t\t\t\t\t\t\t\t\t\t\t\t\t\t\t<img decoding=\"async\" width=\"598\" height=\"270\" src=\"https:\/\/peronmedya.com\/liderokullari\/wp-content\/uploads\/2026\/02\/Ekran-goruntusu-2026-02-06-092421.png\" class=\"attachment-large size-large wp-image-3230\" alt=\"\" srcset=\"https:\/\/peronmedya.com\/liderokullari\/wp-content\/uploads\/2026\/02\/Ekran-goruntusu-2026-02-06-092421.png 598w, https:\/\/peronmedya.com\/liderokullari\/wp-content\/uploads\/2026\/02\/Ekran-goruntusu-2026-02-06-092421-300x135.png 300w\" sizes=\"(max-width: 598px) 100vw, 598px\" \/>\t\t\t\t\t\t\t\t\t\t\t\t\t\t\t<\/div>\n\t\t\t\t<\/div>\n\t\t\t\t<\/div>\n\t\t\t\t<\/div>\n\t\t\t\t<\/div>\n\t\t\t\t\t<\/div>\n\t\t\t\t<\/div>\n\t\t\t\t<\/div>\n\t\t","protected":false},"excerpt":{"rendered":"<p>Proje Tak\u0131mlar\u0131m\u0131z Lider Okullar\u0131 olarak \u00f6\u011frencilerimizin ilgi, yetenek ve potansiyellerini ortaya \u00e7\u0131karmay\u0131 hedefleyen Proje Tak\u0131mlar\u0131m\u0131z, ilkokul ve ortaokul kademelerinde yap\u0131land\u0131r\u0131lm\u0131\u015ft\u0131r. \u0130lkokul ve ortaokul d\u00fczeyinde olu\u015fturulan proje tak\u0131mlar\u0131m\u0131z, her kademede 15\u2019er ki\u015filik ekipler h\u00e2linde \u00e7al\u0131\u015fmalar\u0131n\u0131 s\u00fcrd\u00fcrmektedir. Bu yap\u0131 sayesinde \u00f6\u011frencilerimiz; ekip i\u00e7inde aktif rol almay\u0131, sorumluluk \u00fcstlenmeyi ve i\u015f birli\u011fi i\u00e7inde \u00fcretmeyi deneyimleme f\u0131rsat\u0131 bulur. Tak\u0131mlar\u0131m\u0131z; [&hellip;]<\/p>\n","protected":false},"author":3,"featured_media":0,"parent":0,"menu_order":0,"comment_status":"closed","ping_status":"closed","template":"","meta":{"footnotes":""},"class_list":["post-2737","page","type-page","status-publish","hentry"],"_links":{"self":[{"href":"https:\/\/peronmedya.com\/liderokullari\/wp-json\/wp\/v2\/pages\/2737","targetHints":{"allow":["GET"]}}],"collection":[{"href":"https:\/\/peronmedya.com\/liderokullari\/wp-json\/wp\/v2\/pages"}],"about":[{"href":"https:\/\/peronmedya.com\/liderokullari\/wp-json\/wp\/v2\/types\/page"}],"author":[{"embeddable":true,"href":"https:\/\/peronmedya.com\/liderokullari\/wp-json\/wp\/v2\/users\/3"}],"replies":[{"embeddable":true,"href":"https:\/\/peronmedya.com\/liderokullari\/wp-json\/wp\/v2\/comments?post=2737"}],"version-history":[{"count":10,"href":"https:\/\/peronmedya.com\/liderokullari\/wp-json\/wp\/v2\/pages\/2737\/revisions"}],"predecessor-version":[{"id":3885,"href":"https:\/\/peronmedya.com\/liderokullari\/wp-json\/wp\/v2\/pages\/2737\/revisions\/3885"}],"wp:attachment":[{"href":"https:\/\/peronmedya.com\/liderokullari\/wp-json\/wp\/v2\/media?parent=2737"}],"curies":[{"name":"wp","href":"https:\/\/api.w.org\/{rel}","templated":true}]}}