{"id":2768,"date":"2026-02-05T05:25:45","date_gmt":"2026-02-05T05:25:45","guid":{"rendered":"https:\/\/peronmedya.com\/liderokullari\/?page_id=2768"},"modified":"2026-02-11T10:13:57","modified_gmt":"2026-02-11T10:13:57","slug":"ilkokul-kadromuz","status":"publish","type":"page","link":"https:\/\/peronmedya.com\/liderokullari\/ilkokul-kadromuz\/","title":{"rendered":"\u0130lkokul Kadromuz"},"content":{"rendered":"\t\t<div data-elementor-type=\"wp-page\" data-elementor-id=\"2768\" class=\"elementor elementor-2768\" data-elementor-post-type=\"page\">\n\t\t\t\t<div class=\"elementor-element elementor-element-c53256c e-flex e-con-boxed e-con e-parent\" data-id=\"c53256c\" data-element_type=\"container\" data-e-type=\"container\">\n\t\t\t\t\t<div class=\"e-con-inner\">\n\t\t\t\t<div class=\"elementor-element elementor-element-7b7689d elementor-widget elementor-widget-image\" data-id=\"7b7689d\" data-element_type=\"widget\" data-e-type=\"widget\" data-widget_type=\"image.default\">\n\t\t\t\t<div class=\"elementor-widget-container\">\n\t\t\t\t\t\t\t\t\t\t\t\t\t\t\t<img fetchpriority=\"high\" decoding=\"async\" width=\"800\" height=\"450\" src=\"https:\/\/peronmedya.com\/liderokullari\/wp-content\/uploads\/2025\/10\/lider-okullari-video-preview-1024x576.png\" class=\"attachment-large size-large wp-image-737\" alt=\"\" srcset=\"https:\/\/peronmedya.com\/liderokullari\/wp-content\/uploads\/2025\/10\/lider-okullari-video-preview-1024x576.png 1024w, https:\/\/peronmedya.com\/liderokullari\/wp-content\/uploads\/2025\/10\/lider-okullari-video-preview-300x169.png 300w, https:\/\/peronmedya.com\/liderokullari\/wp-content\/uploads\/2025\/10\/lider-okullari-video-preview-768x432.png 768w, https:\/\/peronmedya.com\/liderokullari\/wp-content\/uploads\/2025\/10\/lider-okullari-video-preview-1536x864.png 1536w, https:\/\/peronmedya.com\/liderokullari\/wp-content\/uploads\/2025\/10\/lider-okullari-video-preview.png 1920w\" sizes=\"(max-width: 800px) 100vw, 800px\" \/>\t\t\t\t\t\t\t\t\t\t\t\t\t\t\t<\/div>\n\t\t\t\t<\/div>\n\t\t\t\t\t<\/div>\n\t\t\t\t<\/div>\n\t\t<div class=\"elementor-element elementor-element-19dbf6b e-flex e-con-boxed e-con e-parent\" data-id=\"19dbf6b\" data-element_type=\"container\" data-e-type=\"container\">\n\t\t\t\t\t<div class=\"e-con-inner\">\n\t\t<div class=\"elementor-element elementor-element-5049dc2 e-flex e-con-boxed e-con e-child\" data-id=\"5049dc2\" data-element_type=\"container\" data-e-type=\"container\">\n\t\t\t\t\t<div class=\"e-con-inner\">\n\t\t\t\t<div class=\"elementor-element elementor-element-9bde54a elementor-widget elementor-widget-heading\" data-id=\"9bde54a\" data-element_type=\"widget\" data-e-type=\"widget\" data-widget_type=\"heading.default\">\n\t\t\t\t<div class=\"elementor-widget-container\">\n\t\t\t\t\t<h3 class=\"elementor-heading-title elementor-size-default\">\u0130lkokul Akademik Kadromuz<\/h3>\t\t\t\t<\/div>\n\t\t\t\t<\/div>\n\t\t\t\t<div class=\"elementor-element elementor-element-5d658e3 elementor-widget elementor-widget-text-editor\" data-id=\"5d658e3\" data-element_type=\"widget\" data-e-type=\"widget\" data-widget_type=\"text-editor.default\">\n\t\t\t\t<div class=\"elementor-widget-container\">\n\t\t\t\t\t\t\t\t\t<p class=\"p1\">\u0130lkokul kadromuz, \u00e7ocuklar\u0131m\u0131z\u0131n akademik temellerini atarken <b>\u015fefkatle rehberlik eden<\/b>, <b>oyunun g\u00fcc\u00fcne inanan<\/b> ve her \u00f6\u011frencinin <b>bireysel yetene\u011fini fark eden<\/b> e\u011fitimcilerden olu\u015fur. Bizim i\u00e7in her \u00f6\u011fretmen, bir \u00e7ocu\u011fun hayat\u0131ndaki en g\u00fc\u00e7l\u00fc ilham kayna\u011f\u0131d\u0131r.<\/p>\t\t\t\t\t\t\t\t<\/div>\n\t\t\t\t<\/div>\n\t\t<div class=\"elementor-element elementor-element-72cd3a7 e-flex e-con-boxed e-con e-child\" data-id=\"72cd3a7\" data-element_type=\"container\" data-e-type=\"container\">\n\t\t\t\t\t<div class=\"e-con-inner\">\n\t\t\t\t<div class=\"elementor-element elementor-element-128c64e elementor-widget elementor-widget-text-editor\" data-id=\"128c64e\" data-element_type=\"widget\" data-e-type=\"widget\" data-widget_type=\"text-editor.default\">\n\t\t\t\t<div class=\"elementor-widget-container\">\n\t\t\t\t\t\t\t\t\t<p class=\"p1\"><b>1. S\u0131n\u0131f \u00d6\u011fretmenleri<\/b><\/p><ul class=\"ul1\"><li class=\"li1\"><b>Gamze Kaya<\/b> \u2013 1. S\u0131n\u0131f \u00d6\u011fretmeni &amp; Z\u00fcmre Ba\u015fkan\u0131<\/li><li class=\"li1\"><b>Ahmet Barut<\/b> \u2013 S\u0131n\u0131f \u00d6\u011fretmeni<\/li><li class=\"li1\"><b>Ali Y\u0131lmaz<\/b> \u2013 S\u0131n\u0131f \u00d6\u011fretmeni<br \/><br \/><\/li><\/ul><p class=\"p1\"><b>2. S\u0131n\u0131f \u00d6\u011fretmenleri<\/b><\/p><ul class=\"ul1\"><li class=\"li1\"><b>Hale Acar<\/b> \u2013 2. S\u0131n\u0131f \u00d6\u011fretmeni &amp; Z\u00fcmre Ba\u015fkan\u0131<\/li><li class=\"li1\"><b>Filiz \u00c7\u0131nar<\/b> \u2013 S\u0131n\u0131f \u00d6\u011fretmeni<br \/><br \/><\/li><\/ul>\t\t\t\t\t\t\t\t<\/div>\n\t\t\t\t<\/div>\n\t\t\t\t<div class=\"elementor-element elementor-element-5e9a2e2 elementor-widget elementor-widget-text-editor\" data-id=\"5e9a2e2\" data-element_type=\"widget\" data-e-type=\"widget\" data-widget_type=\"text-editor.default\">\n\t\t\t\t<div class=\"elementor-widget-container\">\n\t\t\t\t\t\t\t\t\t<p class=\"p1\"><b>3. S\u0131n\u0131f \u00d6\u011fretmenleri<\/b><\/p><ul class=\"ul1\"><li class=\"li1\"><b>Se\u00e7il Barut<\/b> \u2013 3. S\u0131n\u0131f \u00d6\u011fretmeni &amp; Z\u00fcmre Ba\u015fkan\u0131<\/li><li class=\"li1\"><b>Hande Mediha \u00c7elik<\/b> \u2013 S\u0131n\u0131f \u00d6\u011fretmeni<\/li><li class=\"li1\"><b>Aytekin Karaka\u015f<\/b> \u2013 S\u0131n\u0131f \u00d6\u011fretmeni<br \/><br \/><\/li><\/ul><p class=\"p1\"><b>4. S\u0131n\u0131f \u00d6\u011fretmenleri<\/b><\/p><ul class=\"ul1\"><li class=\"li1\"><b>H\u00fclya G\u00fcven<\/b> \u2013 4. S\u0131n\u0131f \u00d6\u011fretmeni &amp; Z\u00fcmre Ba\u015fkan\u0131<\/li><li class=\"li1\"><b>Ilg\u0131n Akyoku\u015f<\/b> \u2013 S\u0131n\u0131f \u00d6\u011fretmeni<\/li><li class=\"li1\"><b>Asl\u0131 De\u011firmenci<\/b> \u2013 S\u0131n\u0131f \u00d6\u011fretmeni<\/li><li class=\"li1\"><b>Ceylan G\u00fcler<\/b> \u2013 S\u0131n\u0131f \u00d6\u011fretmeni<\/li><li class=\"li1\"><b>Seviye \u00c7oban Acar<\/b> \u2013 S\u0131n\u0131f \u00d6\u011fretmeni<br \/><br \/><\/li><\/ul>\t\t\t\t\t\t\t\t<\/div>\n\t\t\t\t<\/div>\n\t\t\t\t\t<\/div>\n\t\t\t\t<\/div>\n\t\t\t\t\t<\/div>\n\t\t\t\t<\/div>\n\t\t\t\t\t<\/div>\n\t\t\t\t<\/div>\n\t\t\t\t<\/div>\n\t\t","protected":false},"excerpt":{"rendered":"<p>\u0130lkokul Akademik Kadromuz \u0130lkokul kadromuz, \u00e7ocuklar\u0131m\u0131z\u0131n akademik temellerini atarken \u015fefkatle rehberlik eden, oyunun g\u00fcc\u00fcne inanan ve her \u00f6\u011frencinin bireysel yetene\u011fini fark eden e\u011fitimcilerden olu\u015fur. Bizim i\u00e7in her \u00f6\u011fretmen, bir \u00e7ocu\u011fun hayat\u0131ndaki en g\u00fc\u00e7l\u00fc ilham kayna\u011f\u0131d\u0131r. 1. S\u0131n\u0131f \u00d6\u011fretmenleri Gamze Kaya \u2013 1. S\u0131n\u0131f \u00d6\u011fretmeni &amp; Z\u00fcmre Ba\u015fkan\u0131 Ahmet Barut \u2013 S\u0131n\u0131f \u00d6\u011fretmeni Ali Y\u0131lmaz \u2013 [&hellip;]<\/p>\n","protected":false},"author":3,"featured_media":0,"parent":0,"menu_order":0,"comment_status":"closed","ping_status":"closed","template":"","meta":{"footnotes":""},"class_list":["post-2768","page","type-page","status-publish","hentry"],"_links":{"self":[{"href":"https:\/\/peronmedya.com\/liderokullari\/wp-json\/wp\/v2\/pages\/2768","targetHints":{"allow":["GET"]}}],"collection":[{"href":"https:\/\/peronmedya.com\/liderokullari\/wp-json\/wp\/v2\/pages"}],"about":[{"href":"https:\/\/peronmedya.com\/liderokullari\/wp-json\/wp\/v2\/types\/page"}],"author":[{"embeddable":true,"href":"https:\/\/peronmedya.com\/liderokullari\/wp-json\/wp\/v2\/users\/3"}],"replies":[{"embeddable":true,"href":"https:\/\/peronmedya.com\/liderokullari\/wp-json\/wp\/v2\/comments?post=2768"}],"version-history":[{"count":13,"href":"https:\/\/peronmedya.com\/liderokullari\/wp-json\/wp\/v2\/pages\/2768\/revisions"}],"predecessor-version":[{"id":3792,"href":"https:\/\/peronmedya.com\/liderokullari\/wp-json\/wp\/v2\/pages\/2768\/revisions\/3792"}],"wp:attachment":[{"href":"https:\/\/peronmedya.com\/liderokullari\/wp-json\/wp\/v2\/media?parent=2768"}],"curies":[{"name":"wp","href":"https:\/\/api.w.org\/{rel}","templated":true}]}}