{"id":2773,"date":"2026-02-05T05:26:54","date_gmt":"2026-02-05T05:26:54","guid":{"rendered":"https:\/\/peronmedya.com\/liderokullari\/?page_id=2773"},"modified":"2026-02-11T10:18:03","modified_gmt":"2026-02-11T10:18:03","slug":"ortaokula-hazirlik","status":"publish","type":"page","link":"https:\/\/peronmedya.com\/liderokullari\/ortaokula-hazirlik\/","title":{"rendered":"Ortaokula Haz\u0131rl\u0131k"},"content":{"rendered":"\t\t<div data-elementor-type=\"wp-page\" data-elementor-id=\"2773\" class=\"elementor elementor-2773\" data-elementor-post-type=\"page\">\n\t\t\t\t<div class=\"elementor-element elementor-element-203b5d5 e-flex e-con-boxed e-con e-parent\" data-id=\"203b5d5\" data-element_type=\"container\" data-e-type=\"container\">\n\t\t\t\t\t<div class=\"e-con-inner\">\n\t\t<div class=\"elementor-element elementor-element-3e4c8c9 e-con-full e-flex e-con e-child\" data-id=\"3e4c8c9\" data-element_type=\"container\" data-e-type=\"container\">\n\t\t<div class=\"elementor-element elementor-element-71ca653 e-con-full e-flex e-con e-child\" data-id=\"71ca653\" data-element_type=\"container\" data-e-type=\"container\">\n\t\t<div class=\"elementor-element elementor-element-006c661 e-con-full e-flex e-con e-child\" data-id=\"006c661\" data-element_type=\"container\" data-e-type=\"container\">\n\t\t\t\t<div class=\"elementor-element elementor-element-edf050c elementor-invisible elementor-widget elementor-widget-image\" data-id=\"edf050c\" data-element_type=\"widget\" data-e-type=\"widget\" data-settings=\"{&quot;_animation&quot;:&quot;fadeInLeft&quot;}\" data-widget_type=\"image.default\">\n\t\t\t\t<div class=\"elementor-widget-container\">\n\t\t\t\t\t\t\t\t\t\t\t\t\t\t\t<img fetchpriority=\"high\" decoding=\"async\" width=\"1280\" height=\"720\" src=\"https:\/\/peronmedya.com\/liderokullari\/wp-content\/uploads\/2025\/12\/Lider-Okullari-I-Ilkokulda-Olcme-ve-Degerlendirme.png\" class=\"attachment-full size-full wp-image-1844\" alt=\"\" srcset=\"https:\/\/peronmedya.com\/liderokullari\/wp-content\/uploads\/2025\/12\/Lider-Okullari-I-Ilkokulda-Olcme-ve-Degerlendirme.png 1280w, https:\/\/peronmedya.com\/liderokullari\/wp-content\/uploads\/2025\/12\/Lider-Okullari-I-Ilkokulda-Olcme-ve-Degerlendirme-300x169.png 300w, https:\/\/peronmedya.com\/liderokullari\/wp-content\/uploads\/2025\/12\/Lider-Okullari-I-Ilkokulda-Olcme-ve-Degerlendirme-1024x576.png 1024w, https:\/\/peronmedya.com\/liderokullari\/wp-content\/uploads\/2025\/12\/Lider-Okullari-I-Ilkokulda-Olcme-ve-Degerlendirme-768x432.png 768w\" sizes=\"(max-width: 1280px) 100vw, 1280px\" \/>\t\t\t\t\t\t\t\t\t\t\t\t\t\t\t<\/div>\n\t\t\t\t<\/div>\n\t\t\t\t<div class=\"elementor-element elementor-element-f918891 elementor-widget elementor-widget-text-editor\" data-id=\"f918891\" data-element_type=\"widget\" data-e-type=\"widget\" data-widget_type=\"text-editor.default\">\n\t\t\t\t<div class=\"elementor-widget-container\">\n\t\t\t\t\t\t\t\t\t<p class=\"p1\"><b>Rehberlik ve Psikolojik Destek<\/b><\/p><ul class=\"ul1\"><li class=\"li2\"><span class=\"s2\"><b>Oryantasyon Programlar\u0131:<\/b><\/span> 5. s\u0131n\u0131f deneyimine ad\u0131m atan \u00f6\u011frenciler, \u00fcst s\u0131n\u0131f \u00f6\u011frencileriyle etkile\u015fim kurarak kayg\u0131lar\u0131n\u0131 azalt\u0131r.<\/li><li class=\"li2\"><span class=\"s2\"><b>Kayg\u0131 Gruplar\u0131:<\/b><\/span> K\u00fc\u00e7\u00fck grup g\u00f6r\u00fc\u015fmeleriyle \u00f6\u011frencilerin sorular\u0131 yan\u0131tlan\u0131r ve destek sa\u011flan\u0131r.<\/li><\/ul><p class=\"p1\"><b><br \/>Veli Bilgilendirme<\/b><\/p><ul class=\"ul1\"><li class=\"li2\"><span class=\"s2\"><b>Yeni Sistem Tan\u0131t\u0131m\u0131:<\/b><\/span> Not sistemi, s\u0131navlar ve bran\u015f \u00f6\u011fretmeni ileti\u015fimi hakk\u0131nda bilgilendirme yap\u0131l\u0131r.<\/li><li class=\"li2\"><span class=\"s2\"><b>Ergenlik ve \u0130leti\u015fim:<\/b><\/span> Velilere, \u00e7ocuklar\u0131n\u0131n fiziksel ve duygusal de\u011fi\u015fimlerine uygun tutumlar\u0131 anlat\u0131l\u0131r.<\/li><\/ul><p class=\"p2\">L\u0130DER OKULLARI, ilkokuldaki kazan\u0131mlar\u0131 koruyarak \u00f6\u011frencileri ortaokulun akademik disiplinine <span class=\"s2\"><b>g\u00fc\u00e7l\u00fc bir \u015fekilde haz\u0131rlar<\/b><\/span> ve her \u00e7ocu\u011fun potansiyelini en \u00fcst d\u00fczeye \u00e7\u0131karacak <span class=\"s2\"><b>kademeli bir geli\u015fim s\u00fcreci<\/b><\/span> uygular.<\/p>\t\t\t\t\t\t\t\t<\/div>\n\t\t\t\t<\/div>\n\t\t\t\t<\/div>\n\t\t<div class=\"elementor-element elementor-element-99d3959 e-con-full e-flex e-con e-child\" data-id=\"99d3959\" data-element_type=\"container\" data-e-type=\"container\">\n\t\t\t\t<div class=\"elementor-element elementor-element-5329d5d elementor-widget elementor-widget-heading\" data-id=\"5329d5d\" data-element_type=\"widget\" data-e-type=\"widget\" data-widget_type=\"heading.default\">\n\t\t\t\t<div class=\"elementor-widget-container\">\n\t\t\t\t\t<h2 class=\"elementor-heading-title elementor-size-default\">Ortaokula Haz\u0131rl\u0131k<\/h2>\t\t\t\t<\/div>\n\t\t\t\t<\/div>\n\t\t\t\t<div class=\"elementor-element elementor-element-6bf7336 elementor-widget elementor-widget-text-editor\" data-id=\"6bf7336\" data-element_type=\"widget\" data-e-type=\"widget\" data-widget_type=\"text-editor.default\">\n\t\t\t\t<div class=\"elementor-widget-container\">\n\t\t\t\t\t\t\t\t\t<p class=\"p1\">L\u0130DER OKULLARI, \u00f6\u011frencilerin ilkokuldan ortaokula ge\u00e7i\u015fini <span class=\"s1\"><b>akademik ve sosyal a\u00e7\u0131dan sorunsuz<\/b><\/span> h\u00e2le getiren kapsaml\u0131 bir haz\u0131rl\u0131k program\u0131 sunar.<\/p><p class=\"p2\"><b>Akademik Ge\u00e7i\u015f<\/b><\/p><ul class=\"ul1\"><li class=\"li1\"><span class=\"s1\"><b>Bran\u015f Sistemi:<\/b><\/span> Ortaokula ge\u00e7i\u015fte \u00f6\u011frenciler, her dersin uzman \u00f6\u011fretmeniyle tan\u0131\u015f\u0131r ve farkl\u0131 anlat\u0131m tarzlar\u0131na uyum sa\u011flar.<\/li><li class=\"li1\"><span class=\"s1\"><b>K\u00f6pr\u00fc \u00c7al\u0131\u015fmalar\u0131:<\/b><\/span> 4. s\u0131n\u0131f m\u00fcfredat\u0131, \u00f6zellikle Matematik ve Fen Bilimleri derslerinde ortaokul beklentilerine g\u00f6re desteklenir.<\/li><li class=\"li1\"><span class=\"s1\"><b>Ortaokul \u00d6l\u00e7me ve De\u011ferlendirme Tan\u0131t\u0131m\u0131:<\/b><\/span> Artan ders y\u00fck\u00fcne uyum i\u00e7in verimli \u00e7al\u0131\u015fma teknikleri \u00f6\u011fretilir.<\/li><\/ul>\t\t\t\t\t\t\t\t<\/div>\n\t\t\t\t<\/div>\n\t\t\t\t<div class=\"elementor-element elementor-element-f0673da elementor-hidden-phone elementor-invisible elementor-widget elementor-widget-image\" data-id=\"f0673da\" data-element_type=\"widget\" data-e-type=\"widget\" data-settings=\"{&quot;_animation&quot;:&quot;fadeInRight&quot;}\" data-widget_type=\"image.default\">\n\t\t\t\t<div class=\"elementor-widget-container\">\n\t\t\t\t\t\t\t\t\t\t\t\t\t\t\t<img decoding=\"async\" width=\"1280\" height=\"720\" src=\"https:\/\/peronmedya.com\/liderokullari\/wp-content\/uploads\/2025\/12\/Lider-Okullari-I-Ilkokulda-Olcme-ve-Degerlendirme-0-51-screenshot.png\" class=\"attachment-full size-full wp-image-1840\" alt=\"\" srcset=\"https:\/\/peronmedya.com\/liderokullari\/wp-content\/uploads\/2025\/12\/Lider-Okullari-I-Ilkokulda-Olcme-ve-Degerlendirme-0-51-screenshot.png 1280w, https:\/\/peronmedya.com\/liderokullari\/wp-content\/uploads\/2025\/12\/Lider-Okullari-I-Ilkokulda-Olcme-ve-Degerlendirme-0-51-screenshot-300x169.png 300w, https:\/\/peronmedya.com\/liderokullari\/wp-content\/uploads\/2025\/12\/Lider-Okullari-I-Ilkokulda-Olcme-ve-Degerlendirme-0-51-screenshot-1024x576.png 1024w, https:\/\/peronmedya.com\/liderokullari\/wp-content\/uploads\/2025\/12\/Lider-Okullari-I-Ilkokulda-Olcme-ve-Degerlendirme-0-51-screenshot-768x432.png 768w\" sizes=\"(max-width: 1280px) 100vw, 1280px\" \/>\t\t\t\t\t\t\t\t\t\t\t\t\t\t\t<\/div>\n\t\t\t\t<\/div>\n\t\t\t\t<\/div>\n\t\t\t\t<\/div>\n\t\t\t\t<\/div>\n\t\t\t\t\t<\/div>\n\t\t\t\t<\/div>\n\t\t\t\t<\/div>\n\t\t","protected":false},"excerpt":{"rendered":"<p>Rehberlik ve Psikolojik Destek Oryantasyon Programlar\u0131: 5. s\u0131n\u0131f deneyimine ad\u0131m atan \u00f6\u011frenciler, \u00fcst s\u0131n\u0131f \u00f6\u011frencileriyle etkile\u015fim kurarak kayg\u0131lar\u0131n\u0131 azalt\u0131r. Kayg\u0131 Gruplar\u0131: K\u00fc\u00e7\u00fck grup g\u00f6r\u00fc\u015fmeleriyle \u00f6\u011frencilerin sorular\u0131 yan\u0131tlan\u0131r ve destek sa\u011flan\u0131r. Veli Bilgilendirme Yeni Sistem Tan\u0131t\u0131m\u0131: Not sistemi, s\u0131navlar ve bran\u015f \u00f6\u011fretmeni ileti\u015fimi hakk\u0131nda bilgilendirme yap\u0131l\u0131r. Ergenlik ve \u0130leti\u015fim: Velilere, \u00e7ocuklar\u0131n\u0131n fiziksel ve duygusal de\u011fi\u015fimlerine uygun [&hellip;]<\/p>\n","protected":false},"author":3,"featured_media":0,"parent":0,"menu_order":0,"comment_status":"closed","ping_status":"closed","template":"","meta":{"footnotes":""},"class_list":["post-2773","page","type-page","status-publish","hentry"],"_links":{"self":[{"href":"https:\/\/peronmedya.com\/liderokullari\/wp-json\/wp\/v2\/pages\/2773","targetHints":{"allow":["GET"]}}],"collection":[{"href":"https:\/\/peronmedya.com\/liderokullari\/wp-json\/wp\/v2\/pages"}],"about":[{"href":"https:\/\/peronmedya.com\/liderokullari\/wp-json\/wp\/v2\/types\/page"}],"author":[{"embeddable":true,"href":"https:\/\/peronmedya.com\/liderokullari\/wp-json\/wp\/v2\/users\/3"}],"replies":[{"embeddable":true,"href":"https:\/\/peronmedya.com\/liderokullari\/wp-json\/wp\/v2\/comments?post=2773"}],"version-history":[{"count":7,"href":"https:\/\/peronmedya.com\/liderokullari\/wp-json\/wp\/v2\/pages\/2773\/revisions"}],"predecessor-version":[{"id":3819,"href":"https:\/\/peronmedya.com\/liderokullari\/wp-json\/wp\/v2\/pages\/2773\/revisions\/3819"}],"wp:attachment":[{"href":"https:\/\/peronmedya.com\/liderokullari\/wp-json\/wp\/v2\/media?parent=2773"}],"curies":[{"name":"wp","href":"https:\/\/api.w.org\/{rel}","templated":true}]}}