{"id":2820,"date":"2026-02-05T05:50:13","date_gmt":"2026-02-05T05:50:13","guid":{"rendered":"https:\/\/peronmedya.com\/liderokullari\/?page_id=2820"},"modified":"2026-02-11T10:15:54","modified_gmt":"2026-02-11T10:15:54","slug":"ilkokul-spor","status":"publish","type":"page","link":"https:\/\/peronmedya.com\/liderokullari\/ilkokul-spor\/","title":{"rendered":"\u0130lkokul Spor"},"content":{"rendered":"\t\t<div data-elementor-type=\"wp-page\" data-elementor-id=\"2820\" class=\"elementor elementor-2820\" data-elementor-post-type=\"page\">\n\t\t\t\t<div class=\"elementor-element elementor-element-c419ea0 e-flex e-con-boxed e-con e-parent\" data-id=\"c419ea0\" data-element_type=\"container\" data-e-type=\"container\">\n\t\t\t\t\t<div class=\"e-con-inner\">\n\t\t\t\t<div class=\"elementor-element elementor-element-96cc13b elementor-widget elementor-widget-heading\" data-id=\"96cc13b\" data-element_type=\"widget\" data-e-type=\"widget\" data-widget_type=\"heading.default\">\n\t\t\t\t<div class=\"elementor-widget-container\">\n\t\t\t\t\t<h1 class=\"elementor-heading-title elementor-size-default\">Sosyal Etkinlikler<\/h1>\t\t\t\t<\/div>\n\t\t\t\t<\/div>\n\t\t<div class=\"elementor-element elementor-element-7747f4f e-con-full e-flex e-con e-child\" data-id=\"7747f4f\" data-element_type=\"container\" data-e-type=\"container\">\n\t\t<div class=\"elementor-element elementor-element-be8bb76 e-con-full e-flex e-con e-child\" data-id=\"be8bb76\" data-element_type=\"container\" data-e-type=\"container\">\n\t\t<div class=\"elementor-element elementor-element-c960dc7 e-con-full e-flex elementor-invisible e-con e-child\" data-id=\"c960dc7\" data-element_type=\"container\" data-e-type=\"container\" data-settings=\"{&quot;animation&quot;:&quot;fadeInRight&quot;}\">\n\t\t\t\t<div class=\"elementor-element elementor-element-d66fc9e elementor-widget elementor-widget-heading\" data-id=\"d66fc9e\" data-element_type=\"widget\" data-e-type=\"widget\" data-widget_type=\"heading.default\">\n\t\t\t\t<div class=\"elementor-widget-container\">\n\t\t\t\t\t<h2 class=\"elementor-heading-title elementor-size-default\">Spor<\/h2>\t\t\t\t<\/div>\n\t\t\t\t<\/div>\n\t\t\t\t<div class=\"elementor-element elementor-element-4c1401d elementor-widget-divider--view-line elementor-widget elementor-widget-divider\" data-id=\"4c1401d\" data-element_type=\"widget\" data-e-type=\"widget\" data-widget_type=\"divider.default\">\n\t\t\t\t<div class=\"elementor-widget-container\">\n\t\t\t\t\t\t\t<div class=\"elementor-divider\">\n\t\t\t<span class=\"elementor-divider-separator\">\n\t\t\t\t\t\t<\/span>\n\t\t<\/div>\n\t\t\t\t\t\t<\/div>\n\t\t\t\t<\/div>\n\t\t\t\t<div class=\"elementor-element elementor-element-7d431b3 elementor-widget elementor-widget-text-editor\" data-id=\"7d431b3\" data-element_type=\"widget\" data-e-type=\"widget\" data-widget_type=\"text-editor.default\">\n\t\t\t\t<div class=\"elementor-widget-container\">\n\t\t\t\t\t\t\t\t\t<p>Lider Okullar\u0131 ilkokul d\u00fczeyinde spor etkinlikleri, \u00f6\u011frencilerimizin fiziksel geli\u015fimlerini desteklemenin yan\u0131 s\u0131ra disiplin, tak\u0131m ruhu ve \u00f6zg\u00fcven kazanmalar\u0131n\u0131 hedefler. Programlar\u0131m\u0131z kapsam\u0131nda tenis, voleybol, futbol, basketbol, masa tenisi ve y\u00fczme bran\u015flar\u0131nda d\u00fczenli \u00e7al\u0131\u015fmalar y\u00fcr\u00fct\u00fclmektedir. \u00d6\u011frencilerimiz, ya\u015f ve geli\u015fim d\u00fczeylerine uygun olarak planlanan bu etkinliklerle sporu ya\u015famlar\u0131n\u0131n do\u011fal bir par\u00e7as\u0131 haline getirir.<\/p>\t\t\t\t\t\t\t\t<\/div>\n\t\t\t\t<\/div>\n\t\t\t\t<\/div>\n\t\t<div class=\"elementor-element elementor-element-3ccedc8 e-con-full e-flex elementor-invisible e-con e-child\" data-id=\"3ccedc8\" data-element_type=\"container\" data-e-type=\"container\" data-settings=\"{&quot;animation&quot;:&quot;fadeInLeft&quot;}\">\n\t\t\t\t<div class=\"elementor-element elementor-element-256d5e3 elementor-widget elementor-widget-image\" data-id=\"256d5e3\" data-element_type=\"widget\" data-e-type=\"widget\" data-widget_type=\"image.default\">\n\t\t\t\t<div class=\"elementor-widget-container\">\n\t\t\t\t\t\t\t\t\t\t\t\t\t\t\t<img fetchpriority=\"high\" decoding=\"async\" width=\"612\" height=\"408\" src=\"https:\/\/peronmedya.com\/liderokullari\/wp-content\/uploads\/2026\/02\/istockphoto-1610631888-612x612-1.jpg\" class=\"attachment-full size-full wp-image-2758\" alt=\"\" srcset=\"https:\/\/peronmedya.com\/liderokullari\/wp-content\/uploads\/2026\/02\/istockphoto-1610631888-612x612-1.jpg 612w, https:\/\/peronmedya.com\/liderokullari\/wp-content\/uploads\/2026\/02\/istockphoto-1610631888-612x612-1-300x200.jpg 300w\" sizes=\"(max-width: 612px) 100vw, 612px\" \/>\t\t\t\t\t\t\t\t\t\t\t\t\t\t\t<\/div>\n\t\t\t\t<\/div>\n\t\t\t\t<\/div>\n\t\t\t\t<\/div>\n\t\t\t\t<\/div>\n\t\t\t\t\t<\/div>\n\t\t\t\t<\/div>\n\t\t\t\t<\/div>\n\t\t","protected":false},"excerpt":{"rendered":"<p>Sosyal Etkinlikler Spor Lider Okullar\u0131 ilkokul d\u00fczeyinde spor etkinlikleri, \u00f6\u011frencilerimizin fiziksel geli\u015fimlerini desteklemenin yan\u0131 s\u0131ra disiplin, tak\u0131m ruhu ve \u00f6zg\u00fcven kazanmalar\u0131n\u0131 hedefler. Programlar\u0131m\u0131z kapsam\u0131nda tenis, voleybol, futbol, basketbol, masa tenisi ve y\u00fczme bran\u015flar\u0131nda d\u00fczenli \u00e7al\u0131\u015fmalar y\u00fcr\u00fct\u00fclmektedir. \u00d6\u011frencilerimiz, ya\u015f ve geli\u015fim d\u00fczeylerine uygun olarak planlanan bu etkinliklerle sporu ya\u015famlar\u0131n\u0131n do\u011fal bir par\u00e7as\u0131 haline getirir.<\/p>\n","protected":false},"author":3,"featured_media":0,"parent":0,"menu_order":0,"comment_status":"closed","ping_status":"closed","template":"","meta":{"footnotes":""},"class_list":["post-2820","page","type-page","status-publish","hentry"],"_links":{"self":[{"href":"https:\/\/peronmedya.com\/liderokullari\/wp-json\/wp\/v2\/pages\/2820","targetHints":{"allow":["GET"]}}],"collection":[{"href":"https:\/\/peronmedya.com\/liderokullari\/wp-json\/wp\/v2\/pages"}],"about":[{"href":"https:\/\/peronmedya.com\/liderokullari\/wp-json\/wp\/v2\/types\/page"}],"author":[{"embeddable":true,"href":"https:\/\/peronmedya.com\/liderokullari\/wp-json\/wp\/v2\/users\/3"}],"replies":[{"embeddable":true,"href":"https:\/\/peronmedya.com\/liderokullari\/wp-json\/wp\/v2\/comments?post=2820"}],"version-history":[{"count":10,"href":"https:\/\/peronmedya.com\/liderokullari\/wp-json\/wp\/v2\/pages\/2820\/revisions"}],"predecessor-version":[{"id":3804,"href":"https:\/\/peronmedya.com\/liderokullari\/wp-json\/wp\/v2\/pages\/2820\/revisions\/3804"}],"wp:attachment":[{"href":"https:\/\/peronmedya.com\/liderokullari\/wp-json\/wp\/v2\/media?parent=2820"}],"curies":[{"name":"wp","href":"https:\/\/api.w.org\/{rel}","templated":true}]}}