{"id":2825,"date":"2026-02-05T05:52:31","date_gmt":"2026-02-05T05:52:31","guid":{"rendered":"https:\/\/peronmedya.com\/liderokullari\/?page_id=2825"},"modified":"2026-02-11T10:16:32","modified_gmt":"2026-02-11T10:16:32","slug":"ilkokul-sanat","status":"publish","type":"page","link":"https:\/\/peronmedya.com\/liderokullari\/ilkokul-sanat\/","title":{"rendered":"\u0130lkokul Sanat"},"content":{"rendered":"\t\t<div data-elementor-type=\"wp-page\" data-elementor-id=\"2825\" class=\"elementor elementor-2825\" data-elementor-post-type=\"page\">\n\t\t\t\t<div class=\"elementor-element elementor-element-83451d6 e-flex e-con-boxed e-con e-parent\" data-id=\"83451d6\" data-element_type=\"container\" data-e-type=\"container\">\n\t\t\t\t\t<div class=\"e-con-inner\">\n\t\t\t\t<div class=\"elementor-element elementor-element-f19a645 elementor-widget elementor-widget-heading\" data-id=\"f19a645\" data-element_type=\"widget\" data-e-type=\"widget\" data-widget_type=\"heading.default\">\n\t\t\t\t<div class=\"elementor-widget-container\">\n\t\t\t\t\t<h1 class=\"elementor-heading-title elementor-size-default\">Sosyal Etkinlikler<\/h1>\t\t\t\t<\/div>\n\t\t\t\t<\/div>\n\t\t<div class=\"elementor-element elementor-element-e5b5035 e-con-full e-flex e-con e-child\" data-id=\"e5b5035\" data-element_type=\"container\" data-e-type=\"container\">\n\t\t<div class=\"elementor-element elementor-element-04bb781 e-con-full e-flex e-con e-child\" data-id=\"04bb781\" data-element_type=\"container\" data-e-type=\"container\">\n\t\t<div class=\"elementor-element elementor-element-6b56936 e-con-full e-flex elementor-invisible e-con e-child\" data-id=\"6b56936\" data-element_type=\"container\" data-e-type=\"container\" data-settings=\"{&quot;animation&quot;:&quot;fadeInRight&quot;}\">\n\t\t\t\t<div class=\"elementor-element elementor-element-7109e57 elementor-widget elementor-widget-heading\" data-id=\"7109e57\" data-element_type=\"widget\" data-e-type=\"widget\" data-widget_type=\"heading.default\">\n\t\t\t\t<div class=\"elementor-widget-container\">\n\t\t\t\t\t<h2 class=\"elementor-heading-title elementor-size-default\">Sanat<\/h2>\t\t\t\t<\/div>\n\t\t\t\t<\/div>\n\t\t\t\t<div class=\"elementor-element elementor-element-2f6fe9f elementor-widget-divider--view-line elementor-widget elementor-widget-divider\" data-id=\"2f6fe9f\" data-element_type=\"widget\" data-e-type=\"widget\" data-widget_type=\"divider.default\">\n\t\t\t\t<div class=\"elementor-widget-container\">\n\t\t\t\t\t\t\t<div class=\"elementor-divider\">\n\t\t\t<span class=\"elementor-divider-separator\">\n\t\t\t\t\t\t<\/span>\n\t\t<\/div>\n\t\t\t\t\t\t<\/div>\n\t\t\t\t<\/div>\n\t\t\t\t<div class=\"elementor-element elementor-element-6328276 elementor-widget elementor-widget-text-editor\" data-id=\"6328276\" data-element_type=\"widget\" data-e-type=\"widget\" data-widget_type=\"text-editor.default\">\n\t\t\t\t<div class=\"elementor-widget-container\">\n\t\t\t\t\t\t\t\t\t<p>Sanat etkinlikleri, \u00f6\u011frencilerimizin yarat\u0131c\u0131l\u0131klar\u0131n\u0131 ke\u015ffetmelerini ve kendilerini \u00f6zg\u00fcn bi\u00e7imde ifade etmelerini destekler. \u0130lkokul \u00f6\u011frencilerimiz i\u00e7in d\u00fczenlenen ah\u015fap at\u00f6lyesi, g\u00f6rsel sanatlar \u00e7al\u0131\u015fmalar\u0131, diki\u015f at\u00f6lyesi ve seramik at\u00f6lyesi ile el becerileri, estetik alg\u0131 ve \u00fcretme k\u00fclt\u00fcr\u00fc geli\u015ftirilir. Sanat yoluyla \u00f6\u011frenen \u00f6\u011frencilerimiz, sab\u0131r, dikkat ve hayal g\u00fcc\u00fcn\u00fc bir arada kullanma f\u0131rsat\u0131 bulur.<\/p>\t\t\t\t\t\t\t\t<\/div>\n\t\t\t\t<\/div>\n\t\t\t\t<\/div>\n\t\t<div class=\"elementor-element elementor-element-3170149 e-con-full e-flex elementor-invisible e-con e-child\" data-id=\"3170149\" data-element_type=\"container\" data-e-type=\"container\" data-settings=\"{&quot;animation&quot;:&quot;fadeInLeft&quot;}\">\n\t\t\t\t<div class=\"elementor-element elementor-element-815a5ee elementor-widget elementor-widget-image\" data-id=\"815a5ee\" data-element_type=\"widget\" data-e-type=\"widget\" data-widget_type=\"image.default\">\n\t\t\t\t<div class=\"elementor-widget-container\">\n\t\t\t\t\t\t\t\t\t\t\t\t\t\t\t<img fetchpriority=\"high\" decoding=\"async\" width=\"1200\" height=\"681\" src=\"https:\/\/peronmedya.com\/liderokullari\/wp-content\/uploads\/2026\/02\/Untitled-design-270.jpg\" class=\"attachment-full size-full wp-image-2761\" alt=\"\" srcset=\"https:\/\/peronmedya.com\/liderokullari\/wp-content\/uploads\/2026\/02\/Untitled-design-270.jpg 1200w, https:\/\/peronmedya.com\/liderokullari\/wp-content\/uploads\/2026\/02\/Untitled-design-270-300x170.jpg 300w, https:\/\/peronmedya.com\/liderokullari\/wp-content\/uploads\/2026\/02\/Untitled-design-270-1024x581.jpg 1024w, https:\/\/peronmedya.com\/liderokullari\/wp-content\/uploads\/2026\/02\/Untitled-design-270-768x436.jpg 768w\" sizes=\"(max-width: 1200px) 100vw, 1200px\" \/>\t\t\t\t\t\t\t\t\t\t\t\t\t\t\t<\/div>\n\t\t\t\t<\/div>\n\t\t\t\t<\/div>\n\t\t\t\t<\/div>\n\t\t\t\t<\/div>\n\t\t\t\t\t<\/div>\n\t\t\t\t<\/div>\n\t\t\t\t<\/div>\n\t\t","protected":false},"excerpt":{"rendered":"<p>Sosyal Etkinlikler Sanat Sanat etkinlikleri, \u00f6\u011frencilerimizin yarat\u0131c\u0131l\u0131klar\u0131n\u0131 ke\u015ffetmelerini ve kendilerini \u00f6zg\u00fcn bi\u00e7imde ifade etmelerini destekler. \u0130lkokul \u00f6\u011frencilerimiz i\u00e7in d\u00fczenlenen ah\u015fap at\u00f6lyesi, g\u00f6rsel sanatlar \u00e7al\u0131\u015fmalar\u0131, diki\u015f at\u00f6lyesi ve seramik at\u00f6lyesi ile el becerileri, estetik alg\u0131 ve \u00fcretme k\u00fclt\u00fcr\u00fc geli\u015ftirilir. Sanat yoluyla \u00f6\u011frenen \u00f6\u011frencilerimiz, sab\u0131r, dikkat ve hayal g\u00fcc\u00fcn\u00fc bir arada kullanma f\u0131rsat\u0131 bulur.<\/p>\n","protected":false},"author":3,"featured_media":0,"parent":0,"menu_order":0,"comment_status":"closed","ping_status":"closed","template":"","meta":{"footnotes":""},"class_list":["post-2825","page","type-page","status-publish","hentry"],"_links":{"self":[{"href":"https:\/\/peronmedya.com\/liderokullari\/wp-json\/wp\/v2\/pages\/2825","targetHints":{"allow":["GET"]}}],"collection":[{"href":"https:\/\/peronmedya.com\/liderokullari\/wp-json\/wp\/v2\/pages"}],"about":[{"href":"https:\/\/peronmedya.com\/liderokullari\/wp-json\/wp\/v2\/types\/page"}],"author":[{"embeddable":true,"href":"https:\/\/peronmedya.com\/liderokullari\/wp-json\/wp\/v2\/users\/3"}],"replies":[{"embeddable":true,"href":"https:\/\/peronmedya.com\/liderokullari\/wp-json\/wp\/v2\/comments?post=2825"}],"version-history":[{"count":10,"href":"https:\/\/peronmedya.com\/liderokullari\/wp-json\/wp\/v2\/pages\/2825\/revisions"}],"predecessor-version":[{"id":3810,"href":"https:\/\/peronmedya.com\/liderokullari\/wp-json\/wp\/v2\/pages\/2825\/revisions\/3810"}],"wp:attachment":[{"href":"https:\/\/peronmedya.com\/liderokullari\/wp-json\/wp\/v2\/media?parent=2825"}],"curies":[{"name":"wp","href":"https:\/\/api.w.org\/{rel}","templated":true}]}}