{"id":2836,"date":"2026-02-05T05:55:06","date_gmt":"2026-02-05T05:55:06","guid":{"rendered":"https:\/\/peronmedya.com\/liderokullari\/?page_id=2836"},"modified":"2026-02-11T10:21:34","modified_gmt":"2026-02-11T10:21:34","slug":"ortaokul-spor","status":"publish","type":"page","link":"https:\/\/peronmedya.com\/liderokullari\/ortaokul-spor\/","title":{"rendered":"Ortaokul Spor"},"content":{"rendered":"\t\t<div data-elementor-type=\"wp-page\" data-elementor-id=\"2836\" class=\"elementor elementor-2836\" data-elementor-post-type=\"page\">\n\t\t\t\t<div class=\"elementor-element elementor-element-967673b e-flex e-con-boxed e-con e-parent\" data-id=\"967673b\" data-element_type=\"container\" data-e-type=\"container\">\n\t\t\t\t\t<div class=\"e-con-inner\">\n\t\t\t\t<div class=\"elementor-element elementor-element-9e96b31 elementor-widget elementor-widget-heading\" data-id=\"9e96b31\" data-element_type=\"widget\" data-e-type=\"widget\" data-widget_type=\"heading.default\">\n\t\t\t\t<div class=\"elementor-widget-container\">\n\t\t\t\t\t<h1 class=\"elementor-heading-title elementor-size-default\">Sosyal Etkinlikler<\/h1>\t\t\t\t<\/div>\n\t\t\t\t<\/div>\n\t\t<div class=\"elementor-element elementor-element-aae6c72 e-con-full e-flex e-con e-child\" data-id=\"aae6c72\" data-element_type=\"container\" data-e-type=\"container\">\n\t\t<div class=\"elementor-element elementor-element-816d054 e-con-full e-flex e-con e-child\" data-id=\"816d054\" data-element_type=\"container\" data-e-type=\"container\">\n\t\t<div class=\"elementor-element elementor-element-eef726c e-con-full e-flex elementor-invisible e-con e-child\" data-id=\"eef726c\" data-element_type=\"container\" data-e-type=\"container\" data-settings=\"{&quot;animation&quot;:&quot;fadeInRight&quot;}\">\n\t\t\t\t<div class=\"elementor-element elementor-element-c480e92 elementor-widget elementor-widget-heading\" data-id=\"c480e92\" data-element_type=\"widget\" data-e-type=\"widget\" data-widget_type=\"heading.default\">\n\t\t\t\t<div class=\"elementor-widget-container\">\n\t\t\t\t\t<h2 class=\"elementor-heading-title elementor-size-default\">Spor<\/h2>\t\t\t\t<\/div>\n\t\t\t\t<\/div>\n\t\t\t\t<div class=\"elementor-element elementor-element-67e5e84 elementor-widget-divider--view-line elementor-widget elementor-widget-divider\" data-id=\"67e5e84\" data-element_type=\"widget\" data-e-type=\"widget\" data-widget_type=\"divider.default\">\n\t\t\t\t<div class=\"elementor-widget-container\">\n\t\t\t\t\t\t\t<div class=\"elementor-divider\">\n\t\t\t<span class=\"elementor-divider-separator\">\n\t\t\t\t\t\t<\/span>\n\t\t<\/div>\n\t\t\t\t\t\t<\/div>\n\t\t\t\t<\/div>\n\t\t\t\t<div class=\"elementor-element elementor-element-3a59b4d elementor-widget elementor-widget-text-editor\" data-id=\"3a59b4d\" data-element_type=\"widget\" data-e-type=\"widget\" data-widget_type=\"text-editor.default\">\n\t\t\t\t<div class=\"elementor-widget-container\">\n\t\t\t\t\t\t\t\t\t<p>Lider Okullar\u0131 ortaokul d\u00fczeyinde spor etkinlikleri; \u00f6\u011frencilerimizin fiziksel dayan\u0131kl\u0131l\u0131klar\u0131n\u0131 art\u0131rman\u0131n yan\u0131 s\u0131ra stratejik d\u00fc\u015f\u00fcnme, tak\u0131m \u00e7al\u0131\u015fmas\u0131 ve disiplin becerilerini geli\u015ftirmeyi hedefler. Programlar\u0131m\u0131z kapsam\u0131nda tenis, voleybol, futbol, basketbol, masa tenisi, y\u00fczme bran\u015flar\u0131na ek olarak floor curling \u00e7al\u0131\u015fmalar\u0131 da y\u00fcr\u00fct\u00fclmektedir. \u00d6\u011frencilerimiz, farkl\u0131 spor dallar\u0131yla tan\u0131\u015farak ilgi ve yeteneklerini ke\u015ffetme f\u0131rsat\u0131 bulur.<\/p>\t\t\t\t\t\t\t\t<\/div>\n\t\t\t\t<\/div>\n\t\t\t\t<\/div>\n\t\t<div class=\"elementor-element elementor-element-3629b48 e-con-full e-flex elementor-invisible e-con e-child\" data-id=\"3629b48\" data-element_type=\"container\" data-e-type=\"container\" data-settings=\"{&quot;animation&quot;:&quot;fadeInLeft&quot;}\">\n\t\t\t\t<div class=\"elementor-element elementor-element-ab6b8da elementor-widget elementor-widget-image\" data-id=\"ab6b8da\" data-element_type=\"widget\" data-e-type=\"widget\" data-widget_type=\"image.default\">\n\t\t\t\t<div class=\"elementor-widget-container\">\n\t\t\t\t\t\t\t\t\t\t\t\t\t\t\t<img fetchpriority=\"high\" decoding=\"async\" width=\"2051\" height=\"2560\" src=\"https:\/\/peronmedya.com\/liderokullari\/wp-content\/uploads\/2026\/02\/DSCF3592-scaled.jpg\" class=\"attachment-full size-full wp-image-2614\" alt=\"\" srcset=\"https:\/\/peronmedya.com\/liderokullari\/wp-content\/uploads\/2026\/02\/DSCF3592-scaled.jpg 2051w, https:\/\/peronmedya.com\/liderokullari\/wp-content\/uploads\/2026\/02\/DSCF3592-240x300.jpg 240w, https:\/\/peronmedya.com\/liderokullari\/wp-content\/uploads\/2026\/02\/DSCF3592-820x1024.jpg 820w, https:\/\/peronmedya.com\/liderokullari\/wp-content\/uploads\/2026\/02\/DSCF3592-768x959.jpg 768w, https:\/\/peronmedya.com\/liderokullari\/wp-content\/uploads\/2026\/02\/DSCF3592-1230x1536.jpg 1230w, https:\/\/peronmedya.com\/liderokullari\/wp-content\/uploads\/2026\/02\/DSCF3592-1640x2048.jpg 1640w\" sizes=\"(max-width: 2051px) 100vw, 2051px\" \/>\t\t\t\t\t\t\t\t\t\t\t\t\t\t\t<\/div>\n\t\t\t\t<\/div>\n\t\t\t\t<\/div>\n\t\t\t\t<\/div>\n\t\t\t\t<\/div>\n\t\t\t\t\t<\/div>\n\t\t\t\t<\/div>\n\t\t\t\t<\/div>\n\t\t","protected":false},"excerpt":{"rendered":"<p>Sosyal Etkinlikler Spor Lider Okullar\u0131 ortaokul d\u00fczeyinde spor etkinlikleri; \u00f6\u011frencilerimizin fiziksel dayan\u0131kl\u0131l\u0131klar\u0131n\u0131 art\u0131rman\u0131n yan\u0131 s\u0131ra stratejik d\u00fc\u015f\u00fcnme, tak\u0131m \u00e7al\u0131\u015fmas\u0131 ve disiplin becerilerini geli\u015ftirmeyi hedefler. Programlar\u0131m\u0131z kapsam\u0131nda tenis, voleybol, futbol, basketbol, masa tenisi, y\u00fczme bran\u015flar\u0131na ek olarak floor curling \u00e7al\u0131\u015fmalar\u0131 da y\u00fcr\u00fct\u00fclmektedir. \u00d6\u011frencilerimiz, farkl\u0131 spor dallar\u0131yla tan\u0131\u015farak ilgi ve yeteneklerini ke\u015ffetme f\u0131rsat\u0131 bulur.<\/p>\n","protected":false},"author":3,"featured_media":0,"parent":0,"menu_order":0,"comment_status":"closed","ping_status":"closed","template":"","meta":{"footnotes":""},"class_list":["post-2836","page","type-page","status-publish","hentry"],"_links":{"self":[{"href":"https:\/\/peronmedya.com\/liderokullari\/wp-json\/wp\/v2\/pages\/2836","targetHints":{"allow":["GET"]}}],"collection":[{"href":"https:\/\/peronmedya.com\/liderokullari\/wp-json\/wp\/v2\/pages"}],"about":[{"href":"https:\/\/peronmedya.com\/liderokullari\/wp-json\/wp\/v2\/types\/page"}],"author":[{"embeddable":true,"href":"https:\/\/peronmedya.com\/liderokullari\/wp-json\/wp\/v2\/users\/3"}],"replies":[{"embeddable":true,"href":"https:\/\/peronmedya.com\/liderokullari\/wp-json\/wp\/v2\/comments?post=2836"}],"version-history":[{"count":10,"href":"https:\/\/peronmedya.com\/liderokullari\/wp-json\/wp\/v2\/pages\/2836\/revisions"}],"predecessor-version":[{"id":3828,"href":"https:\/\/peronmedya.com\/liderokullari\/wp-json\/wp\/v2\/pages\/2836\/revisions\/3828"}],"wp:attachment":[{"href":"https:\/\/peronmedya.com\/liderokullari\/wp-json\/wp\/v2\/media?parent=2836"}],"curies":[{"name":"wp","href":"https:\/\/api.w.org\/{rel}","templated":true}]}}