{"id":2844,"date":"2026-02-05T05:56:14","date_gmt":"2026-02-05T05:56:14","guid":{"rendered":"https:\/\/peronmedya.com\/liderokullari\/?page_id=2844"},"modified":"2026-02-11T10:21:58","modified_gmt":"2026-02-11T10:21:58","slug":"ortaokul-sanat","status":"publish","type":"page","link":"https:\/\/peronmedya.com\/liderokullari\/ortaokul-sanat\/","title":{"rendered":"Ortaokul Sanat"},"content":{"rendered":"\t\t<div data-elementor-type=\"wp-page\" data-elementor-id=\"2844\" class=\"elementor elementor-2844\" data-elementor-post-type=\"page\">\n\t\t\t\t<div class=\"elementor-element elementor-element-f242d75 e-flex e-con-boxed e-con e-parent\" data-id=\"f242d75\" data-element_type=\"container\" data-e-type=\"container\">\n\t\t\t\t\t<div class=\"e-con-inner\">\n\t\t\t\t<div class=\"elementor-element elementor-element-c9a1fac elementor-widget elementor-widget-heading\" data-id=\"c9a1fac\" data-element_type=\"widget\" data-e-type=\"widget\" data-widget_type=\"heading.default\">\n\t\t\t\t<div class=\"elementor-widget-container\">\n\t\t\t\t\t<h1 class=\"elementor-heading-title elementor-size-default\">Sosyal Etkinlikler<\/h1>\t\t\t\t<\/div>\n\t\t\t\t<\/div>\n\t\t<div class=\"elementor-element elementor-element-9c5a1b4 e-con-full e-flex e-con e-child\" data-id=\"9c5a1b4\" data-element_type=\"container\" data-e-type=\"container\">\n\t\t<div class=\"elementor-element elementor-element-6b1d5e1 e-con-full e-flex e-con e-child\" data-id=\"6b1d5e1\" data-element_type=\"container\" data-e-type=\"container\">\n\t\t<div class=\"elementor-element elementor-element-86ec24b e-con-full e-flex elementor-invisible e-con e-child\" data-id=\"86ec24b\" data-element_type=\"container\" data-e-type=\"container\" data-settings=\"{&quot;animation&quot;:&quot;fadeInRight&quot;}\">\n\t\t\t\t<div class=\"elementor-element elementor-element-09a7899 elementor-widget elementor-widget-heading\" data-id=\"09a7899\" data-element_type=\"widget\" data-e-type=\"widget\" data-widget_type=\"heading.default\">\n\t\t\t\t<div class=\"elementor-widget-container\">\n\t\t\t\t\t<h2 class=\"elementor-heading-title elementor-size-default\">Sanat<\/h2>\t\t\t\t<\/div>\n\t\t\t\t<\/div>\n\t\t\t\t<div class=\"elementor-element elementor-element-3a6e683 elementor-widget-divider--view-line elementor-widget elementor-widget-divider\" data-id=\"3a6e683\" data-element_type=\"widget\" data-e-type=\"widget\" data-widget_type=\"divider.default\">\n\t\t\t\t<div class=\"elementor-widget-container\">\n\t\t\t\t\t\t\t<div class=\"elementor-divider\">\n\t\t\t<span class=\"elementor-divider-separator\">\n\t\t\t\t\t\t<\/span>\n\t\t<\/div>\n\t\t\t\t\t\t<\/div>\n\t\t\t\t<\/div>\n\t\t\t\t<div class=\"elementor-element elementor-element-79b1b13 elementor-widget elementor-widget-text-editor\" data-id=\"79b1b13\" data-element_type=\"widget\" data-e-type=\"widget\" data-widget_type=\"text-editor.default\">\n\t\t\t\t<div class=\"elementor-widget-container\">\n\t\t\t\t\t\t\t\t\t<p>Ortaokul sanat etkinlikleri, \u00f6\u011frencilerimizin estetik bak\u0131\u015f a\u00e7\u0131lar\u0131n\u0131 geli\u015ftirmeyi ve \u00fcretken bireyler olmalar\u0131n\u0131 desteklemeyi ama\u00e7lar. Ah\u015fap at\u00f6lyesi, g\u00f6rsel sanatlar \u00e7al\u0131\u015fmalar\u0131, diki\u015f at\u00f6lyesi ve seramik at\u00f6lyesi ile \u00f6\u011frencilerimiz hem el becerilerini hem de yarat\u0131c\u0131l\u0131klar\u0131n\u0131 ileri seviyeye ta\u015f\u0131r. Bu \u00e7al\u0131\u015fmalar, sab\u0131r, planlama ve \u00f6zg\u00fcn d\u00fc\u015f\u00fcnme becerilerinin geli\u015fimine katk\u0131 sa\u011flar.<\/p>\t\t\t\t\t\t\t\t<\/div>\n\t\t\t\t<\/div>\n\t\t\t\t<\/div>\n\t\t<div class=\"elementor-element elementor-element-5acf7e6 e-con-full e-flex elementor-invisible e-con e-child\" data-id=\"5acf7e6\" data-element_type=\"container\" data-e-type=\"container\" data-settings=\"{&quot;animation&quot;:&quot;fadeInLeft&quot;}\">\n\t\t\t\t<div class=\"elementor-element elementor-element-77414cf elementor-widget elementor-widget-image\" data-id=\"77414cf\" data-element_type=\"widget\" data-e-type=\"widget\" data-widget_type=\"image.default\">\n\t\t\t\t<div class=\"elementor-widget-container\">\n\t\t\t\t\t\t\t\t\t\t\t\t\t\t\t<img fetchpriority=\"high\" decoding=\"async\" width=\"1000\" height=\"667\" src=\"https:\/\/peronmedya.com\/liderokullari\/wp-content\/uploads\/2026\/02\/hillsboro-middle-school-art-lessons.jpg\" class=\"attachment-full size-full wp-image-2847\" alt=\"\" srcset=\"https:\/\/peronmedya.com\/liderokullari\/wp-content\/uploads\/2026\/02\/hillsboro-middle-school-art-lessons.jpg 1000w, https:\/\/peronmedya.com\/liderokullari\/wp-content\/uploads\/2026\/02\/hillsboro-middle-school-art-lessons-300x200.jpg 300w, https:\/\/peronmedya.com\/liderokullari\/wp-content\/uploads\/2026\/02\/hillsboro-middle-school-art-lessons-768x512.jpg 768w\" sizes=\"(max-width: 1000px) 100vw, 1000px\" \/>\t\t\t\t\t\t\t\t\t\t\t\t\t\t\t<\/div>\n\t\t\t\t<\/div>\n\t\t\t\t<\/div>\n\t\t\t\t<\/div>\n\t\t\t\t<\/div>\n\t\t\t\t\t<\/div>\n\t\t\t\t<\/div>\n\t\t\t\t<\/div>\n\t\t","protected":false},"excerpt":{"rendered":"<p>Sosyal Etkinlikler Sanat Ortaokul sanat etkinlikleri, \u00f6\u011frencilerimizin estetik bak\u0131\u015f a\u00e7\u0131lar\u0131n\u0131 geli\u015ftirmeyi ve \u00fcretken bireyler olmalar\u0131n\u0131 desteklemeyi ama\u00e7lar. Ah\u015fap at\u00f6lyesi, g\u00f6rsel sanatlar \u00e7al\u0131\u015fmalar\u0131, diki\u015f at\u00f6lyesi ve seramik at\u00f6lyesi ile \u00f6\u011frencilerimiz hem el becerilerini hem de yarat\u0131c\u0131l\u0131klar\u0131n\u0131 ileri seviyeye ta\u015f\u0131r. Bu \u00e7al\u0131\u015fmalar, sab\u0131r, planlama ve \u00f6zg\u00fcn d\u00fc\u015f\u00fcnme becerilerinin geli\u015fimine katk\u0131 sa\u011flar.<\/p>\n","protected":false},"author":3,"featured_media":0,"parent":0,"menu_order":0,"comment_status":"closed","ping_status":"closed","template":"","meta":{"footnotes":""},"class_list":["post-2844","page","type-page","status-publish","hentry"],"_links":{"self":[{"href":"https:\/\/peronmedya.com\/liderokullari\/wp-json\/wp\/v2\/pages\/2844","targetHints":{"allow":["GET"]}}],"collection":[{"href":"https:\/\/peronmedya.com\/liderokullari\/wp-json\/wp\/v2\/pages"}],"about":[{"href":"https:\/\/peronmedya.com\/liderokullari\/wp-json\/wp\/v2\/types\/page"}],"author":[{"embeddable":true,"href":"https:\/\/peronmedya.com\/liderokullari\/wp-json\/wp\/v2\/users\/3"}],"replies":[{"embeddable":true,"href":"https:\/\/peronmedya.com\/liderokullari\/wp-json\/wp\/v2\/comments?post=2844"}],"version-history":[{"count":7,"href":"https:\/\/peronmedya.com\/liderokullari\/wp-json\/wp\/v2\/pages\/2844\/revisions"}],"predecessor-version":[{"id":3831,"href":"https:\/\/peronmedya.com\/liderokullari\/wp-json\/wp\/v2\/pages\/2844\/revisions\/3831"}],"wp:attachment":[{"href":"https:\/\/peronmedya.com\/liderokullari\/wp-json\/wp\/v2\/media?parent=2844"}],"curies":[{"name":"wp","href":"https:\/\/api.w.org\/{rel}","templated":true}]}}