{"id":2851,"date":"2026-02-05T06:06:08","date_gmt":"2026-02-05T06:06:08","guid":{"rendered":"https:\/\/peronmedya.com\/liderokullari\/?page_id=2851"},"modified":"2026-02-11T10:22:21","modified_gmt":"2026-02-11T10:22:21","slug":"ortaokul-muzik","status":"publish","type":"page","link":"https:\/\/peronmedya.com\/liderokullari\/ortaokul-muzik\/","title":{"rendered":"Ortaokul M\u00fczik"},"content":{"rendered":"\t\t<div data-elementor-type=\"wp-page\" data-elementor-id=\"2851\" class=\"elementor elementor-2851\" data-elementor-post-type=\"page\">\n\t\t\t\t<div class=\"elementor-element elementor-element-9ffb74b e-flex e-con-boxed e-con e-parent\" data-id=\"9ffb74b\" data-element_type=\"container\" data-e-type=\"container\">\n\t\t\t\t\t<div class=\"e-con-inner\">\n\t\t\t\t<div class=\"elementor-element elementor-element-3bde575 elementor-widget elementor-widget-heading\" data-id=\"3bde575\" data-element_type=\"widget\" data-e-type=\"widget\" data-widget_type=\"heading.default\">\n\t\t\t\t<div class=\"elementor-widget-container\">\n\t\t\t\t\t<h1 class=\"elementor-heading-title elementor-size-default\">Sosyal Etkinlikler<\/h1>\t\t\t\t<\/div>\n\t\t\t\t<\/div>\n\t\t<div class=\"elementor-element elementor-element-3589316 e-con-full e-flex e-con e-child\" data-id=\"3589316\" data-element_type=\"container\" data-e-type=\"container\">\n\t\t<div class=\"elementor-element elementor-element-c9b56cf e-con-full e-flex e-con e-child\" data-id=\"c9b56cf\" data-element_type=\"container\" data-e-type=\"container\">\n\t\t<div class=\"elementor-element elementor-element-39e6ca0 e-con-full e-flex elementor-invisible e-con e-child\" data-id=\"39e6ca0\" data-element_type=\"container\" data-e-type=\"container\" data-settings=\"{&quot;animation&quot;:&quot;fadeInRight&quot;}\">\n\t\t\t\t<div class=\"elementor-element elementor-element-e91b435 elementor-widget elementor-widget-heading\" data-id=\"e91b435\" data-element_type=\"widget\" data-e-type=\"widget\" data-widget_type=\"heading.default\">\n\t\t\t\t<div class=\"elementor-widget-container\">\n\t\t\t\t\t<h2 class=\"elementor-heading-title elementor-size-default\">M\u00fczik<\/h2>\t\t\t\t<\/div>\n\t\t\t\t<\/div>\n\t\t\t\t<div class=\"elementor-element elementor-element-c829343 elementor-widget-divider--view-line elementor-widget elementor-widget-divider\" data-id=\"c829343\" data-element_type=\"widget\" data-e-type=\"widget\" data-widget_type=\"divider.default\">\n\t\t\t\t<div class=\"elementor-widget-container\">\n\t\t\t\t\t\t\t<div class=\"elementor-divider\">\n\t\t\t<span class=\"elementor-divider-separator\">\n\t\t\t\t\t\t<\/span>\n\t\t<\/div>\n\t\t\t\t\t\t<\/div>\n\t\t\t\t<\/div>\n\t\t\t\t<div class=\"elementor-element elementor-element-a3887e8 elementor-widget elementor-widget-text-editor\" data-id=\"a3887e8\" data-element_type=\"widget\" data-e-type=\"widget\" data-widget_type=\"text-editor.default\">\n\t\t\t\t<div class=\"elementor-widget-container\">\n\t\t\t\t\t\t\t\t\t<p>M\u00fczik etkinliklerimiz, \u00f6\u011frencilerimizin sanatsal ifade g\u00fcc\u00fcn\u00fc ve m\u00fczikal yetkinliklerini geli\u015ftirmeye y\u00f6nelik olarak planlanmaktad\u0131r. Okul korosu ve ritim grubu \u00e7al\u0131\u015fmalar\u0131n\u0131n yan\u0131 s\u0131ra; bireysel \u00e7alg\u0131 e\u011fitimleri kapsam\u0131nda gitar, ba\u011flama, keman, yan fl\u00fct ve bateri dersleri sunulmaktad\u0131r. Bu \u00e7al\u0131\u015fmalar, \u00f6\u011frencilerimizin m\u00fczikle daha derin bir ba\u011f kurmalar\u0131n\u0131 sa\u011flarken, disiplinli \u00e7al\u0131\u015fma al\u0131\u015fkanl\u0131\u011f\u0131 ve sahne deneyimi kazanmalar\u0131na katk\u0131 sunar.<\/p>\t\t\t\t\t\t\t\t<\/div>\n\t\t\t\t<\/div>\n\t\t\t\t<\/div>\n\t\t<div class=\"elementor-element elementor-element-807622d e-con-full e-flex elementor-invisible e-con e-child\" data-id=\"807622d\" data-element_type=\"container\" data-e-type=\"container\" data-settings=\"{&quot;animation&quot;:&quot;fadeInLeft&quot;}\">\n\t\t\t\t<div class=\"elementor-element elementor-element-a3c81a6 elementor-widget elementor-widget-image\" data-id=\"a3c81a6\" data-element_type=\"widget\" data-e-type=\"widget\" data-widget_type=\"image.default\">\n\t\t\t\t<div class=\"elementor-widget-container\">\n\t\t\t\t\t\t\t\t\t\t\t\t\t\t\t<img fetchpriority=\"high\" decoding=\"async\" width=\"1280\" height=\"720\" src=\"https:\/\/peronmedya.com\/liderokullari\/wp-content\/uploads\/2025\/10\/Lider-Okullari-I-Ilkokul-Muzik-Kulubu-0-26-screenshot.png\" class=\"attachment-full size-full wp-image-607\" alt=\"\" srcset=\"https:\/\/peronmedya.com\/liderokullari\/wp-content\/uploads\/2025\/10\/Lider-Okullari-I-Ilkokul-Muzik-Kulubu-0-26-screenshot.png 1280w, https:\/\/peronmedya.com\/liderokullari\/wp-content\/uploads\/2025\/10\/Lider-Okullari-I-Ilkokul-Muzik-Kulubu-0-26-screenshot-300x169.png 300w, https:\/\/peronmedya.com\/liderokullari\/wp-content\/uploads\/2025\/10\/Lider-Okullari-I-Ilkokul-Muzik-Kulubu-0-26-screenshot-1024x576.png 1024w, https:\/\/peronmedya.com\/liderokullari\/wp-content\/uploads\/2025\/10\/Lider-Okullari-I-Ilkokul-Muzik-Kulubu-0-26-screenshot-768x432.png 768w\" sizes=\"(max-width: 1280px) 100vw, 1280px\" \/>\t\t\t\t\t\t\t\t\t\t\t\t\t\t\t<\/div>\n\t\t\t\t<\/div>\n\t\t\t\t<\/div>\n\t\t\t\t<\/div>\n\t\t\t\t<\/div>\n\t\t\t\t\t<\/div>\n\t\t\t\t<\/div>\n\t\t\t\t<\/div>\n\t\t","protected":false},"excerpt":{"rendered":"<p>Sosyal Etkinlikler M\u00fczik M\u00fczik etkinliklerimiz, \u00f6\u011frencilerimizin sanatsal ifade g\u00fcc\u00fcn\u00fc ve m\u00fczikal yetkinliklerini geli\u015ftirmeye y\u00f6nelik olarak planlanmaktad\u0131r. Okul korosu ve ritim grubu \u00e7al\u0131\u015fmalar\u0131n\u0131n yan\u0131 s\u0131ra; bireysel \u00e7alg\u0131 e\u011fitimleri kapsam\u0131nda gitar, ba\u011flama, keman, yan fl\u00fct ve bateri dersleri sunulmaktad\u0131r. Bu \u00e7al\u0131\u015fmalar, \u00f6\u011frencilerimizin m\u00fczikle daha derin bir ba\u011f kurmalar\u0131n\u0131 sa\u011flarken, disiplinli \u00e7al\u0131\u015fma al\u0131\u015fkanl\u0131\u011f\u0131 ve sahne deneyimi kazanmalar\u0131na katk\u0131 [&hellip;]<\/p>\n","protected":false},"author":3,"featured_media":0,"parent":0,"menu_order":0,"comment_status":"closed","ping_status":"closed","template":"","meta":{"footnotes":""},"class_list":["post-2851","page","type-page","status-publish","hentry"],"_links":{"self":[{"href":"https:\/\/peronmedya.com\/liderokullari\/wp-json\/wp\/v2\/pages\/2851","targetHints":{"allow":["GET"]}}],"collection":[{"href":"https:\/\/peronmedya.com\/liderokullari\/wp-json\/wp\/v2\/pages"}],"about":[{"href":"https:\/\/peronmedya.com\/liderokullari\/wp-json\/wp\/v2\/types\/page"}],"author":[{"embeddable":true,"href":"https:\/\/peronmedya.com\/liderokullari\/wp-json\/wp\/v2\/users\/3"}],"replies":[{"embeddable":true,"href":"https:\/\/peronmedya.com\/liderokullari\/wp-json\/wp\/v2\/comments?post=2851"}],"version-history":[{"count":7,"href":"https:\/\/peronmedya.com\/liderokullari\/wp-json\/wp\/v2\/pages\/2851\/revisions"}],"predecessor-version":[{"id":3834,"href":"https:\/\/peronmedya.com\/liderokullari\/wp-json\/wp\/v2\/pages\/2851\/revisions\/3834"}],"wp:attachment":[{"href":"https:\/\/peronmedya.com\/liderokullari\/wp-json\/wp\/v2\/media?parent=2851"}],"curies":[{"name":"wp","href":"https:\/\/api.w.org\/{rel}","templated":true}]}}