{"id":2895,"date":"2026-02-05T10:26:19","date_gmt":"2026-02-05T10:26:19","guid":{"rendered":"https:\/\/peronmedya.com\/liderokullari\/?page_id=2895"},"modified":"2026-02-11T08:46:15","modified_gmt":"2026-02-11T08:46:15","slug":"sanal-tur","status":"publish","type":"page","link":"https:\/\/peronmedya.com\/liderokullari\/sanal-tur\/","title":{"rendered":"Sanal Tur"},"content":{"rendered":"\t\t<div data-elementor-type=\"wp-page\" data-elementor-id=\"2895\" class=\"elementor elementor-2895\" data-elementor-post-type=\"page\">\n\t\t\t\t<div class=\"elementor-element elementor-element-2fb0246 e-flex e-con-boxed e-con e-parent\" data-id=\"2fb0246\" data-element_type=\"container\" data-e-type=\"container\">\n\t\t\t\t\t<div class=\"e-con-inner\">\n\t\t\t\t<div class=\"elementor-element elementor-element-d380ecf elementor-widget elementor-widget-heading\" data-id=\"d380ecf\" data-element_type=\"widget\" data-e-type=\"widget\" data-widget_type=\"heading.default\">\n\t\t\t\t<div class=\"elementor-widget-container\">\n\t\t\t\t\t<h1 class=\"elementor-heading-title elementor-size-default\">Sanal Tur<\/h1>\t\t\t\t<\/div>\n\t\t\t\t<\/div>\n\t\t<div class=\"elementor-element elementor-element-5305625 e-con-full e-flex e-con e-child\" data-id=\"5305625\" data-element_type=\"container\" data-e-type=\"container\">\n\t\t<div class=\"elementor-element elementor-element-fad72ac e-con-full e-flex e-con e-child\" data-id=\"fad72ac\" data-element_type=\"container\" data-e-type=\"container\">\n\t\t<div class=\"elementor-element elementor-element-7388a7f e-con-full e-flex elementor-invisible e-con e-child\" data-id=\"7388a7f\" data-element_type=\"container\" data-e-type=\"container\" data-settings=\"{&quot;animation&quot;:&quot;fadeInRight&quot;}\">\n\t\t\t\t<div class=\"elementor-element elementor-element-1dfec5f elementor-widget elementor-widget-heading\" data-id=\"1dfec5f\" data-element_type=\"widget\" data-e-type=\"widget\" data-widget_type=\"heading.default\">\n\t\t\t\t<div class=\"elementor-widget-container\">\n\t\t\t\t\t<h2 class=\"elementor-heading-title elementor-size-default\">360 Derece sanal Tur<\/h2>\t\t\t\t<\/div>\n\t\t\t\t<\/div>\n\t\t\t\t<div class=\"elementor-element elementor-element-a477487 elementor-widget-divider--view-line elementor-widget elementor-widget-divider\" data-id=\"a477487\" data-element_type=\"widget\" data-e-type=\"widget\" data-widget_type=\"divider.default\">\n\t\t\t\t<div class=\"elementor-widget-container\">\n\t\t\t\t\t\t\t<div class=\"elementor-divider\">\n\t\t\t<span class=\"elementor-divider-separator\">\n\t\t\t\t\t\t<\/span>\n\t\t<\/div>\n\t\t\t\t\t\t<\/div>\n\t\t\t\t<\/div>\n\t\t\t\t<div class=\"elementor-element elementor-element-8371ed3 elementor-widget elementor-widget-text-editor\" data-id=\"8371ed3\" data-element_type=\"widget\" data-e-type=\"widget\" data-widget_type=\"text-editor.default\">\n\t\t\t\t<div class=\"elementor-widget-container\">\n\t\t\t\t\t\t\t\t\t<p>360 derece sanal tur ile okulumuzu ger\u00e7e\u011fe yak\u0131n bir \u015fekilde gezebilirsiniz. Yine de sizleri okulumuzu ziyaret etmeniz i\u00e7in bekliyor olaca\u011f\u0131z.<\/p>\t\t\t\t\t\t\t\t<\/div>\n\t\t\t\t<\/div>\n\t\t\t\t<div class=\"elementor-element elementor-element-ddb64cc elementor-mobile-align-center elementor-widget elementor-widget-button\" data-id=\"ddb64cc\" data-element_type=\"widget\" data-e-type=\"widget\" data-widget_type=\"button.default\">\n\t\t\t\t<div class=\"elementor-widget-container\">\n\t\t\t\t\t\t\t\t\t<div class=\"elementor-button-wrapper\">\n\t\t\t\t\t<a class=\"elementor-button elementor-button-link elementor-size-sm\" href=\"https:\/\/liderokullari.com\/sanaltur\/\">\n\t\t\t\t\t\t<span class=\"elementor-button-content-wrapper\">\n\t\t\t\t\t\t\t\t\t<span class=\"elementor-button-text\">Sanal Tur \u0130\u00e7in T\u0131klay\u0131n\u0131z<\/span>\n\t\t\t\t\t<\/span>\n\t\t\t\t\t<\/a>\n\t\t\t\t<\/div>\n\t\t\t\t\t\t\t\t<\/div>\n\t\t\t\t<\/div>\n\t\t\t\t<\/div>\n\t\t<div class=\"elementor-element elementor-element-9a26a40 e-con-full e-flex elementor-invisible e-con e-child\" data-id=\"9a26a40\" data-element_type=\"container\" data-e-type=\"container\" data-settings=\"{&quot;animation&quot;:&quot;fadeInLeft&quot;,&quot;background_background&quot;:&quot;classic&quot;}\">\n\t\t\t\t<div class=\"elementor-element elementor-element-3382f34 elementor-widget elementor-widget-image\" data-id=\"3382f34\" data-element_type=\"widget\" data-e-type=\"widget\" data-widget_type=\"image.default\">\n\t\t\t\t<div class=\"elementor-widget-container\">\n\t\t\t\t\t\t\t\t\t\t\t\t\t\t\t<img fetchpriority=\"high\" decoding=\"async\" width=\"2016\" height=\"1134\" src=\"https:\/\/peronmedya.com\/liderokullari\/wp-content\/uploads\/2026\/01\/DJI_20250216154638_0380_D-1-1.jpg\" class=\"attachment-full size-full wp-image-2203\" alt=\"\" srcset=\"https:\/\/peronmedya.com\/liderokullari\/wp-content\/uploads\/2026\/01\/DJI_20250216154638_0380_D-1-1.jpg 2016w, https:\/\/peronmedya.com\/liderokullari\/wp-content\/uploads\/2026\/01\/DJI_20250216154638_0380_D-1-1-300x169.jpg 300w, https:\/\/peronmedya.com\/liderokullari\/wp-content\/uploads\/2026\/01\/DJI_20250216154638_0380_D-1-1-1024x576.jpg 1024w, https:\/\/peronmedya.com\/liderokullari\/wp-content\/uploads\/2026\/01\/DJI_20250216154638_0380_D-1-1-768x432.jpg 768w, https:\/\/peronmedya.com\/liderokullari\/wp-content\/uploads\/2026\/01\/DJI_20250216154638_0380_D-1-1-1536x864.jpg 1536w\" sizes=\"(max-width: 2016px) 100vw, 2016px\" \/>\t\t\t\t\t\t\t\t\t\t\t\t\t\t\t<\/div>\n\t\t\t\t<\/div>\n\t\t\t\t<\/div>\n\t\t\t\t<\/div>\n\t\t\t\t<\/div>\n\t\t\t\t\t<\/div>\n\t\t\t\t<\/div>\n\t\t\t\t<\/div>\n\t\t","protected":false},"excerpt":{"rendered":"<p>Sanal Tur 360 Derece sanal Tur 360 derece sanal tur ile okulumuzu ger\u00e7e\u011fe yak\u0131n bir \u015fekilde gezebilirsiniz. Yine de sizleri okulumuzu ziyaret etmeniz i\u00e7in bekliyor olaca\u011f\u0131z. Sanal Tur \u0130\u00e7in T\u0131klay\u0131n\u0131z<\/p>\n","protected":false},"author":3,"featured_media":0,"parent":0,"menu_order":0,"comment_status":"closed","ping_status":"closed","template":"","meta":{"footnotes":""},"class_list":["post-2895","page","type-page","status-publish","hentry"],"_links":{"self":[{"href":"https:\/\/peronmedya.com\/liderokullari\/wp-json\/wp\/v2\/pages\/2895","targetHints":{"allow":["GET"]}}],"collection":[{"href":"https:\/\/peronmedya.com\/liderokullari\/wp-json\/wp\/v2\/pages"}],"about":[{"href":"https:\/\/peronmedya.com\/liderokullari\/wp-json\/wp\/v2\/types\/page"}],"author":[{"embeddable":true,"href":"https:\/\/peronmedya.com\/liderokullari\/wp-json\/wp\/v2\/users\/3"}],"replies":[{"embeddable":true,"href":"https:\/\/peronmedya.com\/liderokullari\/wp-json\/wp\/v2\/comments?post=2895"}],"version-history":[{"count":10,"href":"https:\/\/peronmedya.com\/liderokullari\/wp-json\/wp\/v2\/pages\/2895\/revisions"}],"predecessor-version":[{"id":3720,"href":"https:\/\/peronmedya.com\/liderokullari\/wp-json\/wp\/v2\/pages\/2895\/revisions\/3720"}],"wp:attachment":[{"href":"https:\/\/peronmedya.com\/liderokullari\/wp-json\/wp\/v2\/media?parent=2895"}],"curies":[{"name":"wp","href":"https:\/\/api.w.org\/{rel}","templated":true}]}}