{"id":2897,"date":"2026-02-05T10:26:42","date_gmt":"2026-02-05T10:26:42","guid":{"rendered":"https:\/\/peronmedya.com\/liderokullari\/?page_id=2897"},"modified":"2026-02-11T08:48:36","modified_gmt":"2026-02-11T08:48:36","slug":"lider-birligi","status":"publish","type":"page","link":"https:\/\/peronmedya.com\/liderokullari\/lider-birligi\/","title":{"rendered":"Lider Birli\u011fi"},"content":{"rendered":"\t\t<div data-elementor-type=\"wp-page\" data-elementor-id=\"2897\" class=\"elementor elementor-2897\" data-elementor-post-type=\"page\">\n\t\t\t\t<div class=\"elementor-element elementor-element-93aa9b8 e-flex e-con-boxed e-con e-parent\" data-id=\"93aa9b8\" data-element_type=\"container\" data-e-type=\"container\">\n\t\t\t\t\t<div class=\"e-con-inner\">\n\t\t\t\t<div class=\"elementor-element elementor-element-4ecd6d2 elementor-widget elementor-widget-heading\" data-id=\"4ecd6d2\" data-element_type=\"widget\" data-e-type=\"widget\" data-widget_type=\"heading.default\">\n\t\t\t\t<div class=\"elementor-widget-container\">\n\t\t\t\t\t<h1 class=\"elementor-heading-title elementor-size-default\">\u00d6\u011frenci Meclisi<\/h1>\t\t\t\t<\/div>\n\t\t\t\t<\/div>\n\t\t<div class=\"elementor-element elementor-element-ef37546 e-con-full e-flex e-con e-child\" data-id=\"ef37546\" data-element_type=\"container\" data-e-type=\"container\">\n\t\t<div class=\"elementor-element elementor-element-afe6381 e-con-full e-flex e-con e-child\" data-id=\"afe6381\" data-element_type=\"container\" data-e-type=\"container\">\n\t\t<div class=\"elementor-element elementor-element-59df583 e-con-full e-flex elementor-invisible e-con e-child\" data-id=\"59df583\" data-element_type=\"container\" data-e-type=\"container\" data-settings=\"{&quot;animation&quot;:&quot;fadeInRight&quot;}\">\n\t\t\t\t<div class=\"elementor-element elementor-element-4c6bcb2 elementor-widget elementor-widget-text-editor\" data-id=\"4c6bcb2\" data-element_type=\"widget\" data-e-type=\"widget\" data-widget_type=\"text-editor.default\">\n\t\t\t\t<div class=\"elementor-widget-container\">\n\t\t\t\t\t\t\t\t\t<p class=\"p1\"><span class=\"s1\"><b>Ayd\u0131n Lider Okullar\u0131 \u00d6\u011frenci Meclisi<\/b><\/span>, 2017 y\u0131l\u0131ndan bu yana \u00f6\u011frencilerin okul y\u00f6netiminde s\u00f6z sahibi olmas\u0131n\u0131 sa\u011flamaktad\u0131r. \u00d6\u011frenci Meclisi, her y\u0131l demokratik se\u00e7imlerle olu\u015fturulmakta; her \u015fubeden se\u00e7ilen bir s\u0131n\u0131f temsilcisi bir y\u0131l boyunca aktif olarak g\u00f6rev almaktad\u0131r.<\/p><p class=\"p1\">Okulumuz M\u00fcd\u00fcrl\u00fc\u011f\u00fc taraf\u0131ndan her y\u0131l <span class=\"s1\"><b>Ekim ay\u0131n\u0131n son haftas\u0131nda<\/b><\/span> \u00d6\u011frenci Meclisine y\u00f6nelik \u00e7al\u0131\u015fmalar ba\u015flat\u0131lmaktad\u0131r. Bu kapsamda, \u00d6\u011frenci Meclisinin i\u015fleyi\u015fi Ekim ay\u0131 itibar\u0131yla a\u015fa\u011f\u0131daki \u015fekilde y\u00fcr\u00fct\u00fclmektedir:<\/p><ul class=\"ul1\"><li class=\"li1\">T\u00fcm s\u0131n\u0131flardan birer temsilcinin belirlenmesi,<\/li><li class=\"li1\">Okul \u00d6\u011frenci Meclisi Ekim Ay\u0131 Toplant\u0131s\u0131n\u0131n yap\u0131lmas\u0131 ve foto\u011fraf \u00e7ekimi,<\/li><li class=\"li1\">Ba\u015fkan adaylar\u0131n\u0131n dilek\u00e7elerini okul idaresine sunmas\u0131,<\/li><li class=\"li1\">Ba\u015fkan adaylar\u0131n\u0131n tan\u0131t\u0131m\u0131 ve propaganda s\u00fcrecinin ger\u00e7ekle\u015ftirilmesi,<\/li><li class=\"li1\">Okul \u00d6\u011frenci Meclisi Ba\u015fkan\u0131n\u0131n se\u00e7ilmesi,<\/li><li class=\"li1\">Her ay\u0131n ikinci haftas\u0131nda ola\u011fan toplant\u0131lar\u0131n yap\u0131lmas\u0131.<\/li><\/ul><p class=\"p1\">\u00d6\u011frenci Meclisinin amac\u0131; \u00f6\u011frencilerin istek ve d\u00fc\u015f\u00fcncelerini \u00f6\u011fretmenlere ve okul y\u00f6netimine iletmek, okulda daha mutlu, d\u00fczenli ve kat\u0131l\u0131mc\u0131 bir ortam olu\u015fturmakt\u0131r. \u00d6\u011frenci ya\u015fam\u0131n\u0131 etkileyen sorunlar\u0131n \u00e7\u00f6z\u00fcm\u00fcne katk\u0131 sa\u011flamak, sosyal sorumluluk projelerinde aktif rol almak ve \u00f6\u011frenciler ile okul idaresi aras\u0131ndaki ileti\u015fimi g\u00fc\u00e7lendirmek, \u00d6\u011frenci Meclisinin ba\u015fl\u0131ca sorumluluklar\u0131 aras\u0131ndad\u0131r.<\/p>\t\t\t\t\t\t\t\t<\/div>\n\t\t\t\t<\/div>\n\t\t\t\t<\/div>\n\t\t<div class=\"elementor-element elementor-element-bc61a5a e-con-full e-flex elementor-invisible e-con e-child\" data-id=\"bc61a5a\" data-element_type=\"container\" data-e-type=\"container\" data-settings=\"{&quot;animation&quot;:&quot;fadeInLeft&quot;,&quot;background_background&quot;:&quot;classic&quot;}\">\n\t\t\t\t<div class=\"elementor-element elementor-element-72ed1bd elementor-widget elementor-widget-image\" data-id=\"72ed1bd\" data-element_type=\"widget\" data-e-type=\"widget\" data-widget_type=\"image.default\">\n\t\t\t\t<div class=\"elementor-widget-container\">\n\t\t\t\t\t\t\t\t\t\t\t\t\t\t\t<img fetchpriority=\"high\" decoding=\"async\" width=\"1222\" height=\"1600\" src=\"https:\/\/peronmedya.com\/liderokullari\/wp-content\/uploads\/2026\/02\/WhatsApp-Image-2026-02-09-at-09.48.36.jpeg\" class=\"attachment-full size-full wp-image-3520\" alt=\"\" srcset=\"https:\/\/peronmedya.com\/liderokullari\/wp-content\/uploads\/2026\/02\/WhatsApp-Image-2026-02-09-at-09.48.36.jpeg 1222w, https:\/\/peronmedya.com\/liderokullari\/wp-content\/uploads\/2026\/02\/WhatsApp-Image-2026-02-09-at-09.48.36-229x300.jpeg 229w, https:\/\/peronmedya.com\/liderokullari\/wp-content\/uploads\/2026\/02\/WhatsApp-Image-2026-02-09-at-09.48.36-782x1024.jpeg 782w, https:\/\/peronmedya.com\/liderokullari\/wp-content\/uploads\/2026\/02\/WhatsApp-Image-2026-02-09-at-09.48.36-768x1006.jpeg 768w, https:\/\/peronmedya.com\/liderokullari\/wp-content\/uploads\/2026\/02\/WhatsApp-Image-2026-02-09-at-09.48.36-1173x1536.jpeg 1173w\" sizes=\"(max-width: 1222px) 100vw, 1222px\" \/>\t\t\t\t\t\t\t\t\t\t\t\t\t\t\t<\/div>\n\t\t\t\t<\/div>\n\t\t\t\t<\/div>\n\t\t\t\t<\/div>\n\t\t\t\t<\/div>\n\t\t<div class=\"elementor-element elementor-element-34d62fa e-con-full e-flex e-con e-child\" data-id=\"34d62fa\" data-element_type=\"container\" data-e-type=\"container\">\n\t\t<div class=\"elementor-element elementor-element-4de48c6 e-con-full e-flex e-con e-child\" data-id=\"4de48c6\" data-element_type=\"container\" data-e-type=\"container\">\n\t\t<div class=\"elementor-element elementor-element-b612b19 e-con-full e-flex elementor-invisible e-con e-child\" data-id=\"b612b19\" data-element_type=\"container\" data-e-type=\"container\" data-settings=\"{&quot;animation&quot;:&quot;fadeInRight&quot;}\">\n\t\t\t\t<div class=\"elementor-element elementor-element-f8cdb20 elementor-widget elementor-widget-text-editor\" data-id=\"f8cdb20\" data-element_type=\"widget\" data-e-type=\"widget\" data-widget_type=\"text-editor.default\">\n\t\t\t\t<div class=\"elementor-widget-container\">\n\t\t\t\t\t\t\t\t\t<p class=\"p1\">Ayr\u0131ca \u00d6\u011frenci Meclisi; <span class=\"s1\"><b>\u00d6\u011fretmenler G\u00fcn\u00fc etkinliklerinin organizasyonu<\/b><\/span>, okul gezilerinin planlanmas\u0131, s\u0131n\u0131flar aras\u0131 spor olimpiyatlar\u0131 ile m\u00fczik, resim, bilgi ve <span class=\"s1\"><b>En Temiz S\u0131n\u0131f<\/b><\/span> yar\u0131\u015fmalar\u0131n\u0131n d\u00fczenlenmesi, \u00f6zel g\u00fcn kutlamalar\u0131 ve sosyal sorumluluk projelerinde bug\u00fcne kadar bir\u00e7ok \u00f6rnek \u00e7al\u0131\u015fmaya imza atm\u0131\u015ft\u0131r.<\/p><p class=\"p1\">Lider Okullar\u0131nda y\u00fcr\u00fct\u00fclen <span class=\"s1\"><b>Okul \u00d6\u011frenci Meclisi<\/b><\/span> \u00e7al\u0131\u015fmalar\u0131, \u00f6\u011frencilerin sorumluluk bilinci kazanmas\u0131na katk\u0131 sa\u011flamakta; demokrasi ve yurtta\u015fl\u0131k anlay\u0131\u015f\u0131n\u0131 k\u00fc\u00e7\u00fck ya\u015flardan itibaren geli\u015ftirmelerine yard\u0131mc\u0131 olmaktad\u0131r. Mecliste oy birli\u011fiyle al\u0131nan kararlar, okulumuzun e\u011fitim anlay\u0131\u015f\u0131 ve ya\u015fam felsefesine olumlu y\u00f6nde etki etmektedir.<\/p>\t\t\t\t\t\t\t\t<\/div>\n\t\t\t\t<\/div>\n\t\t\t\t<\/div>\n\t\t<div class=\"elementor-element elementor-element-43c4bc1 e-con-full e-flex elementor-invisible e-con e-child\" data-id=\"43c4bc1\" data-element_type=\"container\" data-e-type=\"container\" data-settings=\"{&quot;animation&quot;:&quot;fadeInLeft&quot;,&quot;background_background&quot;:&quot;classic&quot;}\">\n\t\t\t\t<div class=\"elementor-element elementor-element-e41f6e2 elementor-widget__width-initial elementor-widget elementor-widget-video\" data-id=\"e41f6e2\" data-element_type=\"widget\" data-e-type=\"widget\" data-settings=\"{&quot;video_type&quot;:&quot;hosted&quot;,&quot;autoplay&quot;:&quot;yes&quot;,&quot;mute&quot;:&quot;yes&quot;,&quot;loop&quot;:&quot;yes&quot;}\" data-widget_type=\"video.default\">\n\t\t\t\t<div class=\"elementor-widget-container\">\n\t\t\t\t\t\t\t<div class=\"e-hosted-video elementor-wrapper elementor-open-inline\">\n\t\t\t\t\t<video class=\"elementor-video\" src=\"https:\/\/peronmedya.com\/liderokullari\/wp-content\/uploads\/2026\/02\/WhatsApp-Video-2026-02-09-at-09.50.48-1.mp4\" autoplay=\"\" loop=\"\" muted=\"muted\" controlsList=\"nodownload\"><\/video>\n\t\t\t\t<\/div>\n\t\t\t\t\t\t<\/div>\n\t\t\t\t<\/div>\n\t\t\t\t<\/div>\n\t\t\t\t<\/div>\n\t\t\t\t<\/div>\n\t\t\t\t\t<\/div>\n\t\t\t\t<\/div>\n\t\t\t\t<\/div>\n\t\t","protected":false},"excerpt":{"rendered":"<p>\u00d6\u011frenci Meclisi Ayd\u0131n Lider Okullar\u0131 \u00d6\u011frenci Meclisi, 2017 y\u0131l\u0131ndan bu yana \u00f6\u011frencilerin okul y\u00f6netiminde s\u00f6z sahibi olmas\u0131n\u0131 sa\u011flamaktad\u0131r. \u00d6\u011frenci Meclisi, her y\u0131l demokratik se\u00e7imlerle olu\u015fturulmakta; her \u015fubeden se\u00e7ilen bir s\u0131n\u0131f temsilcisi bir y\u0131l boyunca aktif olarak g\u00f6rev almaktad\u0131r. Okulumuz M\u00fcd\u00fcrl\u00fc\u011f\u00fc taraf\u0131ndan her y\u0131l Ekim ay\u0131n\u0131n son haftas\u0131nda \u00d6\u011frenci Meclisine y\u00f6nelik \u00e7al\u0131\u015fmalar ba\u015flat\u0131lmaktad\u0131r. Bu kapsamda, \u00d6\u011frenci [&hellip;]<\/p>\n","protected":false},"author":3,"featured_media":0,"parent":0,"menu_order":0,"comment_status":"closed","ping_status":"closed","template":"","meta":{"footnotes":""},"class_list":["post-2897","page","type-page","status-publish","hentry"],"_links":{"self":[{"href":"https:\/\/peronmedya.com\/liderokullari\/wp-json\/wp\/v2\/pages\/2897","targetHints":{"allow":["GET"]}}],"collection":[{"href":"https:\/\/peronmedya.com\/liderokullari\/wp-json\/wp\/v2\/pages"}],"about":[{"href":"https:\/\/peronmedya.com\/liderokullari\/wp-json\/wp\/v2\/types\/page"}],"author":[{"embeddable":true,"href":"https:\/\/peronmedya.com\/liderokullari\/wp-json\/wp\/v2\/users\/3"}],"replies":[{"embeddable":true,"href":"https:\/\/peronmedya.com\/liderokullari\/wp-json\/wp\/v2\/comments?post=2897"}],"version-history":[{"count":13,"href":"https:\/\/peronmedya.com\/liderokullari\/wp-json\/wp\/v2\/pages\/2897\/revisions"}],"predecessor-version":[{"id":3732,"href":"https:\/\/peronmedya.com\/liderokullari\/wp-json\/wp\/v2\/pages\/2897\/revisions\/3732"}],"wp:attachment":[{"href":"https:\/\/peronmedya.com\/liderokullari\/wp-json\/wp\/v2\/media?parent=2897"}],"curies":[{"name":"wp","href":"https:\/\/api.w.org\/{rel}","templated":true}]}}