{"id":2903,"date":"2026-02-05T10:28:41","date_gmt":"2026-02-05T10:28:41","guid":{"rendered":"https:\/\/peronmedya.com\/liderokullari\/?page_id=2903"},"modified":"2026-02-11T10:35:35","modified_gmt":"2026-02-11T10:35:35","slug":"basarilarimiz","status":"publish","type":"page","link":"https:\/\/peronmedya.com\/liderokullari\/basarilarimiz\/","title":{"rendered":"Ba\u015far\u0131lar\u0131m\u0131z"},"content":{"rendered":"\t\t<div data-elementor-type=\"wp-page\" data-elementor-id=\"2903\" class=\"elementor elementor-2903\" data-elementor-post-type=\"page\">\n\t\t\t\t<div class=\"elementor-element elementor-element-a28fde2 e-flex e-con-boxed e-con e-parent\" data-id=\"a28fde2\" data-element_type=\"container\" data-e-type=\"container\">\n\t\t\t\t\t<div class=\"e-con-inner\">\n\t\t\t\t<div class=\"elementor-element elementor-element-ee2ac0c elementor-widget elementor-widget-heading\" data-id=\"ee2ac0c\" data-element_type=\"widget\" data-e-type=\"widget\" data-widget_type=\"heading.default\">\n\t\t\t\t<div class=\"elementor-widget-container\">\n\t\t\t\t\t<h1 class=\"elementor-heading-title elementor-size-default\">Ba\u015far\u0131lar\u0131m\u0131z<\/h1>\t\t\t\t<\/div>\n\t\t\t\t<\/div>\n\t\t<div class=\"elementor-element elementor-element-2718d3f e-con-full e-flex e-con e-child\" data-id=\"2718d3f\" data-element_type=\"container\" data-e-type=\"container\">\n\t\t<div class=\"elementor-element elementor-element-8030253 e-con-full e-flex e-con e-child\" data-id=\"8030253\" data-element_type=\"container\" data-e-type=\"container\">\n\t\t\t\t<div class=\"elementor-element elementor-element-94776b9 elementor-widget__width-initial elementor-widget-mobile__width-inherit elementor-widget elementor-widget-text-editor\" data-id=\"94776b9\" data-element_type=\"widget\" data-e-type=\"widget\" data-widget_type=\"text-editor.default\">\n\t\t\t\t<div class=\"elementor-widget-container\">\n\t\t\t\t\t\t\t\t\t<p class=\"p1\"><strong>T\u00fcrkiye Bilim Ligi<\/strong><\/p><p class=\"p2\">\u2022 Ulusal Matematik Yar\u0131\u015fmas\u0131 \u2013 Finalist<\/p><p class=\"p1\"><strong>Young Reporters for the Environment<\/strong><\/p><p class=\"p2\">\u2022 \u00c7evre Konulu Makale \u00c7al\u0131\u015fmas\u0131<\/p><p class=\"p1\"><strong>Sigma Steam Olympics<\/strong><\/p><p class=\"p2\">\u2022 Kat\u0131l\u0131m Sertifikas\u0131<\/p><p class=\"p1\"><strong>Science Without Borders<\/strong><\/p><p class=\"p2\">\u2022 Ba\u015far\u0131 Sertifikas\u0131<\/p><p class=\"p1\"><strong>Classical Music Stars<\/strong><\/p><p class=\"p2\">\u2022 Piyano \u2013 Onur \u00d6d\u00fcl\u00fc<\/p>\t\t\t\t\t\t\t\t<\/div>\n\t\t\t\t<\/div>\n\t\t\t\t<div class=\"elementor-element elementor-element-1b09153 elementor-widget__width-initial elementor-widget-mobile__width-inherit elementor-widget elementor-widget-text-editor\" data-id=\"1b09153\" data-element_type=\"widget\" data-e-type=\"widget\" data-widget_type=\"text-editor.default\">\n\t\t\t\t<div class=\"elementor-widget-container\">\n\t\t\t\t\t\t\t\t\t<p class=\"p1\"><strong>NASA Space Apps Challenge<\/strong><\/p><p class=\"p2\">\u2022 En \u0130yi Veri Analizi \u00d6d\u00fcl\u00fc<\/p><p class=\"p1\"><strong>AMO (American Mathematics Olympiad)<\/strong><\/p><p class=\"p2\">\u2022 Onur \u00d6d\u00fcl\u00fc<\/p><p class=\"p2\">\u2022 Bronz Madalya<\/p><p class=\"p1\"><strong>SMOC (Singapore and Asian Schools Math Olympiad)<\/strong><\/p><p class=\"p2\">\u2022 Singapur Finali\u2019ne Kalma Hakk\u0131<\/p><p class=\"p1\"><strong>CryptoMath Yar\u0131\u015fmas\u0131<\/strong><\/p><p class=\"p2\">\u2022 11 tak\u0131m aras\u0131ndan Bronz Madalya<\/p><p class=\"p1\"><strong>Ko\u00e7arl\u0131 RoboFest<\/strong><\/p><p class=\"p2\">\u2022 \u0130l \u00dc\u00e7\u00fcnc\u00fcl\u00fc\u011f\u00fc<\/p>\t\t\t\t\t\t\t\t<\/div>\n\t\t\t\t<\/div>\n\t\t\t\t<\/div>\n\t\t\t\t<div class=\"elementor-element elementor-element-b135714 elementor-widget elementor-widget-image\" data-id=\"b135714\" data-element_type=\"widget\" data-e-type=\"widget\" data-widget_type=\"image.default\">\n\t\t\t\t<div class=\"elementor-widget-container\">\n\t\t\t\t\t\t\t\t\t\t\t\t\t\t\t<img fetchpriority=\"high\" decoding=\"async\" width=\"800\" height=\"1000\" src=\"https:\/\/peronmedya.com\/liderokullari\/wp-content\/uploads\/2026\/02\/proje-basarilarimiz1-819x1024.jpg\" class=\"attachment-large size-large wp-image-3161\" alt=\"\" srcset=\"https:\/\/peronmedya.com\/liderokullari\/wp-content\/uploads\/2026\/02\/proje-basarilarimiz1-819x1024.jpg 819w, https:\/\/peronmedya.com\/liderokullari\/wp-content\/uploads\/2026\/02\/proje-basarilarimiz1-240x300.jpg 240w, https:\/\/peronmedya.com\/liderokullari\/wp-content\/uploads\/2026\/02\/proje-basarilarimiz1-768x960.jpg 768w, https:\/\/peronmedya.com\/liderokullari\/wp-content\/uploads\/2026\/02\/proje-basarilarimiz1.jpg 1080w\" sizes=\"(max-width: 800px) 100vw, 800px\" \/>\t\t\t\t\t\t\t\t\t\t\t\t\t\t\t<\/div>\n\t\t\t\t<\/div>\n\t\t\t\t<\/div>\n\t\t<div class=\"elementor-element elementor-element-2d48a5f e-con-full e-grid e-con e-child\" data-id=\"2d48a5f\" data-element_type=\"container\" data-e-type=\"container\">\n\t\t\t\t<div class=\"elementor-element elementor-element-93705df elementor-widget elementor-widget-image\" data-id=\"93705df\" data-element_type=\"widget\" data-e-type=\"widget\" data-widget_type=\"image.default\">\n\t\t\t\t<div class=\"elementor-widget-container\">\n\t\t\t\t\t\t\t\t\t\t\t\t\t\t\t<img decoding=\"async\" width=\"800\" height=\"1000\" src=\"https:\/\/peronmedya.com\/liderokullari\/wp-content\/uploads\/2026\/02\/proje-basarilarimiz-4-819x1024.jpg\" class=\"attachment-large size-large wp-image-3164\" alt=\"\" srcset=\"https:\/\/peronmedya.com\/liderokullari\/wp-content\/uploads\/2026\/02\/proje-basarilarimiz-4-819x1024.jpg 819w, https:\/\/peronmedya.com\/liderokullari\/wp-content\/uploads\/2026\/02\/proje-basarilarimiz-4-240x300.jpg 240w, https:\/\/peronmedya.com\/liderokullari\/wp-content\/uploads\/2026\/02\/proje-basarilarimiz-4-768x960.jpg 768w, https:\/\/peronmedya.com\/liderokullari\/wp-content\/uploads\/2026\/02\/proje-basarilarimiz-4.jpg 1080w\" sizes=\"(max-width: 800px) 100vw, 800px\" \/>\t\t\t\t\t\t\t\t\t\t\t\t\t\t\t<\/div>\n\t\t\t\t<\/div>\n\t\t\t\t<div class=\"elementor-element elementor-element-c5cde51 elementor-widget elementor-widget-image\" data-id=\"c5cde51\" data-element_type=\"widget\" data-e-type=\"widget\" data-widget_type=\"image.default\">\n\t\t\t\t<div class=\"elementor-widget-container\">\n\t\t\t\t\t\t\t\t\t\t\t\t\t\t\t<img decoding=\"async\" width=\"800\" height=\"1000\" src=\"https:\/\/peronmedya.com\/liderokullari\/wp-content\/uploads\/2026\/02\/proje-basarilarimiz-3-819x1024.jpg\" class=\"attachment-large size-large wp-image-3163\" alt=\"\" srcset=\"https:\/\/peronmedya.com\/liderokullari\/wp-content\/uploads\/2026\/02\/proje-basarilarimiz-3-819x1024.jpg 819w, https:\/\/peronmedya.com\/liderokullari\/wp-content\/uploads\/2026\/02\/proje-basarilarimiz-3-240x300.jpg 240w, https:\/\/peronmedya.com\/liderokullari\/wp-content\/uploads\/2026\/02\/proje-basarilarimiz-3-768x960.jpg 768w, https:\/\/peronmedya.com\/liderokullari\/wp-content\/uploads\/2026\/02\/proje-basarilarimiz-3.jpg 1080w\" sizes=\"(max-width: 800px) 100vw, 800px\" \/>\t\t\t\t\t\t\t\t\t\t\t\t\t\t\t<\/div>\n\t\t\t\t<\/div>\n\t\t\t\t<div class=\"elementor-element elementor-element-0813308 elementor-widget elementor-widget-image\" data-id=\"0813308\" data-element_type=\"widget\" data-e-type=\"widget\" data-widget_type=\"image.default\">\n\t\t\t\t<div class=\"elementor-widget-container\">\n\t\t\t\t\t\t\t\t\t\t\t\t\t\t\t<img loading=\"lazy\" decoding=\"async\" width=\"800\" height=\"1000\" src=\"https:\/\/peronmedya.com\/liderokullari\/wp-content\/uploads\/2026\/02\/proje-basarilarimiz-2-819x1024.jpg\" class=\"attachment-large size-large wp-image-3162\" alt=\"\" srcset=\"https:\/\/peronmedya.com\/liderokullari\/wp-content\/uploads\/2026\/02\/proje-basarilarimiz-2-819x1024.jpg 819w, https:\/\/peronmedya.com\/liderokullari\/wp-content\/uploads\/2026\/02\/proje-basarilarimiz-2-240x300.jpg 240w, https:\/\/peronmedya.com\/liderokullari\/wp-content\/uploads\/2026\/02\/proje-basarilarimiz-2-768x960.jpg 768w, https:\/\/peronmedya.com\/liderokullari\/wp-content\/uploads\/2026\/02\/proje-basarilarimiz-2.jpg 1080w\" sizes=\"(max-width: 800px) 100vw, 800px\" \/>\t\t\t\t\t\t\t\t\t\t\t\t\t\t\t<\/div>\n\t\t\t\t<\/div>\n\t\t\t\t<\/div>\n\t\t<div class=\"elementor-element elementor-element-91be31c e-con-full e-flex e-con e-child\" data-id=\"91be31c\" data-element_type=\"container\" data-e-type=\"container\">\n\t\t\t\t<div class=\"elementor-element elementor-element-bbc5046 elementor-widget__width-initial elementor-widget-tablet__width-inherit elementor-widget elementor-widget-text-editor\" data-id=\"bbc5046\" data-element_type=\"widget\" data-e-type=\"widget\" data-widget_type=\"text-editor.default\">\n\t\t\t\t<div class=\"elementor-widget-container\">\n\t\t\t\t\t\t\t\t\t<h2 class=\"p1\"><strong>D\u0130\u011eER BA\u015eARILAR<\/strong><\/h2><p class=\"p2\"><strong>Global School Alliance<\/strong><\/p><p class=\"p3\">\u2022 Global School Award \u2013 Bronz Madalya<\/p><p class=\"p2\"><strong>Caribou Matematik Olimpiyatlar\u0131<\/strong><\/p><p class=\"p3\">\u2022 \u0130l Birincili\u011fi \/ \u0130l \u0130kincili\u011fi \/ \u0130l \u00dc\u00e7\u00fcnc\u00fcl\u00fc\u011f\u00fc<\/p><p class=\"p3\">\u2022 D\u00fcnya S\u0131ralamas\u0131: %5 \u2013 %6 \u2013 %9<\/p><p class=\"p2\"><strong>School Enterprise Challenge<\/strong><\/p><p class=\"p3\">\u2022 Business Implementer \u00d6d\u00fcl\u00fc<\/p><p class=\"p2\"><strong>Honourable Mention<\/strong><\/p><p class=\"p3\">\u2022 Onur \u00d6d\u00fcl\u00fc<\/p><p class=\"p2\"><strong>Country Winner<\/strong><\/p><p class=\"p3\">\u2022 \u00dclke Birincili\u011fi \u00d6d\u00fcl\u00fc<\/p>\t\t\t\t\t\t\t\t<\/div>\n\t\t\t\t<\/div>\n\t\t\t\t<div class=\"elementor-element elementor-element-bf35ea8 elementor-widget elementor-widget-image\" data-id=\"bf35ea8\" data-element_type=\"widget\" data-e-type=\"widget\" data-widget_type=\"image.default\">\n\t\t\t\t<div class=\"elementor-widget-container\">\n\t\t\t\t\t\t\t\t\t\t\t\t\t\t\t<img loading=\"lazy\" decoding=\"async\" width=\"800\" height=\"800\" src=\"https:\/\/peronmedya.com\/liderokullari\/wp-content\/uploads\/2026\/02\/SnapInsta.to_473994255_18337096309154955_4487307802235191755_n-1024x1024.jpg\" class=\"attachment-large size-large wp-image-3172\" alt=\"\" srcset=\"https:\/\/peronmedya.com\/liderokullari\/wp-content\/uploads\/2026\/02\/SnapInsta.to_473994255_18337096309154955_4487307802235191755_n-1024x1024.jpg 1024w, https:\/\/peronmedya.com\/liderokullari\/wp-content\/uploads\/2026\/02\/SnapInsta.to_473994255_18337096309154955_4487307802235191755_n-300x300.jpg 300w, https:\/\/peronmedya.com\/liderokullari\/wp-content\/uploads\/2026\/02\/SnapInsta.to_473994255_18337096309154955_4487307802235191755_n-150x150.jpg 150w, https:\/\/peronmedya.com\/liderokullari\/wp-content\/uploads\/2026\/02\/SnapInsta.to_473994255_18337096309154955_4487307802235191755_n-768x768.jpg 768w, https:\/\/peronmedya.com\/liderokullari\/wp-content\/uploads\/2026\/02\/SnapInsta.to_473994255_18337096309154955_4487307802235191755_n.jpg 1080w\" sizes=\"(max-width: 800px) 100vw, 800px\" \/>\t\t\t\t\t\t\t\t\t\t\t\t\t\t\t<\/div>\n\t\t\t\t<\/div>\n\t\t\t\t<\/div>\n\t\t\t\t\t<\/div>\n\t\t\t\t<\/div>\n\t\t\t\t<\/div>\n\t\t","protected":false},"excerpt":{"rendered":"<p>Ba\u015far\u0131lar\u0131m\u0131z T\u00fcrkiye Bilim Ligi \u2022 Ulusal Matematik Yar\u0131\u015fmas\u0131 \u2013 Finalist Young Reporters for the Environment \u2022 \u00c7evre Konulu Makale \u00c7al\u0131\u015fmas\u0131 Sigma Steam Olympics \u2022 Kat\u0131l\u0131m Sertifikas\u0131 Science Without Borders \u2022 Ba\u015far\u0131 Sertifikas\u0131 Classical Music Stars \u2022 Piyano \u2013 Onur \u00d6d\u00fcl\u00fc NASA Space Apps Challenge \u2022 En \u0130yi Veri Analizi \u00d6d\u00fcl\u00fc AMO (American Mathematics Olympiad) \u2022 [&hellip;]<\/p>\n","protected":false},"author":3,"featured_media":0,"parent":0,"menu_order":0,"comment_status":"closed","ping_status":"closed","template":"","meta":{"footnotes":""},"class_list":["post-2903","page","type-page","status-publish","hentry"],"_links":{"self":[{"href":"https:\/\/peronmedya.com\/liderokullari\/wp-json\/wp\/v2\/pages\/2903","targetHints":{"allow":["GET"]}}],"collection":[{"href":"https:\/\/peronmedya.com\/liderokullari\/wp-json\/wp\/v2\/pages"}],"about":[{"href":"https:\/\/peronmedya.com\/liderokullari\/wp-json\/wp\/v2\/types\/page"}],"author":[{"embeddable":true,"href":"https:\/\/peronmedya.com\/liderokullari\/wp-json\/wp\/v2\/users\/3"}],"replies":[{"embeddable":true,"href":"https:\/\/peronmedya.com\/liderokullari\/wp-json\/wp\/v2\/comments?post=2903"}],"version-history":[{"count":25,"href":"https:\/\/peronmedya.com\/liderokullari\/wp-json\/wp\/v2\/pages\/2903\/revisions"}],"predecessor-version":[{"id":3882,"href":"https:\/\/peronmedya.com\/liderokullari\/wp-json\/wp\/v2\/pages\/2903\/revisions\/3882"}],"wp:attachment":[{"href":"https:\/\/peronmedya.com\/liderokullari\/wp-json\/wp\/v2\/media?parent=2903"}],"curies":[{"name":"wp","href":"https:\/\/api.w.org\/{rel}","templated":true}]}}