{"id":2907,"date":"2026-02-05T10:31:12","date_gmt":"2026-02-05T10:31:12","guid":{"rendered":"https:\/\/peronmedya.com\/liderokullari\/?page_id=2907"},"modified":"2026-02-07T12:06:06","modified_gmt":"2026-02-07T12:06:06","slug":"anaokul-kadromuz","status":"publish","type":"page","link":"https:\/\/peronmedya.com\/liderokullari\/anaokul-kadromuz\/","title":{"rendered":"Anaokul Kadromuz"},"content":{"rendered":"\t\t<div data-elementor-type=\"wp-page\" data-elementor-id=\"2907\" class=\"elementor elementor-2907\" data-elementor-post-type=\"page\">\n\t\t\t\t<div class=\"elementor-element elementor-element-1d86ee2 e-flex e-con-boxed e-con e-parent\" data-id=\"1d86ee2\" data-element_type=\"container\" data-e-type=\"container\">\n\t\t\t\t\t<div class=\"e-con-inner\">\n\t\t<div class=\"elementor-element elementor-element-452ea7e e-flex e-con-boxed e-con e-child\" data-id=\"452ea7e\" data-element_type=\"container\" data-e-type=\"container\">\n\t\t\t\t\t<div class=\"e-con-inner\">\n\t\t\t\t<div class=\"elementor-element elementor-element-f633353 elementor-widget elementor-widget-heading\" data-id=\"f633353\" data-element_type=\"widget\" data-e-type=\"widget\" data-widget_type=\"heading.default\">\n\t\t\t\t<div class=\"elementor-widget-container\">\n\t\t\t\t\t<h2 class=\"elementor-heading-title elementor-size-default\">Anaokul Akademik Kadromuz<\/h2>\t\t\t\t<\/div>\n\t\t\t\t<\/div>\n\t\t<div class=\"elementor-element elementor-element-bd6ddab e-flex e-con-boxed e-con e-child\" data-id=\"bd6ddab\" data-element_type=\"container\" data-e-type=\"container\">\n\t\t\t\t\t<div class=\"e-con-inner\">\n\t\t\t\t<div class=\"elementor-element elementor-element-a997088 elementor-widget elementor-widget-text-editor\" data-id=\"a997088\" data-element_type=\"widget\" data-e-type=\"widget\" data-widget_type=\"text-editor.default\">\n\t\t\t\t<div class=\"elementor-widget-container\">\n\t\t\t\t\t\t\t\t\t<p><strong>SEVDA DURMU\u015eO\u011eLU<\/strong> <br \/>Anaokulu Koordinat\u00f6r\u00fc<\/p><p><strong>SEV\u0130L I\u015eIK CEYLAN<\/strong> <br \/>Anaokulu \u00d6\u011fretmeni<\/p><p><strong>\u0130LKNUR \u00c7ANKAYA<\/strong> <br \/>Anaokulu \u00d6\u011fretmeni <\/p>\t\t\t\t\t\t\t\t<\/div>\n\t\t\t\t<\/div>\n\t\t\t\t<div class=\"elementor-element elementor-element-37d7203 elementor-widget elementor-widget-text-editor\" data-id=\"37d7203\" data-element_type=\"widget\" data-e-type=\"widget\" data-widget_type=\"text-editor.default\">\n\t\t\t\t<div class=\"elementor-widget-container\">\n\t\t\t\t\t\t\t\t\t<p><strong>EL\u0130F G\u00d6K<\/strong> <br \/>Anaokulu \u00d6\u011fretmeni<\/p><p><strong>TU\u011eBA \u015e\u0130KOL<\/strong> <br \/>Anaokulu \u00d6\u011fretmeni<\/p><p><strong>MELEK B\u0130LGE TOKER<\/strong><br \/>Anaokulu \u00d6\u011fretmeni <\/p>\t\t\t\t\t\t\t\t<\/div>\n\t\t\t\t<\/div>\n\t\t\t\t\t<\/div>\n\t\t\t\t<\/div>\n\t\t\t\t\t<\/div>\n\t\t\t\t<\/div>\n\t\t\t\t\t<\/div>\n\t\t\t\t<\/div>\n\t\t\t\t<\/div>\n\t\t","protected":false},"excerpt":{"rendered":"<p>Anaokul Akademik Kadromuz SEVDA DURMU\u015eO\u011eLU Anaokulu Koordinat\u00f6r\u00fc SEV\u0130L I\u015eIK CEYLAN Anaokulu \u00d6\u011fretmeni \u0130LKNUR \u00c7ANKAYA Anaokulu \u00d6\u011fretmeni EL\u0130F G\u00d6K Anaokulu \u00d6\u011fretmeni TU\u011eBA \u015e\u0130KOL Anaokulu \u00d6\u011fretmeni MELEK B\u0130LGE TOKERAnaokulu \u00d6\u011fretmeni<\/p>\n","protected":false},"author":3,"featured_media":0,"parent":0,"menu_order":0,"comment_status":"closed","ping_status":"closed","template":"","meta":{"footnotes":""},"class_list":["post-2907","page","type-page","status-publish","hentry"],"_links":{"self":[{"href":"https:\/\/peronmedya.com\/liderokullari\/wp-json\/wp\/v2\/pages\/2907","targetHints":{"allow":["GET"]}}],"collection":[{"href":"https:\/\/peronmedya.com\/liderokullari\/wp-json\/wp\/v2\/pages"}],"about":[{"href":"https:\/\/peronmedya.com\/liderokullari\/wp-json\/wp\/v2\/types\/page"}],"author":[{"embeddable":true,"href":"https:\/\/peronmedya.com\/liderokullari\/wp-json\/wp\/v2\/users\/3"}],"replies":[{"embeddable":true,"href":"https:\/\/peronmedya.com\/liderokullari\/wp-json\/wp\/v2\/comments?post=2907"}],"version-history":[{"count":4,"href":"https:\/\/peronmedya.com\/liderokullari\/wp-json\/wp\/v2\/pages\/2907\/revisions"}],"predecessor-version":[{"id":3342,"href":"https:\/\/peronmedya.com\/liderokullari\/wp-json\/wp\/v2\/pages\/2907\/revisions\/3342"}],"wp:attachment":[{"href":"https:\/\/peronmedya.com\/liderokullari\/wp-json\/wp\/v2\/media?parent=2907"}],"curies":[{"name":"wp","href":"https:\/\/api.w.org\/{rel}","templated":true}]}}