{"id":2913,"date":"2026-02-05T10:38:49","date_gmt":"2026-02-05T10:38:49","guid":{"rendered":"https:\/\/peronmedya.com\/liderokullari\/?page_id=2913"},"modified":"2026-02-10T06:33:54","modified_gmt":"2026-02-10T06:33:54","slug":"anaokul-bultenler","status":"publish","type":"page","link":"https:\/\/peronmedya.com\/liderokullari\/anaokul-bultenler\/","title":{"rendered":"Anaokul B\u00fcltenler"},"content":{"rendered":"\t\t<div data-elementor-type=\"wp-page\" data-elementor-id=\"2913\" class=\"elementor elementor-2913\" data-elementor-post-type=\"page\">\n\t\t\t\t<div class=\"elementor-element elementor-element-b4694b3 e-flex e-con-boxed e-con e-parent\" data-id=\"b4694b3\" data-element_type=\"container\" data-e-type=\"container\">\n\t\t\t\t\t<div class=\"e-con-inner\">\n\t\t<div class=\"elementor-element elementor-element-bb1cdc0 e-flex e-con-boxed e-con e-child\" data-id=\"bb1cdc0\" data-element_type=\"container\" data-e-type=\"container\">\n\t\t\t\t\t<div class=\"e-con-inner\">\n\t\t\t\t<div class=\"elementor-element elementor-element-ea5bbb6 elementor-widget elementor-widget-image\" data-id=\"ea5bbb6\" data-element_type=\"widget\" data-e-type=\"widget\" data-widget_type=\"image.default\">\n\t\t\t\t<div class=\"elementor-widget-container\">\n\t\t\t\t\t\t\t\t\t\t\t\t\t\t\t<img fetchpriority=\"high\" decoding=\"async\" width=\"800\" height=\"534\" src=\"https:\/\/peronmedya.com\/liderokullari\/wp-content\/uploads\/2025\/12\/anaokulu-1024x683.jpg\" class=\"attachment-large size-large wp-image-1624\" alt=\"\" srcset=\"https:\/\/peronmedya.com\/liderokullari\/wp-content\/uploads\/2025\/12\/anaokulu-1024x683.jpg 1024w, https:\/\/peronmedya.com\/liderokullari\/wp-content\/uploads\/2025\/12\/anaokulu-300x200.jpg 300w, https:\/\/peronmedya.com\/liderokullari\/wp-content\/uploads\/2025\/12\/anaokulu-768x512.jpg 768w, https:\/\/peronmedya.com\/liderokullari\/wp-content\/uploads\/2025\/12\/anaokulu-1536x1024.jpg 1536w, https:\/\/peronmedya.com\/liderokullari\/wp-content\/uploads\/2025\/12\/anaokulu-2048x1366.jpg 2048w\" sizes=\"(max-width: 800px) 100vw, 800px\" \/>\t\t\t\t\t\t\t\t\t\t\t\t\t\t\t<\/div>\n\t\t\t\t<\/div>\n\t\t\t\t<div class=\"elementor-element elementor-element-37b851d elementor-hidden-desktop elementor-hidden-tablet elementor-hidden-mobile elementor-widget elementor-widget-heading\" data-id=\"37b851d\" data-element_type=\"widget\" data-e-type=\"widget\" data-widget_type=\"heading.default\">\n\t\t\t\t<div class=\"elementor-widget-container\">\n\t\t\t\t\t<h2 class=\"elementor-heading-title elementor-size-default\">Anaokul B\u00fcltenler<\/h2>\t\t\t\t<\/div>\n\t\t\t\t<\/div>\n\t\t\t\t<div class=\"elementor-element elementor-element-f0f5eb4 elementor-widget__width-initial elementor-hidden-desktop elementor-hidden-tablet elementor-hidden-mobile elementor-widget elementor-widget-text-editor\" data-id=\"f0f5eb4\" data-element_type=\"widget\" data-e-type=\"widget\" data-widget_type=\"text-editor.default\">\n\t\t\t\t<div class=\"elementor-widget-container\">\n\t\t\t\t\t\t\t\t\t<h4 class=\"p3\"><b>B\u00dcLTEN 1 \u2013 Anaokulunda Verilen E\u011fitimler<\/b><\/h4><p class=\"p3\">\u20034.1 Mahremiyet E\u011fitimi<\/p><p class=\"p3\">\u20034.2 Cinsel Geli\u015fim E\u011fitimi<\/p><p class=\"p3\">\u20034.3 \u00d6fke Kontrol E\u011fitimi<\/p><h4 class=\"p3\"><b>B\u00dcLTEN 2 \u2013 Anaokulunda Uygulanan \u00d6l\u00e7ek ve Testler<\/b><\/h4><p class=\"p3\">\u20035.1 Ankara Geli\u015fim Tarama Envanteri<\/p><p class=\"p3\">\u20035.2 Frankfurter Dikkat Testi<\/p><p class=\"p3\">\u20035.3 Kelime S\u00f6yleyi\u015f Testi<\/p><p class=\"p3\"><span class=\"Apple-converted-space\">\u00a0 \u00a0 <\/span>5.4 Gesell (Gessell) Geli\u015fim Testi<\/p><p class=\"p3\">\u20035.5 Metropolitan Okul Olgunlu\u011fu Testi<\/p><h4 class=\"p1\"><b>Mahremiyet E\u011fitimi &#8211; G\u00fcvenli Beden, G\u00fcvenli \u00c7ocuk<br \/><\/b><\/h4><ul class=\"ul1\"><li class=\"li1\"><b>Ama\u00e7:<\/b> Beden fark\u0131ndal\u0131\u011f\u0131n\u0131 geli\u015ftirerek ki\u015fisel s\u0131n\u0131rlar\u0131n\u0131 koruma bilinci kazand\u0131rmak<\/li><li class=\"li1\"><b>Kazan\u0131mlar:<\/b> Kendi bedenini tan\u0131r, g\u00fcvensiz durumlarda \u201chay\u0131r\u201d diyebilir, yard\u0131m istemeyi bilir<\/li><li class=\"li1\"><b>Y\u00f6ntem:<\/b> Hik\u00e2ye, oyun, drama ve kukla etkinlikleri<\/li><\/ul><h4 class=\"p1\"><b>Cinsel Geli\u015fim E\u011fitimi<\/b><\/h4><ul class=\"ul1\"><li class=\"li1\"><b>Ama\u00e7:<\/b> Bedensel farkl\u0131l\u0131klara ve mahremiyete sayg\u0131 kazand\u0131rmak<\/li><li class=\"li1\"><b>Y\u00f6ntem:<\/b> Hik\u00e2ye, resimli kitap, soru-cevap<\/li><li class=\"li1\"><b>Dikkat:<\/b> Ya\u015f ve geli\u015fim seviyesine uygun i\u00e7erik; aile ile i\u015f birli\u011fi<\/li><\/ul><h4 class=\"p1\"><b>\u00d6fke Kontrol E\u011fitimi<\/b><\/h4><ul class=\"ul1\"><li class=\"li1\"><b>Ama\u00e7:<\/b> \u00d6fke duygusunu tan\u0131ma ve uygun ifade etme<\/li><li class=\"li1\"><b>Kazan\u0131mlar:<\/b> Duygular\u0131n\u0131 d\u00fczenleme, ba\u015fkalar\u0131n\u0131n duygular\u0131n\u0131 anlama, sosyal ili\u015fkilerde yap\u0131c\u0131 davran\u0131\u015f geli\u015ftirme<\/li><li class=\"li1\"><b>Etkinlikler:<\/b> \u201cDuygular Panosu\u201d, \u201cBalon Patlamas\u0131n\u201d oyunu, \u201cSakinle\u015fme K\u00f6\u015fesi\u201d<\/li><\/ul><h4 class=\"p1\"><b>Kullan\u0131lan \u00d6l\u00e7ekler ve Testler<\/b><\/h4><ul class=\"ul1\"><li class=\"li1\"><b>Ankara Geli\u015fim Tarama Envanteri (AGTE):<\/b> 0\u20136 ya\u015f geli\u015fim alanlar\u0131n\u0131 (dil, motor, sosyal-duygusal) de\u011ferlendirir<\/li><li class=\"li1\"><b>Frankfurter Dikkat Testi:<\/b> Dikkat ve hata oran\u0131n\u0131 \u00f6l\u00e7er (4\u20136 ya\u015f)<\/li><li class=\"li1\"><b>Kelime S\u00f6yleyi\u015f Testi:<\/b> Dil ve konu\u015fma geli\u015fimini de\u011ferlendirir<\/li><li class=\"li1\"><b>Gesell Geli\u015fim Testi:<\/b> Genel geli\u015fim d\u00fczeyi ve geli\u015fim ya\u015f\u0131n\u0131 belirler<\/li><li class=\"li1\"><b>Metropolitan Okul Olgunlu\u011fu Testi:<\/b> \u0130lkokula ba\u015flama haz\u0131rbulunu\u015flu\u011funu \u00f6l\u00e7er<\/li><\/ul>\t\t\t\t\t\t\t\t<\/div>\n\t\t\t\t<\/div>\n\t\t\t\t\t<\/div>\n\t\t\t\t<\/div>\n\t\t\t\t\t<\/div>\n\t\t\t\t<\/div>\n\t\t<div class=\"elementor-element elementor-element-d0aafb9 e-flex e-con-boxed e-con e-parent\" data-id=\"d0aafb9\" data-element_type=\"container\" data-e-type=\"container\">\n\t\t\t\t\t<div class=\"e-con-inner\">\n\t\t\t\t<div class=\"elementor-element elementor-element-6c61beb elementor-widget elementor-widget-html\" data-id=\"6c61beb\" data-element_type=\"widget\" data-e-type=\"widget\" data-widget_type=\"html.default\">\n\t\t\t\t<div class=\"elementor-widget-container\">\n\t\t\t\t\t<!DOCTYPE html>\n<html lang=\"tr\">\n<head>\n    <meta charset=\"UTF-8\">\n    <meta name=\"viewport\" content=\"width=device-width, initial-scale=1.0\">\n    <link rel=\"stylesheet\" href=\"https:\/\/cdnjs.cloudflare.com\/ajax\/libs\/font-awesome\/6.4.0\/css\/all.min.css\">\n    <style>\n        \/* We use a specific ID wrapper to ensure these styles override theme defaults *\/\n        #custom-bulletin-wrapper {\n            \/* Define specific variables for this wrapper only *\/\n            --bulletin-blue: #012068; \n            --bulletin-text: #333333;\n            --bulletin-bg: #ffffff; \/* CHANGED: Set to White (removed grey) *\/\n            --bulletin-white: #ffffff;\n            --bulletin-radius: 12px;\n            --bulletin-shadow: 0 4px 20px rgba(0, 0, 0, 0.08);\n            \n            font-family: 'Segoe UI', Roboto, Helvetica, Arial, sans-serif;\n            line-height: 1.6;\n            color: var(--bulletin-text);\n            background-color: var(--bulletin-bg);\n            margin: 0;\n            padding: 0;\n            width: 100%; \n        }\n\n        #custom-bulletin-wrapper .container {\n            max-width: 1200px;\n            margin: 0 auto;\n            padding: 40px 20px;\n        }\n\n        \/* --- Header Section --- *\/\n        #custom-bulletin-wrapper .header-section {\n            background-color: var(--bulletin-blue) !important; \n            color: var(--bulletin-white);\n            \/* CHANGED: Reduced top padding from 40px to 20px *\/\n            padding: 20px 20px 60px; \n            border-radius: 20px 20px 20px 20px;\n            margin-bottom: 40px;\n        }\n\n        #custom-bulletin-wrapper .header-content {\n            max-width: 1200px;\n            margin: 0 auto;\n        }\n\n        #custom-bulletin-wrapper .overline {\n            font-size: 14px;\n            opacity: 0.8;\n            margin-bottom: 10px;\n            display: block;\n            color: var(--bulletin-white);\n        }\n\n        #custom-bulletin-wrapper h1 {\n            font-size: 36px;\n            margin: 0 0 40px;\n            font-weight: 700;\n            color: var(--bulletin-white) !important; \n            line-height: 1.2;\n        }\n\n        #custom-bulletin-wrapper .bulletin-cards {\n            display: flex;\n            gap: 30px;\n        }\n\n        #custom-bulletin-wrapper .bulletin-card {\n            background: var(--bulletin-white);\n            color: var(--bulletin-text);\n            padding: 30px;\n            border-radius: var(--bulletin-radius);\n            flex: 1;\n            box-shadow: var(--bulletin-shadow);\n            border: 1px solid #f0f0f0; \/* Added subtle border since background is now white *\/\n        }\n\n        #custom-bulletin-wrapper .bulletin-card h3 {\n            color: var(--bulletin-blue) !important; \n            margin-top: 0;\n            margin-bottom: 20px;\n            font-size: 20px;\n            line-height: 1.3;\n        }\n\n        #custom-bulletin-wrapper .bulletin-list {\n            list-style: none;\n            padding: 0;\n            margin: 0;\n        }\n\n        #custom-bulletin-wrapper .bulletin-list li {\n            margin-bottom: 12px;\n            display: flex;\n            align-items: flex-start;\n            color: var(--bulletin-text);\n        }\n\n        #custom-bulletin-wrapper .bulletin-list li i {\n            color: var(--bulletin-blue) !important; \n            margin-right: 10px;\n            margin-top: 4px;\n            font-size: 14px;\n        }\n\n        \/* --- Content Sections --- *\/\n        #custom-bulletin-wrapper .content-section {\n            background: var(--bulletin-white);\n            padding: 40px;\n            border-radius: var(--bulletin-radius);\n            box-shadow: var(--bulletin-shadow);\n            margin-bottom: 40px;\n            border: 1px solid #f0f0f0; \/* Added subtle border since background is now white *\/\n        }\n\n        #custom-bulletin-wrapper h2 {\n            color: var(--bulletin-blue) !important; \n            font-size: 28px;\n            margin-top: 0;\n            margin-bottom: 30px;\n            padding-bottom: 15px;\n            border-bottom: 2px solid #eee;\n            line-height: 1.3;\n        }\n\n        #custom-bulletin-wrapper .three-column-layout {\n            display: flex;\n            gap: 40px;\n        }\n\n        #custom-bulletin-wrapper .column {\n            flex: 1;\n        }\n\n        #custom-bulletin-wrapper .column-header {\n            display: flex;\n            align-items: center;\n            margin-bottom: 15px;\n            color: var(--bulletin-blue) !important; \n            font-weight: 600;\n            font-size: 18px;\n        }\n\n        #custom-bulletin-wrapper .column-header i {\n            margin-right: 10px;\n            font-size: 20px;\n            color: var(--bulletin-blue) !important; \n        }\n\n        #custom-bulletin-wrapper .column ul {\n            padding-left: 20px;\n            margin: 0;\n        }\n\n        #custom-bulletin-wrapper .column ul li {\n            margin-bottom: 8px;\n        }\n\n        \/* --- Badges for Etkinlikler --- *\/\n        #custom-bulletin-wrapper .badge-list {\n            display: flex;\n            flex-wrap: wrap;\n            gap: 10px;\n        }\n\n        #custom-bulletin-wrapper .badge {\n            background-color: #e9ecef;\n            color: var(--bulletin-text);\n            padding: 8px 16px;\n            border-radius: 20px;\n            font-size: 14px;\n            font-weight: 500;\n        }\n\n        \/* --- Grid for Tests Section --- *\/\n        #custom-bulletin-wrapper .test-grid {\n            display: grid;\n            grid-template-columns: repeat(auto-fit, minmax(220px, 1fr));\n            gap: 25px;\n        }\n\n        #custom-bulletin-wrapper .test-card {\n            background: #fff;\n            border: 1px solid #eee;\n            padding: 25px;\n            border-radius: var(--bulletin-radius);\n            transition: transform 0.2s, box-shadow 0.2s;\n        }\n\n        #custom-bulletin-wrapper .test-card:hover {\n            transform: translateY(-5px);\n            box-shadow: var(--bulletin-shadow);\n        }\n\n        #custom-bulletin-wrapper .test-card h4 {\n            color: var(--bulletin-blue) !important; \n            margin: 0 0 15px;\n            font-size: 18px;\n            line-height: 1.3;\n        }\n\n        #custom-bulletin-wrapper .test-card p {\n            margin: 0;\n            font-size: 14px;\n            color: #666;\n        }\n\n        \/* --- Responsive Design --- *\/\n        @media (max-width: 900px) {\n            #custom-bulletin-wrapper .bulletin-cards {\n                flex-direction: column;\n            }\n            #custom-bulletin-wrapper .three-column-layout {\n                flex-direction: column;\n                gap: 30px;\n            }\n        }\n    <\/style>\n<\/head>\n<body>\n\n<div id=\"custom-bulletin-wrapper\">\n\n    <header class=\"header-section\">\n        <div class=\"header-content\">\n            <span class=\"overline\"><\/span>\n            <h1>Anaokul B\u00fcltenler<\/h1>\n            <div class=\"bulletin-cards\">\n                <div class=\"bulletin-card\">\n                    <h3>B\u00dcLTEN 1 \u2013 Anaokulunda Verilen E\u011fitimler<\/h3>\n                    <ul class=\"bulletin-list\">\n                        <li><i class=\"fa-solid fa-chevron-right\"><\/i> 4.1 Mahremiyet E\u011fitimi<\/li>\n                        <li><i class=\"fa-solid fa-chevron-right\"><\/i> 4.2 Cinsel Geli\u015fim E\u011fitimi<\/li>\n                        <li><i class=\"fa-solid fa-chevron-right\"><\/i> 4.3 \u00d6fke Kontrol E\u011fitimi<\/li>\n                    <\/ul>\n                <\/div>\n                <div class=\"bulletin-card\">\n                    <h3>B\u00dcLTEN 2 \u2013 Uygulanan \u00d6l\u00e7ek ve Testler<\/h3>\n                    <ul class=\"bulletin-list\">\n                        <li><i class=\"fa-solid fa-chevron-right\"><\/i> 5.1 Ankara Geli\u015fim Tarama Envanteri<\/li>\n                        <li><i class=\"fa-solid fa-chevron-right\"><\/i> 5.2 Frankfurter Dikkat Testi<\/li>\n                        <li><i class=\"fa-solid fa-chevron-right\"><\/i> 5.3 Kelime S\u00f6yleyi\u015f Testi<\/li>\n                        <li><i class=\"fa-solid fa-chevron-right\"><\/i> 5.4 Gesell Geli\u015fim Testi<\/li>\n                        <li><i class=\"fa-solid fa-chevron-right\"><\/i> 5.5 Metropolitan Okul Olgunlu\u011fu Testi<\/li>\n                    <\/ul>\n                <\/div>\n            <\/div>\n        <\/div>\n    <\/header>\n\n    <div class=\"container\">\n        \n        <section class=\"content-section\">\n            <h2>Mahremiyet E\u011fitimi - G\u00fcvenli Beden, G\u00fcvenli \u00c7ocuk<\/h2>\n            <div class=\"three-column-layout\">\n                <div class=\"column\">\n                    <div class=\"column-header\"><i class=\"fa-solid fa-circle-info\"><\/i> Ama\u00e7<\/div>\n                    <p>Beden fark\u0131ndal\u0131\u011f\u0131n\u0131 geli\u015ftirerek ki\u015fisel s\u0131n\u0131rlar\u0131n\u0131 koruma bilinci kazand\u0131rmak<\/p>\n                <\/div>\n                <div class=\"column\">\n                    <div class=\"column-header\"><i class=\"fa-solid fa-trophy\"><\/i> Kazan\u0131mlar<\/div>\n                    <ul>\n                        <li>Kendi bedenini tan\u0131r<\/li>\n                        <li>G\u00fcvensiz durumlarda \u201chay\u0131r\u201d diyebilir<\/li>\n                        <li>Yard\u0131m istemeyi bilir<\/li>\n                    <\/ul>\n                <\/div>\n                <div class=\"column\">\n                    <div class=\"column-header\"><i class=\"fa-solid fa-list-check\"><\/i> Y\u00f6ntem<\/div>\n                    <p>Hik\u00e2ye, oyun, drama ve kukla etkinlikleri<\/p>\n                <\/div>\n            <\/div>\n        <\/section>\n\n        <section class=\"content-section\">\n            <h2>Cinsel Geli\u015fim E\u011fitimi<\/h2>\n            <div class=\"three-column-layout\">\n                <div class=\"column\">\n                    <div class=\"column-header\"><i class=\"fa-solid fa-circle-info\"><\/i> Ama\u00e7<\/div>\n                    <p>Bedensel farkl\u0131l\u0131klara ve mahremiyete sayg\u0131 kazand\u0131rmak<\/p>\n                <\/div>\n                <div class=\"column\">\n                    <div class=\"column-header\"><i class=\"fa-solid fa-list-check\"><\/i> Y\u00f6ntem<\/div>\n                    <p>Hik\u00e2ye, resimli kitap, soru-cevap<\/p>\n                <\/div>\n                <div class=\"column\">\n                    <div class=\"column-header\"><i class=\"fa-solid fa-triangle-exclamation\"><\/i> Dikkat<\/div>\n                    <p>Ya\u015f ve geli\u015fim seviyesine uygun i\u00e7erik; aile ile i\u015f birli\u011fi<\/p>\n                <\/div>\n            <\/div>\n        <\/section>\n\n        <section class=\"content-section\">\n            <h2>\u00d6fke Kontrol E\u011fitimi<\/h2>\n            <div class=\"three-column-layout\">\n                <div class=\"column\">\n                    <div class=\"column-header\"><i class=\"fa-solid fa-circle-info\"><\/i> Ama\u00e7<\/div>\n                    <p>\u00d6fke duygusunu tan\u0131ma ve uygun ifade etme<\/p>\n                <\/div>\n                <div class=\"column\">\n                    <div class=\"column-header\"><i class=\"fa-solid fa-trophy\"><\/i> Kazan\u0131mlar<\/div>\n                    <ul>\n                        <li>Duygular\u0131n\u0131 d\u00fczenleme<\/li>\n                        <li>Ba\u015fkalar\u0131n\u0131n duygular\u0131n\u0131 anlama<\/li>\n                        <li>Sosyal ili\u015fkilerde yap\u0131c\u0131 davran\u0131\u015f geli\u015ftirme<\/li>\n                    <\/ul>\n                <\/div>\n                <div class=\"column\">\n                    <div class=\"column-header\"><i class=\"fa-solid fa-calendar-days\"><\/i> Etkinlikler<\/div>\n                    <div class=\"badge-list\">\n                        <span class=\"badge\">Duygular Panosu<\/span>\n                        <span class=\"badge\">Balon Patlamas\u0131n oyunu<\/span>\n                        <span class=\"badge\">Sakinle\u015fme K\u00f6\u015fesi<\/span>\n                    <\/div>\n                <\/div>\n            <\/div>\n        <\/section>\n\n        <section class=\"content-section\">\n            <h2>Kullan\u0131lan \u00d6l\u00e7ekler ve Testler<\/h2>\n            <div class=\"test-grid\">\n                <div class=\"test-card\">\n                    <h4>Ankara Geli\u015fim Tarama Envanteri (AGTE)<\/h4>\n                    <p>0\u20136 ya\u015f geli\u015fim alanlar\u0131n\u0131 (dil, motor, sosyal-duygusal) de\u011ferlendirir<\/p>\n                <\/div>\n                <div class=\"test-card\">\n                    <h4>Frankfurter Dikkat Testi<\/h4>\n                    <p>Dikkat ve hata oran\u0131n\u0131 \u00f6l\u00e7er (4\u20136 ya\u015f)<\/p>\n                <\/div>\n                <div class=\"test-card\">\n                    <h4>Kelime S\u00f6yleyi\u015f Testi<\/h4>\n                    <p>Dil ve konu\u015fma geli\u015fimini de\u011ferlendirir<\/p>\n                <\/div>\n                <div class=\"test-card\">\n                    <h4>Gesell Geli\u015fim Testi<\/h4>\n                    <p>Genel geli\u015fim d\u00fczeyi ve geli\u015fim ya\u015f\u0131n\u0131 belirler<\/p>\n                <\/div>\n                <div class=\"test-card\">\n                    <h4>Metropolitan Okul Olgunlu\u011fu Testi<\/h4>\n                    <p>\u0130lkokula ba\u015flama haz\u0131rbulunu\u015flu\u011funu \u00f6l\u00e7er<\/p>\n                <\/div>\n            <\/div>\n        <\/section>\n\n    <\/div>\n<\/div> <\/body>\n<\/html>\t\t\t\t<\/div>\n\t\t\t\t<\/div>\n\t\t\t\t\t<\/div>\n\t\t\t\t<\/div>\n\t\t\t\t<\/div>\n\t\t","protected":false},"excerpt":{"rendered":"<p>Anaokul B\u00fcltenler B\u00dcLTEN 1 \u2013 Anaokulunda Verilen E\u011fitimler \u20034.1 Mahremiyet E\u011fitimi \u20034.2 Cinsel Geli\u015fim E\u011fitimi \u20034.3 \u00d6fke Kontrol E\u011fitimi B\u00dcLTEN 2 \u2013 Anaokulunda Uygulanan \u00d6l\u00e7ek ve Testler \u20035.1 Ankara Geli\u015fim Tarama Envanteri \u20035.2 Frankfurter Dikkat Testi \u20035.3 Kelime S\u00f6yleyi\u015f Testi \u00a0 \u00a0 5.4 Gesell (Gessell) Geli\u015fim Testi \u20035.5 Metropolitan Okul Olgunlu\u011fu Testi Mahremiyet E\u011fitimi &#8211; [&hellip;]<\/p>\n","protected":false},"author":3,"featured_media":0,"parent":0,"menu_order":0,"comment_status":"closed","ping_status":"closed","template":"","meta":{"footnotes":""},"class_list":["post-2913","page","type-page","status-publish","hentry"],"_links":{"self":[{"href":"https:\/\/peronmedya.com\/liderokullari\/wp-json\/wp\/v2\/pages\/2913","targetHints":{"allow":["GET"]}}],"collection":[{"href":"https:\/\/peronmedya.com\/liderokullari\/wp-json\/wp\/v2\/pages"}],"about":[{"href":"https:\/\/peronmedya.com\/liderokullari\/wp-json\/wp\/v2\/types\/page"}],"author":[{"embeddable":true,"href":"https:\/\/peronmedya.com\/liderokullari\/wp-json\/wp\/v2\/users\/3"}],"replies":[{"embeddable":true,"href":"https:\/\/peronmedya.com\/liderokullari\/wp-json\/wp\/v2\/comments?post=2913"}],"version-history":[{"count":25,"href":"https:\/\/peronmedya.com\/liderokullari\/wp-json\/wp\/v2\/pages\/2913\/revisions"}],"predecessor-version":[{"id":3543,"href":"https:\/\/peronmedya.com\/liderokullari\/wp-json\/wp\/v2\/pages\/2913\/revisions\/3543"}],"wp:attachment":[{"href":"https:\/\/peronmedya.com\/liderokullari\/wp-json\/wp\/v2\/media?parent=2913"}],"curies":[{"name":"wp","href":"https:\/\/api.w.org\/{rel}","templated":true}]}}