{"id":2915,"date":"2026-02-05T10:39:01","date_gmt":"2026-02-05T10:39:01","guid":{"rendered":"https:\/\/peronmedya.com\/liderokullari\/?page_id=2915"},"modified":"2026-02-11T10:07:09","modified_gmt":"2026-02-11T10:07:09","slug":"sosyal-etkinlikler","status":"publish","type":"page","link":"https:\/\/peronmedya.com\/liderokullari\/sosyal-etkinlikler\/","title":{"rendered":"Sosyal Etkinlikler"},"content":{"rendered":"\t\t<div data-elementor-type=\"wp-page\" data-elementor-id=\"2915\" class=\"elementor elementor-2915\" data-elementor-post-type=\"page\">\n\t\t\t\t<div class=\"elementor-element elementor-element-0346016 e-flex e-con-boxed e-con e-parent\" data-id=\"0346016\" data-element_type=\"container\" data-e-type=\"container\">\n\t\t\t\t\t<div class=\"e-con-inner\">\n\t\t\t\t<div class=\"elementor-element elementor-element-dafa2f9 elementor-widget elementor-widget-heading\" data-id=\"dafa2f9\" data-element_type=\"widget\" data-e-type=\"widget\" data-widget_type=\"heading.default\">\n\t\t\t\t<div class=\"elementor-widget-container\">\n\t\t\t\t\t<h1 class=\"elementor-heading-title elementor-size-default\">Sosyal Etkinliklerimiz<\/h1>\t\t\t\t<\/div>\n\t\t\t\t<\/div>\n\t\t<div class=\"elementor-element elementor-element-364e955 e-con-full e-flex e-con e-child\" data-id=\"364e955\" data-element_type=\"container\" data-e-type=\"container\">\n\t\t<div class=\"elementor-element elementor-element-2b40224 e-con-full e-flex e-con e-child\" data-id=\"2b40224\" data-element_type=\"container\" data-e-type=\"container\">\n\t\t<div class=\"elementor-element elementor-element-c272122 e-con-full e-flex elementor-invisible e-con e-child\" data-id=\"c272122\" data-element_type=\"container\" data-e-type=\"container\" data-settings=\"{&quot;animation&quot;:&quot;fadeInRight&quot;}\">\n\t\t\t\t<div class=\"elementor-element elementor-element-4be4121 elementor-widget elementor-widget-text-editor\" data-id=\"4be4121\" data-element_type=\"widget\" data-e-type=\"widget\" data-widget_type=\"text-editor.default\">\n\t\t\t\t<div class=\"elementor-widget-container\">\n\t\t\t\t\t\t\t\t\t<h4><strong>Lider Anaokulu\u2019nda sosyal etkinlikler;<\/strong><\/h4><p>\u00e7ocuklar\u0131n yaln\u0131zca keyifli vakit ge\u00e7irmelerini de\u011fil, ayn\u0131 zamanda fiziksel, sanatsal ve duygusal geli\u015fimlerini destekleyen \u00f6nemli bir e\u011fitim alan\u0131 olarak yap\u0131land\u0131r\u0131l\u0131r. Spor, sanat ve m\u00fczik etkinlikleri; \u00e7ocuklar\u0131n kendilerini tan\u0131malar\u0131na, yeteneklerini ke\u015ffetmelerine ve \u00f6zg\u00fcven kazanmalar\u0131na katk\u0131 sa\u011flayan b\u00fct\u00fcnc\u00fcl bir yakla\u015f\u0131m ile y\u00fcr\u00fct\u00fcl\u00fcr.<\/p><p>Bu \u00e7al\u0131\u015fmalar sayesinde \u00e7ocuklar\u0131m\u0131z, \u00f6\u011frenmenin yaln\u0131zca s\u0131n\u0131f i\u00e7inde de\u011fil, ya\u015fam\u0131n her alan\u0131nda devam eden bir s\u00fcre\u00e7 oldu\u011funu deneyimleyerek \u00f6\u011frenir.<\/p>\t\t\t\t\t\t\t\t<\/div>\n\t\t\t\t<\/div>\n\t\t\t\t<\/div>\n\t\t<div class=\"elementor-element elementor-element-5019da9 e-con-full e-flex elementor-invisible e-con e-child\" data-id=\"5019da9\" data-element_type=\"container\" data-e-type=\"container\" data-settings=\"{&quot;animation&quot;:&quot;fadeInLeft&quot;}\">\n\t\t\t\t<div class=\"elementor-element elementor-element-e3578f5 elementor-widget elementor-widget-image\" data-id=\"e3578f5\" data-element_type=\"widget\" data-e-type=\"widget\" data-widget_type=\"image.default\">\n\t\t\t\t<div class=\"elementor-widget-container\">\n\t\t\t\t\t\t\t\t\t\t\t\t\t\t\t<img fetchpriority=\"high\" decoding=\"async\" width=\"1197\" height=\"800\" src=\"https:\/\/peronmedya.com\/liderokullari\/wp-content\/uploads\/2025\/10\/lider-okullari-spor-1197x800-1.jpg\" class=\"attachment-full size-full wp-image-542\" alt=\"\" srcset=\"https:\/\/peronmedya.com\/liderokullari\/wp-content\/uploads\/2025\/10\/lider-okullari-spor-1197x800-1.jpg 1197w, https:\/\/peronmedya.com\/liderokullari\/wp-content\/uploads\/2025\/10\/lider-okullari-spor-1197x800-1-300x201.jpg 300w, https:\/\/peronmedya.com\/liderokullari\/wp-content\/uploads\/2025\/10\/lider-okullari-spor-1197x800-1-1024x684.jpg 1024w, https:\/\/peronmedya.com\/liderokullari\/wp-content\/uploads\/2025\/10\/lider-okullari-spor-1197x800-1-768x513.jpg 768w\" sizes=\"(max-width: 1197px) 100vw, 1197px\" \/>\t\t\t\t\t\t\t\t\t\t\t\t\t\t\t<\/div>\n\t\t\t\t<\/div>\n\t\t\t\t<\/div>\n\t\t\t\t<\/div>\n\t\t<div class=\"elementor-element elementor-element-d3adb0f e-con-full e-flex e-con e-child\" data-id=\"d3adb0f\" data-element_type=\"container\" data-e-type=\"container\">\n\t\t<div class=\"elementor-element elementor-element-b0d472b e-con-full e-flex elementor-invisible e-con e-child\" data-id=\"b0d472b\" data-element_type=\"container\" data-e-type=\"container\" data-settings=\"{&quot;animation&quot;:&quot;fadeInRight&quot;}\">\n\t\t\t\t<div class=\"elementor-element elementor-element-5c85fa9 elementor-widget elementor-widget-text-editor\" data-id=\"5c85fa9\" data-element_type=\"widget\" data-e-type=\"widget\" data-widget_type=\"text-editor.default\">\n\t\t\t\t<div class=\"elementor-widget-container\">\n\t\t\t\t\t\t\t\t\t<h4><strong>Lider Anaokulu&#8217;nda Sosyal Etkinlik Anlay\u0131\u015f\u0131;<\/strong><\/h4><p>Lider Anaokulu\u2019nda spor, sanat ve m\u00fczik etkinlikleri; \u00e7ocuklar\u0131n yeteneklerini erken ya\u015fta fark etmelerini, kendilerine g\u00fcven duymalar\u0131n\u0131 ve \u00e7ok y\u00f6nl\u00fc bireyler olarak geli\u015fmelerini desteklemek amac\u0131yla yap\u0131land\u0131r\u0131l\u0131r.<\/p><p>Bu \u00e7al\u0131\u015fmalar, \u00e7ocuklar\u0131n akademik geli\u015fimlerini destekleyen \u00f6nemli bir tamamlay\u0131c\u0131 unsur olarak e\u011fitim program\u0131m\u0131z\u0131n ayr\u0131lmaz bir par\u00e7as\u0131d\u0131r.<\/p>\t\t\t\t\t\t\t\t<\/div>\n\t\t\t\t<\/div>\n\t\t\t\t<\/div>\n\t\t<div class=\"elementor-element elementor-element-080133e e-con-full e-flex elementor-invisible e-con e-child\" data-id=\"080133e\" data-element_type=\"container\" data-e-type=\"container\" data-settings=\"{&quot;animation&quot;:&quot;fadeInLeft&quot;}\">\n\t\t\t\t<div class=\"elementor-element elementor-element-ff0065f elementor-widget elementor-widget-image\" data-id=\"ff0065f\" data-element_type=\"widget\" data-e-type=\"widget\" data-widget_type=\"image.default\">\n\t\t\t\t<div class=\"elementor-widget-container\">\n\t\t\t\t\t\t\t\t\t\t\t\t\t\t\t<img decoding=\"async\" width=\"960\" height=\"720\" src=\"https:\/\/peronmedya.com\/liderokullari\/wp-content\/uploads\/2025\/12\/lider-okullari-aydin.jpg\" class=\"attachment-full size-full wp-image-1701\" alt=\"\" srcset=\"https:\/\/peronmedya.com\/liderokullari\/wp-content\/uploads\/2025\/12\/lider-okullari-aydin.jpg 960w, https:\/\/peronmedya.com\/liderokullari\/wp-content\/uploads\/2025\/12\/lider-okullari-aydin-300x225.jpg 300w, https:\/\/peronmedya.com\/liderokullari\/wp-content\/uploads\/2025\/12\/lider-okullari-aydin-768x576.jpg 768w\" sizes=\"(max-width: 960px) 100vw, 960px\" \/>\t\t\t\t\t\t\t\t\t\t\t\t\t\t\t<\/div>\n\t\t\t\t<\/div>\n\t\t\t\t<\/div>\n\t\t\t\t<\/div>\n\t\t\t\t<\/div>\n\t\t\t\t\t<\/div>\n\t\t\t\t<\/div>\n\t\t\t\t<\/div>\n\t\t","protected":false},"excerpt":{"rendered":"<p>Sosyal Etkinliklerimiz Lider Anaokulu\u2019nda sosyal etkinlikler; \u00e7ocuklar\u0131n yaln\u0131zca keyifli vakit ge\u00e7irmelerini de\u011fil, ayn\u0131 zamanda fiziksel, sanatsal ve duygusal geli\u015fimlerini destekleyen \u00f6nemli bir e\u011fitim alan\u0131 olarak yap\u0131land\u0131r\u0131l\u0131r. Spor, sanat ve m\u00fczik etkinlikleri; \u00e7ocuklar\u0131n kendilerini tan\u0131malar\u0131na, yeteneklerini ke\u015ffetmelerine ve \u00f6zg\u00fcven kazanmalar\u0131na katk\u0131 sa\u011flayan b\u00fct\u00fcnc\u00fcl bir yakla\u015f\u0131m ile y\u00fcr\u00fct\u00fcl\u00fcr. Bu \u00e7al\u0131\u015fmalar sayesinde \u00e7ocuklar\u0131m\u0131z, \u00f6\u011frenmenin yaln\u0131zca s\u0131n\u0131f i\u00e7inde de\u011fil, [&hellip;]<\/p>\n","protected":false},"author":3,"featured_media":0,"parent":0,"menu_order":0,"comment_status":"closed","ping_status":"closed","template":"","meta":{"footnotes":""},"class_list":["post-2915","page","type-page","status-publish","hentry"],"_links":{"self":[{"href":"https:\/\/peronmedya.com\/liderokullari\/wp-json\/wp\/v2\/pages\/2915","targetHints":{"allow":["GET"]}}],"collection":[{"href":"https:\/\/peronmedya.com\/liderokullari\/wp-json\/wp\/v2\/pages"}],"about":[{"href":"https:\/\/peronmedya.com\/liderokullari\/wp-json\/wp\/v2\/types\/page"}],"author":[{"embeddable":true,"href":"https:\/\/peronmedya.com\/liderokullari\/wp-json\/wp\/v2\/users\/3"}],"replies":[{"embeddable":true,"href":"https:\/\/peronmedya.com\/liderokullari\/wp-json\/wp\/v2\/comments?post=2915"}],"version-history":[{"count":7,"href":"https:\/\/peronmedya.com\/liderokullari\/wp-json\/wp\/v2\/pages\/2915\/revisions"}],"predecessor-version":[{"id":3771,"href":"https:\/\/peronmedya.com\/liderokullari\/wp-json\/wp\/v2\/pages\/2915\/revisions\/3771"}],"wp:attachment":[{"href":"https:\/\/peronmedya.com\/liderokullari\/wp-json\/wp\/v2\/media?parent=2915"}],"curies":[{"name":"wp","href":"https:\/\/api.w.org\/{rel}","templated":true}]}}