{"id":2927,"date":"2026-02-05T10:41:25","date_gmt":"2026-02-05T10:41:25","guid":{"rendered":"https:\/\/peronmedya.com\/liderokullari\/?page_id=2927"},"modified":"2026-02-10T06:34:43","modified_gmt":"2026-02-10T06:34:43","slug":"ilkokul-bultenler","status":"publish","type":"page","link":"https:\/\/peronmedya.com\/liderokullari\/ilkokul-bultenler\/","title":{"rendered":"\u0130lkokul B\u00fcltenler"},"content":{"rendered":"\t\t<div data-elementor-type=\"wp-page\" data-elementor-id=\"2927\" class=\"elementor elementor-2927\" data-elementor-post-type=\"page\">\n\t\t\t\t<div class=\"elementor-element elementor-element-15c2681 e-flex e-con-boxed e-con e-parent\" data-id=\"15c2681\" data-element_type=\"container\" data-e-type=\"container\">\n\t\t\t\t\t<div class=\"e-con-inner\">\n\t\t<div class=\"elementor-element elementor-element-a631bd6 e-flex e-con-boxed e-con e-child\" data-id=\"a631bd6\" data-element_type=\"container\" data-e-type=\"container\">\n\t\t\t\t\t<div class=\"e-con-inner\">\n\t\t\t\t<div class=\"elementor-element elementor-element-8263e2e elementor-widget elementor-widget-image\" data-id=\"8263e2e\" data-element_type=\"widget\" data-e-type=\"widget\" data-widget_type=\"image.default\">\n\t\t\t\t<div class=\"elementor-widget-container\">\n\t\t\t\t\t\t\t\t\t\t\t\t\t\t\t<img fetchpriority=\"high\" decoding=\"async\" width=\"800\" height=\"250\" src=\"https:\/\/peronmedya.com\/liderokullari\/wp-content\/uploads\/2025\/10\/ilkokul-slider-2-1024x320.png\" class=\"attachment-large size-large wp-image-569\" alt=\"\" srcset=\"https:\/\/peronmedya.com\/liderokullari\/wp-content\/uploads\/2025\/10\/ilkokul-slider-2-1024x320.png 1024w, https:\/\/peronmedya.com\/liderokullari\/wp-content\/uploads\/2025\/10\/ilkokul-slider-2-300x94.png 300w, https:\/\/peronmedya.com\/liderokullari\/wp-content\/uploads\/2025\/10\/ilkokul-slider-2-768x240.png 768w, https:\/\/peronmedya.com\/liderokullari\/wp-content\/uploads\/2025\/10\/ilkokul-slider-2-1536x480.png 1536w, https:\/\/peronmedya.com\/liderokullari\/wp-content\/uploads\/2025\/10\/ilkokul-slider-2.png 1920w\" sizes=\"(max-width: 800px) 100vw, 800px\" \/>\t\t\t\t\t\t\t\t\t\t\t\t\t\t\t<\/div>\n\t\t\t\t<\/div>\n\t\t\t\t<div class=\"elementor-element elementor-element-b4f1b03 elementor-widget elementor-widget-html\" data-id=\"b4f1b03\" data-element_type=\"widget\" data-e-type=\"widget\" data-widget_type=\"html.default\">\n\t\t\t\t<div class=\"elementor-widget-container\">\n\t\t\t\t\t<!DOCTYPE html>\n<html lang=\"tr\">\n<head>\n    <meta charset=\"UTF-8\">\n    <meta name=\"viewport\" content=\"width=device-width, initial-scale=1.0\">\n    <link rel=\"stylesheet\" href=\"https:\/\/cdnjs.cloudflare.com\/ajax\/libs\/font-awesome\/6.4.0\/css\/all.min.css\">\n    <style>\n        \/* We use a specific ID wrapper to ensure these styles override theme defaults *\/\n        #custom-bulletin-wrapper {\n            \/* Define specific variables for this wrapper only *\/\n            --bulletin-blue: #012068; \n            --bulletin-text: #333333;\n            --bulletin-bg: #ffffff; \/* Background White *\/\n            --bulletin-white: #ffffff;\n            --bulletin-radius: 12px;\n            --bulletin-shadow: 0 4px 20px rgba(0, 0, 0, 0.08);\n            \n            font-family: 'Segoe UI', Roboto, Helvetica, Arial, sans-serif;\n            line-height: 1.6;\n            color: var(--bulletin-text);\n            background-color: var(--bulletin-bg);\n            margin: 0;\n            padding: 0;\n            width: 100%; \n        }\n\n        #custom-bulletin-wrapper .container {\n            max-width: 1200px;\n            margin: 0 auto;\n            padding: 40px 20px;\n        }\n\n        \/* --- Header Section --- *\/\n        #custom-bulletin-wrapper .header-section {\n            background-color: var(--bulletin-blue) !important; \n            color: var(--bulletin-white);\n            padding: 20px 20px 60px; \/* Reduced top padding *\/\n            border-radius: 20px 20px 20px 20px;\n            margin-bottom: 40px;\n        }\n\n        #custom-bulletin-wrapper .header-content {\n            max-width: 1200px;\n            margin: 0 auto;\n        }\n\n        #custom-bulletin-wrapper .overline {\n            font-size: 14px;\n            opacity: 0.8;\n            margin-bottom: 10px;\n            display: block;\n            color: var(--bulletin-white);\n        }\n\n        #custom-bulletin-wrapper h1 {\n            font-size: 36px;\n            margin: 0 0 40px;\n            font-weight: 700;\n            color: var(--bulletin-white) !important; \n            line-height: 1.2;\n        }\n\n        #custom-bulletin-wrapper .bulletin-cards {\n            display: flex;\n            gap: 30px;\n        }\n\n        #custom-bulletin-wrapper .bulletin-card {\n            background: var(--bulletin-white);\n            color: var(--bulletin-text);\n            padding: 30px;\n            border-radius: var(--bulletin-radius);\n            flex: 1;\n            box-shadow: var(--bulletin-shadow);\n            border: 1px solid #f0f0f0;\n        }\n\n        #custom-bulletin-wrapper .bulletin-card h3 {\n            color: var(--bulletin-blue) !important; \n            margin-top: 0;\n            margin-bottom: 20px;\n            font-size: 20px;\n            line-height: 1.3;\n        }\n\n        #custom-bulletin-wrapper .bulletin-list {\n            list-style: none;\n            padding: 0;\n            margin: 0;\n        }\n\n        #custom-bulletin-wrapper .bulletin-list li {\n            margin-bottom: 12px;\n            display: flex;\n            align-items: flex-start;\n            color: var(--bulletin-text);\n        }\n\n        #custom-bulletin-wrapper .bulletin-list li i {\n            color: var(--bulletin-blue) !important; \n            margin-right: 10px;\n            margin-top: 4px;\n            font-size: 14px;\n        }\n\n        \/* --- Content Sections --- *\/\n        #custom-bulletin-wrapper .content-section {\n            background: var(--bulletin-white);\n            padding: 40px;\n            border-radius: var(--bulletin-radius);\n            box-shadow: var(--bulletin-shadow);\n            margin-bottom: 40px;\n            border: 1px solid #f0f0f0;\n        }\n\n        #custom-bulletin-wrapper h2 {\n            color: var(--bulletin-blue) !important; \n            font-size: 28px;\n            margin-top: 0;\n            margin-bottom: 30px;\n            padding-bottom: 15px;\n            border-bottom: 2px solid #eee;\n            line-height: 1.3;\n        }\n\n        #custom-bulletin-wrapper .three-column-layout {\n            display: flex;\n            gap: 40px;\n        }\n\n        #custom-bulletin-wrapper .column {\n            flex: 1;\n        }\n\n        #custom-bulletin-wrapper .column-header {\n            display: flex;\n            align-items: center;\n            margin-bottom: 15px;\n            color: var(--bulletin-blue) !important; \n            font-weight: 600;\n            font-size: 18px;\n        }\n\n        #custom-bulletin-wrapper .column-header i {\n            margin-right: 10px;\n            font-size: 20px;\n            color: var(--bulletin-blue) !important; \n        }\n\n        #custom-bulletin-wrapper .column ul {\n            padding-left: 20px;\n            margin: 0;\n        }\n\n        #custom-bulletin-wrapper .column ul li {\n            margin-bottom: 8px;\n        }\n\n        \/* --- Grid for Trainings Section --- *\/\n        #custom-bulletin-wrapper .test-grid {\n            display: grid;\n            grid-template-columns: repeat(auto-fit, minmax(250px, 1fr));\n            gap: 25px;\n        }\n\n        #custom-bulletin-wrapper .test-card {\n            background: #fff;\n            border: 1px solid #eee;\n            padding: 25px;\n            border-radius: var(--bulletin-radius);\n            transition: transform 0.2s, box-shadow 0.2s;\n        }\n\n        #custom-bulletin-wrapper .test-card:hover {\n            transform: translateY(-5px);\n            box-shadow: var(--bulletin-shadow);\n        }\n\n        #custom-bulletin-wrapper .test-card h4 {\n            color: var(--bulletin-blue) !important; \n            margin: 0 0 15px;\n            font-size: 18px;\n            line-height: 1.3;\n            display: flex;\n            align-items: center;\n        }\n        \n        #custom-bulletin-wrapper .test-card h4 i {\n            margin-right: 10px;\n            font-size: 16px;\n        }\n\n        #custom-bulletin-wrapper .test-card p {\n            margin: 0;\n            font-size: 14px;\n            color: #555;\n        }\n\n        \/* --- Responsive Design --- *\/\n        @media (max-width: 900px) {\n            #custom-bulletin-wrapper .bulletin-cards {\n                flex-direction: column;\n            }\n            #custom-bulletin-wrapper .three-column-layout {\n                flex-direction: column;\n                gap: 30px;\n            }\n        }\n    <\/style>\n<\/head>\n<body>\n\n<div id=\"custom-bulletin-wrapper\">\n\n    <header class=\"header-section\">\n        <div class=\"header-content\">\n            <span class=\"overline\"><\/span>\n            <h1>\u0130lkokul B\u00fclten<\/h1>\n            <div class=\"bulletin-cards\">\n                <div class=\"bulletin-card\">\n                    <h3>Temel Geli\u015fim Alanlar\u0131<\/h3>\n                    <ul class=\"bulletin-list\">\n                        <li><i class=\"fa-solid fa-chevron-right\"><\/i> 1. Geli\u015fimsel Alan (Benlik Alg\u0131s\u0131)<\/li>\n                        <li><i class=\"fa-solid fa-chevron-right\"><\/i> 2. Duygusal Alan (Duygu D\u00fczenleme)<\/li>\n                        <li><i class=\"fa-solid fa-chevron-right\"><\/i> 3. Sosyal Alan (\u0130leti\u015fim ve Empati)<\/li>\n                        <li><i class=\"fa-solid fa-chevron-right\"><\/i> 4. Akademik Alan (Dikkat ve Planlama)<\/li>\n                    <\/ul>\n                <\/div>\n                <div class=\"bulletin-card\">\n                    <h3>\u00d6\u011frenci E\u011fitimleri ve Y\u00f6ntemler<\/h3>\n                    <ul class=\"bulletin-list\">\n                        <li><i class=\"fa-solid fa-chevron-right\"><\/i> Mahremiyet ve Benlik E\u011fitimi<\/li>\n                        <li><i class=\"fa-solid fa-chevron-right\"><\/i> Dikkat ve Duygu \u00c7al\u0131\u015fmalar\u0131<\/li>\n                        <li><i class=\"fa-solid fa-chevron-right\"><\/i> \u00c7at\u0131\u015fma \u00c7\u00f6zme Becerileri<\/li>\n                        <li><i class=\"fa-solid fa-chevron-right\"><\/i> Drama ve \u00d6rnek Olay Y\u00f6ntemleri<\/li>\n                    <\/ul>\n                <\/div>\n            <\/div>\n        <\/div>\n    <\/header>\n\n    <div class=\"container\">\n        \n        <section class=\"content-section\">\n            <h2>1. Geli\u015fimsel Alan<\/h2>\n            <div class=\"three-column-layout\">\n                <div class=\"column\">\n                    <div class=\"column-header\"><i class=\"fa-solid fa-id-card\"><\/i> Benlik ve Fark\u0131ndal\u0131k<\/div>\n                    <ul>\n                        <li>Ki\u015filik \u00f6zelliklerini tan\u0131ma ve fark\u0131ndal\u0131k<\/li>\n                        <li>Benlik alg\u0131s\u0131n\u0131 g\u00fc\u00e7lendirme<\/li>\n                    <\/ul>\n                <\/div>\n                <div class=\"column\">\n                    <div class=\"column-header\"><i class=\"fa-solid fa-puzzle-piece\"><\/i> Beceri Geli\u015fimi<\/div>\n                    <ul>\n                        <li>Problem \u00e7\u00f6zme becerileri<\/li>\n                        <li>\u0130leti\u015fim becerileri<\/li>\n                    <\/ul>\n                <\/div>\n                <div class=\"column\">\n                    <div class=\"column-header\"><i class=\"fa-solid fa-users-gear\"><\/i> Sosyal Sorumluluk<\/div>\n                    <ul>\n                        <li>Sosyal beceri geli\u015ftirme<\/li>\n                        <li>Karar verme ve sorumluluk alma<\/li>\n                    <\/ul>\n                <\/div>\n            <\/div>\n        <\/section>\n\n        <section class=\"content-section\">\n            <h2>2. Duygusal Alan<\/h2>\n            <div class=\"three-column-layout\">\n                <div class=\"column\">\n                    <div class=\"column-header\"><i class=\"fa-solid fa-heart\"><\/i> Duygu Tan\u0131ma<\/div>\n                    <ul>\n                        <li>Temel duygular\u0131 tan\u0131ma<\/li>\n                        <li>Duygular\u0131 adland\u0131rma<\/li>\n                    <\/ul>\n                <\/div>\n                <div class=\"column\">\n                    <div class=\"column-header\"><i class=\"fa-solid fa-hand-holding-heart\"><\/i> Ba\u015f Etme Stratejileri<\/div>\n                    <ul>\n                        <li>\u00d6fke ile ba\u015f etme<\/li>\n                        <li>\u00dcz\u00fcnt\u00fc ve kayg\u0131 y\u00f6netimi<\/li>\n                    <\/ul>\n                <\/div>\n                <div class=\"column\">\n                    <div class=\"column-header\"><i class=\"fa-solid fa-shield-heart\"><\/i> G\u00fcvenli Ortam<\/div>\n                    <ul>\n                        <li>Duygusal iyi olu\u015fu destekleme<\/li>\n                        <li>G\u00fcvenli alan olu\u015fturma<\/li>\n                    <\/ul>\n                <\/div>\n            <\/div>\n        <\/section>\n\n        <section class=\"content-section\">\n            <h2>3. Sosyal ve 4. Akademik Alanlar<\/h2>\n            <div class=\"three-column-layout\">\n                <div class=\"column\">\n                    <div class=\"column-header\"><i class=\"fa-solid fa-users\"><\/i> Sosyal Alan Becerileri<\/div>\n                    <ul>\n                        <li>Empati kurma<\/li>\n                        <li>\u0130\u015f birli\u011fi yapma<\/li>\n                        <li>S\u0131n\u0131r koyabilme<\/li>\n                    <\/ul>\n                <\/div>\n                <div class=\"column\">\n                    <div class=\"column-header\"><i class=\"fa-solid fa-comments\"><\/i> \u0130leti\u015fim ve \u00c7at\u0131\u015fma<\/div>\n                    <ul>\n                        <li>\u00c7at\u0131\u015fma \u00e7\u00f6zme becerileri<\/li>\n                        <li>Etkili ileti\u015fim geli\u015ftirme<\/li>\n                    <\/ul>\n                <\/div>\n                <div class=\"column\">\n                    <div class=\"column-header\"><i class=\"fa-solid fa-graduation-cap\"><\/i> Akademik Beceriler<\/div>\n                    <ul>\n                        <li>Dikkat ve odaklanma<\/li>\n                        <li>Planlama ve zaman y\u00f6netimi<\/li>\n                        <li>Hedef belirleme ve etkili \u00e7al\u0131\u015fma<\/li>\n                    <\/ul>\n                <\/div>\n            <\/div>\n        <\/section>\n\n        <section class=\"content-section\">\n            <h2>\u00d6\u011frencilere Y\u00f6nelik E\u011fitimler ve Y\u00f6ntemler<\/h2>\n            <div class=\"test-grid\">\n                <div class=\"test-card\">\n                    <h4><i class=\"fa-solid fa-user-shield\"><\/i> Mahremiyet E\u011fitimi<\/h4>\n                    <p>Beden, bilgi, zaman ve e\u015fya mahremiyeti kavramlar\u0131.<\/p>\n                <\/div>\n                <div class=\"test-card\">\n                    <h4><i class=\"fa-solid fa-brain\"><\/i> Dikkat G\u00fc\u00e7lendirme<\/h4>\n                    <p>Odaklanma ve dikkat s\u00fcrd\u00fcrme egzersizleri.<\/p>\n                <\/div>\n                <div class=\"test-card\">\n                    <h4><i class=\"fa-solid fa-face-smile\"><\/i> Duygu ve Arkada\u015fl\u0131k<\/h4>\n                    <p>Duygular\u0131 ifade etme ve sa\u011fl\u0131kl\u0131 arkada\u015fl\u0131k ili\u015fkileri kurma.<\/p>\n                <\/div>\n                 <div class=\"test-card\">\n                    <h4><i class=\"fa-solid fa-handshake\"><\/i> \u00c7at\u0131\u015fma \u00c7\u00f6zme<\/h4>\n                    <p>Sorunlar\u0131 bar\u0131\u015f\u00e7\u0131l yolla \u00e7\u00f6zme, sayg\u0131l\u0131 ve sorumlu davran\u0131\u015f geli\u015ftirme.<\/p>\n                <\/div>\n                 <div class=\"test-card\">\n                    <h4><i class=\"fa-solid fa-fingerprint\"><\/i> Benlik Kavram\u0131<\/h4>\n                    <p>Kendini tan\u0131ma ve g\u00fc\u00e7l\u00fc y\u00f6nlerini fark etme \u00e7al\u0131\u015fmalar\u0131.<\/p>\n                <\/div>\n                <div class=\"test-card\" style=\"background-color: #f9faff; border-color: #eef2f6;\">\n                    <h4><i class=\"fa-solid fa-chalkboard-user\"><\/i> Uygulanan Y\u00f6ntemler<\/h4>\n                    <p>Hikayele\u015ftirme, drama, soru-cevap, \u00f6rnek olay inceleme, bireysel ve grup \u00e7al\u0131\u015fmalar\u0131.<\/p>\n                <\/div>\n            <\/div>\n        <\/section>\n\n    <\/div>\n<\/div> <\/body>\n<\/html>\t\t\t\t<\/div>\n\t\t\t\t<\/div>\n\t\t\t\t\t<\/div>\n\t\t\t\t<\/div>\n\t\t\t\t\t<\/div>\n\t\t\t\t<\/div>\n\t\t\t\t<\/div>\n\t\t","protected":false},"excerpt":{"rendered":"<p>\u0130lkokul B\u00fclten Temel Geli\u015fim Alanlar\u0131 1. Geli\u015fimsel Alan (Benlik Alg\u0131s\u0131) 2. Duygusal Alan (Duygu D\u00fczenleme) 3. Sosyal Alan (\u0130leti\u015fim ve Empati) 4. Akademik Alan (Dikkat ve Planlama) \u00d6\u011frenci E\u011fitimleri ve Y\u00f6ntemler Mahremiyet ve Benlik E\u011fitimi Dikkat ve Duygu \u00c7al\u0131\u015fmalar\u0131 \u00c7at\u0131\u015fma \u00c7\u00f6zme Becerileri Drama ve \u00d6rnek Olay Y\u00f6ntemleri 1. Geli\u015fimsel Alan Benlik ve Fark\u0131ndal\u0131k Ki\u015filik \u00f6zelliklerini [&hellip;]<\/p>\n","protected":false},"author":3,"featured_media":0,"parent":0,"menu_order":0,"comment_status":"closed","ping_status":"closed","template":"","meta":{"footnotes":""},"class_list":["post-2927","page","type-page","status-publish","hentry"],"_links":{"self":[{"href":"https:\/\/peronmedya.com\/liderokullari\/wp-json\/wp\/v2\/pages\/2927","targetHints":{"allow":["GET"]}}],"collection":[{"href":"https:\/\/peronmedya.com\/liderokullari\/wp-json\/wp\/v2\/pages"}],"about":[{"href":"https:\/\/peronmedya.com\/liderokullari\/wp-json\/wp\/v2\/types\/page"}],"author":[{"embeddable":true,"href":"https:\/\/peronmedya.com\/liderokullari\/wp-json\/wp\/v2\/users\/3"}],"replies":[{"embeddable":true,"href":"https:\/\/peronmedya.com\/liderokullari\/wp-json\/wp\/v2\/comments?post=2927"}],"version-history":[{"count":10,"href":"https:\/\/peronmedya.com\/liderokullari\/wp-json\/wp\/v2\/pages\/2927\/revisions"}],"predecessor-version":[{"id":3546,"href":"https:\/\/peronmedya.com\/liderokullari\/wp-json\/wp\/v2\/pages\/2927\/revisions\/3546"}],"wp:attachment":[{"href":"https:\/\/peronmedya.com\/liderokullari\/wp-json\/wp\/v2\/media?parent=2927"}],"curies":[{"name":"wp","href":"https:\/\/api.w.org\/{rel}","templated":true}]}}