{"id":2929,"date":"2026-02-05T10:43:41","date_gmt":"2026-02-05T10:43:41","guid":{"rendered":"https:\/\/peronmedya.com\/liderokullari\/?page_id=2929"},"modified":"2026-02-06T07:40:21","modified_gmt":"2026-02-06T07:40:21","slug":"ortaokul-pdr","status":"publish","type":"page","link":"https:\/\/peronmedya.com\/liderokullari\/ortaokul-pdr\/","title":{"rendered":"Ortaokul PDR"},"content":{"rendered":"\t\t<div data-elementor-type=\"wp-page\" data-elementor-id=\"2929\" class=\"elementor elementor-2929\" data-elementor-post-type=\"page\">\n\t\t\t\t<div class=\"elementor-element elementor-element-2a6fa51 e-flex e-con-boxed e-con e-parent\" data-id=\"2a6fa51\" data-element_type=\"container\" data-e-type=\"container\">\n\t\t\t\t\t<div class=\"e-con-inner\">\n\t\t<div class=\"elementor-element elementor-element-8d0337a e-flex e-con-boxed e-con e-child\" data-id=\"8d0337a\" data-element_type=\"container\" data-e-type=\"container\">\n\t\t\t\t\t<div class=\"e-con-inner\">\n\t\t\t\t<div class=\"elementor-element elementor-element-d56b82f elementor-widget elementor-widget-image\" data-id=\"d56b82f\" data-element_type=\"widget\" data-e-type=\"widget\" data-widget_type=\"image.default\">\n\t\t\t\t<div class=\"elementor-widget-container\">\n\t\t\t\t\t\t\t\t\t\t\t\t\t\t\t<img fetchpriority=\"high\" decoding=\"async\" width=\"800\" height=\"450\" src=\"https:\/\/peronmedya.com\/liderokullari\/wp-content\/uploads\/2025\/10\/Lider-Okullari-I-Ortaokul-Genel-Bakis-0-26-screenshot-1024x576.png\" class=\"attachment-large size-large wp-image-618\" alt=\"\" srcset=\"https:\/\/peronmedya.com\/liderokullari\/wp-content\/uploads\/2025\/10\/Lider-Okullari-I-Ortaokul-Genel-Bakis-0-26-screenshot-1024x576.png 1024w, https:\/\/peronmedya.com\/liderokullari\/wp-content\/uploads\/2025\/10\/Lider-Okullari-I-Ortaokul-Genel-Bakis-0-26-screenshot-300x169.png 300w, https:\/\/peronmedya.com\/liderokullari\/wp-content\/uploads\/2025\/10\/Lider-Okullari-I-Ortaokul-Genel-Bakis-0-26-screenshot-768x432.png 768w, https:\/\/peronmedya.com\/liderokullari\/wp-content\/uploads\/2025\/10\/Lider-Okullari-I-Ortaokul-Genel-Bakis-0-26-screenshot-1536x864.png 1536w, https:\/\/peronmedya.com\/liderokullari\/wp-content\/uploads\/2025\/10\/Lider-Okullari-I-Ortaokul-Genel-Bakis-0-26-screenshot.png 1920w\" sizes=\"(max-width: 800px) 100vw, 800px\" \/>\t\t\t\t\t\t\t\t\t\t\t\t\t\t\t<\/div>\n\t\t\t\t<\/div>\n\t\t\t\t<div class=\"elementor-element elementor-element-749c7f8 elementor-widget elementor-widget-heading\" data-id=\"749c7f8\" data-element_type=\"widget\" data-e-type=\"widget\" data-widget_type=\"heading.default\">\n\t\t\t\t<div class=\"elementor-widget-container\">\n\t\t\t\t\t<h2 class=\"elementor-heading-title elementor-size-default\">Ortaokul Rehberlik Modeli<\/h2>\t\t\t\t<\/div>\n\t\t\t\t<\/div>\n\t\t\t\t<div class=\"elementor-element elementor-element-19a1a3f elementor-widget__width-initial elementor-widget elementor-widget-text-editor\" data-id=\"19a1a3f\" data-element_type=\"widget\" data-e-type=\"widget\" data-widget_type=\"text-editor.default\">\n\t\t\t\t<div class=\"elementor-widget-container\">\n\t\t\t\t\t\t\t\t\t<h5 class=\"p1\"><b>Rehberlik Hizmetlerinin Amac\u0131<\/b><\/h5><ul class=\"ul1\"><li class=\"li2\">\u00d6\u011frencilerin kendilerini tan\u0131mas\u0131n\u0131 sa\u011flamak<\/li><li class=\"li2\">Duygular\u0131n\u0131 sa\u011fl\u0131kl\u0131 \u015fekilde y\u00f6netmelerine destek olmak<\/li><li class=\"li2\">Akademik potansiyellerini en \u00fcst d\u00fczeye ta\u015f\u0131mak<\/li><li class=\"li2\">Sa\u011fl\u0131kl\u0131 sosyal ili\u015fkiler geli\u015ftirmelerini desteklemek<\/li><\/ul><p class=\"p3\"><span class=\"s2\">Hizmetlerimiz <\/span><b>\u00f6nleyici, geli\u015fimsel ve destekleyici rehberlik anlay\u0131\u015f\u0131<\/b><span class=\"s2\"> \u00e7er\u00e7evesinde y\u00fcr\u00fct\u00fclmektedir.<\/span><\/p>\t\t\t\t\t\t\t\t<\/div>\n\t\t\t\t<\/div>\n\t\t\t\t\t<\/div>\n\t\t\t\t<\/div>\n\t\t\t\t\t<\/div>\n\t\t\t\t<\/div>\n\t\t\t\t<\/div>\n\t\t","protected":false},"excerpt":{"rendered":"<p>Ortaokul Rehberlik Modeli Rehberlik Hizmetlerinin Amac\u0131 \u00d6\u011frencilerin kendilerini tan\u0131mas\u0131n\u0131 sa\u011flamak Duygular\u0131n\u0131 sa\u011fl\u0131kl\u0131 \u015fekilde y\u00f6netmelerine destek olmak Akademik potansiyellerini en \u00fcst d\u00fczeye ta\u015f\u0131mak Sa\u011fl\u0131kl\u0131 sosyal ili\u015fkiler geli\u015ftirmelerini desteklemek Hizmetlerimiz \u00f6nleyici, geli\u015fimsel ve destekleyici rehberlik anlay\u0131\u015f\u0131 \u00e7er\u00e7evesinde y\u00fcr\u00fct\u00fclmektedir.<\/p>\n","protected":false},"author":3,"featured_media":0,"parent":0,"menu_order":0,"comment_status":"closed","ping_status":"closed","template":"","meta":{"footnotes":""},"class_list":["post-2929","page","type-page","status-publish","hentry"],"_links":{"self":[{"href":"https:\/\/peronmedya.com\/liderokullari\/wp-json\/wp\/v2\/pages\/2929","targetHints":{"allow":["GET"]}}],"collection":[{"href":"https:\/\/peronmedya.com\/liderokullari\/wp-json\/wp\/v2\/pages"}],"about":[{"href":"https:\/\/peronmedya.com\/liderokullari\/wp-json\/wp\/v2\/types\/page"}],"author":[{"embeddable":true,"href":"https:\/\/peronmedya.com\/liderokullari\/wp-json\/wp\/v2\/users\/3"}],"replies":[{"embeddable":true,"href":"https:\/\/peronmedya.com\/liderokullari\/wp-json\/wp\/v2\/comments?post=2929"}],"version-history":[{"count":7,"href":"https:\/\/peronmedya.com\/liderokullari\/wp-json\/wp\/v2\/pages\/2929\/revisions"}],"predecessor-version":[{"id":3091,"href":"https:\/\/peronmedya.com\/liderokullari\/wp-json\/wp\/v2\/pages\/2929\/revisions\/3091"}],"wp:attachment":[{"href":"https:\/\/peronmedya.com\/liderokullari\/wp-json\/wp\/v2\/media?parent=2929"}],"curies":[{"name":"wp","href":"https:\/\/api.w.org\/{rel}","templated":true}]}}