{"id":2934,"date":"2026-02-05T10:43:56","date_gmt":"2026-02-05T10:43:56","guid":{"rendered":"https:\/\/peronmedya.com\/liderokullari\/?page_id=2934"},"modified":"2026-02-09T08:34:23","modified_gmt":"2026-02-09T08:34:23","slug":"ortaokul-bultenler","status":"publish","type":"page","link":"https:\/\/peronmedya.com\/liderokullari\/ortaokul-bultenler\/","title":{"rendered":"Ortaokul B\u00fcltenler"},"content":{"rendered":"\t\t<div data-elementor-type=\"wp-page\" data-elementor-id=\"2934\" class=\"elementor elementor-2934\" data-elementor-post-type=\"page\">\n\t\t\t\t<div class=\"elementor-element elementor-element-2c17675 e-flex e-con-boxed e-con e-parent\" data-id=\"2c17675\" data-element_type=\"container\" data-e-type=\"container\">\n\t\t\t\t\t<div class=\"e-con-inner\">\n\t\t<div class=\"elementor-element elementor-element-e3effb5 e-flex e-con-boxed e-con e-child\" data-id=\"e3effb5\" data-element_type=\"container\" data-e-type=\"container\">\n\t\t\t\t\t<div class=\"e-con-inner\">\n\t\t\t\t<div class=\"elementor-element elementor-element-083a50c elementor-widget elementor-widget-image\" data-id=\"083a50c\" data-element_type=\"widget\" data-e-type=\"widget\" data-widget_type=\"image.default\">\n\t\t\t\t<div class=\"elementor-widget-container\">\n\t\t\t\t\t\t\t\t\t\t\t\t\t\t\t<img fetchpriority=\"high\" decoding=\"async\" width=\"800\" height=\"450\" src=\"https:\/\/peronmedya.com\/liderokullari\/wp-content\/uploads\/2025\/10\/Lider-Okullari-I-Ortaokul-Genel-Bakis-0-26-screenshot-1024x576.png\" class=\"attachment-large size-large wp-image-618\" alt=\"\" srcset=\"https:\/\/peronmedya.com\/liderokullari\/wp-content\/uploads\/2025\/10\/Lider-Okullari-I-Ortaokul-Genel-Bakis-0-26-screenshot-1024x576.png 1024w, https:\/\/peronmedya.com\/liderokullari\/wp-content\/uploads\/2025\/10\/Lider-Okullari-I-Ortaokul-Genel-Bakis-0-26-screenshot-300x169.png 300w, https:\/\/peronmedya.com\/liderokullari\/wp-content\/uploads\/2025\/10\/Lider-Okullari-I-Ortaokul-Genel-Bakis-0-26-screenshot-768x432.png 768w, https:\/\/peronmedya.com\/liderokullari\/wp-content\/uploads\/2025\/10\/Lider-Okullari-I-Ortaokul-Genel-Bakis-0-26-screenshot-1536x864.png 1536w, https:\/\/peronmedya.com\/liderokullari\/wp-content\/uploads\/2025\/10\/Lider-Okullari-I-Ortaokul-Genel-Bakis-0-26-screenshot.png 1920w\" sizes=\"(max-width: 800px) 100vw, 800px\" \/>\t\t\t\t\t\t\t\t\t\t\t\t\t\t\t<\/div>\n\t\t\t\t<\/div>\n\t\t\t\t<div class=\"elementor-element elementor-element-0a3fc22 elementor-widget elementor-widget-html\" data-id=\"0a3fc22\" data-element_type=\"widget\" data-e-type=\"widget\" data-widget_type=\"html.default\">\n\t\t\t\t<div class=\"elementor-widget-container\">\n\t\t\t\t\t<!DOCTYPE html>\n<html lang=\"tr\">\n<head>\n    <meta charset=\"UTF-8\">\n    <meta name=\"viewport\" content=\"width=device-width, initial-scale=1.0\">\n    <link rel=\"stylesheet\" href=\"https:\/\/cdnjs.cloudflare.com\/ajax\/libs\/font-awesome\/6.4.0\/css\/all.min.css\">\n    <style>\n        \/* Scoped ID to prevent theme conflicts *\/\n        #bulletin-page-wrapper {\n            --brand-blue: #012068;\n            --brand-light: #f4f7fa;\n            --text-dark: #333333;\n            --white: #ffffff;\n            --radius: 12px;\n            --shadow: 0 4px 20px rgba(0, 0, 0, 0.08);\n            \n            font-family: 'Segoe UI', Roboto, Helvetica, Arial, sans-serif;\n            line-height: 1.6;\n            color: var(--text-dark);\n            background-color: var(--white);\n            width: 100%;\n        }\n\n        #bulletin-page-wrapper .container {\n            max-width: 1200px;\n            margin: 0 auto;\n            padding: 20px;\n        }\n\n        \/* --- Header --- *\/\n        #bulletin-page-wrapper .main-header {\n            text-align: center;\n            margin-bottom: 50px;\n            padding-bottom: 20px;\n            border-bottom: 2px solid var(--brand-light);\n        }\n\n        #bulletin-page-wrapper h1 {\n            color: var(--brand-blue) !important;\n            font-size: 34px;\n            font-weight: 800;\n            margin: 0;\n        }\n\n        #bulletin-page-wrapper .subtitle {\n            display: block;\n            font-size: 18px;\n            color: #666;\n            margin-top: 10px;\n        }\n\n        \/* --- Grid Layout for Bulletins 1-4 --- *\/\n        #bulletin-page-wrapper .bulletin-grid {\n            display: grid;\n            grid-template-columns: repeat(2, 1fr); \/* 2 Columns *\/\n            gap: 30px;\n            margin-bottom: 40px;\n        }\n\n        \/* --- Bulletin Card Style --- *\/\n        #bulletin-page-wrapper .bulletin-card {\n            background: var(--white);\n            border: 1px solid #e0e0e0;\n            border-radius: var(--radius);\n            box-shadow: var(--shadow);\n            overflow: hidden;\n            transition: transform 0.2s ease;\n        }\n\n        #bulletin-page-wrapper .bulletin-card:hover {\n            transform: translateY(-5px);\n            border-color: var(--brand-blue);\n        }\n\n        \/* Card Header *\/\n        #bulletin-page-wrapper .card-header {\n            background-color: var(--brand-blue);\n            color: var(--white);\n            padding: 20px;\n            display: flex;\n            align-items: center;\n            gap: 15px;\n        }\n\n        #bulletin-page-wrapper .card-header i {\n            font-size: 24px;\n            opacity: 0.9;\n        }\n\n        #bulletin-page-wrapper .card-header h2 {\n            margin: 0;\n            font-size: 20px;\n            color: var(--white) !important;\n            font-weight: 600;\n        }\n\n        \/* Card Content *\/\n        #bulletin-page-wrapper .card-body {\n            padding: 25px;\n        }\n\n        #bulletin-page-wrapper h3 {\n            color: var(--brand-blue);\n            font-size: 16px;\n            font-weight: 700;\n            margin-top: 20px;\n            margin-bottom: 10px;\n            border-left: 3px solid var(--brand-blue);\n            padding-left: 10px;\n        }\n\n        #bulletin-page-wrapper h3:first-child {\n            margin-top: 0;\n        }\n\n        #bulletin-page-wrapper ul {\n            list-style: none;\n            padding: 0;\n            margin: 0;\n        }\n\n        #bulletin-page-wrapper ul li {\n            position: relative;\n            padding-left: 20px;\n            margin-bottom: 8px;\n            font-size: 15px;\n            color: #444;\n        }\n\n        #bulletin-page-wrapper ul li::before {\n            content: \"\u2022\";\n            color: var(--brand-blue);\n            font-weight: bold;\n            position: absolute;\n            left: 0;\n            font-size: 18px;\n            line-height: 1.4;\n        }\n\n        \/* --- Bulletin 5 (Full Width Special Section) --- *\/\n        #bulletin-page-wrapper .special-section {\n            background-color: #fcfcfc;\n            border: 2px solid var(--brand-blue);\n            border-radius: var(--radius);\n            margin-top: 20px;\n            overflow: hidden;\n        }\n\n        #bulletin-page-wrapper .special-header {\n            background-color: var(--brand-blue);\n            color: white;\n            padding: 20px;\n            text-align: center;\n        }\n\n        #bulletin-page-wrapper .special-header h2 {\n            color: white !important;\n            margin: 0;\n            font-size: 24px;\n        }\n\n        #bulletin-page-wrapper .special-body {\n            padding: 30px;\n        }\n\n        #bulletin-page-wrapper .target-group {\n            background: #eef2f6;\n            padding: 15px;\n            border-radius: 8px;\n            margin-bottom: 25px;\n            text-align: center;\n        }\n\n        #bulletin-page-wrapper .target-group span {\n            display: inline-block;\n            background: white;\n            padding: 5px 15px;\n            border-radius: 20px;\n            margin: 5px;\n            font-weight: 600;\n            color: var(--brand-blue);\n            border: 1px solid #ddd;\n            font-size: 14px;\n        }\n\n        \/* 4-Column Layout for Bulletin 5 Details *\/\n        #bulletin-page-wrapper .special-grid {\n            display: grid;\n            grid-template-columns: repeat(auto-fit, minmax(220px, 1fr));\n            gap: 25px;\n        }\n\n        #bulletin-page-wrapper .special-col h4 {\n            color: var(--brand-blue);\n            font-size: 17px;\n            border-bottom: 1px solid #ddd;\n            padding-bottom: 10px;\n            margin-bottom: 15px;\n            display: flex;\n            align-items: center;\n            gap: 10px;\n        }\n\n        \/* Responsive *\/\n        @media (max-width: 900px) {\n            #bulletin-page-wrapper .bulletin-grid {\n                grid-template-columns: 1fr; \/* Stack cards on mobile *\/\n            }\n        }\n    <\/style>\n<\/head>\n<body>\n\n<div id=\"bulletin-page-wrapper\">\n    <div class=\"container\">\n\n        <header class=\"main-header\">\n            <h1>Ortaokul B\u00fcltenler<\/h1>\n            <span class=\"subtitle\">Geli\u015fimsel, Duygusal, Sosyal ve Akademik Alan \u00c7al\u0131\u015fmalar\u0131<\/span>\n        <\/header>\n\n        <div class=\"bulletin-grid\">\n\n            <div class=\"bulletin-card\">\n                <div class=\"card-header\">\n                    <i class=\"fa-solid fa-seedling\"><\/i>\n                    <h2>B\u00fclten 1 \u2013 Geli\u015fimsel Alan<\/h2>\n                <\/div>\n                <div class=\"card-body\">\n                    <h3>Kendini Tan\u0131ma ve Benlik Geli\u015fimi<\/h3>\n                    <ul>\n                        <li>G\u00fc\u00e7l\u00fc y\u00f6nleri fark etmeye y\u00f6nelik s\u0131n\u0131f i\u00e7i etkinlikler<\/li>\n                        <li>\u0130lgi ve yetenek fark\u0131ndal\u0131\u011f\u0131 \u00e7al\u0131\u015fmalar\u0131<\/li>\n                        <li>De\u011ferler e\u011fitimi temelli grup uygulamalar\u0131<\/li>\n                    <\/ul>\n                    <h3>Ergenlik D\u00f6nemi Fark\u0131ndal\u0131\u011f\u0131<\/h3>\n                    <ul>\n                        <li>Bedensel ve duygusal de\u011fi\u015fimler hakk\u0131nda bilgilendirme<\/li>\n                        <li>Sa\u011fl\u0131kl\u0131 s\u0131n\u0131r koyma ve beden alg\u0131s\u0131 \u00e7al\u0131\u015fmalar\u0131<\/li>\n                    <\/ul>\n                    <h3>Sorumluluk ve \u00d6z-D\u00fczenleme<\/h3>\n                    <ul>\n                        <li>Zaman y\u00f6netimi becerileri<\/li>\n                        <li>Hedef belirleme ve plan yapma etkinlikleri<\/li>\n                    <\/ul>\n                <\/div>\n            <\/div>\n\n            <div class=\"bulletin-card\">\n                <div class=\"card-header\">\n                    <i class=\"fa-solid fa-heart-pulse\"><\/i>\n                    <h2>B\u00fclten 2 \u2013 Duygusal Alan<\/h2>\n                <\/div>\n                <div class=\"card-body\">\n                    <h3>Duygu Fark\u0131ndal\u0131\u011f\u0131 ve D\u00fczenleme<\/h3>\n                    <ul>\n                        <li>Temel duygular\u0131 tan\u0131ma ve adland\u0131rma<\/li>\n                        <li>Duygular\u0131n bedenle ili\u015fkisini fark etme<\/li>\n                    <\/ul>\n                    <h3>Kayg\u0131 ve Stresle Ba\u015f Etme<\/h3>\n                    <ul>\n                        <li>S\u0131nav kayg\u0131s\u0131 bilgilendirme seminerleri<\/li>\n                        <li>Nefes ve gev\u015feme teknikleri<\/li>\n                        <li>Olumsuz d\u00fc\u015f\u00fcnceyi fark etme ve yeniden yap\u0131land\u0131rma<\/li>\n                    <\/ul>\n                    <h3>Bireysel Psikolojik Dan\u0131\u015fma<\/h3>\n                    <ul>\n                        <li>Duygusal zorlanma ya\u015fayan \u00f6\u011frencilerle bireysel g\u00f6r\u00fc\u015fmeler<\/li>\n                        <li>Gerekti\u011finde aile ile i\u015f birli\u011fi ve uzman takibi<\/li>\n                    <\/ul>\n                <\/div>\n            <\/div>\n\n            <div class=\"bulletin-card\">\n                <div class=\"card-header\">\n                    <i class=\"fa-solid fa-users\"><\/i>\n                    <h2>B\u00fclten 3 \u2013 Sosyal Alan<\/h2>\n                <\/div>\n                <div class=\"card-body\">\n                    <h3>\u0130leti\u015fim ve Sosyal Beceri Geli\u015fimi<\/h3>\n                    <ul>\n                        <li>Empati ve etkin dinleme \u00e7al\u0131\u015fmalar\u0131<\/li>\n                        <li>\u201cHay\u0131r diyebilme\u201d ve s\u0131n\u0131r koyma becerileri<\/li>\n                        <li>Grup i\u00e7i etkile\u015fimi art\u0131ran etkinlikler<\/li>\n                    <\/ul>\n                    <h3>Akran \u0130li\u015fkileri ve Zorbal\u0131kla M\u00fccadele<\/h3>\n                    <ul>\n                        <li>Zorbal\u0131k fark\u0131ndal\u0131\u011f\u0131 \u00e7al\u0131\u015fmalar\u0131<\/li>\n                        <li>G\u00fcvenli okul iklimini destekleyici s\u0131n\u0131f \u00e7al\u0131\u015fmalar\u0131<\/li>\n                    <\/ul>\n                    <h3>Grup Rehberli\u011fi<\/h3>\n                    <ul>\n                        <li>Sosyal uyum ve s\u0131n\u0131f i\u00e7i ili\u015fkileri g\u00fc\u00e7lendiren etkinlikler<\/li>\n                        <li>S\u0131n\u0131f rehberlik saatlerinde yap\u0131land\u0131r\u0131lm\u0131\u015f \u00e7al\u0131\u015fmalar<\/li>\n                    <\/ul>\n                <\/div>\n            <\/div>\n\n            <div class=\"bulletin-card\">\n                <div class=\"card-header\">\n                    <i class=\"fa-solid fa-graduation-cap\"><\/i>\n                    <h2>B\u00fclten 4 \u2013 Akademik Alan<\/h2>\n                <\/div>\n                <div class=\"card-body\">\n                    <h3>Ders \u00c7al\u0131\u015fma Becerileri<\/h3>\n                    <ul>\n                        <li>Etkili ders \u00e7al\u0131\u015fma y\u00f6ntemleri<\/li>\n                        <li>\u00d6\u011frenme stilleri fark\u0131ndal\u0131\u011f\u0131 ve planlama stratejileri<\/li>\n                    <\/ul>\n                    <h3>Motivasyon ve Hedef Belirleme<\/h3>\n                    <ul>\n                        <li>K\u0131sa ve uzun vadeli hedefler olu\u015fturma<\/li>\n                        <li>\u0130\u00e7sel motivasyonu art\u0131rma<\/li>\n                    <\/ul>\n                    <h3>S\u0131nav S\u00fcre\u00e7leri ve \u00d6\u011fretmen \u0130\u015f Birli\u011fi<\/h3>\n                    <ul>\n                        <li>S\u0131nav \u00f6ncesi, an\u0131 ve sonras\u0131 psikolojik destek<\/li>\n                        <li>Performans kayg\u0131s\u0131 ya\u015fayan \u00f6\u011frencilerle bireysel g\u00f6r\u00fc\u015fmeler<\/li>\n                        <li>Geli\u015fim takibi ve ortak \u00e7\u00f6z\u00fcm planlar\u0131<\/li>\n                    <\/ul>\n                <\/div>\n            <\/div>\n\n        <\/div> <div class=\"special-section\">\n            <div class=\"special-header\">\n                <h2><i class=\"fa-solid fa-hands-holding-child\"><\/i> B\u00fclten 5 \u2013 Dikkat Eksikli\u011fi ve \u00d6\u011frenme G\u00fc\u00e7l\u00fc\u011f\u00fc<\/h2>\n            <\/div>\n            <div class=\"special-body\">\n                \n                <div class=\"target-group\">\n                    <strong>HEDEF GRUP:<\/strong>\n                    <span>Psikiyatrik tan\u0131s\u0131 olanlar<\/span>\n                    <span>RAM raporu bulunanlar<\/span>\n                    <span>Risk grubundaki \u00f6\u011frenciler<\/span>\n                <\/div>\n\n                <div class=\"special-grid\">\n                    <div class=\"special-col\">\n                        <h4><i class=\"fa-solid fa-user-graduate\"><\/i> \u00d6\u011frenciye Y\u00f6nelik<\/h4>\n                        <ul>\n                            <li>Bireysel rehberlik g\u00f6r\u00fc\u015fmeleri<\/li>\n                            <li>Dikkat ve y\u00fcr\u00fct\u00fcc\u00fc i\u015flev becerileri<\/li>\n                            <li>\u00d6\u011frenme stratejileri<\/li>\n                        <\/ul>\n                    <\/div>\n                    <div class=\"special-col\">\n                        <h4><i class=\"fa-solid fa-chalkboard-user\"><\/i> \u00d6\u011fretmenlere Y\u00f6nelik<\/h4>\n                        <ul>\n                            <li>Uyarlamalar ve rehberlik deste\u011fi<\/li>\n                            <li>G\u00f6rsel destek ve s\u00fcre esnekli\u011fi<\/li>\n                            <li>Olumlu davran\u0131\u015f peki\u015ftirme<\/li>\n                        <\/ul>\n                    <\/div>\n                    <div class=\"special-col\">\n                        <h4><i class=\"fa-solid fa-house-user\"><\/i> Velilere Y\u00f6nelik<\/h4>\n                        <ul>\n                            <li>Psiko-e\u011fitim ve bireysel g\u00f6r\u00fc\u015fmeler<\/li>\n                            <li>Evde ders \u00e7al\u0131\u015fma d\u00fczeni rehberli\u011fi<\/li>\n                            <li>G\u00fc\u00e7l\u00fc y\u00f6nlerin desteklenmesi<\/li>\n                        <\/ul>\n                    <\/div>\n                    <div class=\"special-col\">\n                        <h4><i class=\"fa-solid fa-handshake-simple\"><\/i> \u0130\u015f Birlikleri<\/h4>\n                        <ul>\n                            <li>Okul y\u00f6netimi ile ileti\u015fim<\/li>\n                            <li>RAM ve uzmanlarla koordinasyon<\/li>\n                            <li>S\u00fcre\u00e7 takibi<\/li>\n                        <\/ul>\n                    <\/div>\n                <\/div>\n\n            <\/div>\n        <\/div>\n\n    <\/div>\n<\/div>\n\n<\/body>\n<\/html>\t\t\t\t<\/div>\n\t\t\t\t<\/div>\n\t\t\t\t\t<\/div>\n\t\t\t\t<\/div>\n\t\t\t\t\t<\/div>\n\t\t\t\t<\/div>\n\t\t\t\t<\/div>\n\t\t","protected":false},"excerpt":{"rendered":"<p>Ortaokul B\u00fcltenler Geli\u015fimsel, Duygusal, Sosyal ve Akademik Alan \u00c7al\u0131\u015fmalar\u0131 B\u00fclten 1 \u2013 Geli\u015fimsel Alan Kendini Tan\u0131ma ve Benlik Geli\u015fimi G\u00fc\u00e7l\u00fc y\u00f6nleri fark etmeye y\u00f6nelik s\u0131n\u0131f i\u00e7i etkinlikler \u0130lgi ve yetenek fark\u0131ndal\u0131\u011f\u0131 \u00e7al\u0131\u015fmalar\u0131 De\u011ferler e\u011fitimi temelli grup uygulamalar\u0131 Ergenlik D\u00f6nemi Fark\u0131ndal\u0131\u011f\u0131 Bedensel ve duygusal de\u011fi\u015fimler hakk\u0131nda bilgilendirme Sa\u011fl\u0131kl\u0131 s\u0131n\u0131r koyma ve beden alg\u0131s\u0131 \u00e7al\u0131\u015fmalar\u0131 Sorumluluk ve [&hellip;]<\/p>\n","protected":false},"author":3,"featured_media":0,"parent":0,"menu_order":0,"comment_status":"closed","ping_status":"closed","template":"","meta":{"footnotes":""},"class_list":["post-2934","page","type-page","status-publish","hentry"],"_links":{"self":[{"href":"https:\/\/peronmedya.com\/liderokullari\/wp-json\/wp\/v2\/pages\/2934","targetHints":{"allow":["GET"]}}],"collection":[{"href":"https:\/\/peronmedya.com\/liderokullari\/wp-json\/wp\/v2\/pages"}],"about":[{"href":"https:\/\/peronmedya.com\/liderokullari\/wp-json\/wp\/v2\/types\/page"}],"author":[{"embeddable":true,"href":"https:\/\/peronmedya.com\/liderokullari\/wp-json\/wp\/v2\/users\/3"}],"replies":[{"embeddable":true,"href":"https:\/\/peronmedya.com\/liderokullari\/wp-json\/wp\/v2\/comments?post=2934"}],"version-history":[{"count":7,"href":"https:\/\/peronmedya.com\/liderokullari\/wp-json\/wp\/v2\/pages\/2934\/revisions"}],"predecessor-version":[{"id":3492,"href":"https:\/\/peronmedya.com\/liderokullari\/wp-json\/wp\/v2\/pages\/2934\/revisions\/3492"}],"wp:attachment":[{"href":"https:\/\/peronmedya.com\/liderokullari\/wp-json\/wp\/v2\/media?parent=2934"}],"curies":[{"name":"wp","href":"https:\/\/api.w.org\/{rel}","templated":true}]}}