{"id":2946,"date":"2026-02-05T10:51:15","date_gmt":"2026-02-05T10:51:15","guid":{"rendered":"https:\/\/peronmedya.com\/liderokullari\/?page_id=2946"},"modified":"2026-02-11T10:25:05","modified_gmt":"2026-02-11T10:25:05","slug":"fast-modeli","status":"publish","type":"page","link":"https:\/\/peronmedya.com\/liderokullari\/fast-modeli\/","title":{"rendered":"Fast Modeli"},"content":{"rendered":"\t\t<div data-elementor-type=\"wp-page\" data-elementor-id=\"2946\" class=\"elementor elementor-2946\" data-elementor-post-type=\"page\">\n\t\t\t\t<div class=\"elementor-element elementor-element-f8cb7ac e-flex e-con-boxed e-con e-parent\" data-id=\"f8cb7ac\" data-element_type=\"container\" data-e-type=\"container\">\n\t\t\t\t\t<div class=\"e-con-inner\">\n\t\t<div class=\"elementor-element elementor-element-9d1d88e e-flex e-con-boxed e-con e-child\" data-id=\"9d1d88e\" data-element_type=\"container\" data-e-type=\"container\">\n\t\t\t\t\t<div class=\"e-con-inner\">\n\t\t\t\t<div class=\"elementor-element elementor-element-06baee6 elementor-widget elementor-widget-text-editor\" data-id=\"06baee6\" data-element_type=\"widget\" data-e-type=\"widget\" data-widget_type=\"text-editor.default\">\n\t\t\t\t<div class=\"elementor-widget-container\">\n\t\t\t\t\t\t\t\t\t<p>Ayd\u0131n Lider Okullar\u0131<\/p>\t\t\t\t\t\t\t\t<\/div>\n\t\t\t\t<\/div>\n\t\t\t\t<div class=\"elementor-element elementor-element-d60d259 elementor-widget elementor-widget-heading\" data-id=\"d60d259\" data-element_type=\"widget\" data-e-type=\"widget\" data-widget_type=\"heading.default\">\n\t\t\t\t<div class=\"elementor-widget-container\">\n\t\t\t\t\t<h2 class=\"elementor-heading-title elementor-size-default\">FAST \u0130ngilizce \u00d6\u011fretim Modeli<\/h2>\t\t\t\t<\/div>\n\t\t\t\t<\/div>\n\t\t\t\t<div class=\"elementor-element elementor-element-1ee5891 elementor-widget elementor-widget-text-editor\" data-id=\"1ee5891\" data-element_type=\"widget\" data-e-type=\"widget\" data-widget_type=\"text-editor.default\">\n\t\t\t\t<div class=\"elementor-widget-container\">\n\t\t\t\t\t\t\t\t\t<p class=\"p1\">Lider Okullar\u0131nda \u0130ngilizce, bir ders de\u011fil ya\u015fam\u0131n do\u011fal bir par\u00e7as\u0131d\u0131r. Ezbere dayal\u0131 \u00f6\u011fretim yerine, \u00f6\u011frencilerin dili aktif kullanarak \u00f6\u011frenmesini hedefleriz. Anaokulundan ortaokula kadar yap\u0131land\u0131r\u0131lm\u0131\u015f program\u0131m\u0131zla \u0130ngilizcenin kal\u0131c\u0131 ve i\u015flevsel \u015fekilde kazan\u0131lmas\u0131n\u0131 sa\u011flar\u0131z.<\/p><p class=\"p2\"><b>FAST \u0130ngilizce \u00d6\u011fretim Modeli<\/b><\/p><ul class=\"ul1\"><li class=\"li1\"><b>Fluency (Ak\u0131c\u0131l\u0131k):<\/b> Ak\u0131c\u0131 konu\u015fma<\/li><li class=\"li1\"><b>Accuracy (Do\u011fruluk):<\/b> Do\u011fru ve etkili kullan\u0131m<\/li><li class=\"li1\"><b>Skills (Beceriler):<\/b> Dinleme, konu\u015fma, okuma, yazma<\/li><li class=\"li1\"><b>Transfer:<\/b> G\u00fcnl\u00fck ya\u015famda dili kullanabilme<\/li><\/ul><p class=\"p2\"><b>E\u011fitim Kademelerine G\u00f6re \u0130ngilizce<\/b><\/p><p class=\"p1\"><b>Anaokulu (3\u20136 Ya\u015f)<\/b><br \/>\u0130ngilizce; oyun, m\u00fczik, hik\u00e2ye ve drama yoluyla do\u011fal bir ortamda \u00f6\u011fretilir. \u00d6\u011frencilerin dili fark\u0131nda olmadan edinmeleri ve basit c\u00fcmlelerle kendilerini ifade edebilmeleri hedeflenir.<\/p><p class=\"p1\"><b>\u0130lkokul (1\u20134. S\u0131n\u0131flar)<\/b><br \/>\u0130leti\u015fim temelli derslerle konu\u015fma ve dinleme becerileri \u00f6n plandad\u0131r. \u00d6\u011frenciler A1\u2013A2 seviyelerinde \u0130ngilizceyi anlayan ve temel ileti\u015fim kurabilen bireyler olarak yeti\u015ftirilir.<\/p><p class=\"p1\"><b>Ortaokul (5\u20138. S\u0131n\u0131flar)<\/b><br \/>Proje tabanl\u0131 \u00e7al\u0131\u015fmalarla akademik \u0130ngilizce desteklenir. Seviye s\u0131n\u0131flar\u0131nda y\u00fcr\u00fct\u00fclen e\u011fitimle \u00f6\u011frenciler B1\u2013B2 d\u00fczeylerinde dili akademik ve g\u00fcnl\u00fck ya\u015famda etkili \u015fekilde kullanmay\u0131 \u00f6\u011frenir.<\/p>\t\t\t\t\t\t\t\t<\/div>\n\t\t\t\t<\/div>\n\t\t\t\t<div class=\"elementor-element elementor-element-ece5c2d elementor-widget elementor-widget-image\" data-id=\"ece5c2d\" data-element_type=\"widget\" data-e-type=\"widget\" data-widget_type=\"image.default\">\n\t\t\t\t<div class=\"elementor-widget-container\">\n\t\t\t\t\t\t\t\t\t\t\t\t\t\t\t<img fetchpriority=\"high\" decoding=\"async\" width=\"800\" height=\"534\" src=\"https:\/\/peronmedya.com\/liderokullari\/wp-content\/uploads\/2026\/01\/pexels-pavel-danilyuk-8422164-1024x684.jpg\" class=\"attachment-large size-large wp-image-2352\" alt=\"\" srcset=\"https:\/\/peronmedya.com\/liderokullari\/wp-content\/uploads\/2026\/01\/pexels-pavel-danilyuk-8422164-1024x684.jpg 1024w, https:\/\/peronmedya.com\/liderokullari\/wp-content\/uploads\/2026\/01\/pexels-pavel-danilyuk-8422164-300x200.jpg 300w, https:\/\/peronmedya.com\/liderokullari\/wp-content\/uploads\/2026\/01\/pexels-pavel-danilyuk-8422164-768x513.jpg 768w, https:\/\/peronmedya.com\/liderokullari\/wp-content\/uploads\/2026\/01\/pexels-pavel-danilyuk-8422164-1536x1026.jpg 1536w, https:\/\/peronmedya.com\/liderokullari\/wp-content\/uploads\/2026\/01\/pexels-pavel-danilyuk-8422164.jpg 1920w\" sizes=\"(max-width: 800px) 100vw, 800px\" \/>\t\t\t\t\t\t\t\t\t\t\t\t\t\t\t<\/div>\n\t\t\t\t<\/div>\n\t\t\t\t\t<\/div>\n\t\t\t\t<\/div>\n\t\t\t\t\t<\/div>\n\t\t\t\t<\/div>\n\t\t\t\t<\/div>\n\t\t","protected":false},"excerpt":{"rendered":"<p>Ayd\u0131n Lider Okullar\u0131 FAST \u0130ngilizce \u00d6\u011fretim Modeli Lider Okullar\u0131nda \u0130ngilizce, bir ders de\u011fil ya\u015fam\u0131n do\u011fal bir par\u00e7as\u0131d\u0131r. Ezbere dayal\u0131 \u00f6\u011fretim yerine, \u00f6\u011frencilerin dili aktif kullanarak \u00f6\u011frenmesini hedefleriz. Anaokulundan ortaokula kadar yap\u0131land\u0131r\u0131lm\u0131\u015f program\u0131m\u0131zla \u0130ngilizcenin kal\u0131c\u0131 ve i\u015flevsel \u015fekilde kazan\u0131lmas\u0131n\u0131 sa\u011flar\u0131z. FAST \u0130ngilizce \u00d6\u011fretim Modeli Fluency (Ak\u0131c\u0131l\u0131k): Ak\u0131c\u0131 konu\u015fma Accuracy (Do\u011fruluk): Do\u011fru ve etkili kullan\u0131m Skills (Beceriler): [&hellip;]<\/p>\n","protected":false},"author":3,"featured_media":0,"parent":0,"menu_order":0,"comment_status":"closed","ping_status":"closed","template":"","meta":{"footnotes":""},"class_list":["post-2946","page","type-page","status-publish","hentry"],"_links":{"self":[{"href":"https:\/\/peronmedya.com\/liderokullari\/wp-json\/wp\/v2\/pages\/2946","targetHints":{"allow":["GET"]}}],"collection":[{"href":"https:\/\/peronmedya.com\/liderokullari\/wp-json\/wp\/v2\/pages"}],"about":[{"href":"https:\/\/peronmedya.com\/liderokullari\/wp-json\/wp\/v2\/types\/page"}],"author":[{"embeddable":true,"href":"https:\/\/peronmedya.com\/liderokullari\/wp-json\/wp\/v2\/users\/3"}],"replies":[{"embeddable":true,"href":"https:\/\/peronmedya.com\/liderokullari\/wp-json\/wp\/v2\/comments?post=2946"}],"version-history":[{"count":10,"href":"https:\/\/peronmedya.com\/liderokullari\/wp-json\/wp\/v2\/pages\/2946\/revisions"}],"predecessor-version":[{"id":3843,"href":"https:\/\/peronmedya.com\/liderokullari\/wp-json\/wp\/v2\/pages\/2946\/revisions\/3843"}],"wp:attachment":[{"href":"https:\/\/peronmedya.com\/liderokullari\/wp-json\/wp\/v2\/media?parent=2946"}],"curies":[{"name":"wp","href":"https:\/\/api.w.org\/{rel}","templated":true}]}}