{"id":2948,"date":"2026-02-05T10:51:27","date_gmt":"2026-02-05T10:51:27","guid":{"rendered":"https:\/\/peronmedya.com\/liderokullari\/?page_id=2948"},"modified":"2026-02-11T10:26:15","modified_gmt":"2026-02-11T10:26:15","slug":"is-birliklerimiz","status":"publish","type":"page","link":"https:\/\/peronmedya.com\/liderokullari\/is-birliklerimiz\/","title":{"rendered":"\u0130\u015f Birliklerimiz"},"content":{"rendered":"\t\t<div data-elementor-type=\"wp-page\" data-elementor-id=\"2948\" class=\"elementor elementor-2948\" data-elementor-post-type=\"page\">\n\t\t\t\t<div class=\"elementor-element elementor-element-839a09b e-flex e-con-boxed e-con e-parent\" data-id=\"839a09b\" data-element_type=\"container\" data-e-type=\"container\">\n\t\t\t\t\t<div class=\"e-con-inner\">\n\t\t<div class=\"elementor-element elementor-element-0710bd4 e-con-full e-flex e-con e-child\" data-id=\"0710bd4\" data-element_type=\"container\" data-e-type=\"container\">\n\t\t<div class=\"elementor-element elementor-element-587cb4d e-con-full e-flex e-con e-child\" data-id=\"587cb4d\" data-element_type=\"container\" data-e-type=\"container\">\n\t\t<div class=\"elementor-element elementor-element-57bc2b1 e-con-full e-flex elementor-invisible e-con e-child\" data-id=\"57bc2b1\" data-element_type=\"container\" data-e-type=\"container\" data-settings=\"{&quot;animation&quot;:&quot;fadeInRight&quot;}\">\n\t\t\t\t<div class=\"elementor-element elementor-element-4f5378b elementor-widget elementor-widget-heading\" data-id=\"4f5378b\" data-element_type=\"widget\" data-e-type=\"widget\" data-widget_type=\"heading.default\">\n\t\t\t\t<div class=\"elementor-widget-container\">\n\t\t\t\t\t<h2 class=\"elementor-heading-title elementor-size-default\">\u0130\u015fbirliklerimiz ve Dijital Desteklerimiz\n<\/h2>\t\t\t\t<\/div>\n\t\t\t\t<\/div>\n\t\t\t\t<div class=\"elementor-element elementor-element-87a9ce0 elementor-widget-divider--view-line elementor-widget elementor-widget-divider\" data-id=\"87a9ce0\" data-element_type=\"widget\" data-e-type=\"widget\" data-widget_type=\"divider.default\">\n\t\t\t\t<div class=\"elementor-widget-container\">\n\t\t\t\t\t\t\t<div class=\"elementor-divider\">\n\t\t\t<span class=\"elementor-divider-separator\">\n\t\t\t\t\t\t<\/span>\n\t\t<\/div>\n\t\t\t\t\t\t<\/div>\n\t\t\t\t<\/div>\n\t\t\t\t<div class=\"elementor-element elementor-element-d917a8b elementor-widget elementor-widget-text-editor\" data-id=\"d917a8b\" data-element_type=\"widget\" data-e-type=\"widget\" data-widget_type=\"text-editor.default\">\n\t\t\t\t<div class=\"elementor-widget-container\">\n\t\t\t\t\t\t\t\t\t<p class=\"p1\">Okulumuz, \u00f6\u011frencilerimizin \u0130ngilizceyi etkin ve s\u00fcrekli kullanabilmeleri i\u00e7in \u00e7e\u015fitli dijital platformlar ve uluslararas\u0131 i\u015fbirlikleriyle e\u011fitim s\u00fcrecini destekler.<\/p><p class=\"p1\"><span class=\"s1\"><b>I Speak Better<\/b><\/span><br \/>\u00d6\u011frencilerin konu\u015fma becerilerini pratik yaparak geli\u015ftirmelerine olanak tan\u0131yan online konu\u015fma platformudur. Kendi \u00f6\u011frenme h\u0131zlar\u0131nda ilerleyerek \u00f6zg\u00fcvenli ileti\u015fim kurmalar\u0131n\u0131 destekler.<\/p><p class=\"p1\"><span class=\"s1\"><b>Global School<\/b><\/span><br \/>\u00d6\u011frencileri d\u00fcnyan\u0131n farkl\u0131 \u00fclkelerinden akranlar\u0131yla bulu\u015fturan uluslararas\u0131 e\u011fitim a\u011f\u0131d\u0131r. Online etkinlik ve projelerle k\u00fclt\u00fcrleraras\u0131 ileti\u015fim ve global fark\u0131ndal\u0131k kazand\u0131r\u0131r.<\/p><p class=\"p1\"><span class=\"s1\"><b>Pickatale (Dijital K\u00fct\u00fcphane)<\/b><\/span><br \/>Zengin i\u00e7erikli dijital kitap platformu sayesinde \u00f6\u011frenciler, okuma becerilerini okul d\u0131\u015f\u0131nda da geli\u015ftirir. \u0130nteraktif kitaplar, kelime da\u011farc\u0131\u011f\u0131n\u0131 ve okuma al\u0131\u015fkanl\u0131\u011f\u0131n\u0131 destekler.<\/p><p class=\"p1\">Bu dijital destekler ve i\u015fbirlikleri, \u00f6\u011frencilerimizin \u00f6\u011frenme s\u00fcrecini okulun \u00f6tesine ta\u015f\u0131yarak evde de geli\u015fimlerini s\u00fcrd\u00fcrmelerine olanak sa\u011flar.<\/p>\t\t\t\t\t\t\t\t<\/div>\n\t\t\t\t<\/div>\n\t\t\t\t<\/div>\n\t\t<div class=\"elementor-element elementor-element-55854e3 e-con-full e-flex elementor-invisible e-con e-child\" data-id=\"55854e3\" data-element_type=\"container\" data-e-type=\"container\" data-settings=\"{&quot;animation&quot;:&quot;fadeInLeft&quot;}\">\n\t\t\t\t<div class=\"elementor-element elementor-element-203bb07 elementor-widget elementor-widget-image\" data-id=\"203bb07\" data-element_type=\"widget\" data-e-type=\"widget\" data-widget_type=\"image.default\">\n\t\t\t\t<div class=\"elementor-widget-container\">\n\t\t\t\t\t\t\t\t\t\t\t\t\t\t\t<img fetchpriority=\"high\" decoding=\"async\" width=\"2016\" height=\"1134\" src=\"https:\/\/peronmedya.com\/liderokullari\/wp-content\/uploads\/2026\/01\/Lider-okullari-2026-drone.jpg\" class=\"attachment-full size-full wp-image-2222\" alt=\"\" srcset=\"https:\/\/peronmedya.com\/liderokullari\/wp-content\/uploads\/2026\/01\/Lider-okullari-2026-drone.jpg 2016w, https:\/\/peronmedya.com\/liderokullari\/wp-content\/uploads\/2026\/01\/Lider-okullari-2026-drone-300x169.jpg 300w, https:\/\/peronmedya.com\/liderokullari\/wp-content\/uploads\/2026\/01\/Lider-okullari-2026-drone-1024x576.jpg 1024w, https:\/\/peronmedya.com\/liderokullari\/wp-content\/uploads\/2026\/01\/Lider-okullari-2026-drone-768x432.jpg 768w, https:\/\/peronmedya.com\/liderokullari\/wp-content\/uploads\/2026\/01\/Lider-okullari-2026-drone-1536x864.jpg 1536w\" sizes=\"(max-width: 2016px) 100vw, 2016px\" \/>\t\t\t\t\t\t\t\t\t\t\t\t\t\t\t<\/div>\n\t\t\t\t<\/div>\n\t\t\t\t<\/div>\n\t\t\t\t<\/div>\n\t\t\t\t<\/div>\n\t\t\t\t\t<\/div>\n\t\t\t\t<\/div>\n\t\t\t\t<\/div>\n\t\t","protected":false},"excerpt":{"rendered":"<p>\u0130\u015fbirliklerimiz ve Dijital Desteklerimiz Okulumuz, \u00f6\u011frencilerimizin \u0130ngilizceyi etkin ve s\u00fcrekli kullanabilmeleri i\u00e7in \u00e7e\u015fitli dijital platformlar ve uluslararas\u0131 i\u015fbirlikleriyle e\u011fitim s\u00fcrecini destekler. I Speak Better\u00d6\u011frencilerin konu\u015fma becerilerini pratik yaparak geli\u015ftirmelerine olanak tan\u0131yan online konu\u015fma platformudur. Kendi \u00f6\u011frenme h\u0131zlar\u0131nda ilerleyerek \u00f6zg\u00fcvenli ileti\u015fim kurmalar\u0131n\u0131 destekler. Global School\u00d6\u011frencileri d\u00fcnyan\u0131n farkl\u0131 \u00fclkelerinden akranlar\u0131yla bulu\u015fturan uluslararas\u0131 e\u011fitim a\u011f\u0131d\u0131r. Online etkinlik ve [&hellip;]<\/p>\n","protected":false},"author":3,"featured_media":0,"parent":0,"menu_order":0,"comment_status":"closed","ping_status":"closed","template":"","meta":{"footnotes":""},"class_list":["post-2948","page","type-page","status-publish","hentry"],"_links":{"self":[{"href":"https:\/\/peronmedya.com\/liderokullari\/wp-json\/wp\/v2\/pages\/2948","targetHints":{"allow":["GET"]}}],"collection":[{"href":"https:\/\/peronmedya.com\/liderokullari\/wp-json\/wp\/v2\/pages"}],"about":[{"href":"https:\/\/peronmedya.com\/liderokullari\/wp-json\/wp\/v2\/types\/page"}],"author":[{"embeddable":true,"href":"https:\/\/peronmedya.com\/liderokullari\/wp-json\/wp\/v2\/users\/3"}],"replies":[{"embeddable":true,"href":"https:\/\/peronmedya.com\/liderokullari\/wp-json\/wp\/v2\/comments?post=2948"}],"version-history":[{"count":10,"href":"https:\/\/peronmedya.com\/liderokullari\/wp-json\/wp\/v2\/pages\/2948\/revisions"}],"predecessor-version":[{"id":3849,"href":"https:\/\/peronmedya.com\/liderokullari\/wp-json\/wp\/v2\/pages\/2948\/revisions\/3849"}],"wp:attachment":[{"href":"https:\/\/peronmedya.com\/liderokullari\/wp-json\/wp\/v2\/media?parent=2948"}],"curies":[{"name":"wp","href":"https:\/\/api.w.org\/{rel}","templated":true}]}}