{"id":2954,"date":"2026-02-05T10:52:11","date_gmt":"2026-02-05T10:52:11","guid":{"rendered":"https:\/\/peronmedya.com\/liderokullari\/?page_id=2954"},"modified":"2026-02-11T10:27:33","modified_gmt":"2026-02-11T10:27:33","slug":"speaking-club","status":"publish","type":"page","link":"https:\/\/peronmedya.com\/liderokullari\/speaking-club\/","title":{"rendered":"Speaking Club"},"content":{"rendered":"\t\t<div data-elementor-type=\"wp-page\" data-elementor-id=\"2954\" class=\"elementor elementor-2954\" data-elementor-post-type=\"page\">\n\t\t\t\t<div class=\"elementor-element elementor-element-71001b9 e-flex e-con-boxed e-con e-parent\" data-id=\"71001b9\" data-element_type=\"container\" data-e-type=\"container\">\n\t\t\t\t\t<div class=\"e-con-inner\">\n\t\t<div class=\"elementor-element elementor-element-89578d8 e-con-full e-flex e-con e-child\" data-id=\"89578d8\" data-element_type=\"container\" data-e-type=\"container\">\n\t\t<div class=\"elementor-element elementor-element-3ec42f1 e-con-full e-flex e-con e-child\" data-id=\"3ec42f1\" data-element_type=\"container\" data-e-type=\"container\">\n\t\t<div class=\"elementor-element elementor-element-7a2899a e-con-full e-flex elementor-invisible e-con e-child\" data-id=\"7a2899a\" data-element_type=\"container\" data-e-type=\"container\" data-settings=\"{&quot;animation&quot;:&quot;fadeInRight&quot;}\">\n\t\t\t\t<div class=\"elementor-element elementor-element-c6555f4 elementor-widget elementor-widget-heading\" data-id=\"c6555f4\" data-element_type=\"widget\" data-e-type=\"widget\" data-widget_type=\"heading.default\">\n\t\t\t\t<div class=\"elementor-widget-container\">\n\t\t\t\t\t<h2 class=\"elementor-heading-title elementor-size-default\">Speaking Club (Konu\u015fma Kul\u00fcb\u00fc)<\/h2>\t\t\t\t<\/div>\n\t\t\t\t<\/div>\n\t\t\t\t<div class=\"elementor-element elementor-element-7c276af elementor-widget-divider--view-line elementor-widget elementor-widget-divider\" data-id=\"7c276af\" data-element_type=\"widget\" data-e-type=\"widget\" data-widget_type=\"divider.default\">\n\t\t\t\t<div class=\"elementor-widget-container\">\n\t\t\t\t\t\t\t<div class=\"elementor-divider\">\n\t\t\t<span class=\"elementor-divider-separator\">\n\t\t\t\t\t\t<\/span>\n\t\t<\/div>\n\t\t\t\t\t\t<\/div>\n\t\t\t\t<\/div>\n\t\t\t\t<div class=\"elementor-element elementor-element-56c345e elementor-widget elementor-widget-text-editor\" data-id=\"56c345e\" data-element_type=\"widget\" data-e-type=\"widget\" data-widget_type=\"text-editor.default\">\n\t\t\t\t<div class=\"elementor-widget-container\">\n\t\t\t\t\t\t\t\t\t<p class=\"p1\">Okulumuzda \u00f6\u011frencilerimizin \u0130ngilizce ileti\u015fim becerilerini geli\u015ftirmek ve kendilerini \u00f6zg\u00fcvenle ifade edebilmelerini desteklemek amac\u0131yla hafta sonlar\u0131 Konu\u015fma Kul\u00fcpleri d\u00fczenlenmektedir.<\/p><p class=\"p1\">Konu\u015fma Kul\u00fcplerinde \u00f6\u011frenciler; g\u00fcnl\u00fck ya\u015famdan se\u00e7ilen konular \u00fczerinden konu\u015fur, fikirlerini payla\u015f\u0131r ve grup i\u00e7inde aktif olarak ileti\u015fim kurar. Etkinlikler, \u00f6\u011frencilerin kat\u0131l\u0131m\u0131n\u0131 te\u015fvik eden samimi ve destekleyici bir ortamda y\u00fcr\u00fct\u00fcl\u00fcr.<\/p><p class=\"p2\"><b>Konu\u015fma Kul\u00fcb\u00fc ile \u00f6\u011frenciler:<\/b><b><\/b><\/p><ul class=\"ul1\"><li class=\"li1\">Ak\u0131c\u0131 ve etkili konu\u015fma becerileri geli\u015ftirir,<\/li><li class=\"li1\">Dinleme ve kar\u015f\u0131l\u0131kl\u0131 ileti\u015fim becerilerini g\u00fc\u00e7lendirir,<\/li><li class=\"li1\">\u00d6zg\u00fcven kazan\u0131r,<\/li><li class=\"li1\">Sosyal etkile\u015fim ve ekip \u00e7al\u0131\u015fmas\u0131 deneyimi ya\u015far.<\/li><\/ul><p class=\"p1\">Konu\u015fma Kul\u00fcplerinde hata yapman\u0131n \u00f6\u011frenmenin do\u011fal bir par\u00e7as\u0131 oldu\u011fu anlay\u0131\u015f\u0131 benimsenir. Etkinlikler, \u00f6\u011frencilerin ya\u015f ve dil seviyelerine uygun olarak planlan\u0131r.<\/p>\t\t\t\t\t\t\t\t<\/div>\n\t\t\t\t<\/div>\n\t\t\t\t<\/div>\n\t\t<div class=\"elementor-element elementor-element-5a749b7 e-con-full e-flex elementor-invisible e-con e-child\" data-id=\"5a749b7\" data-element_type=\"container\" data-e-type=\"container\" data-settings=\"{&quot;animation&quot;:&quot;fadeInLeft&quot;}\">\n\t\t\t\t<div class=\"elementor-element elementor-element-17eef61 elementor-widget elementor-widget-image\" data-id=\"17eef61\" data-element_type=\"widget\" data-e-type=\"widget\" data-widget_type=\"image.default\">\n\t\t\t\t<div class=\"elementor-widget-container\">\n\t\t\t\t\t\t\t\t\t\t\t\t\t\t\t<img fetchpriority=\"high\" decoding=\"async\" width=\"1500\" height=\"1000\" src=\"https:\/\/peronmedya.com\/liderokullari\/wp-content\/uploads\/2026\/01\/2149511040.jpg\" class=\"attachment-full size-full wp-image-2271\" alt=\"\" srcset=\"https:\/\/peronmedya.com\/liderokullari\/wp-content\/uploads\/2026\/01\/2149511040.jpg 1500w, https:\/\/peronmedya.com\/liderokullari\/wp-content\/uploads\/2026\/01\/2149511040-300x200.jpg 300w, https:\/\/peronmedya.com\/liderokullari\/wp-content\/uploads\/2026\/01\/2149511040-1024x683.jpg 1024w, https:\/\/peronmedya.com\/liderokullari\/wp-content\/uploads\/2026\/01\/2149511040-768x512.jpg 768w\" sizes=\"(max-width: 1500px) 100vw, 1500px\" \/>\t\t\t\t\t\t\t\t\t\t\t\t\t\t\t<\/div>\n\t\t\t\t<\/div>\n\t\t\t\t<\/div>\n\t\t\t\t<\/div>\n\t\t\t\t<\/div>\n\t\t\t\t\t<\/div>\n\t\t\t\t<\/div>\n\t\t\t\t<\/div>\n\t\t","protected":false},"excerpt":{"rendered":"<p>Speaking Club (Konu\u015fma Kul\u00fcb\u00fc) Okulumuzda \u00f6\u011frencilerimizin \u0130ngilizce ileti\u015fim becerilerini geli\u015ftirmek ve kendilerini \u00f6zg\u00fcvenle ifade edebilmelerini desteklemek amac\u0131yla hafta sonlar\u0131 Konu\u015fma Kul\u00fcpleri d\u00fczenlenmektedir. Konu\u015fma Kul\u00fcplerinde \u00f6\u011frenciler; g\u00fcnl\u00fck ya\u015famdan se\u00e7ilen konular \u00fczerinden konu\u015fur, fikirlerini payla\u015f\u0131r ve grup i\u00e7inde aktif olarak ileti\u015fim kurar. Etkinlikler, \u00f6\u011frencilerin kat\u0131l\u0131m\u0131n\u0131 te\u015fvik eden samimi ve destekleyici bir ortamda y\u00fcr\u00fct\u00fcl\u00fcr. Konu\u015fma Kul\u00fcb\u00fc ile \u00f6\u011frenciler: [&hellip;]<\/p>\n","protected":false},"author":3,"featured_media":0,"parent":0,"menu_order":0,"comment_status":"closed","ping_status":"closed","template":"","meta":{"footnotes":""},"class_list":["post-2954","page","type-page","status-publish","hentry"],"_links":{"self":[{"href":"https:\/\/peronmedya.com\/liderokullari\/wp-json\/wp\/v2\/pages\/2954","targetHints":{"allow":["GET"]}}],"collection":[{"href":"https:\/\/peronmedya.com\/liderokullari\/wp-json\/wp\/v2\/pages"}],"about":[{"href":"https:\/\/peronmedya.com\/liderokullari\/wp-json\/wp\/v2\/types\/page"}],"author":[{"embeddable":true,"href":"https:\/\/peronmedya.com\/liderokullari\/wp-json\/wp\/v2\/users\/3"}],"replies":[{"embeddable":true,"href":"https:\/\/peronmedya.com\/liderokullari\/wp-json\/wp\/v2\/comments?post=2954"}],"version-history":[{"count":10,"href":"https:\/\/peronmedya.com\/liderokullari\/wp-json\/wp\/v2\/pages\/2954\/revisions"}],"predecessor-version":[{"id":3855,"href":"https:\/\/peronmedya.com\/liderokullari\/wp-json\/wp\/v2\/pages\/2954\/revisions\/3855"}],"wp:attachment":[{"href":"https:\/\/peronmedya.com\/liderokullari\/wp-json\/wp\/v2\/media?parent=2954"}],"curies":[{"name":"wp","href":"https:\/\/api.w.org\/{rel}","templated":true}]}}