{"id":2961,"date":"2026-02-05T10:53:18","date_gmt":"2026-02-05T10:53:18","guid":{"rendered":"https:\/\/peronmedya.com\/liderokullari\/?page_id=2961"},"modified":"2026-02-11T10:29:28","modified_gmt":"2026-02-11T10:29:28","slug":"olcme-ve-degerlendirme","status":"publish","type":"page","link":"https:\/\/peronmedya.com\/liderokullari\/olcme-ve-degerlendirme\/","title":{"rendered":"\u00d6l\u00e7me ve De\u011ferlendirme"},"content":{"rendered":"\t\t<div data-elementor-type=\"wp-page\" data-elementor-id=\"2961\" class=\"elementor elementor-2961\" data-elementor-post-type=\"page\">\n\t\t\t\t<div class=\"elementor-element elementor-element-b76aac3 e-flex e-con-boxed e-con e-parent\" data-id=\"b76aac3\" data-element_type=\"container\" data-e-type=\"container\">\n\t\t\t\t\t<div class=\"e-con-inner\">\n\t\t<div class=\"elementor-element elementor-element-505bb3e e-con-full e-flex e-con e-child\" data-id=\"505bb3e\" data-element_type=\"container\" data-e-type=\"container\">\n\t\t\t\t<div class=\"elementor-element elementor-element-db8b8a7 elementor-widget elementor-widget-heading\" data-id=\"db8b8a7\" data-element_type=\"widget\" data-e-type=\"widget\" data-widget_type=\"heading.default\">\n\t\t\t\t<div class=\"elementor-widget-container\">\n\t\t\t\t\t<h2 class=\"elementor-heading-title elementor-size-default\">\u00d6l\u00e7me ve De\u011ferlendirme Birimi<\/h2>\t\t\t\t<\/div>\n\t\t\t\t<\/div>\n\t\t<div class=\"elementor-element elementor-element-91e0874 e-con-full e-flex e-con e-child\" data-id=\"91e0874\" data-element_type=\"container\" data-e-type=\"container\">\n\t\t<div class=\"elementor-element elementor-element-74049f8 e-con-full e-flex elementor-invisible e-con e-child\" data-id=\"74049f8\" data-element_type=\"container\" data-e-type=\"container\" data-settings=\"{&quot;animation&quot;:&quot;fadeInLeft&quot;}\">\n\t\t\t\t<div class=\"elementor-element elementor-element-24e3e04 elementor-widget elementor-widget-text-editor\" data-id=\"24e3e04\" data-element_type=\"widget\" data-e-type=\"widget\" data-widget_type=\"text-editor.default\">\n\t\t\t\t<div class=\"elementor-widget-container\">\n\t\t\t\t\t\t\t\t\t<p>\u00d6l\u00e7me ve De\u011ferlendirme Birimi, \u00f6\u011frenme s\u00fcre\u00e7lerini g\u00fcncel e\u011fitim yakla\u015f\u0131mlar\u0131 do\u011frultusunda, veriye dayal\u0131 ve b\u00fct\u00fcnc\u00fcl bir anlay\u0131\u015fla y\u00fcr\u00fct\u00fcr. Akademik \u00e7al\u0131\u015fmalar, alan yaz\u0131ndaki geli\u015fmeler takip edilerek \u00f6\u011fretmenler ve Rehberlik Birimi i\u015f birli\u011fiyle planlan\u0131r.<\/p><p>\u00d6\u011frencilerin akademik geli\u015fimi; analiz ve raporlama \u00e7al\u0131\u015fmalar\u0131yla izlenirken, duygusal ve sosyal fakt\u00f6rler de de\u011ferlendirme s\u00fcrecine d\u00e2hil edilir. Bu sayede nicel veriler, nitel geri bildirimlerle desteklenerek \u00f6\u011frencilerin bireysel \u00f6\u011frenme ihtiya\u00e7lar\u0131na y\u00f6nelik planlamalar yap\u0131l\u0131r.<\/p>\t\t\t\t\t\t\t\t<\/div>\n\t\t\t\t<\/div>\n\t\t\t\t<\/div>\n\t\t<div class=\"elementor-element elementor-element-6f0983f e-con-full e-flex elementor-invisible e-con e-child\" data-id=\"6f0983f\" data-element_type=\"container\" data-e-type=\"container\" data-settings=\"{&quot;animation&quot;:&quot;fadeInRight&quot;}\">\n\t\t\t\t<div class=\"elementor-element elementor-element-25efc82 elementor-widget elementor-widget-image\" data-id=\"25efc82\" data-element_type=\"widget\" data-e-type=\"widget\" data-widget_type=\"image.default\">\n\t\t\t\t<div class=\"elementor-widget-container\">\n\t\t\t\t\t\t\t\t\t\t\t\t\t\t\t<img fetchpriority=\"high\" decoding=\"async\" width=\"512\" height=\"342\" src=\"https:\/\/peronmedya.com\/liderokullari\/wp-content\/uploads\/2026\/02\/MiddleSchoolStuddent_2.webp\" class=\"attachment-full size-full wp-image-3102\" alt=\"\" srcset=\"https:\/\/peronmedya.com\/liderokullari\/wp-content\/uploads\/2026\/02\/MiddleSchoolStuddent_2.webp 512w, https:\/\/peronmedya.com\/liderokullari\/wp-content\/uploads\/2026\/02\/MiddleSchoolStuddent_2-300x200.webp 300w\" sizes=\"(max-width: 512px) 100vw, 512px\" \/>\t\t\t\t\t\t\t\t\t\t\t\t\t\t\t<\/div>\n\t\t\t\t<\/div>\n\t\t\t\t<\/div>\n\t\t\t\t<\/div>\n\t\t\t\t<\/div>\n\t\t\t\t\t<\/div>\n\t\t\t\t<\/div>\n\t\t<div class=\"elementor-element elementor-element-b87c700 e-flex e-con-boxed e-con e-parent\" data-id=\"b87c700\" data-element_type=\"container\" data-e-type=\"container\">\n\t\t\t\t\t<div class=\"e-con-inner\">\n\t\t<div class=\"elementor-element elementor-element-9fc4d6d e-con-full e-flex e-con e-child\" data-id=\"9fc4d6d\" data-element_type=\"container\" data-e-type=\"container\">\n\t\t\t\t<div class=\"elementor-element elementor-element-e12687d elementor-widget elementor-widget-heading\" data-id=\"e12687d\" data-element_type=\"widget\" data-e-type=\"widget\" data-widget_type=\"heading.default\">\n\t\t\t\t<div class=\"elementor-widget-container\">\n\t\t\t\t\t<h2 class=\"elementor-heading-title elementor-size-default\">\u00d6l\u00e7me ve De\u011ferlendirme S\u00fcre\u00e7leri<\/h2>\t\t\t\t<\/div>\n\t\t\t\t<\/div>\n\t\t<div class=\"elementor-element elementor-element-ed1294d e-con-full e-flex e-con e-child\" data-id=\"ed1294d\" data-element_type=\"container\" data-e-type=\"container\">\n\t\t<div class=\"elementor-element elementor-element-1ffacac e-con-full e-flex elementor-invisible e-con e-child\" data-id=\"1ffacac\" data-element_type=\"container\" data-e-type=\"container\" data-settings=\"{&quot;animation&quot;:&quot;fadeInRight&quot;}\">\n\t\t\t\t<div class=\"elementor-element elementor-element-84a19a0 elementor-widget elementor-widget-image\" data-id=\"84a19a0\" data-element_type=\"widget\" data-e-type=\"widget\" data-widget_type=\"image.default\">\n\t\t\t\t<div class=\"elementor-widget-container\">\n\t\t\t\t\t\t\t\t\t\t\t\t\t\t\t<img decoding=\"async\" width=\"1440\" height=\"2560\" src=\"https:\/\/peronmedya.com\/liderokullari\/wp-content\/uploads\/2026\/02\/pexels-artempodrez-6990246-scaled.jpg\" class=\"attachment-full size-full wp-image-3112\" alt=\"\" srcset=\"https:\/\/peronmedya.com\/liderokullari\/wp-content\/uploads\/2026\/02\/pexels-artempodrez-6990246-scaled.jpg 1440w, https:\/\/peronmedya.com\/liderokullari\/wp-content\/uploads\/2026\/02\/pexels-artempodrez-6990246-169x300.jpg 169w, https:\/\/peronmedya.com\/liderokullari\/wp-content\/uploads\/2026\/02\/pexels-artempodrez-6990246-576x1024.jpg 576w, https:\/\/peronmedya.com\/liderokullari\/wp-content\/uploads\/2026\/02\/pexels-artempodrez-6990246-768x1365.jpg 768w, https:\/\/peronmedya.com\/liderokullari\/wp-content\/uploads\/2026\/02\/pexels-artempodrez-6990246-864x1536.jpg 864w, https:\/\/peronmedya.com\/liderokullari\/wp-content\/uploads\/2026\/02\/pexels-artempodrez-6990246-1152x2048.jpg 1152w\" sizes=\"(max-width: 1440px) 100vw, 1440px\" \/>\t\t\t\t\t\t\t\t\t\t\t\t\t\t\t<\/div>\n\t\t\t\t<\/div>\n\t\t\t\t<\/div>\n\t\t<div class=\"elementor-element elementor-element-082a302 e-con-full e-flex elementor-invisible e-con e-child\" data-id=\"082a302\" data-element_type=\"container\" data-e-type=\"container\" data-settings=\"{&quot;animation&quot;:&quot;fadeInLeft&quot;}\">\n\t\t\t\t<div class=\"elementor-element elementor-element-82905fa elementor-widget elementor-widget-text-editor\" data-id=\"82905fa\" data-element_type=\"widget\" data-e-type=\"widget\" data-widget_type=\"text-editor.default\">\n\t\t\t\t<div class=\"elementor-widget-container\">\n\t\t\t\t\t\t\t\t\t<h4><strong>Birimin temel \u00e7al\u0131\u015fmalar\u0131:<\/strong><\/h4><ul><li>G\u00fcncel \u00f6l\u00e7me ve de\u011ferlendirme y\u00f6ntemlerini e\u011fitim s\u00fcrecine entegre etmek,<\/li><li>S\u00fcre\u00e7 ve sonu\u00e7 odakl\u0131 \u00f6l\u00e7me ara\u00e7lar\u0131 geli\u015ftirmek ve uygulamak,<\/li><li>S\u0131nav ve deneme s\u0131navlar\u0131n\u0131 haz\u0131rlamak, de\u011ferlendirmek ve analiz etmek,<\/li><li>Elde edilen verileri \u00f6\u011frenci, \u00f6\u011fretmen ve velilerle payla\u015fmak,<\/li><li>Analiz sonu\u00e7lar\u0131na g\u00f6re s\u0131n\u0131f, k\u00fc\u00e7\u00fck grup ve bireysel destek \u00e7al\u0131\u015fmalar\u0131 planlamak,<\/li><li>\u00d6\u011frenmeyi destekleyen akademik \u00e7al\u0131\u015fmalar\u0131n takibini sa\u011flamak.<\/li><\/ul><h4><br \/><strong>Kullan\u0131lan \u00d6l\u00e7me Y\u00f6ntemleri<\/strong><\/h4><h5><strong>S\u00fcre\u00e7 Odakl\u0131 De\u011ferlendirme<\/strong><\/h5><ul><li>\u00a0Performans g\u00f6revleri<\/li><li>\u00a0Proje \u00e7al\u0131\u015fmalar\u0131<\/li><li>\u00a0Portfolyo (\u00fcr\u00fcn dosyas\u0131)<\/li><li>\u00d6z de\u011ferlendirme<\/li><\/ul><h5><br \/><strong>Sonu\u00e7 Odakl\u0131 De\u011ferlendirme<\/strong><\/h5><ul><li>Yaz\u0131l\u0131 ve izleme s\u0131navlar\u0131<\/li><li>Deneme s\u0131navlar\u0131<\/li><li>Uygulamal\u0131 s\u0131navlar<\/li><\/ul><p><br \/>\u00d6l\u00e7me ve de\u011ferlendirme sonu\u00e7lar\u0131na g\u00f6re belirlenen ihtiya\u00e7lar, hafta i\u00e7i ve hafta sonu yap\u0131lan et\u00fct \u00e7al\u0131\u015fmalar\u0131yla (s\u0131n\u0131f, k\u00fc\u00e7\u00fck grup ve bireysel) desteklenir.<\/p>\t\t\t\t\t\t\t\t<\/div>\n\t\t\t\t<\/div>\n\t\t\t\t<\/div>\n\t\t\t\t<\/div>\n\t\t\t\t<\/div>\n\t\t\t\t\t<\/div>\n\t\t\t\t<\/div>\n\t\t\t\t<\/div>\n\t\t","protected":false},"excerpt":{"rendered":"<p>\u00d6l\u00e7me ve De\u011ferlendirme Birimi \u00d6l\u00e7me ve De\u011ferlendirme Birimi, \u00f6\u011frenme s\u00fcre\u00e7lerini g\u00fcncel e\u011fitim yakla\u015f\u0131mlar\u0131 do\u011frultusunda, veriye dayal\u0131 ve b\u00fct\u00fcnc\u00fcl bir anlay\u0131\u015fla y\u00fcr\u00fct\u00fcr. Akademik \u00e7al\u0131\u015fmalar, alan yaz\u0131ndaki geli\u015fmeler takip edilerek \u00f6\u011fretmenler ve Rehberlik Birimi i\u015f birli\u011fiyle planlan\u0131r. \u00d6\u011frencilerin akademik geli\u015fimi; analiz ve raporlama \u00e7al\u0131\u015fmalar\u0131yla izlenirken, duygusal ve sosyal fakt\u00f6rler de de\u011ferlendirme s\u00fcrecine d\u00e2hil edilir. Bu sayede nicel [&hellip;]<\/p>\n","protected":false},"author":3,"featured_media":0,"parent":0,"menu_order":0,"comment_status":"closed","ping_status":"closed","template":"","meta":{"footnotes":""},"class_list":["post-2961","page","type-page","status-publish","hentry"],"_links":{"self":[{"href":"https:\/\/peronmedya.com\/liderokullari\/wp-json\/wp\/v2\/pages\/2961","targetHints":{"allow":["GET"]}}],"collection":[{"href":"https:\/\/peronmedya.com\/liderokullari\/wp-json\/wp\/v2\/pages"}],"about":[{"href":"https:\/\/peronmedya.com\/liderokullari\/wp-json\/wp\/v2\/types\/page"}],"author":[{"embeddable":true,"href":"https:\/\/peronmedya.com\/liderokullari\/wp-json\/wp\/v2\/users\/3"}],"replies":[{"embeddable":true,"href":"https:\/\/peronmedya.com\/liderokullari\/wp-json\/wp\/v2\/comments?post=2961"}],"version-history":[{"count":22,"href":"https:\/\/peronmedya.com\/liderokullari\/wp-json\/wp\/v2\/pages\/2961\/revisions"}],"predecessor-version":[{"id":3861,"href":"https:\/\/peronmedya.com\/liderokullari\/wp-json\/wp\/v2\/pages\/2961\/revisions\/3861"}],"wp:attachment":[{"href":"https:\/\/peronmedya.com\/liderokullari\/wp-json\/wp\/v2\/media?parent=2961"}],"curies":[{"name":"wp","href":"https:\/\/api.w.org\/{rel}","templated":true}]}}