{"id":2965,"date":"2026-02-05T10:53:39","date_gmt":"2026-02-05T10:53:39","guid":{"rendered":"https:\/\/peronmedya.com\/liderokullari\/?page_id=2965"},"modified":"2026-02-11T10:30:26","modified_gmt":"2026-02-11T10:30:26","slug":"proje-koordinatorlugu","status":"publish","type":"page","link":"https:\/\/peronmedya.com\/liderokullari\/proje-koordinatorlugu\/","title":{"rendered":"Proje Koordinat\u00f6rl\u00fc\u011f\u00fc"},"content":{"rendered":"\t\t<div data-elementor-type=\"wp-page\" data-elementor-id=\"2965\" class=\"elementor elementor-2965\" data-elementor-post-type=\"page\">\n\t\t\t\t<div class=\"elementor-element elementor-element-bd9d80e e-flex e-con-boxed e-con e-parent\" data-id=\"bd9d80e\" data-element_type=\"container\" data-e-type=\"container\">\n\t\t\t\t\t<div class=\"e-con-inner\">\n\t\t\t\t<div class=\"elementor-element elementor-element-2be2013 elementor-widget elementor-widget-heading\" data-id=\"2be2013\" data-element_type=\"widget\" data-e-type=\"widget\" data-widget_type=\"heading.default\">\n\t\t\t\t<div class=\"elementor-widget-container\">\n\t\t\t\t\t<h1 class=\"elementor-heading-title elementor-size-default\">Proje Koordinat\u00f6rl\u00fc\u011f\u00fc<\/h1>\t\t\t\t<\/div>\n\t\t\t\t<\/div>\n\t\t<div class=\"elementor-element elementor-element-a60fb53 e-con-full e-flex e-con e-child\" data-id=\"a60fb53\" data-element_type=\"container\" data-e-type=\"container\">\n\t\t<div class=\"elementor-element elementor-element-e2db49f e-con-full e-flex e-con e-child\" data-id=\"e2db49f\" data-element_type=\"container\" data-e-type=\"container\">\n\t\t<div class=\"elementor-element elementor-element-a9e322f e-con-full e-flex e-con e-child\" data-id=\"a9e322f\" data-element_type=\"container\" data-e-type=\"container\">\n\t\t<div class=\"elementor-element elementor-element-841dabf e-con-full e-flex elementor-invisible e-con e-child\" data-id=\"841dabf\" data-element_type=\"container\" data-e-type=\"container\" data-settings=\"{&quot;animation&quot;:&quot;fadeInRight&quot;}\">\n\t\t\t\t<div class=\"elementor-element elementor-element-637345c elementor-widget elementor-widget-text-editor\" data-id=\"637345c\" data-element_type=\"widget\" data-e-type=\"widget\" data-widget_type=\"text-editor.default\">\n\t\t\t\t<div class=\"elementor-widget-container\">\n\t\t\t\t\t\t\t\t\t<p>Okulumuzda y\u00fcr\u00fct\u00fclen Proje Koordinat\u00f6rl\u00fc\u011f\u00fc, \u00f6\u011frencilerimizin akademik bilgiyle birlikte yarat\u0131c\u0131l\u0131k, problem \u00e7\u00f6zme, ara\u015ft\u0131rma ve i\u015f birli\u011fi becerilerini geli\u015ftirmeyi ama\u00e7layan ulusal ve uluslararas\u0131 proje \u00e7al\u0131\u015fmalar\u0131n\u0131 planlar ve uygular.<\/p><p>Bu kapsamda; \u00f6\u011frencilerimiz ulusal ve uluslararas\u0131 platformlarda d\u00fczenlenen bilim, teknoloji, \u00e7evre, giri\u015fimcilik ve sosyal sorumluluk temelli projelerde aktif rol almaktad\u0131r. Proje Koordinat\u00f6rl\u00fc\u011f\u00fc, farkl\u0131 disiplinleri bir araya getiren \u00e7al\u0131\u015fmalarla \u00f6\u011frencilerin 21. y\u00fczy\u0131l becerilerini kazanmalar\u0131n\u0131 desteklerken, onlar\u0131 k\u00fcresel \u00f6l\u00e7ekte d\u00fc\u015f\u00fcnen, \u00fcreten ve \u00e7\u00f6z\u00fcm geli\u015ftiren bireyler olarak gelece\u011fe haz\u0131rlar.<\/p>\t\t\t\t\t\t\t\t<\/div>\n\t\t\t\t<\/div>\n\t\t\t\t<\/div>\n\t\t<div class=\"elementor-element elementor-element-2b76ac3 e-con-full e-flex elementor-invisible e-con e-child\" data-id=\"2b76ac3\" data-element_type=\"container\" data-e-type=\"container\" data-settings=\"{&quot;animation&quot;:&quot;fadeInLeft&quot;}\">\n\t\t\t\t<div class=\"elementor-element elementor-element-6cf79e4 elementor-widget elementor-widget-image\" data-id=\"6cf79e4\" data-element_type=\"widget\" data-e-type=\"widget\" data-widget_type=\"image.default\">\n\t\t\t\t<div class=\"elementor-widget-container\">\n\t\t\t\t\t\t\t\t\t\t\t\t\t\t\t<img fetchpriority=\"high\" decoding=\"async\" width=\"1920\" height=\"1080\" src=\"https:\/\/peronmedya.com\/liderokullari\/wp-content\/uploads\/2024\/03\/6196-0-lider-okullari-aydin.jpeg\" class=\"attachment-full size-full wp-image-421\" alt=\"\" srcset=\"https:\/\/peronmedya.com\/liderokullari\/wp-content\/uploads\/2024\/03\/6196-0-lider-okullari-aydin.jpeg 1920w, https:\/\/peronmedya.com\/liderokullari\/wp-content\/uploads\/2024\/03\/6196-0-lider-okullari-aydin-300x169.jpeg 300w, https:\/\/peronmedya.com\/liderokullari\/wp-content\/uploads\/2024\/03\/6196-0-lider-okullari-aydin-1024x576.jpeg 1024w, https:\/\/peronmedya.com\/liderokullari\/wp-content\/uploads\/2024\/03\/6196-0-lider-okullari-aydin-768x432.jpeg 768w, https:\/\/peronmedya.com\/liderokullari\/wp-content\/uploads\/2024\/03\/6196-0-lider-okullari-aydin-1536x864.jpeg 1536w\" sizes=\"(max-width: 1920px) 100vw, 1920px\" \/>\t\t\t\t\t\t\t\t\t\t\t\t\t\t\t<\/div>\n\t\t\t\t<\/div>\n\t\t\t\t<\/div>\n\t\t\t\t<\/div>\n\t\t\t\t<\/div>\n\t\t\t\t<\/div>\n\t\t\t\t\t<\/div>\n\t\t\t\t<\/div>\n\t\t\t\t<\/div>\n\t\t","protected":false},"excerpt":{"rendered":"<p>Proje Koordinat\u00f6rl\u00fc\u011f\u00fc Okulumuzda y\u00fcr\u00fct\u00fclen Proje Koordinat\u00f6rl\u00fc\u011f\u00fc, \u00f6\u011frencilerimizin akademik bilgiyle birlikte yarat\u0131c\u0131l\u0131k, problem \u00e7\u00f6zme, ara\u015ft\u0131rma ve i\u015f birli\u011fi becerilerini geli\u015ftirmeyi ama\u00e7layan ulusal ve uluslararas\u0131 proje \u00e7al\u0131\u015fmalar\u0131n\u0131 planlar ve uygular. Bu kapsamda; \u00f6\u011frencilerimiz ulusal ve uluslararas\u0131 platformlarda d\u00fczenlenen bilim, teknoloji, \u00e7evre, giri\u015fimcilik ve sosyal sorumluluk temelli projelerde aktif rol almaktad\u0131r. Proje Koordinat\u00f6rl\u00fc\u011f\u00fc, farkl\u0131 disiplinleri bir araya getiren [&hellip;]<\/p>\n","protected":false},"author":3,"featured_media":0,"parent":0,"menu_order":0,"comment_status":"closed","ping_status":"closed","template":"","meta":{"footnotes":""},"class_list":["post-2965","page","type-page","status-publish","hentry"],"_links":{"self":[{"href":"https:\/\/peronmedya.com\/liderokullari\/wp-json\/wp\/v2\/pages\/2965","targetHints":{"allow":["GET"]}}],"collection":[{"href":"https:\/\/peronmedya.com\/liderokullari\/wp-json\/wp\/v2\/pages"}],"about":[{"href":"https:\/\/peronmedya.com\/liderokullari\/wp-json\/wp\/v2\/types\/page"}],"author":[{"embeddable":true,"href":"https:\/\/peronmedya.com\/liderokullari\/wp-json\/wp\/v2\/users\/3"}],"replies":[{"embeddable":true,"href":"https:\/\/peronmedya.com\/liderokullari\/wp-json\/wp\/v2\/comments?post=2965"}],"version-history":[{"count":7,"href":"https:\/\/peronmedya.com\/liderokullari\/wp-json\/wp\/v2\/pages\/2965\/revisions"}],"predecessor-version":[{"id":3864,"href":"https:\/\/peronmedya.com\/liderokullari\/wp-json\/wp\/v2\/pages\/2965\/revisions\/3864"}],"wp:attachment":[{"href":"https:\/\/peronmedya.com\/liderokullari\/wp-json\/wp\/v2\/media?parent=2965"}],"curies":[{"name":"wp","href":"https:\/\/api.w.org\/{rel}","templated":true}]}}