{"id":2978,"date":"2026-02-05T10:58:55","date_gmt":"2026-02-05T10:58:55","guid":{"rendered":"https:\/\/peronmedya.com\/liderokullari\/?page_id=2978"},"modified":"2026-02-11T10:33:27","modified_gmt":"2026-02-11T10:33:27","slug":"sosyal-sorumluluk-projeleri","status":"publish","type":"page","link":"https:\/\/peronmedya.com\/liderokullari\/sosyal-sorumluluk-projeleri\/","title":{"rendered":"Sosyal Sorumluluk Projeleri"},"content":{"rendered":"\t\t<div data-elementor-type=\"wp-page\" data-elementor-id=\"2978\" class=\"elementor elementor-2978\" data-elementor-post-type=\"page\">\n\t\t\t\t<div class=\"elementor-element elementor-element-a4c1f90 e-flex e-con-boxed e-con e-parent\" data-id=\"a4c1f90\" data-element_type=\"container\" data-e-type=\"container\">\n\t\t\t\t\t<div class=\"e-con-inner\">\n\t\t\t\t<div class=\"elementor-element elementor-element-34de826 elementor-widget elementor-widget-heading\" data-id=\"34de826\" data-element_type=\"widget\" data-e-type=\"widget\" data-widget_type=\"heading.default\">\n\t\t\t\t<div class=\"elementor-widget-container\">\n\t\t\t\t\t<h1 class=\"elementor-heading-title elementor-size-default\">Sosyal Sorumluluk Projeleri<\/h1>\t\t\t\t<\/div>\n\t\t\t\t<\/div>\n\t\t<div class=\"elementor-element elementor-element-97f4898 e-con-full e-flex e-con e-child\" data-id=\"97f4898\" data-element_type=\"container\" data-e-type=\"container\">\n\t\t<div class=\"elementor-element elementor-element-40ea513 e-con-full e-flex e-con e-child\" data-id=\"40ea513\" data-element_type=\"container\" data-e-type=\"container\">\n\t\t<div class=\"elementor-element elementor-element-660572f e-con-full e-flex e-con e-child\" data-id=\"660572f\" data-element_type=\"container\" data-e-type=\"container\">\n\t\t<div class=\"elementor-element elementor-element-c13988c e-con-full e-flex elementor-invisible e-con e-child\" data-id=\"c13988c\" data-element_type=\"container\" data-e-type=\"container\" data-settings=\"{&quot;animation&quot;:&quot;fadeInRight&quot;}\">\n\t\t\t\t<div class=\"elementor-element elementor-element-66f2164 elementor-widget elementor-widget-text-editor\" data-id=\"66f2164\" data-element_type=\"widget\" data-e-type=\"widget\" data-widget_type=\"text-editor.default\">\n\t\t\t\t<div class=\"elementor-widget-container\">\n\t\t\t\t\t\t\t\t\t<p>Okulumuzda y\u00fcr\u00fct\u00fclen sosyal sorumluluk projeleri, \u00f6\u011frencilerimizin \u00e7evre bilinci, toplumsal duyarl\u0131l\u0131k ve sorumluluk alma becerilerini geli\u015ftirmeyi ama\u00e7lamaktad\u0131r.<\/p><p>Bu kapsamda, T\u00dcB\u0130SAD i\u015f birli\u011fiyle ger\u00e7ekle\u015ftirilen E-At\u0131k Toplama Kampanyas\u0131 ile \u00f6\u011frencilerimiz elektronik at\u0131klar\u0131n geri d\u00f6n\u00fc\u015f\u00fcm s\u00fcrecine aktif olarak kat\u0131lmakta ve s\u00fcrd\u00fcr\u00fclebilir ya\u015fam konusunda fark\u0131ndal\u0131k kazanmaktad\u0131r.<\/p><p>Y\u0131l boyunca y\u00fcr\u00fct\u00fclen tema projeleri; \u00e7evre, payla\u015fma, dayan\u0131\u015fma ve g\u00f6n\u00fcll\u00fcl\u00fck gibi de\u011ferler \u00e7er\u00e7evesinde \u00f6\u011frencilerimizin topluma katk\u0131 sa\u011flayan bilin\u00e7li bireyler olarak yeti\u015fmelerini desteklemektedir.<\/p>\t\t\t\t\t\t\t\t<\/div>\n\t\t\t\t<\/div>\n\t\t\t\t<\/div>\n\t\t<div class=\"elementor-element elementor-element-6616603 e-con-full e-flex elementor-invisible e-con e-child\" data-id=\"6616603\" data-element_type=\"container\" data-e-type=\"container\" data-settings=\"{&quot;animation&quot;:&quot;fadeInLeft&quot;}\">\n\t\t\t\t<div class=\"elementor-element elementor-element-9848d87 elementor-widget elementor-widget-image\" data-id=\"9848d87\" data-element_type=\"widget\" data-e-type=\"widget\" data-widget_type=\"image.default\">\n\t\t\t\t<div class=\"elementor-widget-container\">\n\t\t\t\t\t\t\t\t\t\t\t\t\t\t\t<img fetchpriority=\"high\" decoding=\"async\" width=\"1920\" height=\"1080\" src=\"https:\/\/peronmedya.com\/liderokullari\/wp-content\/uploads\/2024\/03\/6196-0-lider-okullari-aydin.jpeg\" class=\"attachment-full size-full wp-image-421\" alt=\"\" srcset=\"https:\/\/peronmedya.com\/liderokullari\/wp-content\/uploads\/2024\/03\/6196-0-lider-okullari-aydin.jpeg 1920w, https:\/\/peronmedya.com\/liderokullari\/wp-content\/uploads\/2024\/03\/6196-0-lider-okullari-aydin-300x169.jpeg 300w, https:\/\/peronmedya.com\/liderokullari\/wp-content\/uploads\/2024\/03\/6196-0-lider-okullari-aydin-1024x576.jpeg 1024w, https:\/\/peronmedya.com\/liderokullari\/wp-content\/uploads\/2024\/03\/6196-0-lider-okullari-aydin-768x432.jpeg 768w, https:\/\/peronmedya.com\/liderokullari\/wp-content\/uploads\/2024\/03\/6196-0-lider-okullari-aydin-1536x864.jpeg 1536w\" sizes=\"(max-width: 1920px) 100vw, 1920px\" \/>\t\t\t\t\t\t\t\t\t\t\t\t\t\t\t<\/div>\n\t\t\t\t<\/div>\n\t\t\t\t<\/div>\n\t\t\t\t<\/div>\n\t\t\t\t<\/div>\n\t\t\t\t<\/div>\n\t\t\t\t\t<\/div>\n\t\t\t\t<\/div>\n\t\t\t\t<\/div>\n\t\t","protected":false},"excerpt":{"rendered":"<p>Sosyal Sorumluluk Projeleri Okulumuzda y\u00fcr\u00fct\u00fclen sosyal sorumluluk projeleri, \u00f6\u011frencilerimizin \u00e7evre bilinci, toplumsal duyarl\u0131l\u0131k ve sorumluluk alma becerilerini geli\u015ftirmeyi ama\u00e7lamaktad\u0131r. Bu kapsamda, T\u00dcB\u0130SAD i\u015f birli\u011fiyle ger\u00e7ekle\u015ftirilen E-At\u0131k Toplama Kampanyas\u0131 ile \u00f6\u011frencilerimiz elektronik at\u0131klar\u0131n geri d\u00f6n\u00fc\u015f\u00fcm s\u00fcrecine aktif olarak kat\u0131lmakta ve s\u00fcrd\u00fcr\u00fclebilir ya\u015fam konusunda fark\u0131ndal\u0131k kazanmaktad\u0131r. Y\u0131l boyunca y\u00fcr\u00fct\u00fclen tema projeleri; \u00e7evre, payla\u015fma, dayan\u0131\u015fma ve g\u00f6n\u00fcll\u00fcl\u00fck gibi [&hellip;]<\/p>\n","protected":false},"author":3,"featured_media":0,"parent":0,"menu_order":0,"comment_status":"closed","ping_status":"closed","template":"","meta":{"footnotes":""},"class_list":["post-2978","page","type-page","status-publish","hentry"],"_links":{"self":[{"href":"https:\/\/peronmedya.com\/liderokullari\/wp-json\/wp\/v2\/pages\/2978","targetHints":{"allow":["GET"]}}],"collection":[{"href":"https:\/\/peronmedya.com\/liderokullari\/wp-json\/wp\/v2\/pages"}],"about":[{"href":"https:\/\/peronmedya.com\/liderokullari\/wp-json\/wp\/v2\/types\/page"}],"author":[{"embeddable":true,"href":"https:\/\/peronmedya.com\/liderokullari\/wp-json\/wp\/v2\/users\/3"}],"replies":[{"embeddable":true,"href":"https:\/\/peronmedya.com\/liderokullari\/wp-json\/wp\/v2\/comments?post=2978"}],"version-history":[{"count":13,"href":"https:\/\/peronmedya.com\/liderokullari\/wp-json\/wp\/v2\/pages\/2978\/revisions"}],"predecessor-version":[{"id":3879,"href":"https:\/\/peronmedya.com\/liderokullari\/wp-json\/wp\/v2\/pages\/2978\/revisions\/3879"}],"wp:attachment":[{"href":"https:\/\/peronmedya.com\/liderokullari\/wp-json\/wp\/v2\/media?parent=2978"}],"curies":[{"name":"wp","href":"https:\/\/api.w.org\/{rel}","templated":true}]}}