{"id":2988,"date":"2026-02-05T11:19:49","date_gmt":"2026-02-05T11:19:49","guid":{"rendered":"https:\/\/peronmedya.com\/liderokullari\/?page_id=2988"},"modified":"2026-02-11T10:37:01","modified_gmt":"2026-02-11T10:37:01","slug":"ogrenci-akademisi","status":"publish","type":"page","link":"https:\/\/peronmedya.com\/liderokullari\/ogrenci-akademisi\/","title":{"rendered":"\u00d6\u011frenci Akademisi"},"content":{"rendered":"\t\t<div data-elementor-type=\"wp-page\" data-elementor-id=\"2988\" class=\"elementor elementor-2988\" data-elementor-post-type=\"page\">\n\t\t\t\t<div class=\"elementor-element elementor-element-0f72f92 e-con-full e-flex elementor-invisible e-con e-child\" data-id=\"0f72f92\" data-element_type=\"container\" data-e-type=\"container\" data-settings=\"{&quot;animation&quot;:&quot;fadeIn&quot;}\">\n\t\t<div class=\"elementor-element elementor-element-c3ed28a e-con-full e-flex e-con e-child\" data-id=\"c3ed28a\" data-element_type=\"container\" data-e-type=\"container\">\n\t\t<div class=\"elementor-element elementor-element-23c3e55 e-con-full e-flex e-con e-child\" data-id=\"23c3e55\" data-element_type=\"container\" data-e-type=\"container\">\n\t\t\t\t<div class=\"elementor-element elementor-element-cffc601 elementor-widget elementor-widget-heading\" data-id=\"cffc601\" data-element_type=\"widget\" data-e-type=\"widget\" data-widget_type=\"heading.default\">\n\t\t\t\t<div class=\"elementor-widget-container\">\n\t\t\t\t\t<h2 class=\"elementor-heading-title elementor-size-default\">\u00d6\u011frenci Akademisi<\/h2>\t\t\t\t<\/div>\n\t\t\t\t<\/div>\n\t\t\t\t<div class=\"elementor-element elementor-element-635b933 elementor-widget-divider--view-line elementor-widget elementor-widget-divider\" data-id=\"635b933\" data-element_type=\"widget\" data-e-type=\"widget\" data-widget_type=\"divider.default\">\n\t\t\t\t<div class=\"elementor-widget-container\">\n\t\t\t\t\t\t\t<div class=\"elementor-divider\">\n\t\t\t<span class=\"elementor-divider-separator\">\n\t\t\t\t\t\t<\/span>\n\t\t<\/div>\n\t\t\t\t\t\t<\/div>\n\t\t\t\t<\/div>\n\t\t\t\t<div class=\"elementor-element elementor-element-895bc4c elementor-widget elementor-widget-text-editor\" data-id=\"895bc4c\" data-element_type=\"widget\" data-e-type=\"widget\" data-widget_type=\"text-editor.default\">\n\t\t\t\t<div class=\"elementor-widget-container\">\n\t\t\t\t\t\t\t\t\t<p>\u00d6\u011frenci Akademisi kapsam\u0131nda okulumuzda belirli periyotlarla d\u00fczenlenen etkinliklerle \u00f6\u011frencilerimizin \u00f6\u011frenme s\u00fcre\u00e7leri desteklenmekte; akademik bilgi, beceri ve fark\u0131ndal\u0131klar\u0131n\u0131n geli\u015fmesi hedeflenmektedir.<\/p>\t\t\t\t\t\t\t\t<\/div>\n\t\t\t\t<\/div>\n\t\t\t\t<\/div>\n\t\t\t\t<\/div>\n\t\t<div class=\"elementor-element elementor-element-96d2100 e-flex e-con-boxed e-con e-child\" data-id=\"96d2100\" data-element_type=\"container\" data-e-type=\"container\">\n\t\t\t\t\t<div class=\"e-con-inner\">\n\t\t<div class=\"elementor-element elementor-element-c1bc5a7 e-con-full e-flex e-con e-child\" data-id=\"c1bc5a7\" data-element_type=\"container\" data-e-type=\"container\">\n\t\t\t\t<div class=\"elementor-element elementor-element-65ff7d6 elementor-widget elementor-widget-image\" data-id=\"65ff7d6\" data-element_type=\"widget\" data-e-type=\"widget\" data-widget_type=\"image.default\">\n\t\t\t\t<div class=\"elementor-widget-container\">\n\t\t\t\t\t\t\t\t\t\t\t\t\t\t\t<img fetchpriority=\"high\" decoding=\"async\" width=\"800\" height=\"1000\" src=\"https:\/\/peronmedya.com\/liderokullari\/wp-content\/uploads\/2026\/02\/Ogrenci-akademisi-819x1024.jpg\" class=\"attachment-large size-large wp-image-3241\" alt=\"\" srcset=\"https:\/\/peronmedya.com\/liderokullari\/wp-content\/uploads\/2026\/02\/Ogrenci-akademisi-819x1024.jpg 819w, https:\/\/peronmedya.com\/liderokullari\/wp-content\/uploads\/2026\/02\/Ogrenci-akademisi-240x300.jpg 240w, https:\/\/peronmedya.com\/liderokullari\/wp-content\/uploads\/2026\/02\/Ogrenci-akademisi-768x960.jpg 768w, https:\/\/peronmedya.com\/liderokullari\/wp-content\/uploads\/2026\/02\/Ogrenci-akademisi.jpg 1080w\" sizes=\"(max-width: 800px) 100vw, 800px\" \/>\t\t\t\t\t\t\t\t\t\t\t\t\t\t\t<\/div>\n\t\t\t\t<\/div>\n\t\t\t\t<\/div>\n\t\t<div class=\"elementor-element elementor-element-2bfca44 e-con-full e-flex e-con e-child\" data-id=\"2bfca44\" data-element_type=\"container\" data-e-type=\"container\">\n\t\t\t\t<div class=\"elementor-element elementor-element-076b05b elementor-widget elementor-widget-image\" data-id=\"076b05b\" data-element_type=\"widget\" data-e-type=\"widget\" data-widget_type=\"image.default\">\n\t\t\t\t<div class=\"elementor-widget-container\">\n\t\t\t\t\t\t\t\t\t\t\t\t\t\t\t<img decoding=\"async\" width=\"800\" height=\"1000\" src=\"https:\/\/peronmedya.com\/liderokullari\/wp-content\/uploads\/2026\/02\/Ogrenci-akademisi-2-819x1024.jpg\" class=\"attachment-large size-large wp-image-3270\" alt=\"\" srcset=\"https:\/\/peronmedya.com\/liderokullari\/wp-content\/uploads\/2026\/02\/Ogrenci-akademisi-2-819x1024.jpg 819w, https:\/\/peronmedya.com\/liderokullari\/wp-content\/uploads\/2026\/02\/Ogrenci-akademisi-2-240x300.jpg 240w, https:\/\/peronmedya.com\/liderokullari\/wp-content\/uploads\/2026\/02\/Ogrenci-akademisi-2-768x960.jpg 768w, https:\/\/peronmedya.com\/liderokullari\/wp-content\/uploads\/2026\/02\/Ogrenci-akademisi-2.jpg 1080w\" sizes=\"(max-width: 800px) 100vw, 800px\" \/>\t\t\t\t\t\t\t\t\t\t\t\t\t\t\t<\/div>\n\t\t\t\t<\/div>\n\t\t\t\t<\/div>\n\t\t\t\t\t<\/div>\n\t\t\t\t<\/div>\n\t\t\t\t<\/div>\n\t\t\t\t<\/div>\n\t\t","protected":false},"excerpt":{"rendered":"<p>\u00d6\u011frenci Akademisi \u00d6\u011frenci Akademisi kapsam\u0131nda okulumuzda belirli periyotlarla d\u00fczenlenen etkinliklerle \u00f6\u011frencilerimizin \u00f6\u011frenme s\u00fcre\u00e7leri desteklenmekte; akademik bilgi, beceri ve fark\u0131ndal\u0131klar\u0131n\u0131n geli\u015fmesi hedeflenmektedir.<\/p>\n","protected":false},"author":3,"featured_media":0,"parent":0,"menu_order":0,"comment_status":"closed","ping_status":"closed","template":"","meta":{"footnotes":""},"class_list":["post-2988","page","type-page","status-publish","hentry"],"_links":{"self":[{"href":"https:\/\/peronmedya.com\/liderokullari\/wp-json\/wp\/v2\/pages\/2988","targetHints":{"allow":["GET"]}}],"collection":[{"href":"https:\/\/peronmedya.com\/liderokullari\/wp-json\/wp\/v2\/pages"}],"about":[{"href":"https:\/\/peronmedya.com\/liderokullari\/wp-json\/wp\/v2\/types\/page"}],"author":[{"embeddable":true,"href":"https:\/\/peronmedya.com\/liderokullari\/wp-json\/wp\/v2\/users\/3"}],"replies":[{"embeddable":true,"href":"https:\/\/peronmedya.com\/liderokullari\/wp-json\/wp\/v2\/comments?post=2988"}],"version-history":[{"count":25,"href":"https:\/\/peronmedya.com\/liderokullari\/wp-json\/wp\/v2\/pages\/2988\/revisions"}],"predecessor-version":[{"id":3888,"href":"https:\/\/peronmedya.com\/liderokullari\/wp-json\/wp\/v2\/pages\/2988\/revisions\/3888"}],"wp:attachment":[{"href":"https:\/\/peronmedya.com\/liderokullari\/wp-json\/wp\/v2\/media?parent=2988"}],"curies":[{"name":"wp","href":"https:\/\/api.w.org\/{rel}","templated":true}]}}