{"id":2990,"date":"2026-02-05T11:19:58","date_gmt":"2026-02-05T11:19:58","guid":{"rendered":"https:\/\/peronmedya.com\/liderokullari\/?page_id=2990"},"modified":"2026-02-11T10:37:55","modified_gmt":"2026-02-11T10:37:55","slug":"veli-akademisi","status":"publish","type":"page","link":"https:\/\/peronmedya.com\/liderokullari\/veli-akademisi\/","title":{"rendered":"Veli Akademisi"},"content":{"rendered":"\t\t<div data-elementor-type=\"wp-page\" data-elementor-id=\"2990\" class=\"elementor elementor-2990\" data-elementor-post-type=\"page\">\n\t\t\t\t<div class=\"elementor-element elementor-element-dd8a55e e-con-full e-flex elementor-invisible e-con e-child\" data-id=\"dd8a55e\" data-element_type=\"container\" data-e-type=\"container\" data-settings=\"{&quot;animation&quot;:&quot;fadeIn&quot;}\">\n\t\t<div class=\"elementor-element elementor-element-f27c08b e-con-full e-flex e-con e-child\" data-id=\"f27c08b\" data-element_type=\"container\" data-e-type=\"container\">\n\t\t<div class=\"elementor-element elementor-element-3d2f4ea e-con-full e-flex e-con e-child\" data-id=\"3d2f4ea\" data-element_type=\"container\" data-e-type=\"container\">\n\t\t\t\t<div class=\"elementor-element elementor-element-6c67038 elementor-widget elementor-widget-heading\" data-id=\"6c67038\" data-element_type=\"widget\" data-e-type=\"widget\" data-widget_type=\"heading.default\">\n\t\t\t\t<div class=\"elementor-widget-container\">\n\t\t\t\t\t<h2 class=\"elementor-heading-title elementor-size-default\">Veli Akademisi<\/h2>\t\t\t\t<\/div>\n\t\t\t\t<\/div>\n\t\t\t\t<div class=\"elementor-element elementor-element-09b733f elementor-widget-divider--view-line elementor-widget elementor-widget-divider\" data-id=\"09b733f\" data-element_type=\"widget\" data-e-type=\"widget\" data-widget_type=\"divider.default\">\n\t\t\t\t<div class=\"elementor-widget-container\">\n\t\t\t\t\t\t\t<div class=\"elementor-divider\">\n\t\t\t<span class=\"elementor-divider-separator\">\n\t\t\t\t\t\t<\/span>\n\t\t<\/div>\n\t\t\t\t\t\t<\/div>\n\t\t\t\t<\/div>\n\t\t\t\t<div class=\"elementor-element elementor-element-dd69767 elementor-widget elementor-widget-text-editor\" data-id=\"dd69767\" data-element_type=\"widget\" data-e-type=\"widget\" data-widget_type=\"text-editor.default\">\n\t\t\t\t<div class=\"elementor-widget-container\">\n\t\t\t\t\t\t\t\t\t<p>Okulumuzda, velilerimizin e\u011fitim s\u00fcrecine etkin kat\u0131l\u0131m\u0131n\u0131 desteklemek amac\u0131yla d\u00fczenli aral\u0131klarla Veli Akademisi Etkinlikleri ger\u00e7ekle\u015ftirilmektedir. Bu etkinliklerle, okul-aile i\u015f birli\u011finin g\u00fc\u00e7lendirilmesi hedeflenmektedir.<\/p>\t\t\t\t\t\t\t\t<\/div>\n\t\t\t\t<\/div>\n\t\t\t\t<\/div>\n\t\t\t\t<\/div>\n\t\t\t\t<\/div>\n\t\t<div class=\"elementor-element elementor-element-b7e6d8c e-flex e-con-boxed e-con e-parent\" data-id=\"b7e6d8c\" data-element_type=\"container\" data-e-type=\"container\">\n\t\t\t\t\t<div class=\"e-con-inner\">\n\t\t\t\t<div class=\"elementor-element elementor-element-ed2a2b2 elementor-widget elementor-widget-video\" data-id=\"ed2a2b2\" data-element_type=\"widget\" data-e-type=\"widget\" data-settings=\"{&quot;youtube_url&quot;:&quot;https:\\\/\\\/www.youtube.com\\\/watch?v=G4uRAu-lzA8&quot;,&quot;video_type&quot;:&quot;youtube&quot;,&quot;controls&quot;:&quot;yes&quot;}\" data-widget_type=\"video.default\">\n\t\t\t\t<div class=\"elementor-widget-container\">\n\t\t\t\t\t\t\t<div class=\"elementor-wrapper elementor-open-inline\">\n\t\t\t<div class=\"elementor-video\"><\/div>\t\t<\/div>\n\t\t\t\t\t\t<\/div>\n\t\t\t\t<\/div>\n\t\t\t\t\t<\/div>\n\t\t\t\t<\/div>\n\t\t<div class=\"elementor-element elementor-element-93576f8 e-flex e-con-boxed e-con e-child\" data-id=\"93576f8\" data-element_type=\"container\" data-e-type=\"container\">\n\t\t\t\t\t<div class=\"e-con-inner\">\n\t\t<div class=\"elementor-element elementor-element-74d9865 e-con-full e-flex e-con e-child\" data-id=\"74d9865\" data-element_type=\"container\" data-e-type=\"container\">\n\t\t\t\t<div class=\"elementor-element elementor-element-a109389 elementor-widget elementor-widget-image\" data-id=\"a109389\" data-element_type=\"widget\" data-e-type=\"widget\" data-widget_type=\"image.default\">\n\t\t\t\t<div class=\"elementor-widget-container\">\n\t\t\t\t\t\t\t\t\t\t\t\t\t\t\t<img fetchpriority=\"high\" decoding=\"async\" width=\"800\" height=\"1000\" src=\"https:\/\/peronmedya.com\/liderokullari\/wp-content\/uploads\/2026\/02\/SnapInsta.to_587814388_18377729983154955_4268617038075220895_n-819x1024.jpg\" class=\"attachment-large size-large wp-image-3283\" alt=\"\" srcset=\"https:\/\/peronmedya.com\/liderokullari\/wp-content\/uploads\/2026\/02\/SnapInsta.to_587814388_18377729983154955_4268617038075220895_n-819x1024.jpg 819w, https:\/\/peronmedya.com\/liderokullari\/wp-content\/uploads\/2026\/02\/SnapInsta.to_587814388_18377729983154955_4268617038075220895_n-240x300.jpg 240w, https:\/\/peronmedya.com\/liderokullari\/wp-content\/uploads\/2026\/02\/SnapInsta.to_587814388_18377729983154955_4268617038075220895_n-768x960.jpg 768w, https:\/\/peronmedya.com\/liderokullari\/wp-content\/uploads\/2026\/02\/SnapInsta.to_587814388_18377729983154955_4268617038075220895_n.jpg 1080w\" sizes=\"(max-width: 800px) 100vw, 800px\" \/>\t\t\t\t\t\t\t\t\t\t\t\t\t\t\t<\/div>\n\t\t\t\t<\/div>\n\t\t\t\t<\/div>\n\t\t<div class=\"elementor-element elementor-element-ffd6cfa e-con-full e-flex e-con e-child\" data-id=\"ffd6cfa\" data-element_type=\"container\" data-e-type=\"container\">\n\t\t\t\t<div class=\"elementor-element elementor-element-146b835 elementor-widget elementor-widget-image\" data-id=\"146b835\" data-element_type=\"widget\" data-e-type=\"widget\" data-widget_type=\"image.default\">\n\t\t\t\t<div class=\"elementor-widget-container\">\n\t\t\t\t\t\t\t\t\t\t\t\t\t\t\t<img decoding=\"async\" width=\"800\" height=\"1000\" src=\"https:\/\/peronmedya.com\/liderokullari\/wp-content\/uploads\/2026\/02\/SnapInsta.to_604051740_18377729971154955_3081863766177499184_n-819x1024.jpg\" class=\"attachment-large size-large wp-image-3282\" alt=\"\" srcset=\"https:\/\/peronmedya.com\/liderokullari\/wp-content\/uploads\/2026\/02\/SnapInsta.to_604051740_18377729971154955_3081863766177499184_n-819x1024.jpg 819w, https:\/\/peronmedya.com\/liderokullari\/wp-content\/uploads\/2026\/02\/SnapInsta.to_604051740_18377729971154955_3081863766177499184_n-240x300.jpg 240w, https:\/\/peronmedya.com\/liderokullari\/wp-content\/uploads\/2026\/02\/SnapInsta.to_604051740_18377729971154955_3081863766177499184_n-768x960.jpg 768w, https:\/\/peronmedya.com\/liderokullari\/wp-content\/uploads\/2026\/02\/SnapInsta.to_604051740_18377729971154955_3081863766177499184_n.jpg 1080w\" sizes=\"(max-width: 800px) 100vw, 800px\" \/>\t\t\t\t\t\t\t\t\t\t\t\t\t\t\t<\/div>\n\t\t\t\t<\/div>\n\t\t\t\t<\/div>\n\t\t\t\t\t<\/div>\n\t\t\t\t<\/div>\n\t\t\t\t<\/div>\n\t\t","protected":false},"excerpt":{"rendered":"<p>Veli Akademisi Okulumuzda, velilerimizin e\u011fitim s\u00fcrecine etkin kat\u0131l\u0131m\u0131n\u0131 desteklemek amac\u0131yla d\u00fczenli aral\u0131klarla Veli Akademisi Etkinlikleri ger\u00e7ekle\u015ftirilmektedir. Bu etkinliklerle, okul-aile i\u015f birli\u011finin g\u00fc\u00e7lendirilmesi hedeflenmektedir. https:\/\/www.youtube.com\/watch?v=G4uRAu-lzA8<\/p>\n","protected":false},"author":3,"featured_media":0,"parent":0,"menu_order":0,"comment_status":"closed","ping_status":"closed","template":"","meta":{"footnotes":""},"class_list":["post-2990","page","type-page","status-publish","hentry"],"_links":{"self":[{"href":"https:\/\/peronmedya.com\/liderokullari\/wp-json\/wp\/v2\/pages\/2990","targetHints":{"allow":["GET"]}}],"collection":[{"href":"https:\/\/peronmedya.com\/liderokullari\/wp-json\/wp\/v2\/pages"}],"about":[{"href":"https:\/\/peronmedya.com\/liderokullari\/wp-json\/wp\/v2\/types\/page"}],"author":[{"embeddable":true,"href":"https:\/\/peronmedya.com\/liderokullari\/wp-json\/wp\/v2\/users\/3"}],"replies":[{"embeddable":true,"href":"https:\/\/peronmedya.com\/liderokullari\/wp-json\/wp\/v2\/comments?post=2990"}],"version-history":[{"count":14,"href":"https:\/\/peronmedya.com\/liderokullari\/wp-json\/wp\/v2\/pages\/2990\/revisions"}],"predecessor-version":[{"id":3894,"href":"https:\/\/peronmedya.com\/liderokullari\/wp-json\/wp\/v2\/pages\/2990\/revisions\/3894"}],"wp:attachment":[{"href":"https:\/\/peronmedya.com\/liderokullari\/wp-json\/wp\/v2\/media?parent=2990"}],"curies":[{"name":"wp","href":"https:\/\/api.w.org\/{rel}","templated":true}]}}