{"id":3021,"date":"2026-02-06T06:41:33","date_gmt":"2026-02-06T06:41:33","guid":{"rendered":"https:\/\/peronmedya.com\/liderokullari\/?page_id=3021"},"modified":"2026-02-11T08:30:31","modified_gmt":"2026-02-11T08:30:31","slug":"spor-kulubumuz","status":"publish","type":"page","link":"https:\/\/peronmedya.com\/liderokullari\/spor-kulubumuz\/","title":{"rendered":"Spor Kul\u00fcb\u00fcm\u00fcz"},"content":{"rendered":"\t\t<div data-elementor-type=\"wp-page\" data-elementor-id=\"3021\" class=\"elementor elementor-3021\" data-elementor-post-type=\"page\">\n\t\t\t\t<div class=\"elementor-element elementor-element-79087dc e-flex e-con-boxed e-con e-parent\" data-id=\"79087dc\" data-element_type=\"container\" data-e-type=\"container\">\n\t\t\t\t\t<div class=\"e-con-inner\">\n\t\t\t\t<div class=\"elementor-element elementor-element-ebcff91 elementor-widget elementor-widget-heading\" data-id=\"ebcff91\" data-element_type=\"widget\" data-e-type=\"widget\" data-widget_type=\"heading.default\">\n\t\t\t\t<div class=\"elementor-widget-container\">\n\t\t\t\t\t<h1 class=\"elementor-heading-title elementor-size-default\">Lider Okullar\u0131 Spor Kul\u00fcb\u00fc<\/h1>\t\t\t\t<\/div>\n\t\t\t\t<\/div>\n\t\t<div class=\"elementor-element elementor-element-4ce280b e-con-full e-flex e-con e-child\" data-id=\"4ce280b\" data-element_type=\"container\" data-e-type=\"container\">\n\t\t<div class=\"elementor-element elementor-element-ed91ce7 e-con-full e-flex e-con e-child\" data-id=\"ed91ce7\" data-element_type=\"container\" data-e-type=\"container\">\n\t\t<div class=\"elementor-element elementor-element-7baaf92 e-con-full e-flex elementor-invisible e-con e-child\" data-id=\"7baaf92\" data-element_type=\"container\" data-e-type=\"container\" data-settings=\"{&quot;animation&quot;:&quot;fadeInRight&quot;}\">\n\t\t\t\t<div class=\"elementor-element elementor-element-4e0d669 elementor-widget elementor-widget-heading\" data-id=\"4e0d669\" data-element_type=\"widget\" data-e-type=\"widget\" data-widget_type=\"heading.default\">\n\t\t\t\t<div class=\"elementor-widget-container\">\n\t\t\t\t\t<h2 class=\"elementor-heading-title elementor-size-default\">Spor<\/h2>\t\t\t\t<\/div>\n\t\t\t\t<\/div>\n\t\t\t\t<div class=\"elementor-element elementor-element-61676b8 elementor-widget-divider--view-line elementor-widget elementor-widget-divider\" data-id=\"61676b8\" data-element_type=\"widget\" data-e-type=\"widget\" data-widget_type=\"divider.default\">\n\t\t\t\t<div class=\"elementor-widget-container\">\n\t\t\t\t\t\t\t<div class=\"elementor-divider\">\n\t\t\t<span class=\"elementor-divider-separator\">\n\t\t\t\t\t\t<\/span>\n\t\t<\/div>\n\t\t\t\t\t\t<\/div>\n\t\t\t\t<\/div>\n\t\t\t\t<div class=\"elementor-element elementor-element-43c1569 elementor-widget elementor-widget-text-editor\" data-id=\"43c1569\" data-element_type=\"widget\" data-e-type=\"widget\" data-widget_type=\"text-editor.default\">\n\t\t\t\t<div class=\"elementor-widget-container\">\n\t\t\t\t\t\t\t\t\t<p>Lider Okullar\u0131 Spor Kul\u00fcb\u00fc,<strong> 2008 y\u0131l\u0131nda<\/strong>, okulumuzun e\u011fitim misyonu do\u011frultusunda; spor yapan \u00f6\u011frencilerimize daha fazla imk\u00e2n sunmak, belirli bran\u015flarda g\u00fc\u00e7l\u00fc bir altyap\u0131 olu\u015fturmak ve \u00f6\u011frencilerimizin okulun s\u00fcrekli geli\u015fen e\u011fitim ortam\u0131ndan en \u00fcst d\u00fczeyde yararlanmalar\u0131n\u0131 sa\u011flamak amac\u0131yla kurulmu\u015ftur. Kul\u00fcb\u00fcm\u00fcz, Lider Okullar\u0131 e\u011fitim felsefesiyle uyumlu olarak, Lider Okullar\u0131\u2019nda \u00f6\u011frenim g\u00f6ren \u00f6\u011frencilere <strong>profesyonel d\u00fczeyde spor yapma olana\u011f\u0131<\/strong> sunan bir spor kul\u00fcb\u00fcd\u00fcr.<\/p>\t\t\t\t\t\t\t\t<\/div>\n\t\t\t\t<\/div>\n\t\t\t\t<\/div>\n\t\t<div class=\"elementor-element elementor-element-99f27af e-con-full e-flex elementor-invisible e-con e-child\" data-id=\"99f27af\" data-element_type=\"container\" data-e-type=\"container\" data-settings=\"{&quot;animation&quot;:&quot;fadeInLeft&quot;}\">\n\t\t\t\t<div class=\"elementor-element elementor-element-a93ab26 elementor-widget elementor-widget-image\" data-id=\"a93ab26\" data-element_type=\"widget\" data-e-type=\"widget\" data-widget_type=\"image.default\">\n\t\t\t\t<div class=\"elementor-widget-container\">\n\t\t\t\t\t\t\t\t\t\t\t\t\t\t\t<img fetchpriority=\"high\" decoding=\"async\" width=\"612\" height=\"408\" src=\"https:\/\/peronmedya.com\/liderokullari\/wp-content\/uploads\/2026\/02\/istockphoto-1610631888-612x612-1.jpg\" class=\"attachment-full size-full wp-image-2758\" alt=\"\" srcset=\"https:\/\/peronmedya.com\/liderokullari\/wp-content\/uploads\/2026\/02\/istockphoto-1610631888-612x612-1.jpg 612w, https:\/\/peronmedya.com\/liderokullari\/wp-content\/uploads\/2026\/02\/istockphoto-1610631888-612x612-1-300x200.jpg 300w\" sizes=\"(max-width: 612px) 100vw, 612px\" \/>\t\t\t\t\t\t\t\t\t\t\t\t\t\t\t<\/div>\n\t\t\t\t<\/div>\n\t\t\t\t<\/div>\n\t\t\t\t<\/div>\n\t\t\t\t<\/div>\n\t\t\t\t\t<\/div>\n\t\t\t\t<\/div>\n\t\t<div class=\"elementor-element elementor-element-74c79b7 e-flex e-con-boxed e-con e-parent\" data-id=\"74c79b7\" data-element_type=\"container\" data-e-type=\"container\">\n\t\t\t\t\t<div class=\"e-con-inner\">\n\t\t<div class=\"elementor-element elementor-element-bc1f6a7 e-flex e-con-boxed e-con e-child\" data-id=\"bc1f6a7\" data-element_type=\"container\" data-e-type=\"container\">\n\t\t\t\t\t<div class=\"e-con-inner\">\n\t\t\t\t<div class=\"elementor-element elementor-element-1d51931 elementor-widget elementor-widget-heading\" data-id=\"1d51931\" data-element_type=\"widget\" data-e-type=\"widget\" data-widget_type=\"heading.default\">\n\t\t\t\t<div class=\"elementor-widget-container\">\n\t\t\t\t\t<h2 class=\"elementor-heading-title elementor-size-default\">Antren\u00f6rlerimiz<\/h2>\t\t\t\t<\/div>\n\t\t\t\t<\/div>\n\t\t<div class=\"elementor-element elementor-element-247bca7 e-flex e-con-boxed e-con e-child\" data-id=\"247bca7\" data-element_type=\"container\" data-e-type=\"container\">\n\t\t\t\t\t<div class=\"e-con-inner\">\n\t\t\t\t<div class=\"elementor-element elementor-element-7a83bbe elementor-widget elementor-widget-text-editor\" data-id=\"7a83bbe\" data-element_type=\"widget\" data-e-type=\"widget\" data-widget_type=\"text-editor.default\">\n\t\t\t\t<div class=\"elementor-widget-container\">\n\t\t\t\t\t\t\t\t\t<p>engin vence<br \/><br \/>\u00f6\u011f\u00fcn\u00e7 tokg\u00f6z<br \/><br \/>ali ihsan ta\u015ftan<br \/><br \/>salih an\u0131l karaca<\/p>\t\t\t\t\t\t\t\t<\/div>\n\t\t\t\t<\/div>\n\t\t\t\t<div class=\"elementor-element elementor-element-32a798b elementor-widget elementor-widget-text-editor\" data-id=\"32a798b\" data-element_type=\"widget\" data-e-type=\"widget\" data-widget_type=\"text-editor.default\">\n\t\t\t\t<div class=\"elementor-widget-container\">\n\t\t\t\t\t\t\t\t\t<p>erkmen kaya<br \/><br \/>ferda eren<br \/><br \/>pelin \u015feno\u011flu<br \/><br \/>eren akduman<br \/><br \/><\/p>\t\t\t\t\t\t\t\t<\/div>\n\t\t\t\t<\/div>\n\t\t\t\t<div class=\"elementor-element elementor-element-25be227 elementor-widget elementor-widget-text-editor\" data-id=\"25be227\" data-element_type=\"widget\" data-e-type=\"widget\" data-widget_type=\"text-editor.default\">\n\t\t\t\t<div class=\"elementor-widget-container\">\n\t\t\t\t\t\t\t\t\t<p>ya\u015far g\u00fcrlek <br \/><br \/>erkan eyiol<br \/><br \/>aykut vardar<br \/><br \/>mehmet f\u0131rat alt\u0131n <br \/><br \/>kenan ye\u015fil<\/p>\t\t\t\t\t\t\t\t<\/div>\n\t\t\t\t<\/div>\n\t\t\t\t\t<\/div>\n\t\t\t\t<\/div>\n\t\t\t\t\t<\/div>\n\t\t\t\t<\/div>\n\t\t\t\t\t<\/div>\n\t\t\t\t<\/div>\n\t\t\t\t<\/div>\n\t\t","protected":false},"excerpt":{"rendered":"<p>Lider Okullar\u0131 Spor Kul\u00fcb\u00fc Spor Lider Okullar\u0131 Spor Kul\u00fcb\u00fc, 2008 y\u0131l\u0131nda, okulumuzun e\u011fitim misyonu do\u011frultusunda; spor yapan \u00f6\u011frencilerimize daha fazla imk\u00e2n sunmak, belirli bran\u015flarda g\u00fc\u00e7l\u00fc bir altyap\u0131 olu\u015fturmak ve \u00f6\u011frencilerimizin okulun s\u00fcrekli geli\u015fen e\u011fitim ortam\u0131ndan en \u00fcst d\u00fczeyde yararlanmalar\u0131n\u0131 sa\u011flamak amac\u0131yla kurulmu\u015ftur. Kul\u00fcb\u00fcm\u00fcz, Lider Okullar\u0131 e\u011fitim felsefesiyle uyumlu olarak, Lider Okullar\u0131\u2019nda \u00f6\u011frenim g\u00f6ren \u00f6\u011frencilere profesyonel [&hellip;]<\/p>\n","protected":false},"author":3,"featured_media":0,"parent":0,"menu_order":0,"comment_status":"closed","ping_status":"closed","template":"","meta":{"footnotes":""},"class_list":["post-3021","page","type-page","status-publish","hentry"],"_links":{"self":[{"href":"https:\/\/peronmedya.com\/liderokullari\/wp-json\/wp\/v2\/pages\/3021","targetHints":{"allow":["GET"]}}],"collection":[{"href":"https:\/\/peronmedya.com\/liderokullari\/wp-json\/wp\/v2\/pages"}],"about":[{"href":"https:\/\/peronmedya.com\/liderokullari\/wp-json\/wp\/v2\/types\/page"}],"author":[{"embeddable":true,"href":"https:\/\/peronmedya.com\/liderokullari\/wp-json\/wp\/v2\/users\/3"}],"replies":[{"embeddable":true,"href":"https:\/\/peronmedya.com\/liderokullari\/wp-json\/wp\/v2\/comments?post=3021"}],"version-history":[{"count":10,"href":"https:\/\/peronmedya.com\/liderokullari\/wp-json\/wp\/v2\/pages\/3021\/revisions"}],"predecessor-version":[{"id":3663,"href":"https:\/\/peronmedya.com\/liderokullari\/wp-json\/wp\/v2\/pages\/3021\/revisions\/3663"}],"wp:attachment":[{"href":"https:\/\/peronmedya.com\/liderokullari\/wp-json\/wp\/v2\/media?parent=3021"}],"curies":[{"name":"wp","href":"https:\/\/api.w.org\/{rel}","templated":true}]}}