{"id":3055,"date":"2026-02-06T07:11:58","date_gmt":"2026-02-06T07:11:58","guid":{"rendered":"https:\/\/peronmedya.com\/liderokullari\/?page_id=3055"},"modified":"2026-02-11T10:11:02","modified_gmt":"2026-02-11T10:11:02","slug":"anaokul-gezilerimiz","status":"publish","type":"page","link":"https:\/\/peronmedya.com\/liderokullari\/anaokul-gezilerimiz\/","title":{"rendered":"Anaokul Gezilerimiz"},"content":{"rendered":"\t\t<div data-elementor-type=\"wp-page\" data-elementor-id=\"3055\" class=\"elementor elementor-3055\" data-elementor-post-type=\"page\">\n\t\t\t\t<div class=\"elementor-element elementor-element-1bf06fb e-flex e-con-boxed e-con e-parent\" data-id=\"1bf06fb\" data-element_type=\"container\" data-e-type=\"container\">\n\t\t\t\t\t<div class=\"e-con-inner\">\n\t\t<div class=\"elementor-element elementor-element-abfe4da e-con-full e-flex e-con e-child\" data-id=\"abfe4da\" data-element_type=\"container\" data-e-type=\"container\">\n\t\t<div class=\"elementor-element elementor-element-55fc117 e-con-full e-flex e-con e-child\" data-id=\"55fc117\" data-element_type=\"container\" data-e-type=\"container\">\n\t\t<div class=\"elementor-element elementor-element-5999d51 e-con-full e-flex elementor-invisible e-con e-child\" data-id=\"5999d51\" data-element_type=\"container\" data-e-type=\"container\" data-settings=\"{&quot;animation&quot;:&quot;fadeInRight&quot;}\">\n\t\t\t\t<div class=\"elementor-element elementor-element-be71ae4 elementor-widget elementor-widget-heading\" data-id=\"be71ae4\" data-element_type=\"widget\" data-e-type=\"widget\" data-widget_type=\"heading.default\">\n\t\t\t\t<div class=\"elementor-widget-container\">\n\t\t\t\t\t<h2 class=\"elementor-heading-title elementor-size-default\">Anaokul Gezilerimiz<\/h2>\t\t\t\t<\/div>\n\t\t\t\t<\/div>\n\t\t\t\t<div class=\"elementor-element elementor-element-db3305c elementor-widget-divider--view-line elementor-widget elementor-widget-divider\" data-id=\"db3305c\" data-element_type=\"widget\" data-e-type=\"widget\" data-widget_type=\"divider.default\">\n\t\t\t\t<div class=\"elementor-widget-container\">\n\t\t\t\t\t\t\t<div class=\"elementor-divider\">\n\t\t\t<span class=\"elementor-divider-separator\">\n\t\t\t\t\t\t<\/span>\n\t\t<\/div>\n\t\t\t\t\t\t<\/div>\n\t\t\t\t<\/div>\n\t\t\t\t<div class=\"elementor-element elementor-element-4015b6a elementor-widget elementor-widget-text-editor\" data-id=\"4015b6a\" data-element_type=\"widget\" data-e-type=\"widget\" data-widget_type=\"text-editor.default\">\n\t\t\t\t<div class=\"elementor-widget-container\">\n\t\t\t\t\t\t\t\t\t<p class=\"p1\">Lider Anaokulu\u2019nda geziler; okul i\u00e7i ve okul d\u0131\u015f\u0131 olarak planlan\u0131r ve okul \u00f6ncesi e\u011fitim program\u0131n\u0131n ayr\u0131lmaz bir par\u00e7as\u0131 olarak ele al\u0131n\u0131r. Her gezi, \u00e7ocuklar\u0131n \u00e7evrelerini ke\u015ffetmelerine, deneyimleyerek \u00f6\u011frenmelerine ve akademik kazan\u0131mlar\u0131n\u0131 g\u00fcnl\u00fck ya\u015famla ili\u015fkilendirmelerine olanak tan\u0131r.<\/p><p class=\"p1\">Gezilerimiz; \u00e7ocuklar\u0131n merak duygusunu besleyen, g\u00f6zlem yapmalar\u0131n\u0131 te\u015fvik eden ve \u00f6\u011frenmeyi s\u0131n\u0131f ortam\u0131n\u0131n \u00f6tesine ta\u015f\u0131yan deneyimler sunar.<\/p><p class=\"p1\"><b>Okul \u0130\u00e7i ve Okul D\u0131\u015f\u0131 Gezi Deneyimleri<\/b><\/p><p class=\"p1\">Planlanan geziler, farkl\u0131 \u00f6\u011frenme alanlar\u0131n\u0131 destekleyecek \u015fekilde temalar etraf\u0131nda yap\u0131land\u0131r\u0131l\u0131r:<\/p><p class=\"p1\"><b>Do\u011fa Gezileri ve A\u00e7\u0131k Hava Etkinlikleri<\/b><br \/>\u00c7ocuklar\u0131n do\u011fayla i\u00e7 i\u00e7e vakit ge\u00e7irmelerini, \u00e7evrelerini g\u00f6zlemlemelerini ve \u00e7evresel fark\u0131ndal\u0131k kazanmalar\u0131n\u0131 destekleyen geziler d\u00fczenlenir. Do\u011fal alanlarda yap\u0131lan etkinliklerle ke\u015ffetme ve deneyim temelli \u00f6\u011frenme \u00f6n plana \u00e7\u0131kar.<\/p>\t\t\t\t\t\t\t\t<\/div>\n\t\t\t\t<\/div>\n\t\t\t\t<\/div>\n\t\t<div class=\"elementor-element elementor-element-0411435 e-con-full e-flex elementor-invisible e-con e-child\" data-id=\"0411435\" data-element_type=\"container\" data-e-type=\"container\" data-settings=\"{&quot;animation&quot;:&quot;fadeInLeft&quot;}\">\n\t\t\t\t<div class=\"elementor-element elementor-element-66daeaf elementor-widget elementor-widget-image\" data-id=\"66daeaf\" data-element_type=\"widget\" data-e-type=\"widget\" data-widget_type=\"image.default\">\n\t\t\t\t<div class=\"elementor-widget-container\">\n\t\t\t\t\t\t\t\t\t\t\t\t\t\t\t<img fetchpriority=\"high\" decoding=\"async\" width=\"2016\" height=\"1134\" src=\"https:\/\/peronmedya.com\/liderokullari\/wp-content\/uploads\/2026\/01\/Lider-okullari-2026-drone.jpg\" class=\"attachment-full size-full wp-image-2222\" alt=\"\" srcset=\"https:\/\/peronmedya.com\/liderokullari\/wp-content\/uploads\/2026\/01\/Lider-okullari-2026-drone.jpg 2016w, https:\/\/peronmedya.com\/liderokullari\/wp-content\/uploads\/2026\/01\/Lider-okullari-2026-drone-300x169.jpg 300w, https:\/\/peronmedya.com\/liderokullari\/wp-content\/uploads\/2026\/01\/Lider-okullari-2026-drone-1024x576.jpg 1024w, https:\/\/peronmedya.com\/liderokullari\/wp-content\/uploads\/2026\/01\/Lider-okullari-2026-drone-768x432.jpg 768w, https:\/\/peronmedya.com\/liderokullari\/wp-content\/uploads\/2026\/01\/Lider-okullari-2026-drone-1536x864.jpg 1536w\" sizes=\"(max-width: 2016px) 100vw, 2016px\" \/>\t\t\t\t\t\t\t\t\t\t\t\t\t\t\t<\/div>\n\t\t\t\t<\/div>\n\t\t\t\t<\/div>\n\t\t\t\t<\/div>\n\t\t\t\t<\/div>\n\t\t\t\t<div class=\"elementor-element elementor-element-4ce04f7 elementor-widget elementor-widget-text-editor\" data-id=\"4ce04f7\" data-element_type=\"widget\" data-e-type=\"widget\" data-widget_type=\"text-editor.default\">\n\t\t\t\t<div class=\"elementor-widget-container\">\n\t\t\t\t\t\t\t\t\t<p class=\"p1\"><b>K\u00fclt\u00fcrel ve Sanatsal Geziler<\/b><br \/>M\u00fcze, tiyatro, sanat galerisi ve tarihi mek\u00e2n ziyaretleriyle \u00e7ocuklar\u0131n k\u00fclt\u00fcrel ve sanatsal fark\u0131ndal\u0131klar\u0131 desteklenir. Sanatla ve k\u00fclt\u00fcrle erken ya\u015fta tan\u0131\u015fmalar\u0131 hedeflenir.<\/p><p class=\"p1\"><b>Bilim ve Ke\u015fif Temal\u0131 Geziler<\/b><br \/>Bilim merkezleri, ke\u015fif alanlar\u0131 ve deneyim temelli \u00f6\u011frenme ortamlar\u0131na yap\u0131lan gezilerle \u00e7ocuklar\u0131n ara\u015ft\u0131rma, sorgulama ve merak etme becerileri geli\u015ftirilir.<\/p><p class=\"p1\"><b>\u00d6\u011frenme S\u0131n\u0131f\u0131n D\u0131\u015f\u0131na Ta\u015far<\/b><\/p><p class=\"p1\">Lider Anaokulu\u2019nda her gezi, yaln\u0131zca bir ziyaret de\u011fil; planl\u0131 bir \u00f6\u011frenme deneyimidir.<\/p><p class=\"p1\">\u00c7ocuklar geziler s\u0131ras\u0131nda g\u00f6zlemler yapar, sorular sorar ve edindikleri deneyimleri s\u0131n\u0131f i\u00e7i \u00e7al\u0131\u015fmalarla ili\u015fkilendirir.<\/p>\t\t\t\t\t\t\t\t<\/div>\n\t\t\t\t<\/div>\n\t\t\t\t\t<\/div>\n\t\t\t\t<\/div>\n\t\t\t\t<\/div>\n\t\t","protected":false},"excerpt":{"rendered":"<p>Anaokul Gezilerimiz Lider Anaokulu\u2019nda geziler; okul i\u00e7i ve okul d\u0131\u015f\u0131 olarak planlan\u0131r ve okul \u00f6ncesi e\u011fitim program\u0131n\u0131n ayr\u0131lmaz bir par\u00e7as\u0131 olarak ele al\u0131n\u0131r. Her gezi, \u00e7ocuklar\u0131n \u00e7evrelerini ke\u015ffetmelerine, deneyimleyerek \u00f6\u011frenmelerine ve akademik kazan\u0131mlar\u0131n\u0131 g\u00fcnl\u00fck ya\u015famla ili\u015fkilendirmelerine olanak tan\u0131r. Gezilerimiz; \u00e7ocuklar\u0131n merak duygusunu besleyen, g\u00f6zlem yapmalar\u0131n\u0131 te\u015fvik eden ve \u00f6\u011frenmeyi s\u0131n\u0131f ortam\u0131n\u0131n \u00f6tesine ta\u015f\u0131yan deneyimler sunar. [&hellip;]<\/p>\n","protected":false},"author":3,"featured_media":0,"parent":0,"menu_order":0,"comment_status":"closed","ping_status":"closed","template":"","meta":{"footnotes":""},"class_list":["post-3055","page","type-page","status-publish","hentry"],"_links":{"self":[{"href":"https:\/\/peronmedya.com\/liderokullari\/wp-json\/wp\/v2\/pages\/3055","targetHints":{"allow":["GET"]}}],"collection":[{"href":"https:\/\/peronmedya.com\/liderokullari\/wp-json\/wp\/v2\/pages"}],"about":[{"href":"https:\/\/peronmedya.com\/liderokullari\/wp-json\/wp\/v2\/types\/page"}],"author":[{"embeddable":true,"href":"https:\/\/peronmedya.com\/liderokullari\/wp-json\/wp\/v2\/users\/3"}],"replies":[{"embeddable":true,"href":"https:\/\/peronmedya.com\/liderokullari\/wp-json\/wp\/v2\/comments?post=3055"}],"version-history":[{"count":10,"href":"https:\/\/peronmedya.com\/liderokullari\/wp-json\/wp\/v2\/pages\/3055\/revisions"}],"predecessor-version":[{"id":3783,"href":"https:\/\/peronmedya.com\/liderokullari\/wp-json\/wp\/v2\/pages\/3055\/revisions\/3783"}],"wp:attachment":[{"href":"https:\/\/peronmedya.com\/liderokullari\/wp-json\/wp\/v2\/media?parent=3055"}],"curies":[{"name":"wp","href":"https:\/\/api.w.org\/{rel}","templated":true}]}}