{"id":3343,"date":"2026-02-07T12:07:33","date_gmt":"2026-02-07T12:07:33","guid":{"rendered":"https:\/\/peronmedya.com\/liderokullari\/?page_id=3343"},"modified":"2026-02-11T10:09:21","modified_gmt":"2026-02-11T10:09:21","slug":"anaokul-muzik","status":"publish","type":"page","link":"https:\/\/peronmedya.com\/liderokullari\/anaokul-muzik\/","title":{"rendered":"Anaokul M\u00fczik"},"content":{"rendered":"\t\t<div data-elementor-type=\"wp-page\" data-elementor-id=\"3343\" class=\"elementor elementor-3343\" data-elementor-post-type=\"page\">\n\t\t\t\t<div class=\"elementor-element elementor-element-6cb9c53 e-flex e-con-boxed e-con e-parent\" data-id=\"6cb9c53\" data-element_type=\"container\" data-e-type=\"container\">\n\t\t\t\t\t<div class=\"e-con-inner\">\n\t\t\t\t<div class=\"elementor-element elementor-element-f259976 elementor-widget elementor-widget-heading\" data-id=\"f259976\" data-element_type=\"widget\" data-e-type=\"widget\" data-widget_type=\"heading.default\">\n\t\t\t\t<div class=\"elementor-widget-container\">\n\t\t\t\t\t<h1 class=\"elementor-heading-title elementor-size-default\">Sosyal Etkinlikler<\/h1>\t\t\t\t<\/div>\n\t\t\t\t<\/div>\n\t\t<div class=\"elementor-element elementor-element-111c055 e-con-full e-flex e-con e-child\" data-id=\"111c055\" data-element_type=\"container\" data-e-type=\"container\">\n\t\t<div class=\"elementor-element elementor-element-8da501b e-con-full e-flex e-con e-child\" data-id=\"8da501b\" data-element_type=\"container\" data-e-type=\"container\">\n\t\t<div class=\"elementor-element elementor-element-f37700a e-con-full e-flex elementor-invisible e-con e-child\" data-id=\"f37700a\" data-element_type=\"container\" data-e-type=\"container\" data-settings=\"{&quot;animation&quot;:&quot;fadeInRight&quot;}\">\n\t\t\t\t<div class=\"elementor-element elementor-element-464405a elementor-widget elementor-widget-heading\" data-id=\"464405a\" data-element_type=\"widget\" data-e-type=\"widget\" data-widget_type=\"heading.default\">\n\t\t\t\t<div class=\"elementor-widget-container\">\n\t\t\t\t\t<h2 class=\"elementor-heading-title elementor-size-default\">M\u00fczik<\/h2>\t\t\t\t<\/div>\n\t\t\t\t<\/div>\n\t\t\t\t<div class=\"elementor-element elementor-element-05def6f elementor-widget-divider--view-line elementor-widget elementor-widget-divider\" data-id=\"05def6f\" data-element_type=\"widget\" data-e-type=\"widget\" data-widget_type=\"divider.default\">\n\t\t\t\t<div class=\"elementor-widget-container\">\n\t\t\t\t\t\t\t<div class=\"elementor-divider\">\n\t\t\t<span class=\"elementor-divider-separator\">\n\t\t\t\t\t\t<\/span>\n\t\t<\/div>\n\t\t\t\t\t\t<\/div>\n\t\t\t\t<\/div>\n\t\t\t\t<div class=\"elementor-element elementor-element-f9bdcec elementor-widget elementor-widget-text-editor\" data-id=\"f9bdcec\" data-element_type=\"widget\" data-e-type=\"widget\" data-widget_type=\"text-editor.default\">\n\t\t\t\t<div class=\"elementor-widget-container\">\n\t\t\t\t\t\t\t\t\t<p>M\u00fczik, \u00e7ocuklar\u0131n duygusal d\u00fcnyalar\u0131n\u0131 zenginle\u015ftiren, ritim duygular\u0131n\u0131 geli\u015ftiren ve sosyal etkile\u015fimlerini g\u00fc\u00e7lendiren \u00f6nemli bir \u00f6\u011frenme alan\u0131d\u0131r. Lider Anaokulu\u2019nda m\u00fczik e\u011fitimi; \u00e7ocuklar\u0131n m\u00fczikle aktif bir ba\u011f kurmalar\u0131n\u0131 sa\u011flayacak \u015fekilde yap\u0131land\u0131r\u0131l\u0131r.<\/p>\t\t\t\t\t\t\t\t<\/div>\n\t\t\t\t<\/div>\n\t\t\t\t<div class=\"elementor-element elementor-element-2ba6434 elementor-widget elementor-widget-text-editor\" data-id=\"2ba6434\" data-element_type=\"widget\" data-e-type=\"widget\" data-widget_type=\"text-editor.default\">\n\t\t\t\t<div class=\"elementor-widget-container\">\n\t\t\t\t\t\t\t\t\t<p><strong>Program Kapsam\u0131nda \u00c7ocuklar\u0131m\u0131z;<\/strong><\/p><ul><li>\u015eark\u0131lar ve ritmik oyunlarla m\u00fczikle tan\u0131\u015f\u0131r,<\/li><li>Ritim \u00e7al\u0131\u015fmalar\u0131yla i\u015fitsel alg\u0131lar\u0131n\u0131 geli\u015ftirir,<\/li><li>M\u00fczikli hareket etkinlikleriyle beden ve m\u00fczi\u011fi birlikte kullan\u0131r,<\/li><li>Grup halinde yap\u0131lan \u00e7al\u0131\u015fmalarda uyum ve dinleme becerileri kazan\u0131r.<\/li><\/ul>\t\t\t\t\t\t\t\t<\/div>\n\t\t\t\t<\/div>\n\t\t\t\t<div class=\"elementor-element elementor-element-f6bcbec elementor-widget elementor-widget-text-editor\" data-id=\"f6bcbec\" data-element_type=\"widget\" data-e-type=\"widget\" data-widget_type=\"text-editor.default\">\n\t\t\t\t<div class=\"elementor-widget-container\">\n\t\t\t\t\t\t\t\t\t<p>\u0130kinci d\u00f6nem itibar\u0131yla programa dahil edilen piyano e\u011fitimi ile \u00e7ocuklar\u0131n m\u00fcziksel fark\u0131ndal\u0131klar\u0131 derinle\u015ftirilir ve enstr\u00fcmanla tan\u0131\u015fmalar\u0131 desteklenir. B\u00f6ylece \u00e7ocuklar\u0131m\u0131z, m\u00fczi\u011fi yaln\u0131zca dinleyen de\u011fil; \u00fcreten ve ya\u015fayan bireyler haline gelir.<\/p>\t\t\t\t\t\t\t\t<\/div>\n\t\t\t\t<\/div>\n\t\t\t\t<\/div>\n\t\t<div class=\"elementor-element elementor-element-682ee2c e-con-full e-flex elementor-invisible e-con e-child\" data-id=\"682ee2c\" data-element_type=\"container\" data-e-type=\"container\" data-settings=\"{&quot;animation&quot;:&quot;fadeInLeft&quot;}\">\n\t\t\t\t<div class=\"elementor-element elementor-element-ca52a43 elementor-widget elementor-widget-image\" data-id=\"ca52a43\" data-element_type=\"widget\" data-e-type=\"widget\" data-widget_type=\"image.default\">\n\t\t\t\t<div class=\"elementor-widget-container\">\n\t\t\t\t\t\t\t\t\t\t\t\t\t\t\t<img fetchpriority=\"high\" decoding=\"async\" width=\"720\" height=\"405\" src=\"https:\/\/peronmedya.com\/liderokullari\/wp-content\/uploads\/2026\/02\/boy-playing-triangle-image.jpg\" class=\"attachment-full size-full wp-image-2832\" alt=\"\" srcset=\"https:\/\/peronmedya.com\/liderokullari\/wp-content\/uploads\/2026\/02\/boy-playing-triangle-image.jpg 720w, https:\/\/peronmedya.com\/liderokullari\/wp-content\/uploads\/2026\/02\/boy-playing-triangle-image-300x169.jpg 300w\" sizes=\"(max-width: 720px) 100vw, 720px\" \/>\t\t\t\t\t\t\t\t\t\t\t\t\t\t\t<\/div>\n\t\t\t\t<\/div>\n\t\t\t\t<\/div>\n\t\t\t\t<\/div>\n\t\t\t\t<\/div>\n\t\t\t\t\t<\/div>\n\t\t\t\t<\/div>\n\t\t\t\t<\/div>\n\t\t","protected":false},"excerpt":{"rendered":"<p>Sosyal Etkinlikler M\u00fczik M\u00fczik, \u00e7ocuklar\u0131n duygusal d\u00fcnyalar\u0131n\u0131 zenginle\u015ftiren, ritim duygular\u0131n\u0131 geli\u015ftiren ve sosyal etkile\u015fimlerini g\u00fc\u00e7lendiren \u00f6nemli bir \u00f6\u011frenme alan\u0131d\u0131r. Lider Anaokulu\u2019nda m\u00fczik e\u011fitimi; \u00e7ocuklar\u0131n m\u00fczikle aktif bir ba\u011f kurmalar\u0131n\u0131 sa\u011flayacak \u015fekilde yap\u0131land\u0131r\u0131l\u0131r. Program Kapsam\u0131nda \u00c7ocuklar\u0131m\u0131z; \u015eark\u0131lar ve ritmik oyunlarla m\u00fczikle tan\u0131\u015f\u0131r, Ritim \u00e7al\u0131\u015fmalar\u0131yla i\u015fitsel alg\u0131lar\u0131n\u0131 geli\u015ftirir, M\u00fczikli hareket etkinlikleriyle beden ve m\u00fczi\u011fi birlikte kullan\u0131r, Grup [&hellip;]<\/p>\n","protected":false},"author":3,"featured_media":0,"parent":0,"menu_order":0,"comment_status":"closed","ping_status":"closed","template":"","meta":{"footnotes":""},"class_list":["post-3343","page","type-page","status-publish","hentry"],"_links":{"self":[{"href":"https:\/\/peronmedya.com\/liderokullari\/wp-json\/wp\/v2\/pages\/3343","targetHints":{"allow":["GET"]}}],"collection":[{"href":"https:\/\/peronmedya.com\/liderokullari\/wp-json\/wp\/v2\/pages"}],"about":[{"href":"https:\/\/peronmedya.com\/liderokullari\/wp-json\/wp\/v2\/types\/page"}],"author":[{"embeddable":true,"href":"https:\/\/peronmedya.com\/liderokullari\/wp-json\/wp\/v2\/users\/3"}],"replies":[{"embeddable":true,"href":"https:\/\/peronmedya.com\/liderokullari\/wp-json\/wp\/v2\/comments?post=3343"}],"version-history":[{"count":10,"href":"https:\/\/peronmedya.com\/liderokullari\/wp-json\/wp\/v2\/pages\/3343\/revisions"}],"predecessor-version":[{"id":3780,"href":"https:\/\/peronmedya.com\/liderokullari\/wp-json\/wp\/v2\/pages\/3343\/revisions\/3780"}],"wp:attachment":[{"href":"https:\/\/peronmedya.com\/liderokullari\/wp-json\/wp\/v2\/media?parent=3343"}],"curies":[{"name":"wp","href":"https:\/\/api.w.org\/{rel}","templated":true}]}}