{"id":3351,"date":"2026-02-07T12:11:11","date_gmt":"2026-02-07T12:11:11","guid":{"rendered":"https:\/\/peronmedya.com\/liderokullari\/?page_id=3351"},"modified":"2026-02-11T10:08:06","modified_gmt":"2026-02-11T10:08:06","slug":"anaokul-spor","status":"publish","type":"page","link":"https:\/\/peronmedya.com\/liderokullari\/anaokul-spor\/","title":{"rendered":"Anaokul Spor"},"content":{"rendered":"\t\t<div data-elementor-type=\"wp-page\" data-elementor-id=\"3351\" class=\"elementor elementor-3351\" data-elementor-post-type=\"page\">\n\t\t\t\t<div class=\"elementor-element elementor-element-1f98210 e-flex e-con-boxed e-con e-parent\" data-id=\"1f98210\" data-element_type=\"container\" data-e-type=\"container\">\n\t\t\t\t\t<div class=\"e-con-inner\">\n\t\t\t\t<div class=\"elementor-element elementor-element-007a050 elementor-widget elementor-widget-heading\" data-id=\"007a050\" data-element_type=\"widget\" data-e-type=\"widget\" data-widget_type=\"heading.default\">\n\t\t\t\t<div class=\"elementor-widget-container\">\n\t\t\t\t\t<h1 class=\"elementor-heading-title elementor-size-default\">Sosyal Etkinlikler<\/h1>\t\t\t\t<\/div>\n\t\t\t\t<\/div>\n\t\t<div class=\"elementor-element elementor-element-5e1bedb e-con-full e-flex e-con e-child\" data-id=\"5e1bedb\" data-element_type=\"container\" data-e-type=\"container\">\n\t\t<div class=\"elementor-element elementor-element-dae8db3 e-con-full e-flex e-con e-child\" data-id=\"dae8db3\" data-element_type=\"container\" data-e-type=\"container\">\n\t\t<div class=\"elementor-element elementor-element-5dc2336 e-con-full e-flex elementor-invisible e-con e-child\" data-id=\"5dc2336\" data-element_type=\"container\" data-e-type=\"container\" data-settings=\"{&quot;animation&quot;:&quot;fadeInRight&quot;}\">\n\t\t\t\t<div class=\"elementor-element elementor-element-2176d6c elementor-widget elementor-widget-heading\" data-id=\"2176d6c\" data-element_type=\"widget\" data-e-type=\"widget\" data-widget_type=\"heading.default\">\n\t\t\t\t<div class=\"elementor-widget-container\">\n\t\t\t\t\t<h2 class=\"elementor-heading-title elementor-size-default\">Spor<\/h2>\t\t\t\t<\/div>\n\t\t\t\t<\/div>\n\t\t\t\t<div class=\"elementor-element elementor-element-514de11 elementor-widget-divider--view-line elementor-widget elementor-widget-divider\" data-id=\"514de11\" data-element_type=\"widget\" data-e-type=\"widget\" data-widget_type=\"divider.default\">\n\t\t\t\t<div class=\"elementor-widget-container\">\n\t\t\t\t\t\t\t<div class=\"elementor-divider\">\n\t\t\t<span class=\"elementor-divider-separator\">\n\t\t\t\t\t\t<\/span>\n\t\t<\/div>\n\t\t\t\t\t\t<\/div>\n\t\t\t\t<\/div>\n\t\t\t\t<div class=\"elementor-element elementor-element-8edf38c elementor-widget elementor-widget-text-editor\" data-id=\"8edf38c\" data-element_type=\"widget\" data-e-type=\"widget\" data-widget_type=\"text-editor.default\">\n\t\t\t\t<div class=\"elementor-widget-container\">\n\t\t\t\t\t\t\t\t\t<p>Lider Anaokulu\u2019nda spor etkinlikleri; \u00e7ocuklar\u0131n bedensel geli\u015fimlerini desteklemenin yan\u0131 s\u0131ra, disiplin, \u00f6z g\u00fcven, tak\u0131m ruhu ve sa\u011fl\u0131kl\u0131 ya\u015fam bilinci kazanmalar\u0131n\u0131 hedefler. Program\u0131m\u0131z, \u00e7ocuklar\u0131n ya\u015f ve geli\u015fim \u00f6zellikleri dikkate al\u0131narak bran\u015f\u0131nda uzman \u00f6\u011fretmenlerimiz taraf\u0131ndan y\u00fcr\u00fct\u00fcl\u00fcr.<\/p>\t\t\t\t\t\t\t\t<\/div>\n\t\t\t\t<\/div>\n\t\t\t\t<div class=\"elementor-element elementor-element-d8e97b7 elementor-widget elementor-widget-text-editor\" data-id=\"d8e97b7\" data-element_type=\"widget\" data-e-type=\"widget\" data-widget_type=\"text-editor.default\">\n\t\t\t\t<div class=\"elementor-widget-container\">\n\t\t\t\t\t\t\t\t\t<p><strong>SBG, jimnastik, tenis, y\u00fczme ve hareket temelli \u00e7al\u0131\u015fmalar kapsam\u0131nda \u00e7ocuklar\u0131m\u0131z;<\/strong><\/p><ul><li>Denge, koordinasyon ve kas geli\u015fimlerini destekler,<\/li><li>Motor becerilerini geli\u015ftirir,<\/li><li>Bedensel fark\u0131ndal\u0131k kazan\u0131r,<\/li><li>Hareket ederek \u00f6\u011frenmenin keyfini ya\u015far,<\/li><li>Grup i\u00e7inde uyumlu hareket etmeyi \u00f6\u011frenir.<\/li><\/ul>\t\t\t\t\t\t\t\t<\/div>\n\t\t\t\t<\/div>\n\t\t\t\t<div class=\"elementor-element elementor-element-a8f6dea elementor-widget elementor-widget-text-editor\" data-id=\"a8f6dea\" data-element_type=\"widget\" data-e-type=\"widget\" data-widget_type=\"text-editor.default\">\n\t\t\t\t<div class=\"elementor-widget-container\">\n\t\t\t\t\t\t\t\t\t<p>Spor etkinlikleri, \u00e7ocuklar\u0131n enerjilerini do\u011fru y\u00f6nlendirmelerine, streslerini sa\u011fl\u0131kl\u0131 yollarla ifade etmelerine ve aktif ya\u015fam al\u0131\u015fkanl\u0131klar\u0131 kazanmalar\u0131na katk\u0131 sa\u011flar.<\/p>\t\t\t\t\t\t\t\t<\/div>\n\t\t\t\t<\/div>\n\t\t\t\t<\/div>\n\t\t<div class=\"elementor-element elementor-element-68bee55 e-con-full e-flex elementor-invisible e-con e-child\" data-id=\"68bee55\" data-element_type=\"container\" data-e-type=\"container\" data-settings=\"{&quot;animation&quot;:&quot;fadeInLeft&quot;}\">\n\t\t\t\t<div class=\"elementor-element elementor-element-ef7b86b elementor-widget elementor-widget-image\" data-id=\"ef7b86b\" data-element_type=\"widget\" data-e-type=\"widget\" data-widget_type=\"image.default\">\n\t\t\t\t<div class=\"elementor-widget-container\">\n\t\t\t\t\t\t\t\t\t\t\t\t\t\t\t<img fetchpriority=\"high\" decoding=\"async\" width=\"1197\" height=\"800\" src=\"https:\/\/peronmedya.com\/liderokullari\/wp-content\/uploads\/2025\/10\/lider-okullari-spor-1197x800-1.jpg\" class=\"attachment-full size-full wp-image-542\" alt=\"\" srcset=\"https:\/\/peronmedya.com\/liderokullari\/wp-content\/uploads\/2025\/10\/lider-okullari-spor-1197x800-1.jpg 1197w, https:\/\/peronmedya.com\/liderokullari\/wp-content\/uploads\/2025\/10\/lider-okullari-spor-1197x800-1-300x201.jpg 300w, https:\/\/peronmedya.com\/liderokullari\/wp-content\/uploads\/2025\/10\/lider-okullari-spor-1197x800-1-1024x684.jpg 1024w, https:\/\/peronmedya.com\/liderokullari\/wp-content\/uploads\/2025\/10\/lider-okullari-spor-1197x800-1-768x513.jpg 768w\" sizes=\"(max-width: 1197px) 100vw, 1197px\" \/>\t\t\t\t\t\t\t\t\t\t\t\t\t\t\t<\/div>\n\t\t\t\t<\/div>\n\t\t\t\t<\/div>\n\t\t\t\t<\/div>\n\t\t\t\t<\/div>\n\t\t\t\t\t<\/div>\n\t\t\t\t<\/div>\n\t\t\t\t<\/div>\n\t\t","protected":false},"excerpt":{"rendered":"<p>Sosyal Etkinlikler Spor Lider Anaokulu\u2019nda spor etkinlikleri; \u00e7ocuklar\u0131n bedensel geli\u015fimlerini desteklemenin yan\u0131 s\u0131ra, disiplin, \u00f6z g\u00fcven, tak\u0131m ruhu ve sa\u011fl\u0131kl\u0131 ya\u015fam bilinci kazanmalar\u0131n\u0131 hedefler. Program\u0131m\u0131z, \u00e7ocuklar\u0131n ya\u015f ve geli\u015fim \u00f6zellikleri dikkate al\u0131narak bran\u015f\u0131nda uzman \u00f6\u011fretmenlerimiz taraf\u0131ndan y\u00fcr\u00fct\u00fcl\u00fcr. SBG, jimnastik, tenis, y\u00fczme ve hareket temelli \u00e7al\u0131\u015fmalar kapsam\u0131nda \u00e7ocuklar\u0131m\u0131z; Denge, koordinasyon ve kas geli\u015fimlerini destekler, Motor becerilerini [&hellip;]<\/p>\n","protected":false},"author":3,"featured_media":0,"parent":0,"menu_order":0,"comment_status":"closed","ping_status":"closed","template":"","meta":{"footnotes":""},"class_list":["post-3351","page","type-page","status-publish","hentry"],"_links":{"self":[{"href":"https:\/\/peronmedya.com\/liderokullari\/wp-json\/wp\/v2\/pages\/3351","targetHints":{"allow":["GET"]}}],"collection":[{"href":"https:\/\/peronmedya.com\/liderokullari\/wp-json\/wp\/v2\/pages"}],"about":[{"href":"https:\/\/peronmedya.com\/liderokullari\/wp-json\/wp\/v2\/types\/page"}],"author":[{"embeddable":true,"href":"https:\/\/peronmedya.com\/liderokullari\/wp-json\/wp\/v2\/users\/3"}],"replies":[{"embeddable":true,"href":"https:\/\/peronmedya.com\/liderokullari\/wp-json\/wp\/v2\/comments?post=3351"}],"version-history":[{"count":7,"href":"https:\/\/peronmedya.com\/liderokullari\/wp-json\/wp\/v2\/pages\/3351\/revisions"}],"predecessor-version":[{"id":3774,"href":"https:\/\/peronmedya.com\/liderokullari\/wp-json\/wp\/v2\/pages\/3351\/revisions\/3774"}],"wp:attachment":[{"href":"https:\/\/peronmedya.com\/liderokullari\/wp-json\/wp\/v2\/media?parent=3351"}],"curies":[{"name":"wp","href":"https:\/\/api.w.org\/{rel}","templated":true}]}}