{"id":3356,"date":"2026-02-07T12:12:52","date_gmt":"2026-02-07T12:12:52","guid":{"rendered":"https:\/\/peronmedya.com\/liderokullari\/?page_id=3356"},"modified":"2026-02-11T10:08:45","modified_gmt":"2026-02-11T10:08:45","slug":"anaokul-sanat","status":"publish","type":"page","link":"https:\/\/peronmedya.com\/liderokullari\/anaokul-sanat\/","title":{"rendered":"Anaokul Sanat"},"content":{"rendered":"\t\t<div data-elementor-type=\"wp-page\" data-elementor-id=\"3356\" class=\"elementor elementor-3356\" data-elementor-post-type=\"page\">\n\t\t\t\t<div class=\"elementor-element elementor-element-0a36acb e-flex e-con-boxed e-con e-parent\" data-id=\"0a36acb\" data-element_type=\"container\" data-e-type=\"container\">\n\t\t\t\t\t<div class=\"e-con-inner\">\n\t\t\t\t<div class=\"elementor-element elementor-element-9343ea6 elementor-widget elementor-widget-heading\" data-id=\"9343ea6\" data-element_type=\"widget\" data-e-type=\"widget\" data-widget_type=\"heading.default\">\n\t\t\t\t<div class=\"elementor-widget-container\">\n\t\t\t\t\t<h1 class=\"elementor-heading-title elementor-size-default\">Sosyal Etkinlikler<\/h1>\t\t\t\t<\/div>\n\t\t\t\t<\/div>\n\t\t<div class=\"elementor-element elementor-element-2b04c2b e-con-full e-flex e-con e-child\" data-id=\"2b04c2b\" data-element_type=\"container\" data-e-type=\"container\">\n\t\t<div class=\"elementor-element elementor-element-688d602 e-con-full e-flex e-con e-child\" data-id=\"688d602\" data-element_type=\"container\" data-e-type=\"container\">\n\t\t<div class=\"elementor-element elementor-element-9e4a537 e-con-full e-flex elementor-invisible e-con e-child\" data-id=\"9e4a537\" data-element_type=\"container\" data-e-type=\"container\" data-settings=\"{&quot;animation&quot;:&quot;fadeInRight&quot;}\">\n\t\t\t\t<div class=\"elementor-element elementor-element-5bc7b88 elementor-widget elementor-widget-heading\" data-id=\"5bc7b88\" data-element_type=\"widget\" data-e-type=\"widget\" data-widget_type=\"heading.default\">\n\t\t\t\t<div class=\"elementor-widget-container\">\n\t\t\t\t\t<h2 class=\"elementor-heading-title elementor-size-default\">Sanat<\/h2>\t\t\t\t<\/div>\n\t\t\t\t<\/div>\n\t\t\t\t<div class=\"elementor-element elementor-element-79840d2 elementor-widget-divider--view-line elementor-widget elementor-widget-divider\" data-id=\"79840d2\" data-element_type=\"widget\" data-e-type=\"widget\" data-widget_type=\"divider.default\">\n\t\t\t\t<div class=\"elementor-widget-container\">\n\t\t\t\t\t\t\t<div class=\"elementor-divider\">\n\t\t\t<span class=\"elementor-divider-separator\">\n\t\t\t\t\t\t<\/span>\n\t\t<\/div>\n\t\t\t\t\t\t<\/div>\n\t\t\t\t<\/div>\n\t\t\t\t<div class=\"elementor-element elementor-element-e09f935 elementor-widget elementor-widget-text-editor\" data-id=\"e09f935\" data-element_type=\"widget\" data-e-type=\"widget\" data-widget_type=\"text-editor.default\">\n\t\t\t\t<div class=\"elementor-widget-container\">\n\t\t\t\t\t\t\t\t\t<p>Sanat etkinlikleri, \u00e7ocuklar\u0131n hayal g\u00fc\u00e7lerini \u00f6zg\u00fcrce kullanabildikleri, kendilerini ifade edebildikleri ve \u00fcretmenin mutlulu\u011funu ya\u015fad\u0131klar\u0131 \u00f6zel \u00f6\u011frenme alanlar\u0131d\u0131r. Lider Anaokulu\u2019nda sanat e\u011fitimi; yarat\u0131c\u0131l\u0131\u011f\u0131 destekleyen, estetik alg\u0131y\u0131 geli\u015ftiren ve \u00e7ok y\u00f6nl\u00fc d\u00fc\u015f\u00fcnmeyi te\u015fvik eden bir yakla\u015f\u0131mla sunulur.<\/p>\t\t\t\t\t\t\t\t<\/div>\n\t\t\t\t<\/div>\n\t\t\t\t<div class=\"elementor-element elementor-element-15f4e24 elementor-widget elementor-widget-text-editor\" data-id=\"15f4e24\" data-element_type=\"widget\" data-e-type=\"widget\" data-widget_type=\"text-editor.default\">\n\t\t\t\t<div class=\"elementor-widget-container\">\n\t\t\t\t\t\t\t\t\t<p><strong>G\u00f6rsel sanatlar, maker ve ah\u015fap at\u00f6lyeleri kapsam\u0131nda \u00e7ocuklar\u0131m\u0131z;<\/strong><\/p><ul><li>\u00c7izim, boyama, kolaj ve \u00fc\u00e7 boyutlu \u00e7al\u0131\u015fmalar yapar,<\/li><li>Farkl\u0131 dokular ve malzemelerle \u00fcretim s\u00fcre\u00e7lerini deneyimler,<\/li><li>\u0130nce motor becerilerini geli\u015ftirir,<\/li><li>Problem \u00e7\u00f6zme ve tasarlama becerileri kazan\u0131r,<\/li><li>Kendi \u00f6zg\u00fcn \u00fcr\u00fcnlerini ortaya koyman\u0131n gururunu ya\u015far.<\/li><\/ul>\t\t\t\t\t\t\t\t<\/div>\n\t\t\t\t<\/div>\n\t\t\t\t<div class=\"elementor-element elementor-element-8d98984 elementor-widget elementor-widget-text-editor\" data-id=\"8d98984\" data-element_type=\"widget\" data-e-type=\"widget\" data-widget_type=\"text-editor.default\">\n\t\t\t\t<div class=\"elementor-widget-container\">\n\t\t\t\t\t\t\t\t\t<p>Sanat etkinlikleri sayesinde \u00e7ocuklar\u0131m\u0131z, d\u00fc\u015f\u00fcncelerini, duygular\u0131n\u0131 ve hayallerini yarat\u0131c\u0131 yollarla ifade etmeyi \u00f6\u011frenir.<\/p>\t\t\t\t\t\t\t\t<\/div>\n\t\t\t\t<\/div>\n\t\t\t\t<\/div>\n\t\t<div class=\"elementor-element elementor-element-5ccdd9f e-con-full e-flex elementor-invisible e-con e-child\" data-id=\"5ccdd9f\" data-element_type=\"container\" data-e-type=\"container\" data-settings=\"{&quot;animation&quot;:&quot;fadeInLeft&quot;}\">\n\t\t\t\t<div class=\"elementor-element elementor-element-f2447a5 elementor-widget elementor-widget-image\" data-id=\"f2447a5\" data-element_type=\"widget\" data-e-type=\"widget\" data-widget_type=\"image.default\">\n\t\t\t\t<div class=\"elementor-widget-container\">\n\t\t\t\t\t\t\t\t\t\t\t\t\t\t\t<img fetchpriority=\"high\" decoding=\"async\" width=\"1197\" height=\"800\" src=\"https:\/\/peronmedya.com\/liderokullari\/wp-content\/uploads\/2025\/12\/lider-okullari-efeler-1197x800-1.jpg\" class=\"attachment-full size-full wp-image-1704\" alt=\"\" srcset=\"https:\/\/peronmedya.com\/liderokullari\/wp-content\/uploads\/2025\/12\/lider-okullari-efeler-1197x800-1.jpg 1197w, https:\/\/peronmedya.com\/liderokullari\/wp-content\/uploads\/2025\/12\/lider-okullari-efeler-1197x800-1-300x201.jpg 300w, https:\/\/peronmedya.com\/liderokullari\/wp-content\/uploads\/2025\/12\/lider-okullari-efeler-1197x800-1-1024x684.jpg 1024w, https:\/\/peronmedya.com\/liderokullari\/wp-content\/uploads\/2025\/12\/lider-okullari-efeler-1197x800-1-768x513.jpg 768w\" sizes=\"(max-width: 1197px) 100vw, 1197px\" \/>\t\t\t\t\t\t\t\t\t\t\t\t\t\t\t<\/div>\n\t\t\t\t<\/div>\n\t\t\t\t<\/div>\n\t\t\t\t<\/div>\n\t\t\t\t<\/div>\n\t\t\t\t\t<\/div>\n\t\t\t\t<\/div>\n\t\t\t\t<\/div>\n\t\t","protected":false},"excerpt":{"rendered":"<p>Sosyal Etkinlikler Sanat Sanat etkinlikleri, \u00e7ocuklar\u0131n hayal g\u00fc\u00e7lerini \u00f6zg\u00fcrce kullanabildikleri, kendilerini ifade edebildikleri ve \u00fcretmenin mutlulu\u011funu ya\u015fad\u0131klar\u0131 \u00f6zel \u00f6\u011frenme alanlar\u0131d\u0131r. Lider Anaokulu\u2019nda sanat e\u011fitimi; yarat\u0131c\u0131l\u0131\u011f\u0131 destekleyen, estetik alg\u0131y\u0131 geli\u015ftiren ve \u00e7ok y\u00f6nl\u00fc d\u00fc\u015f\u00fcnmeyi te\u015fvik eden bir yakla\u015f\u0131mla sunulur. G\u00f6rsel sanatlar, maker ve ah\u015fap at\u00f6lyeleri kapsam\u0131nda \u00e7ocuklar\u0131m\u0131z; \u00c7izim, boyama, kolaj ve \u00fc\u00e7 boyutlu \u00e7al\u0131\u015fmalar yapar, Farkl\u0131 [&hellip;]<\/p>\n","protected":false},"author":3,"featured_media":0,"parent":0,"menu_order":0,"comment_status":"closed","ping_status":"closed","template":"","meta":{"footnotes":""},"class_list":["post-3356","page","type-page","status-publish","hentry"],"_links":{"self":[{"href":"https:\/\/peronmedya.com\/liderokullari\/wp-json\/wp\/v2\/pages\/3356","targetHints":{"allow":["GET"]}}],"collection":[{"href":"https:\/\/peronmedya.com\/liderokullari\/wp-json\/wp\/v2\/pages"}],"about":[{"href":"https:\/\/peronmedya.com\/liderokullari\/wp-json\/wp\/v2\/types\/page"}],"author":[{"embeddable":true,"href":"https:\/\/peronmedya.com\/liderokullari\/wp-json\/wp\/v2\/users\/3"}],"replies":[{"embeddable":true,"href":"https:\/\/peronmedya.com\/liderokullari\/wp-json\/wp\/v2\/comments?post=3356"}],"version-history":[{"count":7,"href":"https:\/\/peronmedya.com\/liderokullari\/wp-json\/wp\/v2\/pages\/3356\/revisions"}],"predecessor-version":[{"id":3777,"href":"https:\/\/peronmedya.com\/liderokullari\/wp-json\/wp\/v2\/pages\/3356\/revisions\/3777"}],"wp:attachment":[{"href":"https:\/\/peronmedya.com\/liderokullari\/wp-json\/wp\/v2\/media?parent=3356"}],"curies":[{"name":"wp","href":"https:\/\/api.w.org\/{rel}","templated":true}]}}