{"id":614,"date":"2025-10-13T08:09:31","date_gmt":"2025-10-13T08:09:31","guid":{"rendered":"https:\/\/peronmedya.com\/liderokullari\/?page_id=614"},"modified":"2026-02-11T10:19:16","modified_gmt":"2026-02-11T10:19:16","slug":"ortaokul","status":"publish","type":"page","link":"https:\/\/peronmedya.com\/liderokullari\/ortaokul\/","title":{"rendered":"Ortaokul"},"content":{"rendered":"\t\t<div data-elementor-type=\"wp-page\" data-elementor-id=\"614\" class=\"elementor elementor-614\" data-elementor-post-type=\"page\">\n\t\t\t\t\t\t<section class=\"elementor-section elementor-top-section elementor-element elementor-element-fb0b2e7 elementor-section-full_width elementor-section-height-default elementor-section-height-default\" data-id=\"fb0b2e7\" data-element_type=\"section\" data-e-type=\"section\" data-settings=\"{&quot;mdp_selection_sticky_effect_enable&quot;:false}\">\n\t\t\t\t\t\t<div class=\"elementor-container elementor-column-gap-default\">\n\t\t\t\t\t<div class=\"elementor-column elementor-col-100 elementor-top-column elementor-element elementor-element-a63bd28\" data-id=\"a63bd28\" data-element_type=\"column\" data-e-type=\"column\" data-settings=\"{&quot;mdp_selection_sticky_column_effect_enable&quot;:false}\">\n\t\t\t<div class=\"elementor-widget-wrap elementor-element-populated\">\n\t\t\t\t\t\t<div class=\"elementor-element elementor-element-887d19a elementor--h-position-center elementor--v-position-middle elementor-arrows-position-inside elementor-widget elementor-widget-slides\" data-id=\"887d19a\" data-element_type=\"widget\" data-e-type=\"widget\" data-settings=\"{&quot;navigation&quot;:&quot;arrows&quot;,&quot;autoplay&quot;:&quot;yes&quot;,&quot;pause_on_hover&quot;:&quot;yes&quot;,&quot;pause_on_interaction&quot;:&quot;yes&quot;,&quot;autoplay_speed&quot;:5000,&quot;infinite&quot;:&quot;yes&quot;,&quot;transition&quot;:&quot;slide&quot;,&quot;transition_speed&quot;:500}\" data-widget_type=\"slides.default\">\n\t\t\t\t<div class=\"elementor-widget-container\">\n\t\t\t\t\t\t\t\t\t<div class=\"elementor-swiper\">\n\t\t\t\t\t<div class=\"elementor-slides-wrapper elementor-main-swiper swiper\" role=\"region\" aria-roledescription=\"carousel\" aria-label=\"Slides\" dir=\"ltr\" data-animation=\"fadeInUp\">\n\t\t\t\t<div class=\"swiper-wrapper elementor-slides\">\n\t\t\t\t\t\t\t\t\t\t<div class=\"elementor-repeater-item-92f5042 swiper-slide\" role=\"group\" aria-roledescription=\"slide\"><div class=\"swiper-slide-bg\" role=\"img\" aria-label=\"Lider Okullar\u0131 I Ortaokul Genel Bak\u0131\u015f 0-26 screenshot\"><\/div><div class=\"elementor-background-overlay\"><\/div><div class=\"swiper-slide-inner\" ><div class=\"swiper-slide-contents\"><div class=\"elementor-slide-heading\">Ortaokul<\/div><div class=\"elementor-slide-description\">Gelece\u011fin liderleri, ilk ad\u0131mlar\u0131n\u0131 burada at\u0131yor.<\/div><\/div><\/div><\/div>\t\t\t\t<\/div>\n\t\t\t\t\t\t\t<\/div>\n\t\t\t\t<\/div>\n\t\t\t\t\t\t\t\t<\/div>\n\t\t\t\t<\/div>\n\t\t\t\t\t<\/div>\n\t\t<\/div>\n\t\t\t\t\t<\/div>\n\t\t<\/section>\n\t\t\t\t<section class=\"elementor-section elementor-top-section elementor-element elementor-element-a989936 elementor-section-boxed elementor-section-height-default elementor-section-height-default\" data-id=\"a989936\" data-element_type=\"section\" data-e-type=\"section\" data-settings=\"{&quot;mdp_selection_sticky_effect_enable&quot;:false}\">\n\t\t\t\t\t\t\t<div class=\"elementor-background-overlay\"><\/div>\n\t\t\t\t\t\t\t<div class=\"elementor-container elementor-column-gap-default\">\n\t\t\t\t\t<div class=\"elementor-column elementor-col-100 elementor-top-column elementor-element elementor-element-2ed3e02\" data-id=\"2ed3e02\" data-element_type=\"column\" data-e-type=\"column\" data-settings=\"{&quot;mdp_selection_sticky_column_effect_enable&quot;:false}\">\n\t\t\t<div class=\"elementor-widget-wrap elementor-element-populated\">\n\t\t\t\t\t\t<section class=\"elementor-section elementor-inner-section elementor-element elementor-element-880afc1 elementor-section-boxed elementor-section-height-default elementor-section-height-default\" data-id=\"880afc1\" data-element_type=\"section\" data-e-type=\"section\" data-settings=\"{&quot;mdp_selection_sticky_effect_enable&quot;:false}\">\n\t\t\t\t\t\t<div class=\"elementor-container elementor-column-gap-default\">\n\t\t\t\t\t<div class=\"elementor-column elementor-col-50 elementor-inner-column elementor-element elementor-element-e9f7369 elementor-invisible\" data-id=\"e9f7369\" data-element_type=\"column\" data-e-type=\"column\" data-settings=\"{&quot;animation&quot;:&quot;fadeInLeft&quot;,&quot;mdp_selection_sticky_column_effect_enable&quot;:false}\">\n\t\t\t<div class=\"elementor-widget-wrap elementor-element-populated\">\n\t\t\t\t\t\t<div class=\"elementor-element elementor-element-283bb89 elementor-widget elementor-widget-heading\" data-id=\"283bb89\" data-element_type=\"widget\" data-e-type=\"widget\" data-widget_type=\"heading.default\">\n\t\t\t\t<div class=\"elementor-widget-container\">\n\t\t\t\t\t<h2 class=\"elementor-heading-title elementor-size-default\">Lider Ortaokulu<\/h2>\t\t\t\t<\/div>\n\t\t\t\t<\/div>\n\t\t\t\t<div class=\"elementor-element elementor-element-91029aa elementor-widget-divider--view-line elementor-widget elementor-widget-divider\" data-id=\"91029aa\" data-element_type=\"widget\" data-e-type=\"widget\" data-widget_type=\"divider.default\">\n\t\t\t\t<div class=\"elementor-widget-container\">\n\t\t\t\t\t\t\t<div class=\"elementor-divider\">\n\t\t\t<span class=\"elementor-divider-separator\">\n\t\t\t\t\t\t<\/span>\n\t\t<\/div>\n\t\t\t\t\t\t<\/div>\n\t\t\t\t<\/div>\n\t\t\t\t<div class=\"elementor-element elementor-element-4044b9f elementor-widget elementor-widget-text-editor\" data-id=\"4044b9f\" data-element_type=\"widget\" data-e-type=\"widget\" data-widget_type=\"text-editor.default\">\n\t\t\t\t<div class=\"elementor-widget-container\">\n\t\t\t\t\t\t\t\t\t<p>Ortaokul d\u00f6nemi, \u00f6\u011frencilerin akademik, sosyal ve bireysel yeteneklerini h\u0131zla geli\u015ftirdi\u011fi, sorgulama ve ele\u015ftirel d\u00fc\u015f\u00fcnme becerilerinin g\u00fc\u00e7lendi\u011fi \u00f6nemli bir s\u00fcre\u00e7tir. Lider Ortaokulu\u2019nda e\u011fitimimizi planlarken \u00f6nceli\u011fimiz, \u00f6\u011frencilerimizin merak duygusunu canl\u0131 tutmak, \u00f6\u011frenme motivasyonlar\u0131n\u0131 art\u0131rmak ve onlar\u0131 ara\u015ft\u0131rmaya, sorgulamaya ve \u00f6\u011frenme heyecan\u0131n\u0131 ya\u015famaya te\u015fvik etmektir.<\/p>\t\t\t\t\t\t\t\t<\/div>\n\t\t\t\t<\/div>\n\t\t\t\t<div class=\"elementor-element elementor-element-282797f elementor-widget elementor-widget-text-editor\" data-id=\"282797f\" data-element_type=\"widget\" data-e-type=\"widget\" data-widget_type=\"text-editor.default\">\n\t\t\t\t<div class=\"elementor-widget-container\">\n\t\t\t\t\t\t\t\t\t<p>Hedefimiz, \u00f6\u011frencilerimizi aktif d\u00fc\u015f\u00fcnen, soru soran, fikirlerini cesurca ifade eden ve evrensel d\u00fc\u015f\u00fcnme becerileri kazanm\u0131\u015f bireyler olarak yeti\u015ftirmektir.\u00a0<\/p>\t\t\t\t\t\t\t\t<\/div>\n\t\t\t\t<\/div>\n\t\t\t\t\t<\/div>\n\t\t<\/div>\n\t\t\t\t<div class=\"elementor-column elementor-col-50 elementor-inner-column elementor-element elementor-element-c84abd4 elementor-invisible\" data-id=\"c84abd4\" data-element_type=\"column\" data-e-type=\"column\" data-settings=\"{&quot;animation&quot;:&quot;fadeInRight&quot;,&quot;mdp_selection_sticky_column_effect_enable&quot;:false}\">\n\t\t\t<div class=\"elementor-widget-wrap elementor-element-populated\">\n\t\t\t\t\t\t<div class=\"elementor-element elementor-element-1e205bf elementor-widget elementor-widget-image\" data-id=\"1e205bf\" data-element_type=\"widget\" data-e-type=\"widget\" data-widget_type=\"image.default\">\n\t\t\t\t<div class=\"elementor-widget-container\">\n\t\t\t\t\t\t\t\t\t\t\t\t\t\t\t<img fetchpriority=\"high\" decoding=\"async\" width=\"1920\" height=\"1080\" src=\"https:\/\/peronmedya.com\/liderokullari\/wp-content\/uploads\/2024\/03\/6196-0-lider-okullari-aydin.jpeg\" class=\"attachment-full size-full wp-image-421\" alt=\"\" srcset=\"https:\/\/peronmedya.com\/liderokullari\/wp-content\/uploads\/2024\/03\/6196-0-lider-okullari-aydin.jpeg 1920w, https:\/\/peronmedya.com\/liderokullari\/wp-content\/uploads\/2024\/03\/6196-0-lider-okullari-aydin-300x169.jpeg 300w, https:\/\/peronmedya.com\/liderokullari\/wp-content\/uploads\/2024\/03\/6196-0-lider-okullari-aydin-1024x576.jpeg 1024w, https:\/\/peronmedya.com\/liderokullari\/wp-content\/uploads\/2024\/03\/6196-0-lider-okullari-aydin-768x432.jpeg 768w, https:\/\/peronmedya.com\/liderokullari\/wp-content\/uploads\/2024\/03\/6196-0-lider-okullari-aydin-1536x864.jpeg 1536w\" sizes=\"(max-width: 1920px) 100vw, 1920px\" \/>\t\t\t\t\t\t\t\t\t\t\t\t\t\t\t<\/div>\n\t\t\t\t<\/div>\n\t\t\t\t<div class=\"elementor-element elementor-element-76fe034 animated-slow elementor-widget__width-initial elementor-absolute elementor-position-top elementor-invisible elementor-widget elementor-widget-image-box\" data-id=\"76fe034\" data-element_type=\"widget\" data-e-type=\"widget\" data-settings=\"{&quot;_animation&quot;:&quot;fadeInRight&quot;,&quot;_position&quot;:&quot;absolute&quot;}\" data-widget_type=\"image-box.default\">\n\t\t\t\t<div class=\"elementor-widget-container\">\n\t\t\t\t\t<div class=\"elementor-image-box-wrapper\"><figure class=\"elementor-image-box-img\"><img decoding=\"async\" width=\"128\" height=\"99\" src=\"https:\/\/peronmedya.com\/liderokullari\/wp-content\/uploads\/2024\/03\/liderokullari.logo_.png\" class=\"attachment-full size-full wp-image-74\" alt=\"\" \/><\/figure><\/div>\t\t\t\t<\/div>\n\t\t\t\t<\/div>\n\t\t\t\t\t<\/div>\n\t\t<\/div>\n\t\t\t\t\t<\/div>\n\t\t<\/section>\n\t\t\t\t\t<\/div>\n\t\t<\/div>\n\t\t\t\t\t<\/div>\n\t\t<\/section>\n\t\t<div class=\"elementor-element elementor-element-a89dda7 e-con-full e-flex elementor-invisible e-con e-child\" data-id=\"a89dda7\" data-element_type=\"container\" data-e-type=\"container\" data-settings=\"{&quot;animation&quot;:&quot;fadeIn&quot;}\">\n\t\t<div class=\"elementor-element elementor-element-5259487 e-con-full e-flex e-con e-child\" data-id=\"5259487\" data-element_type=\"container\" data-e-type=\"container\">\n\t\t<div class=\"elementor-element elementor-element-0c02d9e e-con-full e-flex e-con e-child\" data-id=\"0c02d9e\" data-element_type=\"container\" data-e-type=\"container\">\n\t\t\t\t<div class=\"elementor-element elementor-element-0457c6b elementor-widget elementor-widget-heading\" data-id=\"0457c6b\" data-element_type=\"widget\" data-e-type=\"widget\" data-widget_type=\"heading.default\">\n\t\t\t\t<div class=\"elementor-widget-container\">\n\t\t\t\t\t<h2 class=\"elementor-heading-title elementor-size-default\">Geli\u015fim At\u00f6lyeleri<\/h2>\t\t\t\t<\/div>\n\t\t\t\t<\/div>\n\t\t\t\t<div class=\"elementor-element elementor-element-d0e871b elementor-widget-divider--view-line elementor-widget elementor-widget-divider\" data-id=\"d0e871b\" data-element_type=\"widget\" data-e-type=\"widget\" data-widget_type=\"divider.default\">\n\t\t\t\t<div class=\"elementor-widget-container\">\n\t\t\t\t\t\t\t<div class=\"elementor-divider\">\n\t\t\t<span class=\"elementor-divider-separator\">\n\t\t\t\t\t\t<\/span>\n\t\t<\/div>\n\t\t\t\t\t\t<\/div>\n\t\t\t\t<\/div>\n\t\t\t\t<div class=\"elementor-element elementor-element-28712a6 elementor-widget elementor-widget-text-editor\" data-id=\"28712a6\" data-element_type=\"widget\" data-e-type=\"widget\" data-widget_type=\"text-editor.default\">\n\t\t\t\t<div class=\"elementor-widget-container\">\n\t\t\t\t\t\t\t\t\t<p>Geli\u015fim at\u00f6lyelerimiz, \u00e7ocuklar\u0131n bili\u015fsel, sosyal ve sanatsal y\u00f6nlerini g\u00fc\u00e7lendiren uygulamal\u0131 bir \u00f6\u011frenme alan\u0131 sunar. \u00d6\u011frenciler, deneyerek ve \u00fcreterek \u00f6\u011frenir.<\/p>\t\t\t\t\t\t\t\t<\/div>\n\t\t\t\t<\/div>\n\t\t\t\t<\/div>\n\t\t\t\t<\/div>\n\t\t<div class=\"elementor-element elementor-element-3badb2d e-grid e-con-boxed e-con e-child\" data-id=\"3badb2d\" data-element_type=\"container\" data-e-type=\"container\">\n\t\t\t\t\t<div class=\"e-con-inner\">\n\t\t<div class=\"elementor-element elementor-element-34f2b44 e-flex e-con-boxed e-con e-child\" data-id=\"34f2b44\" data-element_type=\"container\" data-e-type=\"container\">\n\t\t\t\t\t<div class=\"e-con-inner\">\n\t\t\t\t<div class=\"elementor-element elementor-element-1fd8702 elementor-widget elementor-widget-image\" data-id=\"1fd8702\" data-element_type=\"widget\" data-e-type=\"widget\" data-widget_type=\"image.default\">\n\t\t\t\t<div class=\"elementor-widget-container\">\n\t\t\t\t\t\t\t\t\t\t\t\t\t\t\t<img decoding=\"async\" width=\"270\" height=\"182\" src=\"https:\/\/peronmedya.com\/liderokullari\/wp-content\/uploads\/2025\/12\/Courses-03.png\" class=\"attachment-large size-large wp-image-1262\" alt=\"\" \/>\t\t\t\t\t\t\t\t\t\t\t\t\t\t\t<\/div>\n\t\t\t\t<\/div>\n\t\t<div class=\"elementor-element elementor-element-6fa6b48 e-flex e-con-boxed e-con e-child\" data-id=\"6fa6b48\" data-element_type=\"container\" data-e-type=\"container\">\n\t\t\t\t\t<div class=\"e-con-inner\">\n\t\t\t\t<div class=\"elementor-element elementor-element-de58dd5 elementor-widget elementor-widget-text-editor\" data-id=\"de58dd5\" data-element_type=\"widget\" data-e-type=\"widget\" data-widget_type=\"text-editor.default\">\n\t\t\t\t<div class=\"elementor-widget-container\">\n\t\t\t\t\t\t\t\t\t<p>Bilim<\/p>\t\t\t\t\t\t\t\t<\/div>\n\t\t\t\t<\/div>\n\t\t\t\t<div class=\"elementor-element elementor-element-039d696 elementor-widget elementor-widget-heading\" data-id=\"039d696\" data-element_type=\"widget\" data-e-type=\"widget\" data-widget_type=\"heading.default\">\n\t\t\t\t<div class=\"elementor-widget-container\">\n\t\t\t\t\t<h2 class=\"elementor-heading-title elementor-size-default\">Merak ve Ara\u015ft\u0131rma Oda\u011f\u0131<\/h2>\t\t\t\t<\/div>\n\t\t\t\t<\/div>\n\t\t\t\t<div class=\"elementor-element elementor-element-a239f8f elementor-widget elementor-widget-text-editor\" data-id=\"a239f8f\" data-element_type=\"widget\" data-e-type=\"widget\" data-widget_type=\"text-editor.default\">\n\t\t\t\t<div class=\"elementor-widget-container\">\n\t\t\t\t\t\t\t\t\t<p>Bilim At\u00f6lyesi, ah\u015fap \u00e7al\u0131\u015fmalar\u0131ndan satranca ve maker uygulamalar\u0131na uzanan etkinliklerle \u00f6\u011frencilerin \u00fcretme, d\u00fc\u015f\u00fcnme ve ke\u015ffetme becerilerini destekler.<\/p>\t\t\t\t\t\t\t\t<\/div>\n\t\t\t\t<\/div>\n\t\t\t\t\t<\/div>\n\t\t\t\t<\/div>\n\t\t\t\t\t<\/div>\n\t\t\t\t<\/div>\n\t\t<div class=\"elementor-element elementor-element-8a861c5 e-flex e-con-boxed e-con e-child\" data-id=\"8a861c5\" data-element_type=\"container\" data-e-type=\"container\">\n\t\t\t\t\t<div class=\"e-con-inner\">\n\t\t\t\t<div class=\"elementor-element elementor-element-925d797 elementor-widget elementor-widget-image\" data-id=\"925d797\" data-element_type=\"widget\" data-e-type=\"widget\" data-widget_type=\"image.default\">\n\t\t\t\t<div class=\"elementor-widget-container\">\n\t\t\t\t\t\t\t\t\t\t\t\t\t\t\t<img loading=\"lazy\" decoding=\"async\" width=\"270\" height=\"182\" src=\"https:\/\/peronmedya.com\/liderokullari\/wp-content\/uploads\/2025\/12\/Courses-02.png\" class=\"attachment-large size-large wp-image-1263\" alt=\"\" \/>\t\t\t\t\t\t\t\t\t\t\t\t\t\t\t<\/div>\n\t\t\t\t<\/div>\n\t\t<div class=\"elementor-element elementor-element-25e4887 e-flex e-con-boxed e-con e-child\" data-id=\"25e4887\" data-element_type=\"container\" data-e-type=\"container\">\n\t\t\t\t\t<div class=\"e-con-inner\">\n\t\t\t\t<div class=\"elementor-element elementor-element-473825e elementor-widget elementor-widget-text-editor\" data-id=\"473825e\" data-element_type=\"widget\" data-e-type=\"widget\" data-widget_type=\"text-editor.default\">\n\t\t\t\t<div class=\"elementor-widget-container\">\n\t\t\t\t\t\t\t\t\t<p>Sanat<\/p>\t\t\t\t\t\t\t\t<\/div>\n\t\t\t\t<\/div>\n\t\t\t\t<div class=\"elementor-element elementor-element-c4c28f4 elementor-widget elementor-widget-heading\" data-id=\"c4c28f4\" data-element_type=\"widget\" data-e-type=\"widget\" data-widget_type=\"heading.default\">\n\t\t\t\t<div class=\"elementor-widget-container\">\n\t\t\t\t\t<h2 class=\"elementor-heading-title elementor-size-default\">Yarat\u0131c\u0131l\u0131k ve Estetik Geli\u015fim<\/h2>\t\t\t\t<\/div>\n\t\t\t\t<\/div>\n\t\t\t\t<div class=\"elementor-element elementor-element-a12bfe4 elementor-widget elementor-widget-text-editor\" data-id=\"a12bfe4\" data-element_type=\"widget\" data-e-type=\"widget\" data-widget_type=\"text-editor.default\">\n\t\t\t\t<div class=\"elementor-widget-container\">\n\t\t\t\t\t\t\t\t\t<p>Sanat ve m\u00fczik at\u00f6lyeleri, \u00f6\u011frencilerin estetik duyarl\u0131l\u0131\u011f\u0131n\u0131 geli\u015ftirirken yarat\u0131c\u0131l\u0131klar\u0131n\u0131 \u00f6zg\u00fcrce ifade edebilecekleri bir alan sunar.<\/p>\t\t\t\t\t\t\t\t<\/div>\n\t\t\t\t<\/div>\n\t\t\t\t\t<\/div>\n\t\t\t\t<\/div>\n\t\t\t\t\t<\/div>\n\t\t\t\t<\/div>\n\t\t<div class=\"elementor-element elementor-element-83a68fc e-flex e-con-boxed e-con e-child\" data-id=\"83a68fc\" data-element_type=\"container\" data-e-type=\"container\">\n\t\t\t\t\t<div class=\"e-con-inner\">\n\t\t\t\t<div class=\"elementor-element elementor-element-dbe313f elementor-widget elementor-widget-image\" data-id=\"dbe313f\" data-element_type=\"widget\" data-e-type=\"widget\" data-widget_type=\"image.default\">\n\t\t\t\t<div class=\"elementor-widget-container\">\n\t\t\t\t\t\t\t\t\t\t\t\t\t\t\t<img loading=\"lazy\" decoding=\"async\" width=\"800\" height=\"522\" src=\"https:\/\/peronmedya.com\/liderokullari\/wp-content\/uploads\/2025\/12\/sports-tools-1-1-1024x668.jpg\" class=\"attachment-large size-large wp-image-1320\" alt=\"\" srcset=\"https:\/\/peronmedya.com\/liderokullari\/wp-content\/uploads\/2025\/12\/sports-tools-1-1-1024x668.jpg 1024w, https:\/\/peronmedya.com\/liderokullari\/wp-content\/uploads\/2025\/12\/sports-tools-1-1-300x196.jpg 300w, https:\/\/peronmedya.com\/liderokullari\/wp-content\/uploads\/2025\/12\/sports-tools-1-1-768x501.jpg 768w, https:\/\/peronmedya.com\/liderokullari\/wp-content\/uploads\/2025\/12\/sports-tools-1-1-1536x1002.jpg 1536w, https:\/\/peronmedya.com\/liderokullari\/wp-content\/uploads\/2025\/12\/sports-tools-1-1.jpg 1705w\" sizes=\"(max-width: 800px) 100vw, 800px\" \/>\t\t\t\t\t\t\t\t\t\t\t\t\t\t\t<\/div>\n\t\t\t\t<\/div>\n\t\t<div class=\"elementor-element elementor-element-bc0567c e-flex e-con-boxed e-con e-child\" data-id=\"bc0567c\" data-element_type=\"container\" data-e-type=\"container\">\n\t\t\t\t\t<div class=\"e-con-inner\">\n\t\t\t\t<div class=\"elementor-element elementor-element-5800b67 elementor-widget elementor-widget-text-editor\" data-id=\"5800b67\" data-element_type=\"widget\" data-e-type=\"widget\" data-widget_type=\"text-editor.default\">\n\t\t\t\t<div class=\"elementor-widget-container\">\n\t\t\t\t\t\t\t\t\t<p>Spor<\/p>\t\t\t\t\t\t\t\t<\/div>\n\t\t\t\t<\/div>\n\t\t\t\t<div class=\"elementor-element elementor-element-1c29bbf elementor-widget elementor-widget-heading\" data-id=\"1c29bbf\" data-element_type=\"widget\" data-e-type=\"widget\" data-widget_type=\"heading.default\">\n\t\t\t\t<div class=\"elementor-widget-container\">\n\t\t\t\t\t<h2 class=\"elementor-heading-title elementor-size-default\">Tak\u0131m \u00c7al\u0131\u015fmas\u0131 ve Teknik<\/h2>\t\t\t\t<\/div>\n\t\t\t\t<\/div>\n\t\t\t\t<div class=\"elementor-element elementor-element-511d162 elementor-widget elementor-widget-text-editor\" data-id=\"511d162\" data-element_type=\"widget\" data-e-type=\"widget\" data-widget_type=\"text-editor.default\">\n\t\t\t\t<div class=\"elementor-widget-container\">\n\t\t\t\t\t\t\t\t\t<p>Y\u00fczme, Sportif Beceri ve Geli\u015fim, Yoga gibi etkinlikler ile \u00f6\u011frenciler hem fiziksel becerilerini g\u00fc\u00e7lendirir hem de disiplin, dayan\u0131kl\u0131l\u0131k ve tak\u0131m ruhu kazan\u0131rlar.<\/p>\t\t\t\t\t\t\t\t<\/div>\n\t\t\t\t<\/div>\n\t\t\t\t\t<\/div>\n\t\t\t\t<\/div>\n\t\t\t\t\t<\/div>\n\t\t\t\t<\/div>\n\t\t\t\t\t<\/div>\n\t\t\t\t<\/div>\n\t\t\t\t<\/div>\n\t\t\t\t<section class=\"elementor-section elementor-top-section elementor-element elementor-element-ed05f69 elementor-section-boxed elementor-section-height-default elementor-section-height-default\" data-id=\"ed05f69\" data-element_type=\"section\" data-e-type=\"section\" data-settings=\"{&quot;mdp_selection_sticky_effect_enable&quot;:false}\">\n\t\t\t\t\t\t\t<div class=\"elementor-background-overlay\"><\/div>\n\t\t\t\t\t\t\t<div class=\"elementor-container elementor-column-gap-default\">\n\t\t\t\t\t<div class=\"elementor-column elementor-col-100 elementor-top-column elementor-element elementor-element-0d42245\" data-id=\"0d42245\" data-element_type=\"column\" data-e-type=\"column\" data-settings=\"{&quot;mdp_selection_sticky_column_effect_enable&quot;:false}\">\n\t\t\t<div class=\"elementor-widget-wrap elementor-element-populated\">\n\t\t\t\t\t\t<section class=\"elementor-section elementor-inner-section elementor-element elementor-element-4d5acf5 elementor-section-boxed elementor-section-height-default elementor-section-height-default\" data-id=\"4d5acf5\" data-element_type=\"section\" data-e-type=\"section\" data-settings=\"{&quot;mdp_selection_sticky_effect_enable&quot;:false}\">\n\t\t\t\t\t\t<div class=\"elementor-container elementor-column-gap-default\">\n\t\t\t\t\t<div class=\"elementor-column elementor-col-50 elementor-inner-column elementor-element elementor-element-36fc38e elementor-invisible\" data-id=\"36fc38e\" data-element_type=\"column\" data-e-type=\"column\" data-settings=\"{&quot;animation&quot;:&quot;fadeInLeft&quot;,&quot;mdp_selection_sticky_column_effect_enable&quot;:false}\">\n\t\t\t<div class=\"elementor-widget-wrap elementor-element-populated\">\n\t\t\t\t\t\t<div class=\"elementor-element elementor-element-c660497 elementor-widget elementor-widget-heading\" data-id=\"c660497\" data-element_type=\"widget\" data-e-type=\"widget\" data-widget_type=\"heading.default\">\n\t\t\t\t<div class=\"elementor-widget-container\">\n\t\t\t\t\t<h2 class=\"elementor-heading-title elementor-size-default\">Ortaokul Rehberlik ve Psikolojik Dan\u0131\u015fma Birimine Genel Bak\u0131\u015f<\/h2>\t\t\t\t<\/div>\n\t\t\t\t<\/div>\n\t\t\t\t<div class=\"elementor-element elementor-element-dc314a5 elementor-widget-divider--view-line elementor-widget elementor-widget-divider\" data-id=\"dc314a5\" data-element_type=\"widget\" data-e-type=\"widget\" data-widget_type=\"divider.default\">\n\t\t\t\t<div class=\"elementor-widget-container\">\n\t\t\t\t\t\t\t<div class=\"elementor-divider\">\n\t\t\t<span class=\"elementor-divider-separator\">\n\t\t\t\t\t\t<\/span>\n\t\t<\/div>\n\t\t\t\t\t\t<\/div>\n\t\t\t\t<\/div>\n\t\t\t\t<div class=\"elementor-element elementor-element-5be0288 elementor-widget elementor-widget-text-editor\" data-id=\"5be0288\" data-element_type=\"widget\" data-e-type=\"widget\" data-widget_type=\"text-editor.default\">\n\t\t\t\t<div class=\"elementor-widget-container\">\n\t\t\t\t\t\t\t\t\t<p>Ortaokul rehberlik ve psikolojik dan\u0131\u015fma birimi, \u00f6\u011frencilerimizin olumlu \u015fekilde benlik alg\u0131lar\u0131n\u0131 geli\u015ftirmelerine ve bunu s\u00fcrd\u00fcrmelerine, duygular\u0131n\u0131n fark\u0131na vararak kendini ifade edebilmelerine, sorunlar\u0131n\u0131 dile getirerek problem \u00e7\u00f6zme becerilerini geli\u015ftirmelerine katk\u0131 sa\u011flamay\u0131 ama\u00e7lamaktad\u0131r.<\/p><p>Bu kademede \u00f6zellikle kimlik kazanma, bedensel de\u011fi\u015fimleri anlamland\u0131rma, farkl\u0131 meslekler hakk\u0131nda bilgi edinme gibi bu d\u00f6nemin geli\u015fimsel ihtiya\u00e7lar\u0131n\u0131 kar\u015f\u0131layan rehberlik faaliyetleri uyguluyoruz.<\/p>\t\t\t\t\t\t\t\t<\/div>\n\t\t\t\t<\/div>\n\t\t\t\t\t<\/div>\n\t\t<\/div>\n\t\t\t\t<div class=\"elementor-column elementor-col-50 elementor-inner-column elementor-element elementor-element-909b482 elementor-invisible\" data-id=\"909b482\" data-element_type=\"column\" data-e-type=\"column\" data-settings=\"{&quot;animation&quot;:&quot;fadeInRight&quot;,&quot;mdp_selection_sticky_column_effect_enable&quot;:false}\">\n\t\t\t<div class=\"elementor-widget-wrap elementor-element-populated\">\n\t\t\t\t\t\t<div class=\"elementor-element elementor-element-839cee9 elementor-widget elementor-widget-image\" data-id=\"839cee9\" data-element_type=\"widget\" data-e-type=\"widget\" data-widget_type=\"image.default\">\n\t\t\t\t<div class=\"elementor-widget-container\">\n\t\t\t\t\t\t\t\t\t\t\t\t\t\t\t<img loading=\"lazy\" decoding=\"async\" width=\"1908\" height=\"1250\" src=\"https:\/\/peronmedya.com\/liderokullari\/wp-content\/uploads\/2025\/12\/anaokulu-pdr-1.jpg\" class=\"attachment-full size-full wp-image-1679\" alt=\"\" srcset=\"https:\/\/peronmedya.com\/liderokullari\/wp-content\/uploads\/2025\/12\/anaokulu-pdr-1.jpg 1908w, https:\/\/peronmedya.com\/liderokullari\/wp-content\/uploads\/2025\/12\/anaokulu-pdr-1-300x197.jpg 300w, https:\/\/peronmedya.com\/liderokullari\/wp-content\/uploads\/2025\/12\/anaokulu-pdr-1-1024x671.jpg 1024w, https:\/\/peronmedya.com\/liderokullari\/wp-content\/uploads\/2025\/12\/anaokulu-pdr-1-768x503.jpg 768w, https:\/\/peronmedya.com\/liderokullari\/wp-content\/uploads\/2025\/12\/anaokulu-pdr-1-1536x1006.jpg 1536w\" sizes=\"(max-width: 1908px) 100vw, 1908px\" \/>\t\t\t\t\t\t\t\t\t\t\t\t\t\t\t<\/div>\n\t\t\t\t<\/div>\n\t\t\t\t\t<\/div>\n\t\t<\/div>\n\t\t\t\t\t<\/div>\n\t\t<\/section>\n\t\t\t\t\t<\/div>\n\t\t<\/div>\n\t\t\t\t\t<\/div>\n\t\t<\/section>\n\t\t\t\t<\/div>\n\t\t","protected":false},"excerpt":{"rendered":"<p>OrtaokulGelece\u011fin liderleri, ilk ad\u0131mlar\u0131n\u0131 burada at\u0131yor. Lider Ortaokulu Ortaokul d\u00f6nemi, \u00f6\u011frencilerin akademik, sosyal ve bireysel yeteneklerini h\u0131zla geli\u015ftirdi\u011fi, sorgulama ve ele\u015ftirel d\u00fc\u015f\u00fcnme becerilerinin g\u00fc\u00e7lendi\u011fi \u00f6nemli bir s\u00fcre\u00e7tir. Lider Ortaokulu\u2019nda e\u011fitimimizi planlarken \u00f6nceli\u011fimiz, \u00f6\u011frencilerimizin merak duygusunu canl\u0131 tutmak, \u00f6\u011frenme motivasyonlar\u0131n\u0131 art\u0131rmak ve onlar\u0131 ara\u015ft\u0131rmaya, sorgulamaya ve \u00f6\u011frenme heyecan\u0131n\u0131 ya\u015famaya te\u015fvik etmektir. Hedefimiz, \u00f6\u011frencilerimizi aktif d\u00fc\u015f\u00fcnen, soru [&hellip;]<\/p>\n","protected":false},"author":3,"featured_media":0,"parent":0,"menu_order":0,"comment_status":"closed","ping_status":"closed","template":"","meta":{"footnotes":""},"class_list":["post-614","page","type-page","status-publish","hentry"],"_links":{"self":[{"href":"https:\/\/peronmedya.com\/liderokullari\/wp-json\/wp\/v2\/pages\/614","targetHints":{"allow":["GET"]}}],"collection":[{"href":"https:\/\/peronmedya.com\/liderokullari\/wp-json\/wp\/v2\/pages"}],"about":[{"href":"https:\/\/peronmedya.com\/liderokullari\/wp-json\/wp\/v2\/types\/page"}],"author":[{"embeddable":true,"href":"https:\/\/peronmedya.com\/liderokullari\/wp-json\/wp\/v2\/users\/3"}],"replies":[{"embeddable":true,"href":"https:\/\/peronmedya.com\/liderokullari\/wp-json\/wp\/v2\/comments?post=614"}],"version-history":[{"count":64,"href":"https:\/\/peronmedya.com\/liderokullari\/wp-json\/wp\/v2\/pages\/614\/revisions"}],"predecessor-version":[{"id":3822,"href":"https:\/\/peronmedya.com\/liderokullari\/wp-json\/wp\/v2\/pages\/614\/revisions\/3822"}],"wp:attachment":[{"href":"https:\/\/peronmedya.com\/liderokullari\/wp-json\/wp\/v2\/media?parent=614"}],"curies":[{"name":"wp","href":"https:\/\/api.w.org\/{rel}","templated":true}]}}