{"id":320,"date":"2025-06-20T11:14:42","date_gmt":"2025-06-20T11:14:42","guid":{"rendered":"https:\/\/peronmedya.com\/sabunmakina\/?page_id=320"},"modified":"2025-07-23T10:47:45","modified_gmt":"2025-07-23T10:47:45","slug":"budunoz-makinasi","status":"publish","type":"page","link":"https:\/\/peronmedya.com\/sabunmakina\/budunoz-makinasi\/","title":{"rendered":"Budun\u00f6z Makinas\u0131"},"content":{"rendered":"\t\t<div data-elementor-type=\"wp-page\" data-elementor-id=\"320\" class=\"elementor elementor-320\" data-elementor-post-type=\"page\">\n\t\t\t\t\t\t<section class=\"elementor-section elementor-top-section elementor-element elementor-element-d56008d elementor-section-boxed elementor-section-height-default elementor-section-height-default\" data-id=\"d56008d\" data-element_type=\"section\" data-settings=\"{&quot;background_background&quot;:&quot;classic&quot;}\">\n\t\t\t\t\t\t\t<div class=\"elementor-background-overlay\"><\/div>\n\t\t\t\t\t\t\t<div class=\"elementor-container elementor-column-gap-default\">\n\t\t\t\t\t<div class=\"elementor-column elementor-col-100 elementor-top-column elementor-element elementor-element-bca7b22\" data-id=\"bca7b22\" data-element_type=\"column\">\n\t\t\t<div class=\"elementor-widget-wrap elementor-element-populated\">\n\t\t\t\t\t\t<div class=\"elementor-element elementor-element-939b25f elementor-widget elementor-widget-heading\" data-id=\"939b25f\" data-element_type=\"widget\" data-widget_type=\"heading.default\">\n\t\t\t\t<div class=\"elementor-widget-container\">\n\t\t\t\t\t<h2 class=\"elementor-heading-title elementor-size-default\">Budun\u00f6z Makinas\u0131<\/h2>\t\t\t\t<\/div>\n\t\t\t\t<\/div>\n\t\t\t\t<div class=\"elementor-element elementor-element-9a78cf6 elementor-icon-list--layout-inline elementor-align-center elementor-list-item-link-full_width elementor-widget elementor-widget-icon-list\" data-id=\"9a78cf6\" data-element_type=\"widget\" data-widget_type=\"icon-list.default\">\n\t\t\t\t<div class=\"elementor-widget-container\">\n\t\t\t\t\t\t\t<ul class=\"elementor-icon-list-items elementor-inline-items\">\n\t\t\t\t\t\t\t<li class=\"elementor-icon-list-item elementor-inline-item\">\n\t\t\t\t\t\t\t\t\t\t<span class=\"elementor-icon-list-text\">Anasayfa<\/span>\n\t\t\t\t\t\t\t\t\t<\/li>\n\t\t\t\t\t\t\t\t<li class=\"elementor-icon-list-item elementor-inline-item\">\n\t\t\t\t\t\t\t\t\t\t\t<span class=\"elementor-icon-list-icon\">\n\t\t\t\t\t\t\t<svg aria-hidden=\"true\" class=\"e-font-icon-svg e-fas-chevron-right\" viewBox=\"0 0 320 512\" xmlns=\"http:\/\/www.w3.org\/2000\/svg\"><path d=\"M285.476 272.971L91.132 467.314c-9.373 9.373-24.569 9.373-33.941 0l-22.667-22.667c-9.357-9.357-9.375-24.522-.04-33.901L188.505 256 34.484 101.255c-9.335-9.379-9.317-24.544.04-33.901l22.667-22.667c9.373-9.373 24.569-9.373 33.941 0L285.475 239.03c9.373 9.372 9.373 24.568.001 33.941z\"><\/path><\/svg>\t\t\t\t\t\t<\/span>\n\t\t\t\t\t\t\t\t\t\t<span class=\"elementor-icon-list-text\">\u00dcr\u00fcnlerimiz<\/span>\n\t\t\t\t\t\t\t\t\t<\/li>\n\t\t\t\t\t\t<\/ul>\n\t\t\t\t\t\t<\/div>\n\t\t\t\t<\/div>\n\t\t\t\t\t<\/div>\n\t\t<\/div>\n\t\t\t\t\t<\/div>\n\t\t<\/section>\n\t\t<div class=\"elementor-element elementor-element-9c532f7 e-flex e-con-boxed e-con e-parent\" data-id=\"9c532f7\" data-element_type=\"container\">\n\t\t\t\t\t<div class=\"e-con-inner\">\n\t\t<div class=\"elementor-element elementor-element-4ce6517 e-con-full e-flex e-con e-child\" data-id=\"4ce6517\" data-element_type=\"container\" data-settings=\"{&quot;sticky&quot;:&quot;top&quot;,&quot;sticky_offset&quot;:30,&quot;sticky_parent&quot;:&quot;yes&quot;,&quot;sticky_on&quot;:[&quot;desktop&quot;,&quot;tablet&quot;],&quot;sticky_effects_offset&quot;:0,&quot;sticky_anchor_link_offset&quot;:0}\">\n\t\t<div class=\"elementor-element elementor-element-e93fd64 e-con-full e-flex e-con e-child\" data-id=\"e93fd64\" data-element_type=\"container\" data-settings=\"{&quot;background_background&quot;:&quot;classic&quot;}\">\n\t\t<div class=\"elementor-element elementor-element-d8d4555 e-con-full e-flex e-con e-child\" data-id=\"d8d4555\" data-element_type=\"container\">\n\t\t\t\t<div class=\"elementor-element elementor-element-2c1574e elementor-icon-list--layout-traditional elementor-list-item-link-full_width elementor-widget elementor-widget-icon-list\" data-id=\"2c1574e\" data-element_type=\"widget\" data-widget_type=\"icon-list.default\">\n\t\t\t\t<div class=\"elementor-widget-container\">\n\t\t\t\t\t\t\t<ul class=\"elementor-icon-list-items\">\n\t\t\t\t\t\t\t<li class=\"elementor-icon-list-item\">\n\t\t\t\t\t\t\t\t\t\t\t<a href=\"#\">\n\n\t\t\t\t\t\t\t\t\t\t\t<span class=\"elementor-icon-list-text\">Sabun Budun\u00f6z Makinas\u0131<\/span>\n\t\t\t\t\t\t\t\t\t\t\t<\/a>\n\t\t\t\t\t\t\t\t\t<\/li>\n\t\t\t\t\t\t<\/ul>\n\t\t\t\t\t\t<\/div>\n\t\t\t\t<\/div>\n\t\t\t\t<\/div>\n\t\t<div class=\"elementor-element elementor-element-220b666 e-con-full e-flex e-con e-child\" data-id=\"220b666\" data-element_type=\"container\">\n\t\t\t\t<div class=\"elementor-element elementor-element-78cf60f elementor-view-default elementor-widget elementor-widget-icon\" data-id=\"78cf60f\" data-element_type=\"widget\" data-widget_type=\"icon.default\">\n\t\t\t\t<div class=\"elementor-widget-container\">\n\t\t\t\t\t\t\t<div class=\"elementor-icon-wrapper\">\n\t\t\t<div class=\"elementor-icon\">\n\t\t\t<svg aria-hidden=\"true\" class=\"e-font-icon-svg e-fas-arrow-alt-circle-right\" viewBox=\"0 0 512 512\" xmlns=\"http:\/\/www.w3.org\/2000\/svg\"><path d=\"M256 8c137 0 248 111 248 248S393 504 256 504 8 393 8 256 119 8 256 8zM140 300h116v70.9c0 10.7 13 16.1 20.5 8.5l114.3-114.9c4.7-4.7 4.7-12.2 0-16.9l-114.3-115c-7.6-7.6-20.5-2.2-20.5 8.5V212H140c-6.6 0-12 5.4-12 12v64c0 6.6 5.4 12 12 12z\"><\/path><\/svg>\t\t\t<\/div>\n\t\t<\/div>\n\t\t\t\t\t\t<\/div>\n\t\t\t\t<\/div>\n\t\t\t\t<\/div>\n\t\t\t\t<\/div>\n\t\t<div class=\"elementor-element elementor-element-cdc0760 e-con-full e-flex e-con e-child\" data-id=\"cdc0760\" data-element_type=\"container\" data-settings=\"{&quot;background_background&quot;:&quot;classic&quot;}\">\n\t\t<div class=\"elementor-element elementor-element-a6de86c e-con-full e-flex e-con e-child\" data-id=\"a6de86c\" data-element_type=\"container\">\n\t\t\t\t<div class=\"elementor-element elementor-element-997ef0a elementor-icon-list--layout-traditional elementor-list-item-link-full_width elementor-widget elementor-widget-icon-list\" data-id=\"997ef0a\" data-element_type=\"widget\" data-widget_type=\"icon-list.default\">\n\t\t\t\t<div class=\"elementor-widget-container\">\n\t\t\t\t\t\t\t<ul class=\"elementor-icon-list-items\">\n\t\t\t\t\t\t\t<li class=\"elementor-icon-list-item\">\n\t\t\t\t\t\t\t\t\t\t\t<a href=\"https:\/\/peronmedya.com\/sabunmakina\/sabun-cubuk-kesme-makinesi\/\">\n\n\t\t\t\t\t\t\t\t\t\t\t<span class=\"elementor-icon-list-text\">Sabun \u00c7ubuk Kesme Makinas\u0131<\/span>\n\t\t\t\t\t\t\t\t\t\t\t<\/a>\n\t\t\t\t\t\t\t\t\t<\/li>\n\t\t\t\t\t\t<\/ul>\n\t\t\t\t\t\t<\/div>\n\t\t\t\t<\/div>\n\t\t\t\t<\/div>\n\t\t<div class=\"elementor-element elementor-element-563aa0a e-con-full e-flex e-con e-child\" data-id=\"563aa0a\" data-element_type=\"container\">\n\t\t\t\t<div class=\"elementor-element elementor-element-87c1f48 elementor-view-default elementor-widget elementor-widget-icon\" data-id=\"87c1f48\" data-element_type=\"widget\" data-widget_type=\"icon.default\">\n\t\t\t\t<div class=\"elementor-widget-container\">\n\t\t\t\t\t\t\t<div class=\"elementor-icon-wrapper\">\n\t\t\t<a class=\"elementor-icon\" href=\"https:\/\/peronmedya.com\/sabunmakina\/sabun-cubuk-kesme-makinesi\/\">\n\t\t\t<svg aria-hidden=\"true\" class=\"e-font-icon-svg e-fas-arrow-alt-circle-right\" viewBox=\"0 0 512 512\" xmlns=\"http:\/\/www.w3.org\/2000\/svg\"><path d=\"M256 8c137 0 248 111 248 248S393 504 256 504 8 393 8 256 119 8 256 8zM140 300h116v70.9c0 10.7 13 16.1 20.5 8.5l114.3-114.9c4.7-4.7 4.7-12.2 0-16.9l-114.3-115c-7.6-7.6-20.5-2.2-20.5 8.5V212H140c-6.6 0-12 5.4-12 12v64c0 6.6 5.4 12 12 12z\"><\/path><\/svg>\t\t\t<\/a>\n\t\t<\/div>\n\t\t\t\t\t\t<\/div>\n\t\t\t\t<\/div>\n\t\t\t\t<\/div>\n\t\t\t\t<\/div>\n\t\t<div class=\"elementor-element elementor-element-5c8dc22 e-con-full e-flex e-con e-child\" data-id=\"5c8dc22\" data-element_type=\"container\" data-settings=\"{&quot;background_background&quot;:&quot;classic&quot;}\">\n\t\t<div class=\"elementor-element elementor-element-62506f7 e-con-full e-flex e-con e-child\" data-id=\"62506f7\" data-element_type=\"container\">\n\t\t\t\t<div class=\"elementor-element elementor-element-81dad17 elementor-icon-list--layout-traditional elementor-list-item-link-full_width elementor-widget elementor-widget-icon-list\" data-id=\"81dad17\" data-element_type=\"widget\" data-widget_type=\"icon-list.default\">\n\t\t\t\t<div class=\"elementor-widget-container\">\n\t\t\t\t\t\t\t<ul class=\"elementor-icon-list-items\">\n\t\t\t\t\t\t\t<li class=\"elementor-icon-list-item\">\n\t\t\t\t\t\t\t\t\t\t\t<a href=\"https:\/\/peronmedya.com\/sabunmakina\/sabun-makina\/\">\n\n\t\t\t\t\t\t\t\t\t\t\t<span class=\"elementor-icon-list-text\">Sabun Mikser Makinas\u0131<\/span>\n\t\t\t\t\t\t\t\t\t\t\t<\/a>\n\t\t\t\t\t\t\t\t\t<\/li>\n\t\t\t\t\t\t<\/ul>\n\t\t\t\t\t\t<\/div>\n\t\t\t\t<\/div>\n\t\t\t\t<\/div>\n\t\t<div class=\"elementor-element elementor-element-ae68789 e-con-full e-flex e-con e-child\" data-id=\"ae68789\" data-element_type=\"container\">\n\t\t\t\t<div class=\"elementor-element elementor-element-59a460e elementor-view-default elementor-widget elementor-widget-icon\" data-id=\"59a460e\" data-element_type=\"widget\" data-widget_type=\"icon.default\">\n\t\t\t\t<div class=\"elementor-widget-container\">\n\t\t\t\t\t\t\t<div class=\"elementor-icon-wrapper\">\n\t\t\t<div class=\"elementor-icon\">\n\t\t\t<svg aria-hidden=\"true\" class=\"e-font-icon-svg e-fas-arrow-alt-circle-right\" viewBox=\"0 0 512 512\" xmlns=\"http:\/\/www.w3.org\/2000\/svg\"><path d=\"M256 8c137 0 248 111 248 248S393 504 256 504 8 393 8 256 119 8 256 8zM140 300h116v70.9c0 10.7 13 16.1 20.5 8.5l114.3-114.9c4.7-4.7 4.7-12.2 0-16.9l-114.3-115c-7.6-7.6-20.5-2.2-20.5 8.5V212H140c-6.6 0-12 5.4-12 12v64c0 6.6 5.4 12 12 12z\"><\/path><\/svg>\t\t\t<\/div>\n\t\t<\/div>\n\t\t\t\t\t\t<\/div>\n\t\t\t\t<\/div>\n\t\t\t\t<\/div>\n\t\t\t\t<\/div>\n\t\t<div class=\"elementor-element elementor-element-877e8ae e-con-full e-flex e-con e-child\" data-id=\"877e8ae\" data-element_type=\"container\" data-settings=\"{&quot;background_background&quot;:&quot;classic&quot;}\">\n\t\t<div class=\"elementor-element elementor-element-f6b071d e-con-full e-flex e-con e-child\" data-id=\"f6b071d\" data-element_type=\"container\">\n\t\t\t\t<div class=\"elementor-element elementor-element-6580b84 elementor-icon-list--layout-traditional elementor-list-item-link-full_width elementor-widget elementor-widget-icon-list\" data-id=\"6580b84\" data-element_type=\"widget\" data-widget_type=\"icon-list.default\">\n\t\t\t\t<div class=\"elementor-widget-container\">\n\t\t\t\t\t\t\t<ul class=\"elementor-icon-list-items\">\n\t\t\t\t\t\t\t<li class=\"elementor-icon-list-item\">\n\t\t\t\t\t\t\t\t\t\t\t<a href=\"https:\/\/peronmedya.com\/sabunmakina\/sabun-damgalama-makinasi\/\">\n\n\t\t\t\t\t\t\t\t\t\t\t<span class=\"elementor-icon-list-text\">Sabun Damgalama Makinas\u0131<\/span>\n\t\t\t\t\t\t\t\t\t\t\t<\/a>\n\t\t\t\t\t\t\t\t\t<\/li>\n\t\t\t\t\t\t<\/ul>\n\t\t\t\t\t\t<\/div>\n\t\t\t\t<\/div>\n\t\t\t\t<\/div>\n\t\t<div class=\"elementor-element elementor-element-ed865b8 e-con-full e-flex e-con e-child\" data-id=\"ed865b8\" data-element_type=\"container\">\n\t\t\t\t<div class=\"elementor-element elementor-element-cb040d6 elementor-view-default elementor-widget elementor-widget-icon\" data-id=\"cb040d6\" data-element_type=\"widget\" data-widget_type=\"icon.default\">\n\t\t\t\t<div class=\"elementor-widget-container\">\n\t\t\t\t\t\t\t<div class=\"elementor-icon-wrapper\">\n\t\t\t<div class=\"elementor-icon\">\n\t\t\t<svg aria-hidden=\"true\" class=\"e-font-icon-svg e-fas-arrow-alt-circle-right\" viewBox=\"0 0 512 512\" xmlns=\"http:\/\/www.w3.org\/2000\/svg\"><path d=\"M256 8c137 0 248 111 248 248S393 504 256 504 8 393 8 256 119 8 256 8zM140 300h116v70.9c0 10.7 13 16.1 20.5 8.5l114.3-114.9c4.7-4.7 4.7-12.2 0-16.9l-114.3-115c-7.6-7.6-20.5-2.2-20.5 8.5V212H140c-6.6 0-12 5.4-12 12v64c0 6.6 5.4 12 12 12z\"><\/path><\/svg>\t\t\t<\/div>\n\t\t<\/div>\n\t\t\t\t\t\t<\/div>\n\t\t\t\t<\/div>\n\t\t\t\t<\/div>\n\t\t\t\t<\/div>\n\t\t<div class=\"elementor-element elementor-element-0033efc e-con-full e-flex e-con e-child\" data-id=\"0033efc\" data-element_type=\"container\" data-settings=\"{&quot;background_background&quot;:&quot;classic&quot;}\">\n\t\t<div class=\"elementor-element elementor-element-0b29ddb e-con-full e-flex e-con e-child\" data-id=\"0b29ddb\" data-element_type=\"container\">\n\t\t\t\t<div class=\"elementor-element elementor-element-e1535e6 elementor-widget elementor-widget-heading\" data-id=\"e1535e6\" data-element_type=\"widget\" data-widget_type=\"heading.default\">\n\t\t\t\t<div class=\"elementor-widget-container\">\n\t\t\t\t\t<h2 class=\"elementor-heading-title elementor-size-default\">Detayl\u0131 Bilgi Al<\/h2>\t\t\t\t<\/div>\n\t\t\t\t<\/div>\n\t\t\t\t<div class=\"elementor-element elementor-element-ee0349d ekit-equal-height-disable elementor-widget elementor-widget-elementskit-icon-box\" data-id=\"ee0349d\" data-element_type=\"widget\" data-widget_type=\"elementskit-icon-box.default\">\n\t\t\t\t<div class=\"elementor-widget-container\">\n\t\t\t\t\t<div class=\"ekit-wid-con\" >        <!-- link opening -->\n                <a href=\"https:\/\/peronmedya.com\/sabunmakina\/iletisim\/\" class=\"ekit_global_links\">\n                <!-- end link opening -->\n\n        <div class=\"elementskit-infobox text-left text-left icon-lef-right-aligin elementor-animation- media  \">\n                    <div class=\"elementskit-box-header elementor-animation-\">\n                <div class=\"elementskit-info-box-icon  text-center\">\n                    <svg aria-hidden=\"true\" class=\"elementkit-infobox-icon e-font-icon-svg e-fas-phone-alt\" viewBox=\"0 0 512 512\" xmlns=\"http:\/\/www.w3.org\/2000\/svg\"><path d=\"M497.39 361.8l-112-48a24 24 0 0 0-28 6.9l-49.6 60.6A370.66 370.66 0 0 1 130.6 204.11l60.6-49.6a23.94 23.94 0 0 0 6.9-28l-48-112A24.16 24.16 0 0 0 122.6.61l-104 24A24 24 0 0 0 0 48c0 256.5 207.9 464 464 464a24 24 0 0 0 23.4-18.6l24-104a24.29 24.29 0 0 0-14.01-27.6z\"><\/path><\/svg>\n                <\/div>\n          <\/div>\n                        <div class=\"box-body\">\n                            <h3 class=\"elementskit-info-box-title\">\n                    \u0130leti\u015fime Ge\u00e7                <\/h3>\n                                            <\/div>\n        \n        \n                <\/div>\n                <\/a>\n        <\/div>\t\t\t\t<\/div>\n\t\t\t\t<\/div>\n\t\t\t\t<\/div>\n\t\t\t\t<\/div>\n\t\t\t\t<\/div>\n\t\t<div class=\"elementor-element elementor-element-58a3352 e-con-full e-flex e-con e-child\" data-id=\"58a3352\" data-element_type=\"container\">\n\t\t\t\t<div class=\"elementor-element elementor-element-9dce3c1 elementor-widget elementor-widget-heading\" data-id=\"9dce3c1\" data-element_type=\"widget\" data-widget_type=\"heading.default\">\n\t\t\t\t<div class=\"elementor-widget-container\">\n\t\t\t\t\t<h2 class=\"elementor-heading-title elementor-size-default\">Sabun Budun\u00f6z Makinas\u0131<\/h2>\t\t\t\t<\/div>\n\t\t\t\t<\/div>\n\t\t\t\t<div class=\"elementor-element elementor-element-db1ee7e elementor-widget elementor-widget-image\" data-id=\"db1ee7e\" data-element_type=\"widget\" data-widget_type=\"image.default\">\n\t\t\t\t<div class=\"elementor-widget-container\">\n\t\t\t\t\t\t\t\t\t\t\t\t\t\t\t<img fetchpriority=\"high\" decoding=\"async\" width=\"1200\" height=\"800\" src=\"https:\/\/peronmedya.com\/sabunmakina\/wp-content\/uploads\/2025\/07\/DSCF4376-2.jpg\" class=\"attachment-full size-full wp-image-409\" alt=\"\" srcset=\"https:\/\/peronmedya.com\/sabunmakina\/wp-content\/uploads\/2025\/07\/DSCF4376-2.jpg 1200w, https:\/\/peronmedya.com\/sabunmakina\/wp-content\/uploads\/2025\/07\/DSCF4376-2-300x200.jpg 300w, https:\/\/peronmedya.com\/sabunmakina\/wp-content\/uploads\/2025\/07\/DSCF4376-2-1024x683.jpg 1024w, https:\/\/peronmedya.com\/sabunmakina\/wp-content\/uploads\/2025\/07\/DSCF4376-2-768x512.jpg 768w\" sizes=\"(max-width: 1200px) 100vw, 1200px\" \/>\t\t\t\t\t\t\t\t\t\t\t\t\t\t\t<\/div>\n\t\t\t\t<\/div>\n\t\t\t\t<div class=\"elementor-element elementor-element-f06b320 elementor-widget elementor-widget-text-editor\" data-id=\"f06b320\" data-element_type=\"widget\" data-widget_type=\"text-editor.default\">\n\t\t\t\t<div class=\"elementor-widget-container\">\n\t\t\t\t\t\t\t\t\t<p>T\u00fcm sabun cipslerini i\u015flemek i\u00e7in tasarlanm\u0131\u015ft\u0131r. Tek veya yan yana paralel helezon sistemleriyle sabun \u00fcretiminde b\u00fcy\u00fck katk\u0131lar sa\u011flamaktad\u0131r.<span class=\"Apple-converted-space\">&nbsp; <\/span>Sabun imalat\u0131nda sabunun son \u015feklini almadan \u00f6nce sabun \u00e7ubuklar\u0131n\u0131n \u00fcretiminde<span class=\"Apple-converted-space\">&nbsp; <\/span>kullan\u0131l\u0131r. Bu sabun \u00e7ubuklar\u0131, p\u00fcr\u00fczs\u00fcz<span class=\"Apple-converted-space\">&nbsp; <\/span>parlak ve rafine edilmi\u015f bir yap\u0131ya sahip oldu\u011fu i\u00e7in sabun son \u015feklini sahip oldu\u011funda son derece<span class=\"Apple-converted-space\">&nbsp;<\/span>d\u00fczg\u00fcn<span class=\"Apple-converted-space\">&nbsp; <\/span>\u015fekilli ve kaliteli olur. Sabun<span class=\"Apple-converted-space\">&nbsp;<\/span>budun\u00f6zleri<span class=\"Apple-converted-space\">&nbsp;<\/span>firmam\u0131z taraf\u0131ndan de\u011fi\u015fik \u015fekillerde \u00fcretilmektedir.<\/p>\n<p>\u015e\u00f6yle ki, tek helezonlu ve yan yana paralel \u00e7ift helezonlu olarak \u00fcretilmektedir. Helezon \u00e7aplar\u0131 istenilen kapasiteye g\u00f6re de\u011fi\u015fmektedir. Bu makinelerin sabunla temas eden t\u00fcm y\u00fczeylerinde 304 kalite paslanmaz \u00e7elik(krom) kulan\u0131lm\u0131\u015ft\u0131r.\u0130ste\u011fe g\u00f6re 316 paslanmaz \u00e7eliktende imal edilebilmektedir. Helezonlar ise etel 171 marka \u00f6zel al\u00fcminyum ala\u015f\u0131mdan imal edilmi\u015ftir.<\/p>\n<h3>Teknik \u00d6zellikleri<\/h3>\n<ul>\n<li>Elektrik Panosu,<\/li>\n<li>Hazne ve vakum odas\u0131nda seviye kontrol\u00fc,<\/li>\n<li>Budun\u00f6z i\u00e7in \u00f6zel \u015fanz\u0131man,<\/li>\n<li>Sabun \u00e7ubuk \u00e7\u0131k\u0131\u015f\u0131 termostatik \u0131s\u0131t\u0131c\u0131,<\/li>\n<li>Is\u0131 g\u00f6stergesi,<\/li>\n<li>H\u0131z kontrol cihaz\u0131(\u0130nverter),<\/li>\n<li>Vakumlu budun\u00f6zlerde \u015feffaf vakum kapa\u011f\u0131,<\/li>\n<li>Vakum g\u00f6stergesi,<\/li>\n<li>Kolay elek uygulamalar\u0131,<\/li>\n<li>G\u00f6mlek so\u011futmalar\u0131,<\/li>\n<li>Is\u0131 yal\u0131t\u0131mlar\u0131,<\/li>\n<li>\u0130\u015f g\u00fcvenli\u011fi i\u00e7in g\u00fcvenlik d\u00fczenlemeleri,<\/li>\n<li>Dubleks budun\u00f6z yan\u0131nda \u00e7al\u0131\u015fma platformu,<\/li>\n<\/ul>\t\t\t\t\t\t\t\t<\/div>\n\t\t\t\t<\/div>\n\t\t\t\t<div class=\"elementor-element elementor-element-8d08c06 elementor-widget elementor-widget-text-editor\" data-id=\"8d08c06\" data-element_type=\"widget\" data-widget_type=\"text-editor.default\">\n\t\t\t\t<div class=\"elementor-widget-container\">\n\t\t\t\t\t\t\t\t\t\n<table class=\"responsive-table\">\n<thead>\n<tr>\n<th>Modeli<\/th>\n<th>Kapasite (kg\/saat)<\/th>\n<th>Motor G\u00fcc\u00fc (kW)<\/th>\n<\/tr>\n<\/thead>\n<tbody>\n<tr>\n<td class=\"category-row\" colspan=\"3\">TEK HELEZON<\/td>\n<\/tr>\n<tr>\n<td data-label=\"Modeli\">TB-080<\/td>\n<td data-label=\"Kapasite\">800<\/td>\n<td data-label=\"Motor G\u00fcc\u00fc\">7.5<\/td>\n<\/tr>\n<tr>\n<td data-label=\"Modeli\">TB-130<\/td>\n<td data-label=\"Kapasite\">1300<\/td>\n<td data-label=\"Motor G\u00fcc\u00fc\">18.5<\/td>\n<\/tr>\n<tr>\n<td data-label=\"Modeli\">TB-200<\/td>\n<td data-label=\"Kapasite\">2000<\/td>\n<td data-label=\"Motor G\u00fcc\u00fc\">22<\/td>\n<\/tr>\n<tr>\n<td data-label=\"Modeli\">TB-300<\/td>\n<td data-label=\"Kapasite\">3000<\/td>\n<td data-label=\"Motor G\u00fcc\u00fc\">30<\/td>\n<\/tr>\n<tr>\n<td data-label=\"Modeli\">TB-400<\/td>\n<td data-label=\"Kapasite\">4000<\/td>\n<td data-label=\"Motor G\u00fcc\u00fc\">45<\/td>\n<\/tr>\n<tr>\n<td class=\"category-row\" colspan=\"3\">\u00c7\u0130FT HELEZON<\/td>\n<\/tr>\n<tr>\n<td data-label=\"Modeli\">CB-080<\/td>\n<td data-label=\"Kapasite\">1500<\/td>\n<td data-label=\"Motor G\u00fcc\u00fc\">15<\/td>\n<\/tr>\n<tr>\n<td data-label=\"Modeli\">CB-130<\/td>\n<td data-label=\"Kapasite\">2500<\/td>\n<td data-label=\"Motor G\u00fcc\u00fc\">30<\/td>\n<\/tr>\n<tr>\n<td data-label=\"Modeli\">CB-200<\/td>\n<td data-label=\"Kapasite\">4000<\/td>\n<td data-label=\"Motor G\u00fcc\u00fc\">45<\/td>\n<\/tr>\n<tr>\n<td data-label=\"Modeli\">CB-300<\/td>\n<td data-label=\"Kapasite\">5000<\/td>\n<td data-label=\"Motor G\u00fcc\u00fc\">55<\/td>\n<\/tr>\n<tr>\n<td data-label=\"Modeli\">CB-400<\/td>\n<td data-label=\"Kapasite\">7000<\/td>\n<td data-label=\"Motor G\u00fcc\u00fc\">75<\/td>\n<\/tr>\n<\/tbody>\n<\/table>\n&nbsp;\t\t\t\t\t\t\t\t<\/div>\n\t\t\t\t<\/div>\n\t\t\t\t<div class=\"elementor-element elementor-element-689e5ec elementor-widget elementor-widget-text-editor\" data-id=\"689e5ec\" data-element_type=\"widget\" data-widget_type=\"text-editor.default\">\n\t\t\t\t<div class=\"elementor-widget-container\">\n\t\t\t\t\t\t\t\t\t<p class=\"p1\">Vakumlu ve vakumsuz dubleks budun\u00f6zlerin tek helezonlu ve yan yana paralel \u00e7ift helezonlu olarak kombinasyonlu motor g\u00fc\u00e7leri ve kapasiteleri a\u015fa\u011f\u0131daki tablodad\u0131r;<\/p>\t\t\t\t\t\t\t\t<\/div>\n\t\t\t\t<\/div>\n\t\t\t\t<div class=\"elementor-element elementor-element-b996f18 elementor-widget elementor-widget-text-editor\" data-id=\"b996f18\" data-element_type=\"widget\" data-widget_type=\"text-editor.default\">\n\t\t\t\t<div class=\"elementor-widget-container\">\n\t\t\t\t\t\t\t\t\t\n<style>\n    .table-wrapper {\n      overflow-x: auto;\n    }\n\n    table {\n      width: 100%;\n      border-collapse: collapse;\n      min-width: 600px;\n    }\n\n    th, td {\n      border: 1px solid #e0e0e0;\n      padding: 12px;\n      text-align: center;\n      font-size: 15px;\n    }\n\n    th {\n      background-color: #fff;\n      color: #001b60;\n      font-weight: bold;\n    }\n\n    td {\n      color: #333;\n    }\n\n    @media (max-width: 768px) {\n      table {\n        font-size: 13px;\n      }\n    }\n  <\/style>\n\n\n  <div class=\"table-wrapper\">\n    <table>\n      <thead>\n        <tr>\n          <th>Modeli<\/th>\n          <th>MOTOR G\u00dcC\u00dc KW<\/th>\n          <th>KAPAS\u0130TE KG\/SAAT<\/th>\n        <\/tr>\n      <\/thead>\n      <tbody>\n        <tr>\n          <td>DB080<\/td>\n          <td>15\u201360<\/td>\n          <td>800\u20131200<\/td>\n        <\/tr>\n        <tr>\n          <td>DB130<\/td>\n          <td>37\u201374<\/td>\n          <td>1300\u20132000<\/td>\n        <\/tr>\n        <tr>\n          <td>DB200<\/td>\n          <td>44\u201388<\/td>\n          <td>2.500\u20133200<\/td>\n        <\/tr>\n        <tr>\n          <td>DB300<\/td>\n          <td>60\u2013120<\/td>\n          <td>3.500\u20134000<\/td>\n        <\/tr>\n        <tr>\n          <td>DB400<\/td>\n          <td>90\u2013180<\/td>\n          <td>4.000\u20135000<\/td>\n        <\/tr>\n      <\/tbody>\n    <\/table>\n  <\/div>\n\n<\/body>\n<\/html>\n\t\t\t\t\t\t\t\t<\/div>\n\t\t\t\t<\/div>\n\t\t\t\t<\/div>\n\t\t\t\t\t<\/div>\n\t\t\t\t<\/div>\n\t\t\t\t<\/div>\n\t\t","protected":false},"excerpt":{"rendered":"<p>Budun\u00f6z Makinas\u0131 Anasayfa \u00dcr\u00fcnlerimiz Sabun Budun\u00f6z Makinas\u0131 Sabun \u00c7ubuk Kesme Makinas\u0131 Sabun Mikser Makinas\u0131 Sabun Damgalama Makinas\u0131 Detayl\u0131 Bilgi Al \u0130leti\u015fime Ge\u00e7 Sabun Budun\u00f6z Makinas\u0131 T\u00fcm sabun cipslerini i\u015flemek i\u00e7in tasarlanm\u0131\u015ft\u0131r. Tek veya yan yana paralel helezon sistemleriyle sabun \u00fcretiminde b\u00fcy\u00fck katk\u0131lar sa\u011flamaktad\u0131r.&nbsp; Sabun imalat\u0131nda sabunun son \u015feklini almadan \u00f6nce sabun \u00e7ubuklar\u0131n\u0131n \u00fcretiminde&nbsp; kullan\u0131l\u0131r. Bu [&hellip;]<\/p>\n","protected":false},"author":1,"featured_media":0,"parent":0,"menu_order":0,"comment_status":"closed","ping_status":"closed","template":"elementor_header_footer","meta":{"footnotes":""},"class_list":["post-320","page","type-page","status-publish","hentry"],"_links":{"self":[{"href":"https:\/\/peronmedya.com\/sabunmakina\/wp-json\/wp\/v2\/pages\/320","targetHints":{"allow":["GET"]}}],"collection":[{"href":"https:\/\/peronmedya.com\/sabunmakina\/wp-json\/wp\/v2\/pages"}],"about":[{"href":"https:\/\/peronmedya.com\/sabunmakina\/wp-json\/wp\/v2\/types\/page"}],"author":[{"embeddable":true,"href":"https:\/\/peronmedya.com\/sabunmakina\/wp-json\/wp\/v2\/users\/1"}],"replies":[{"embeddable":true,"href":"https:\/\/peronmedya.com\/sabunmakina\/wp-json\/wp\/v2\/comments?post=320"}],"version-history":[{"count":25,"href":"https:\/\/peronmedya.com\/sabunmakina\/wp-json\/wp\/v2\/pages\/320\/revisions"}],"predecessor-version":[{"id":453,"href":"https:\/\/peronmedya.com\/sabunmakina\/wp-json\/wp\/v2\/pages\/320\/revisions\/453"}],"wp:attachment":[{"href":"https:\/\/peronmedya.com\/sabunmakina\/wp-json\/wp\/v2\/media?parent=320"}],"curies":[{"name":"wp","href":"https:\/\/api.w.org\/{rel}","templated":true}]}}