{"id":435,"date":"2025-07-23T06:33:14","date_gmt":"2025-07-23T06:33:14","guid":{"rendered":"https:\/\/peronmedya.com\/sabunmakina\/?page_id=435"},"modified":"2025-07-23T10:30:37","modified_gmt":"2025-07-23T10:30:37","slug":"sabun-cubuk-kesme-makinesi","status":"publish","type":"page","link":"https:\/\/peronmedya.com\/sabunmakina\/sabun-cubuk-kesme-makinesi\/","title":{"rendered":"Sabun \u00c7ubuk Kesme Makinesi"},"content":{"rendered":"\t\t<div data-elementor-type=\"wp-page\" data-elementor-id=\"435\" class=\"elementor elementor-435\" data-elementor-post-type=\"page\">\n\t\t\t\t\t\t<section class=\"elementor-section elementor-top-section elementor-element elementor-element-136a9dc elementor-section-boxed elementor-section-height-default elementor-section-height-default\" data-id=\"136a9dc\" data-element_type=\"section\" data-settings=\"{&quot;background_background&quot;:&quot;classic&quot;}\">\n\t\t\t\t\t\t\t<div class=\"elementor-background-overlay\"><\/div>\n\t\t\t\t\t\t\t<div class=\"elementor-container elementor-column-gap-default\">\n\t\t\t\t\t<div class=\"elementor-column elementor-col-100 elementor-top-column elementor-element elementor-element-831251b\" data-id=\"831251b\" data-element_type=\"column\">\n\t\t\t<div class=\"elementor-widget-wrap elementor-element-populated\">\n\t\t\t\t\t\t<div class=\"elementor-element elementor-element-2388a56 elementor-widget elementor-widget-heading\" data-id=\"2388a56\" data-element_type=\"widget\" data-widget_type=\"heading.default\">\n\t\t\t\t<div class=\"elementor-widget-container\">\n\t\t\t\t\t<h2 class=\"elementor-heading-title elementor-size-default\">Sabun \u00c7ubuk Kesme Makinesi<\/h2>\t\t\t\t<\/div>\n\t\t\t\t<\/div>\n\t\t\t\t<div class=\"elementor-element elementor-element-97fe446 elementor-icon-list--layout-inline elementor-align-center elementor-list-item-link-full_width elementor-widget elementor-widget-icon-list\" data-id=\"97fe446\" data-element_type=\"widget\" data-widget_type=\"icon-list.default\">\n\t\t\t\t<div class=\"elementor-widget-container\">\n\t\t\t\t\t\t\t<ul class=\"elementor-icon-list-items elementor-inline-items\">\n\t\t\t\t\t\t\t<li class=\"elementor-icon-list-item elementor-inline-item\">\n\t\t\t\t\t\t\t\t\t\t<span class=\"elementor-icon-list-text\">Anasayfa<\/span>\n\t\t\t\t\t\t\t\t\t<\/li>\n\t\t\t\t\t\t\t\t<li class=\"elementor-icon-list-item elementor-inline-item\">\n\t\t\t\t\t\t\t\t\t\t\t<span class=\"elementor-icon-list-icon\">\n\t\t\t\t\t\t\t<svg aria-hidden=\"true\" class=\"e-font-icon-svg e-fas-chevron-right\" viewBox=\"0 0 320 512\" xmlns=\"http:\/\/www.w3.org\/2000\/svg\"><path d=\"M285.476 272.971L91.132 467.314c-9.373 9.373-24.569 9.373-33.941 0l-22.667-22.667c-9.357-9.357-9.375-24.522-.04-33.901L188.505 256 34.484 101.255c-9.335-9.379-9.317-24.544.04-33.901l22.667-22.667c9.373-9.373 24.569-9.373 33.941 0L285.475 239.03c9.373 9.372 9.373 24.568.001 33.941z\"><\/path><\/svg>\t\t\t\t\t\t<\/span>\n\t\t\t\t\t\t\t\t\t\t<span class=\"elementor-icon-list-text\">\u00dcr\u00fcnlerimiz<\/span>\n\t\t\t\t\t\t\t\t\t<\/li>\n\t\t\t\t\t\t<\/ul>\n\t\t\t\t\t\t<\/div>\n\t\t\t\t<\/div>\n\t\t\t\t\t<\/div>\n\t\t<\/div>\n\t\t\t\t\t<\/div>\n\t\t<\/section>\n\t\t<div class=\"elementor-element elementor-element-bb3fed3 e-flex e-con-boxed e-con e-parent\" data-id=\"bb3fed3\" data-element_type=\"container\">\n\t\t\t\t\t<div class=\"e-con-inner\">\n\t\t<div class=\"elementor-element elementor-element-445e315 e-con-full e-flex e-con e-child\" data-id=\"445e315\" data-element_type=\"container\" data-settings=\"{&quot;sticky&quot;:&quot;top&quot;,&quot;sticky_offset&quot;:30,&quot;sticky_parent&quot;:&quot;yes&quot;,&quot;sticky_on&quot;:[&quot;desktop&quot;,&quot;tablet&quot;,&quot;mobile&quot;],&quot;sticky_effects_offset&quot;:0,&quot;sticky_anchor_link_offset&quot;:0}\">\n\t\t<div class=\"elementor-element elementor-element-9eb6f4c e-con-full e-flex e-con e-child\" data-id=\"9eb6f4c\" data-element_type=\"container\" data-settings=\"{&quot;background_background&quot;:&quot;classic&quot;}\">\n\t\t<div class=\"elementor-element elementor-element-fc22964 e-con-full e-flex e-con e-child\" data-id=\"fc22964\" data-element_type=\"container\">\n\t\t\t\t<div class=\"elementor-element elementor-element-5b62167 elementor-icon-list--layout-traditional elementor-list-item-link-full_width elementor-widget elementor-widget-icon-list\" data-id=\"5b62167\" data-element_type=\"widget\" data-widget_type=\"icon-list.default\">\n\t\t\t\t<div class=\"elementor-widget-container\">\n\t\t\t\t\t\t\t<ul class=\"elementor-icon-list-items\">\n\t\t\t\t\t\t\t<li class=\"elementor-icon-list-item\">\n\t\t\t\t\t\t\t\t\t\t\t<a href=\"https:\/\/peronmedya.com\/sabunmakina\/sabun-cubuk-kesme-makinesi\/\">\n\n\t\t\t\t\t\t\t\t\t\t\t<span class=\"elementor-icon-list-text\">Sabun \u00c7ubuk Kesme Makinas\u0131<\/span>\n\t\t\t\t\t\t\t\t\t\t\t<\/a>\n\t\t\t\t\t\t\t\t\t<\/li>\n\t\t\t\t\t\t<\/ul>\n\t\t\t\t\t\t<\/div>\n\t\t\t\t<\/div>\n\t\t\t\t<\/div>\n\t\t<div class=\"elementor-element elementor-element-9e9b487 e-con-full e-flex e-con e-child\" data-id=\"9e9b487\" data-element_type=\"container\">\n\t\t\t\t<div class=\"elementor-element elementor-element-7ad77d7 elementor-view-default elementor-widget elementor-widget-icon\" data-id=\"7ad77d7\" data-element_type=\"widget\" data-widget_type=\"icon.default\">\n\t\t\t\t<div class=\"elementor-widget-container\">\n\t\t\t\t\t\t\t<div class=\"elementor-icon-wrapper\">\n\t\t\t<div class=\"elementor-icon\">\n\t\t\t<svg aria-hidden=\"true\" class=\"e-font-icon-svg e-fas-arrow-alt-circle-right\" viewBox=\"0 0 512 512\" xmlns=\"http:\/\/www.w3.org\/2000\/svg\"><path d=\"M256 8c137 0 248 111 248 248S393 504 256 504 8 393 8 256 119 8 256 8zM140 300h116v70.9c0 10.7 13 16.1 20.5 8.5l114.3-114.9c4.7-4.7 4.7-12.2 0-16.9l-114.3-115c-7.6-7.6-20.5-2.2-20.5 8.5V212H140c-6.6 0-12 5.4-12 12v64c0 6.6 5.4 12 12 12z\"><\/path><\/svg>\t\t\t<\/div>\n\t\t<\/div>\n\t\t\t\t\t\t<\/div>\n\t\t\t\t<\/div>\n\t\t\t\t<\/div>\n\t\t\t\t<\/div>\n\t\t<div class=\"elementor-element elementor-element-e4c7729 e-con-full e-flex e-con e-child\" data-id=\"e4c7729\" data-element_type=\"container\" data-settings=\"{&quot;background_background&quot;:&quot;classic&quot;}\">\n\t\t<div class=\"elementor-element elementor-element-95877f1 e-con-full e-flex e-con e-child\" data-id=\"95877f1\" data-element_type=\"container\">\n\t\t\t\t<div class=\"elementor-element elementor-element-4fbcb27 elementor-icon-list--layout-traditional elementor-list-item-link-full_width elementor-widget elementor-widget-icon-list\" data-id=\"4fbcb27\" data-element_type=\"widget\" data-widget_type=\"icon-list.default\">\n\t\t\t\t<div class=\"elementor-widget-container\">\n\t\t\t\t\t\t\t<ul class=\"elementor-icon-list-items\">\n\t\t\t\t\t\t\t<li class=\"elementor-icon-list-item\">\n\t\t\t\t\t\t\t\t\t\t\t<a href=\"#\">\n\n\t\t\t\t\t\t\t\t\t\t\t<span class=\"elementor-icon-list-text\">Sabun Budun\u00f6z Makinas\u0131<\/span>\n\t\t\t\t\t\t\t\t\t\t\t<\/a>\n\t\t\t\t\t\t\t\t\t<\/li>\n\t\t\t\t\t\t<\/ul>\n\t\t\t\t\t\t<\/div>\n\t\t\t\t<\/div>\n\t\t\t\t<\/div>\n\t\t<div class=\"elementor-element elementor-element-d3d9701 e-con-full e-flex e-con e-child\" data-id=\"d3d9701\" data-element_type=\"container\">\n\t\t\t\t<div class=\"elementor-element elementor-element-2c6cef6 elementor-view-default elementor-widget elementor-widget-icon\" data-id=\"2c6cef6\" data-element_type=\"widget\" data-widget_type=\"icon.default\">\n\t\t\t\t<div class=\"elementor-widget-container\">\n\t\t\t\t\t\t\t<div class=\"elementor-icon-wrapper\">\n\t\t\t<div class=\"elementor-icon\">\n\t\t\t<svg aria-hidden=\"true\" class=\"e-font-icon-svg e-fas-arrow-alt-circle-right\" viewBox=\"0 0 512 512\" xmlns=\"http:\/\/www.w3.org\/2000\/svg\"><path d=\"M256 8c137 0 248 111 248 248S393 504 256 504 8 393 8 256 119 8 256 8zM140 300h116v70.9c0 10.7 13 16.1 20.5 8.5l114.3-114.9c4.7-4.7 4.7-12.2 0-16.9l-114.3-115c-7.6-7.6-20.5-2.2-20.5 8.5V212H140c-6.6 0-12 5.4-12 12v64c0 6.6 5.4 12 12 12z\"><\/path><\/svg>\t\t\t<\/div>\n\t\t<\/div>\n\t\t\t\t\t\t<\/div>\n\t\t\t\t<\/div>\n\t\t\t\t<\/div>\n\t\t\t\t<\/div>\n\t\t<div class=\"elementor-element elementor-element-2989ff9 e-con-full e-flex e-con e-child\" data-id=\"2989ff9\" data-element_type=\"container\" data-settings=\"{&quot;background_background&quot;:&quot;classic&quot;}\">\n\t\t<div class=\"elementor-element elementor-element-93773d8 e-con-full e-flex e-con e-child\" data-id=\"93773d8\" data-element_type=\"container\">\n\t\t\t\t<div class=\"elementor-element elementor-element-fcba068 elementor-icon-list--layout-traditional elementor-list-item-link-full_width elementor-widget elementor-widget-icon-list\" data-id=\"fcba068\" data-element_type=\"widget\" data-widget_type=\"icon-list.default\">\n\t\t\t\t<div class=\"elementor-widget-container\">\n\t\t\t\t\t\t\t<ul class=\"elementor-icon-list-items\">\n\t\t\t\t\t\t\t<li class=\"elementor-icon-list-item\">\n\t\t\t\t\t\t\t\t\t\t\t<a href=\"https:\/\/peronmedya.com\/sabunmakina\/sabun-makina\/\">\n\n\t\t\t\t\t\t\t\t\t\t\t<span class=\"elementor-icon-list-text\">Sabun Mikser Makinas\u0131<\/span>\n\t\t\t\t\t\t\t\t\t\t\t<\/a>\n\t\t\t\t\t\t\t\t\t<\/li>\n\t\t\t\t\t\t<\/ul>\n\t\t\t\t\t\t<\/div>\n\t\t\t\t<\/div>\n\t\t\t\t<\/div>\n\t\t<div class=\"elementor-element elementor-element-45da765 e-con-full e-flex e-con e-child\" data-id=\"45da765\" data-element_type=\"container\">\n\t\t\t\t<div class=\"elementor-element elementor-element-7ee21f8 elementor-view-default elementor-widget elementor-widget-icon\" data-id=\"7ee21f8\" data-element_type=\"widget\" data-widget_type=\"icon.default\">\n\t\t\t\t<div class=\"elementor-widget-container\">\n\t\t\t\t\t\t\t<div class=\"elementor-icon-wrapper\">\n\t\t\t<div class=\"elementor-icon\">\n\t\t\t<svg aria-hidden=\"true\" class=\"e-font-icon-svg e-fas-arrow-alt-circle-right\" viewBox=\"0 0 512 512\" xmlns=\"http:\/\/www.w3.org\/2000\/svg\"><path d=\"M256 8c137 0 248 111 248 248S393 504 256 504 8 393 8 256 119 8 256 8zM140 300h116v70.9c0 10.7 13 16.1 20.5 8.5l114.3-114.9c4.7-4.7 4.7-12.2 0-16.9l-114.3-115c-7.6-7.6-20.5-2.2-20.5 8.5V212H140c-6.6 0-12 5.4-12 12v64c0 6.6 5.4 12 12 12z\"><\/path><\/svg>\t\t\t<\/div>\n\t\t<\/div>\n\t\t\t\t\t\t<\/div>\n\t\t\t\t<\/div>\n\t\t\t\t<\/div>\n\t\t\t\t<\/div>\n\t\t<div class=\"elementor-element elementor-element-4154a8f e-con-full e-flex e-con e-child\" data-id=\"4154a8f\" data-element_type=\"container\" data-settings=\"{&quot;background_background&quot;:&quot;classic&quot;}\">\n\t\t<div class=\"elementor-element elementor-element-5e59bec e-con-full e-flex e-con e-child\" data-id=\"5e59bec\" data-element_type=\"container\">\n\t\t\t\t<div class=\"elementor-element elementor-element-8c22cd2 elementor-icon-list--layout-traditional elementor-list-item-link-full_width elementor-widget elementor-widget-icon-list\" data-id=\"8c22cd2\" data-element_type=\"widget\" data-widget_type=\"icon-list.default\">\n\t\t\t\t<div class=\"elementor-widget-container\">\n\t\t\t\t\t\t\t<ul class=\"elementor-icon-list-items\">\n\t\t\t\t\t\t\t<li class=\"elementor-icon-list-item\">\n\t\t\t\t\t\t\t\t\t\t\t<a href=\"https:\/\/peronmedya.com\/sabunmakina\/sabun-damgalama-makinasi\/\">\n\n\t\t\t\t\t\t\t\t\t\t\t<span class=\"elementor-icon-list-text\">Sabun Damgalama Makinas\u0131<\/span>\n\t\t\t\t\t\t\t\t\t\t\t<\/a>\n\t\t\t\t\t\t\t\t\t<\/li>\n\t\t\t\t\t\t<\/ul>\n\t\t\t\t\t\t<\/div>\n\t\t\t\t<\/div>\n\t\t\t\t<\/div>\n\t\t<div class=\"elementor-element elementor-element-64b5bf6 e-con-full e-flex e-con e-child\" data-id=\"64b5bf6\" data-element_type=\"container\">\n\t\t\t\t<div class=\"elementor-element elementor-element-b40546b elementor-view-default elementor-widget elementor-widget-icon\" data-id=\"b40546b\" data-element_type=\"widget\" data-widget_type=\"icon.default\">\n\t\t\t\t<div class=\"elementor-widget-container\">\n\t\t\t\t\t\t\t<div class=\"elementor-icon-wrapper\">\n\t\t\t<div class=\"elementor-icon\">\n\t\t\t<svg aria-hidden=\"true\" class=\"e-font-icon-svg e-fas-arrow-alt-circle-right\" viewBox=\"0 0 512 512\" xmlns=\"http:\/\/www.w3.org\/2000\/svg\"><path d=\"M256 8c137 0 248 111 248 248S393 504 256 504 8 393 8 256 119 8 256 8zM140 300h116v70.9c0 10.7 13 16.1 20.5 8.5l114.3-114.9c4.7-4.7 4.7-12.2 0-16.9l-114.3-115c-7.6-7.6-20.5-2.2-20.5 8.5V212H140c-6.6 0-12 5.4-12 12v64c0 6.6 5.4 12 12 12z\"><\/path><\/svg>\t\t\t<\/div>\n\t\t<\/div>\n\t\t\t\t\t\t<\/div>\n\t\t\t\t<\/div>\n\t\t\t\t<\/div>\n\t\t\t\t<\/div>\n\t\t<div class=\"elementor-element elementor-element-cebb343 e-con-full e-flex e-con e-child\" data-id=\"cebb343\" data-element_type=\"container\" data-settings=\"{&quot;background_background&quot;:&quot;classic&quot;}\">\n\t\t<div class=\"elementor-element elementor-element-642bb63 e-con-full e-flex e-con e-child\" data-id=\"642bb63\" data-element_type=\"container\">\n\t\t\t\t<div class=\"elementor-element elementor-element-4e6829c elementor-widget elementor-widget-heading\" data-id=\"4e6829c\" data-element_type=\"widget\" data-widget_type=\"heading.default\">\n\t\t\t\t<div class=\"elementor-widget-container\">\n\t\t\t\t\t<h2 class=\"elementor-heading-title elementor-size-default\">Detayl\u0131 Bilgi Al<\/h2>\t\t\t\t<\/div>\n\t\t\t\t<\/div>\n\t\t\t\t<div class=\"elementor-element elementor-element-a3ac791 ekit-equal-height-disable elementor-widget elementor-widget-elementskit-icon-box\" data-id=\"a3ac791\" data-element_type=\"widget\" data-widget_type=\"elementskit-icon-box.default\">\n\t\t\t\t<div class=\"elementor-widget-container\">\n\t\t\t\t\t<div class=\"ekit-wid-con\" >        <!-- link opening -->\n                <a href=\"https:\/\/peronmedya.com\/sabunmakina\/iletisim\/\" class=\"ekit_global_links\">\n                <!-- end link opening -->\n\n        <div class=\"elementskit-infobox text-left text-left icon-lef-right-aligin elementor-animation- media  \">\n                    <div class=\"elementskit-box-header elementor-animation-\">\n                <div class=\"elementskit-info-box-icon  text-center\">\n                    <svg aria-hidden=\"true\" class=\"elementkit-infobox-icon e-font-icon-svg e-fas-phone-alt\" viewBox=\"0 0 512 512\" xmlns=\"http:\/\/www.w3.org\/2000\/svg\"><path d=\"M497.39 361.8l-112-48a24 24 0 0 0-28 6.9l-49.6 60.6A370.66 370.66 0 0 1 130.6 204.11l60.6-49.6a23.94 23.94 0 0 0 6.9-28l-48-112A24.16 24.16 0 0 0 122.6.61l-104 24A24 24 0 0 0 0 48c0 256.5 207.9 464 464 464a24 24 0 0 0 23.4-18.6l24-104a24.29 24.29 0 0 0-14.01-27.6z\"><\/path><\/svg>\n                <\/div>\n          <\/div>\n                        <div class=\"box-body\">\n                            <h3 class=\"elementskit-info-box-title\">\n                    \u0130leti\u015fime Ge\u00e7                <\/h3>\n                                            <\/div>\n        \n        \n                <\/div>\n                <\/a>\n        <\/div>\t\t\t\t<\/div>\n\t\t\t\t<\/div>\n\t\t\t\t<\/div>\n\t\t\t\t<\/div>\n\t\t\t\t<\/div>\n\t\t<div class=\"elementor-element elementor-element-c828204 e-con-full e-flex e-con e-child\" data-id=\"c828204\" data-element_type=\"container\">\n\t\t\t\t<div class=\"elementor-element elementor-element-fb78b72 elementor-widget elementor-widget-heading\" data-id=\"fb78b72\" data-element_type=\"widget\" data-widget_type=\"heading.default\">\n\t\t\t\t<div class=\"elementor-widget-container\">\n\t\t\t\t\t<h2 class=\"elementor-heading-title elementor-size-default\">Sabun \u00c7ubuk Kesme Makinesi<\/h2>\t\t\t\t<\/div>\n\t\t\t\t<\/div>\n\t\t\t\t<div class=\"elementor-element elementor-element-e5db274 elementor-widget elementor-widget-image\" data-id=\"e5db274\" data-element_type=\"widget\" data-widget_type=\"image.default\">\n\t\t\t\t<div class=\"elementor-widget-container\">\n\t\t\t\t\t\t\t\t\t\t\t\t\t\t\t<img fetchpriority=\"high\" decoding=\"async\" width=\"1200\" height=\"800\" src=\"https:\/\/peronmedya.com\/sabunmakina\/wp-content\/uploads\/2025\/07\/DSCF4306-2.jpg\" class=\"attachment-full size-full wp-image-422\" alt=\"\" srcset=\"https:\/\/peronmedya.com\/sabunmakina\/wp-content\/uploads\/2025\/07\/DSCF4306-2.jpg 1200w, https:\/\/peronmedya.com\/sabunmakina\/wp-content\/uploads\/2025\/07\/DSCF4306-2-300x200.jpg 300w, https:\/\/peronmedya.com\/sabunmakina\/wp-content\/uploads\/2025\/07\/DSCF4306-2-1024x683.jpg 1024w, https:\/\/peronmedya.com\/sabunmakina\/wp-content\/uploads\/2025\/07\/DSCF4306-2-768x512.jpg 768w\" sizes=\"(max-width: 1200px) 100vw, 1200px\" \/>\t\t\t\t\t\t\t\t\t\t\t\t\t\t\t<\/div>\n\t\t\t\t<\/div>\n\t\t\t\t<div class=\"elementor-element elementor-element-eeb0844 elementor-widget elementor-widget-text-editor\" data-id=\"eeb0844\" data-element_type=\"widget\" data-widget_type=\"text-editor.default\">\n\t\t\t\t<div class=\"elementor-widget-container\">\n\t\t\t\t\t\t\t\t\t<p class=\"p1\">Bu makine, modern sabun imalat\u0131nda, \u00e7ubu\u011fun son \u015feklini almadan \u00f6nce istenilen uzunlukta kesilebilmesi i\u00e7in<span class=\"Apple-converted-space\">\u00a0 <\/span>kullan\u0131lmaktad\u0131r. Makine, \u00fczerine<span class=\"Apple-converted-space\">\u00a0<\/span>tak\u0131lan<span class=\"Apple-converted-space\">\u00a0 <\/span>hassas<span class=\"Apple-converted-space\">\u00a0<\/span>boy<span class=\"Apple-converted-space\">\u00a0<\/span>\u00f6l\u00e7er sayesinde<span class=\"Apple-converted-space\">\u00a0 <\/span>\u00e7ubu\u011fun<span class=\"Apple-converted-space\">\u00a0 <\/span>boyunu<span class=\"Apple-converted-space\">\u00a0 <\/span>milimetrik olarak ayarlamaktad\u0131r. Kesici, kesilecek sabun boyunu \u00e7al\u0131\u015fma s\u0131ras\u0131nda, h\u0131zlanma ve yava\u015flama esnas\u0131nda sabit tutabilmenin yan\u0131s\u0131ra h\u0131z\u0131n\u0131 artt\u0131rabilme ve azaltabilme imkan\u0131 vermektedir.<\/p><p class=\"p2\">Makinenin t\u00fcm par\u00e7alar\u0131, de\u011fi\u015ftirebilecek \u015fekilde tasarlanm\u0131\u015f olup, yedek par\u00e7as\u0131 kolay temin edilebilir ve bak\u0131m\u0131 gayet kolayd\u0131r.<\/p><h3>Teknik \u00d6zellikleri<\/h3><ul><li class=\"li1\">Milimetrik boy ayarl\u0131d\u0131r.<\/li><li class=\"li1\">Elektronik sabun kesme<\/li><li class=\"li1\">2,2 kw Servo Tak\u0131m,<\/li><li class=\"li1\">4.3 Dokunmatik Panel<\/li><li class=\"li1\">Otomatik h\u0131z ayarl\u0131<\/li><li class=\"li1\">Encoder ile sabun \u00e7ubuk boy \u00f6l\u00e7me,<\/li><li class=\"li1\">Kesiciden damga makinesine sabun besleme band\u0131 <span class=\"s1\">0,37 kw<\/span> motor h\u0131z kontrol cihazl\u0131<\/li><li class=\"li1\">\u0130\u015f g\u00fcvenli\u011fi i\u00e7in gerekli d\u00fczenlemeler,<\/li><\/ul>\t\t\t\t\t\t\t\t<\/div>\n\t\t\t\t<\/div>\n\t\t\t\t<\/div>\n\t\t\t\t\t<\/div>\n\t\t\t\t<\/div>\n\t\t\t\t<\/div>\n\t\t","protected":false},"excerpt":{"rendered":"<p>Sabun \u00c7ubuk Kesme Makinesi Anasayfa \u00dcr\u00fcnlerimiz Sabun \u00c7ubuk Kesme Makinas\u0131 Sabun Budun\u00f6z Makinas\u0131 Sabun Mikser Makinas\u0131 Sabun Damgalama Makinas\u0131 Detayl\u0131 Bilgi Al \u0130leti\u015fime Ge\u00e7 Sabun \u00c7ubuk Kesme Makinesi Bu makine, modern sabun imalat\u0131nda, \u00e7ubu\u011fun son \u015feklini almadan \u00f6nce istenilen uzunlukta kesilebilmesi i\u00e7in\u00a0 kullan\u0131lmaktad\u0131r. Makine, \u00fczerine\u00a0tak\u0131lan\u00a0 hassas\u00a0boy\u00a0\u00f6l\u00e7er sayesinde\u00a0 \u00e7ubu\u011fun\u00a0 boyunu\u00a0 milimetrik olarak ayarlamaktad\u0131r. Kesici, kesilecek sabun [&hellip;]<\/p>\n","protected":false},"author":1,"featured_media":0,"parent":0,"menu_order":0,"comment_status":"closed","ping_status":"closed","template":"elementor_header_footer","meta":{"footnotes":""},"class_list":["post-435","page","type-page","status-publish","hentry"],"_links":{"self":[{"href":"https:\/\/peronmedya.com\/sabunmakina\/wp-json\/wp\/v2\/pages\/435","targetHints":{"allow":["GET"]}}],"collection":[{"href":"https:\/\/peronmedya.com\/sabunmakina\/wp-json\/wp\/v2\/pages"}],"about":[{"href":"https:\/\/peronmedya.com\/sabunmakina\/wp-json\/wp\/v2\/types\/page"}],"author":[{"embeddable":true,"href":"https:\/\/peronmedya.com\/sabunmakina\/wp-json\/wp\/v2\/users\/1"}],"replies":[{"embeddable":true,"href":"https:\/\/peronmedya.com\/sabunmakina\/wp-json\/wp\/v2\/comments?post=435"}],"version-history":[{"count":4,"href":"https:\/\/peronmedya.com\/sabunmakina\/wp-json\/wp\/v2\/pages\/435\/revisions"}],"predecessor-version":[{"id":443,"href":"https:\/\/peronmedya.com\/sabunmakina\/wp-json\/wp\/v2\/pages\/435\/revisions\/443"}],"wp:attachment":[{"href":"https:\/\/peronmedya.com\/sabunmakina\/wp-json\/wp\/v2\/media?parent=435"}],"curies":[{"name":"wp","href":"https:\/\/api.w.org\/{rel}","templated":true}]}}