{"id":542,"date":"2025-08-25T11:59:23","date_gmt":"2025-08-25T11:59:23","guid":{"rendered":"https:\/\/peronmedya.com\/sabunmakina\/?page_id=542"},"modified":"2025-08-25T13:51:27","modified_gmt":"2025-08-25T13:51:27","slug":"uc-toplu-sabun-silindiri","status":"publish","type":"page","link":"https:\/\/peronmedya.com\/sabunmakina\/uc-toplu-sabun-silindiri\/","title":{"rendered":"\u00dc\u00e7 Toplu Sabun Silindiri"},"content":{"rendered":"\t\t<div data-elementor-type=\"wp-page\" data-elementor-id=\"542\" class=\"elementor elementor-542\" data-elementor-post-type=\"page\">\n\t\t\t\t\t\t<section class=\"elementor-section elementor-top-section elementor-element elementor-element-e786685 elementor-section-boxed elementor-section-height-default elementor-section-height-default\" data-id=\"e786685\" data-element_type=\"section\" data-settings=\"{&quot;background_background&quot;:&quot;classic&quot;}\">\n\t\t\t\t\t\t\t<div class=\"elementor-background-overlay\"><\/div>\n\t\t\t\t\t\t\t<div class=\"elementor-container elementor-column-gap-default\">\n\t\t\t\t\t<div class=\"elementor-column elementor-col-100 elementor-top-column elementor-element elementor-element-84cb727\" data-id=\"84cb727\" data-element_type=\"column\">\n\t\t\t<div class=\"elementor-widget-wrap elementor-element-populated\">\n\t\t\t\t\t\t<div class=\"elementor-element elementor-element-db80537 elementor-widget elementor-widget-heading\" data-id=\"db80537\" data-element_type=\"widget\" data-widget_type=\"heading.default\">\n\t\t\t\t<div class=\"elementor-widget-container\">\n\t\t\t\t\t<h2 class=\"elementor-heading-title elementor-size-default\">\u00dc\u00e7 Toplu Sabun Silindiri<\/h2>\t\t\t\t<\/div>\n\t\t\t\t<\/div>\n\t\t\t\t<div class=\"elementor-element elementor-element-c890252 elementor-icon-list--layout-inline elementor-align-center elementor-list-item-link-full_width elementor-widget elementor-widget-icon-list\" data-id=\"c890252\" data-element_type=\"widget\" data-widget_type=\"icon-list.default\">\n\t\t\t\t<div class=\"elementor-widget-container\">\n\t\t\t\t\t\t\t<ul class=\"elementor-icon-list-items elementor-inline-items\">\n\t\t\t\t\t\t\t<li class=\"elementor-icon-list-item elementor-inline-item\">\n\t\t\t\t\t\t\t\t\t\t<span class=\"elementor-icon-list-text\">Anasayfa<\/span>\n\t\t\t\t\t\t\t\t\t<\/li>\n\t\t\t\t\t\t\t\t<li class=\"elementor-icon-list-item elementor-inline-item\">\n\t\t\t\t\t\t\t\t\t\t\t<span class=\"elementor-icon-list-icon\">\n\t\t\t\t\t\t\t<svg aria-hidden=\"true\" class=\"e-font-icon-svg e-fas-chevron-right\" viewBox=\"0 0 320 512\" xmlns=\"http:\/\/www.w3.org\/2000\/svg\"><path d=\"M285.476 272.971L91.132 467.314c-9.373 9.373-24.569 9.373-33.941 0l-22.667-22.667c-9.357-9.357-9.375-24.522-.04-33.901L188.505 256 34.484 101.255c-9.335-9.379-9.317-24.544.04-33.901l22.667-22.667c9.373-9.373 24.569-9.373 33.941 0L285.475 239.03c9.373 9.372 9.373 24.568.001 33.941z\"><\/path><\/svg>\t\t\t\t\t\t<\/span>\n\t\t\t\t\t\t\t\t\t\t<span class=\"elementor-icon-list-text\">\u00dcr\u00fcnlerimiz<\/span>\n\t\t\t\t\t\t\t\t\t<\/li>\n\t\t\t\t\t\t<\/ul>\n\t\t\t\t\t\t<\/div>\n\t\t\t\t<\/div>\n\t\t\t\t\t<\/div>\n\t\t<\/div>\n\t\t\t\t\t<\/div>\n\t\t<\/section>\n\t\t<div class=\"elementor-element elementor-element-a1290a9 e-flex e-con-boxed e-con e-parent\" data-id=\"a1290a9\" data-element_type=\"container\">\n\t\t\t\t\t<div class=\"e-con-inner\">\n\t\t<div class=\"elementor-element elementor-element-9739e8b e-con-full e-flex e-con e-child\" data-id=\"9739e8b\" data-element_type=\"container\" data-settings=\"{&quot;sticky&quot;:&quot;top&quot;,&quot;sticky_offset&quot;:30,&quot;sticky_parent&quot;:&quot;yes&quot;,&quot;sticky_on&quot;:[&quot;desktop&quot;,&quot;tablet&quot;],&quot;sticky_effects_offset&quot;:0,&quot;sticky_anchor_link_offset&quot;:0}\">\n\t\t<div class=\"elementor-element elementor-element-dadd6dd e-con-full e-flex e-con e-child\" data-id=\"dadd6dd\" data-element_type=\"container\" data-settings=\"{&quot;background_background&quot;:&quot;classic&quot;}\">\n\t\t<div class=\"elementor-element elementor-element-6c35a24 e-con-full e-flex e-con e-child\" data-id=\"6c35a24\" data-element_type=\"container\">\n\t\t\t\t<div class=\"elementor-element elementor-element-d8dcc8d elementor-icon-list--layout-traditional elementor-list-item-link-full_width elementor-widget elementor-widget-icon-list\" data-id=\"d8dcc8d\" data-element_type=\"widget\" data-widget_type=\"icon-list.default\">\n\t\t\t\t<div class=\"elementor-widget-container\">\n\t\t\t\t\t\t\t<ul class=\"elementor-icon-list-items\">\n\t\t\t\t\t\t\t<li class=\"elementor-icon-list-item\">\n\t\t\t\t\t\t\t\t\t\t\t<a href=\"#\">\n\n\t\t\t\t\t\t\t\t\t\t\t<span class=\"elementor-icon-list-text\">\u00dc\u00e7 Toplu Sabun Silindiri<\/span>\n\t\t\t\t\t\t\t\t\t\t\t<\/a>\n\t\t\t\t\t\t\t\t\t<\/li>\n\t\t\t\t\t\t<\/ul>\n\t\t\t\t\t\t<\/div>\n\t\t\t\t<\/div>\n\t\t\t\t<\/div>\n\t\t<div class=\"elementor-element elementor-element-1e78c35 e-con-full e-flex e-con e-child\" data-id=\"1e78c35\" data-element_type=\"container\">\n\t\t\t\t<div class=\"elementor-element elementor-element-d10ea82 elementor-view-default elementor-widget elementor-widget-icon\" data-id=\"d10ea82\" data-element_type=\"widget\" data-widget_type=\"icon.default\">\n\t\t\t\t<div class=\"elementor-widget-container\">\n\t\t\t\t\t\t\t<div class=\"elementor-icon-wrapper\">\n\t\t\t<div class=\"elementor-icon\">\n\t\t\t<svg aria-hidden=\"true\" class=\"e-font-icon-svg e-fas-arrow-alt-circle-right\" viewBox=\"0 0 512 512\" xmlns=\"http:\/\/www.w3.org\/2000\/svg\"><path d=\"M256 8c137 0 248 111 248 248S393 504 256 504 8 393 8 256 119 8 256 8zM140 300h116v70.9c0 10.7 13 16.1 20.5 8.5l114.3-114.9c4.7-4.7 4.7-12.2 0-16.9l-114.3-115c-7.6-7.6-20.5-2.2-20.5 8.5V212H140c-6.6 0-12 5.4-12 12v64c0 6.6 5.4 12 12 12z\"><\/path><\/svg>\t\t\t<\/div>\n\t\t<\/div>\n\t\t\t\t\t\t<\/div>\n\t\t\t\t<\/div>\n\t\t\t\t<\/div>\n\t\t\t\t<\/div>\n\t\t<div class=\"elementor-element elementor-element-2c9517c e-con-full e-flex e-con e-child\" data-id=\"2c9517c\" data-element_type=\"container\" data-settings=\"{&quot;background_background&quot;:&quot;classic&quot;}\">\n\t\t<div class=\"elementor-element elementor-element-3ca0b38 e-con-full e-flex e-con e-child\" data-id=\"3ca0b38\" data-element_type=\"container\">\n\t\t\t\t<div class=\"elementor-element elementor-element-c685c7a elementor-icon-list--layout-traditional elementor-list-item-link-full_width elementor-widget elementor-widget-icon-list\" data-id=\"c685c7a\" data-element_type=\"widget\" data-widget_type=\"icon-list.default\">\n\t\t\t\t<div class=\"elementor-widget-container\">\n\t\t\t\t\t\t\t<ul class=\"elementor-icon-list-items\">\n\t\t\t\t\t\t\t<li class=\"elementor-icon-list-item\">\n\t\t\t\t\t\t\t\t\t\t\t<a href=\"https:\/\/peronmedya.com\/sabunmakina\/budunoz-makinasi\/\">\n\n\t\t\t\t\t\t\t\t\t\t\t<span class=\"elementor-icon-list-text\">Sabun Budun\u00f6z Makinas\u0131<\/span>\n\t\t\t\t\t\t\t\t\t\t\t<\/a>\n\t\t\t\t\t\t\t\t\t<\/li>\n\t\t\t\t\t\t<\/ul>\n\t\t\t\t\t\t<\/div>\n\t\t\t\t<\/div>\n\t\t\t\t<\/div>\n\t\t<div class=\"elementor-element elementor-element-28152ba e-con-full e-flex e-con e-child\" data-id=\"28152ba\" data-element_type=\"container\">\n\t\t\t\t<div class=\"elementor-element elementor-element-32c3e5b elementor-view-default elementor-widget elementor-widget-icon\" data-id=\"32c3e5b\" data-element_type=\"widget\" data-widget_type=\"icon.default\">\n\t\t\t\t<div class=\"elementor-widget-container\">\n\t\t\t\t\t\t\t<div class=\"elementor-icon-wrapper\">\n\t\t\t<a class=\"elementor-icon\" href=\"https:\/\/peronmedya.com\/sabunmakina\/sabun-cubuk-kesme-makinesi\/\">\n\t\t\t<svg aria-hidden=\"true\" class=\"e-font-icon-svg e-fas-arrow-alt-circle-right\" viewBox=\"0 0 512 512\" xmlns=\"http:\/\/www.w3.org\/2000\/svg\"><path d=\"M256 8c137 0 248 111 248 248S393 504 256 504 8 393 8 256 119 8 256 8zM140 300h116v70.9c0 10.7 13 16.1 20.5 8.5l114.3-114.9c4.7-4.7 4.7-12.2 0-16.9l-114.3-115c-7.6-7.6-20.5-2.2-20.5 8.5V212H140c-6.6 0-12 5.4-12 12v64c0 6.6 5.4 12 12 12z\"><\/path><\/svg>\t\t\t<\/a>\n\t\t<\/div>\n\t\t\t\t\t\t<\/div>\n\t\t\t\t<\/div>\n\t\t\t\t<\/div>\n\t\t\t\t<\/div>\n\t\t<div class=\"elementor-element elementor-element-7dc0ffe e-con-full e-flex e-con e-child\" data-id=\"7dc0ffe\" data-element_type=\"container\" data-settings=\"{&quot;background_background&quot;:&quot;classic&quot;}\">\n\t\t<div class=\"elementor-element elementor-element-928e4f8 e-con-full e-flex e-con e-child\" data-id=\"928e4f8\" data-element_type=\"container\">\n\t\t\t\t<div class=\"elementor-element elementor-element-c34c8a5 elementor-icon-list--layout-traditional elementor-list-item-link-full_width elementor-widget elementor-widget-icon-list\" data-id=\"c34c8a5\" data-element_type=\"widget\" data-widget_type=\"icon-list.default\">\n\t\t\t\t<div class=\"elementor-widget-container\">\n\t\t\t\t\t\t\t<ul class=\"elementor-icon-list-items\">\n\t\t\t\t\t\t\t<li class=\"elementor-icon-list-item\">\n\t\t\t\t\t\t\t\t\t\t\t<a href=\"https:\/\/peronmedya.com\/sabunmakina\/sabun-cubuk-kesme-makinesi\/\">\n\n\t\t\t\t\t\t\t\t\t\t\t<span class=\"elementor-icon-list-text\">Sabun \u00c7ubuk Kesme Makinas\u0131<\/span>\n\t\t\t\t\t\t\t\t\t\t\t<\/a>\n\t\t\t\t\t\t\t\t\t<\/li>\n\t\t\t\t\t\t<\/ul>\n\t\t\t\t\t\t<\/div>\n\t\t\t\t<\/div>\n\t\t\t\t<\/div>\n\t\t<div class=\"elementor-element elementor-element-e2d6536 e-con-full e-flex e-con e-child\" data-id=\"e2d6536\" data-element_type=\"container\">\n\t\t\t\t<div class=\"elementor-element elementor-element-6497428 elementor-view-default elementor-widget elementor-widget-icon\" data-id=\"6497428\" data-element_type=\"widget\" data-widget_type=\"icon.default\">\n\t\t\t\t<div class=\"elementor-widget-container\">\n\t\t\t\t\t\t\t<div class=\"elementor-icon-wrapper\">\n\t\t\t<a class=\"elementor-icon\" href=\"https:\/\/peronmedya.com\/sabunmakina\/sabun-cubuk-kesme-makinesi\/\">\n\t\t\t<svg aria-hidden=\"true\" class=\"e-font-icon-svg e-fas-arrow-alt-circle-right\" viewBox=\"0 0 512 512\" xmlns=\"http:\/\/www.w3.org\/2000\/svg\"><path d=\"M256 8c137 0 248 111 248 248S393 504 256 504 8 393 8 256 119 8 256 8zM140 300h116v70.9c0 10.7 13 16.1 20.5 8.5l114.3-114.9c4.7-4.7 4.7-12.2 0-16.9l-114.3-115c-7.6-7.6-20.5-2.2-20.5 8.5V212H140c-6.6 0-12 5.4-12 12v64c0 6.6 5.4 12 12 12z\"><\/path><\/svg>\t\t\t<\/a>\n\t\t<\/div>\n\t\t\t\t\t\t<\/div>\n\t\t\t\t<\/div>\n\t\t\t\t<\/div>\n\t\t\t\t<\/div>\n\t\t<div class=\"elementor-element elementor-element-b3f67d5 e-con-full e-flex e-con e-child\" data-id=\"b3f67d5\" data-element_type=\"container\" data-settings=\"{&quot;background_background&quot;:&quot;classic&quot;}\">\n\t\t<div class=\"elementor-element elementor-element-89f0c01 e-con-full e-flex e-con e-child\" data-id=\"89f0c01\" data-element_type=\"container\">\n\t\t\t\t<div class=\"elementor-element elementor-element-649146b elementor-icon-list--layout-traditional elementor-list-item-link-full_width elementor-widget elementor-widget-icon-list\" data-id=\"649146b\" data-element_type=\"widget\" data-widget_type=\"icon-list.default\">\n\t\t\t\t<div class=\"elementor-widget-container\">\n\t\t\t\t\t\t\t<ul class=\"elementor-icon-list-items\">\n\t\t\t\t\t\t\t<li class=\"elementor-icon-list-item\">\n\t\t\t\t\t\t\t\t\t\t\t<a href=\"https:\/\/peronmedya.com\/sabunmakina\/sabun-makina\/\">\n\n\t\t\t\t\t\t\t\t\t\t\t<span class=\"elementor-icon-list-text\">Sabun Mikser Makinas\u0131<\/span>\n\t\t\t\t\t\t\t\t\t\t\t<\/a>\n\t\t\t\t\t\t\t\t\t<\/li>\n\t\t\t\t\t\t<\/ul>\n\t\t\t\t\t\t<\/div>\n\t\t\t\t<\/div>\n\t\t\t\t<\/div>\n\t\t<div class=\"elementor-element elementor-element-6260671 e-con-full e-flex e-con e-child\" data-id=\"6260671\" data-element_type=\"container\">\n\t\t\t\t<div class=\"elementor-element elementor-element-9069af2 elementor-view-default elementor-widget elementor-widget-icon\" data-id=\"9069af2\" data-element_type=\"widget\" data-widget_type=\"icon.default\">\n\t\t\t\t<div class=\"elementor-widget-container\">\n\t\t\t\t\t\t\t<div class=\"elementor-icon-wrapper\">\n\t\t\t<div class=\"elementor-icon\">\n\t\t\t<svg aria-hidden=\"true\" class=\"e-font-icon-svg e-fas-arrow-alt-circle-right\" viewBox=\"0 0 512 512\" xmlns=\"http:\/\/www.w3.org\/2000\/svg\"><path d=\"M256 8c137 0 248 111 248 248S393 504 256 504 8 393 8 256 119 8 256 8zM140 300h116v70.9c0 10.7 13 16.1 20.5 8.5l114.3-114.9c4.7-4.7 4.7-12.2 0-16.9l-114.3-115c-7.6-7.6-20.5-2.2-20.5 8.5V212H140c-6.6 0-12 5.4-12 12v64c0 6.6 5.4 12 12 12z\"><\/path><\/svg>\t\t\t<\/div>\n\t\t<\/div>\n\t\t\t\t\t\t<\/div>\n\t\t\t\t<\/div>\n\t\t\t\t<\/div>\n\t\t\t\t<\/div>\n\t\t<div class=\"elementor-element elementor-element-8d8f1af e-con-full e-flex e-con e-child\" data-id=\"8d8f1af\" data-element_type=\"container\" data-settings=\"{&quot;background_background&quot;:&quot;classic&quot;}\">\n\t\t<div class=\"elementor-element elementor-element-7222bed e-con-full e-flex e-con e-child\" data-id=\"7222bed\" data-element_type=\"container\">\n\t\t\t\t<div class=\"elementor-element elementor-element-610600f elementor-icon-list--layout-traditional elementor-list-item-link-full_width elementor-widget elementor-widget-icon-list\" data-id=\"610600f\" data-element_type=\"widget\" data-widget_type=\"icon-list.default\">\n\t\t\t\t<div class=\"elementor-widget-container\">\n\t\t\t\t\t\t\t<ul class=\"elementor-icon-list-items\">\n\t\t\t\t\t\t\t<li class=\"elementor-icon-list-item\">\n\t\t\t\t\t\t\t\t\t\t\t<a href=\"https:\/\/peronmedya.com\/sabunmakina\/sabun-damgalama-makinasi\/\">\n\n\t\t\t\t\t\t\t\t\t\t\t<span class=\"elementor-icon-list-text\">Sabun Damgalama Makinas\u0131<\/span>\n\t\t\t\t\t\t\t\t\t\t\t<\/a>\n\t\t\t\t\t\t\t\t\t<\/li>\n\t\t\t\t\t\t<\/ul>\n\t\t\t\t\t\t<\/div>\n\t\t\t\t<\/div>\n\t\t\t\t<\/div>\n\t\t<div class=\"elementor-element elementor-element-202e42f e-con-full e-flex e-con e-child\" data-id=\"202e42f\" data-element_type=\"container\">\n\t\t\t\t<div class=\"elementor-element elementor-element-58c6823 elementor-view-default elementor-widget elementor-widget-icon\" data-id=\"58c6823\" data-element_type=\"widget\" data-widget_type=\"icon.default\">\n\t\t\t\t<div class=\"elementor-widget-container\">\n\t\t\t\t\t\t\t<div class=\"elementor-icon-wrapper\">\n\t\t\t<div class=\"elementor-icon\">\n\t\t\t<svg aria-hidden=\"true\" class=\"e-font-icon-svg e-fas-arrow-alt-circle-right\" viewBox=\"0 0 512 512\" xmlns=\"http:\/\/www.w3.org\/2000\/svg\"><path d=\"M256 8c137 0 248 111 248 248S393 504 256 504 8 393 8 256 119 8 256 8zM140 300h116v70.9c0 10.7 13 16.1 20.5 8.5l114.3-114.9c4.7-4.7 4.7-12.2 0-16.9l-114.3-115c-7.6-7.6-20.5-2.2-20.5 8.5V212H140c-6.6 0-12 5.4-12 12v64c0 6.6 5.4 12 12 12z\"><\/path><\/svg>\t\t\t<\/div>\n\t\t<\/div>\n\t\t\t\t\t\t<\/div>\n\t\t\t\t<\/div>\n\t\t\t\t<\/div>\n\t\t\t\t<\/div>\n\t\t<div class=\"elementor-element elementor-element-86b6b7f e-con-full e-flex e-con e-child\" data-id=\"86b6b7f\" data-element_type=\"container\" data-settings=\"{&quot;background_background&quot;:&quot;classic&quot;}\">\n\t\t<div class=\"elementor-element elementor-element-e844926 e-con-full e-flex e-con e-child\" data-id=\"e844926\" data-element_type=\"container\">\n\t\t\t\t<div class=\"elementor-element elementor-element-a8d3b78 elementor-widget elementor-widget-heading\" data-id=\"a8d3b78\" data-element_type=\"widget\" data-widget_type=\"heading.default\">\n\t\t\t\t<div class=\"elementor-widget-container\">\n\t\t\t\t\t<h2 class=\"elementor-heading-title elementor-size-default\">Detayl\u0131 Bilgi Al<\/h2>\t\t\t\t<\/div>\n\t\t\t\t<\/div>\n\t\t\t\t<div class=\"elementor-element elementor-element-3980bef ekit-equal-height-disable elementor-widget elementor-widget-elementskit-icon-box\" data-id=\"3980bef\" data-element_type=\"widget\" data-widget_type=\"elementskit-icon-box.default\">\n\t\t\t\t<div class=\"elementor-widget-container\">\n\t\t\t\t\t<div class=\"ekit-wid-con\" >        <!-- link opening -->\n                <a href=\"https:\/\/peronmedya.com\/sabunmakina\/iletisim\/\" class=\"ekit_global_links\">\n                <!-- end link opening -->\n\n        <div class=\"elementskit-infobox text-left text-left icon-lef-right-aligin elementor-animation- media  \">\n                    <div class=\"elementskit-box-header elementor-animation-\">\n                <div class=\"elementskit-info-box-icon  text-center\">\n                    <svg aria-hidden=\"true\" class=\"elementkit-infobox-icon e-font-icon-svg e-fas-phone-alt\" viewBox=\"0 0 512 512\" xmlns=\"http:\/\/www.w3.org\/2000\/svg\"><path d=\"M497.39 361.8l-112-48a24 24 0 0 0-28 6.9l-49.6 60.6A370.66 370.66 0 0 1 130.6 204.11l60.6-49.6a23.94 23.94 0 0 0 6.9-28l-48-112A24.16 24.16 0 0 0 122.6.61l-104 24A24 24 0 0 0 0 48c0 256.5 207.9 464 464 464a24 24 0 0 0 23.4-18.6l24-104a24.29 24.29 0 0 0-14.01-27.6z\"><\/path><\/svg>\n                <\/div>\n          <\/div>\n                        <div class=\"box-body\">\n                            <h3 class=\"elementskit-info-box-title\">\n                    \u0130leti\u015fime Ge\u00e7                <\/h3>\n                                            <\/div>\n        \n        \n                <\/div>\n                <\/a>\n        <\/div>\t\t\t\t<\/div>\n\t\t\t\t<\/div>\n\t\t\t\t<\/div>\n\t\t\t\t<\/div>\n\t\t\t\t<\/div>\n\t\t<div class=\"elementor-element elementor-element-b126fe4 e-con-full e-flex e-con e-child\" data-id=\"b126fe4\" data-element_type=\"container\">\n\t\t\t\t<div class=\"elementor-element elementor-element-ceef6c8 elementor-widget elementor-widget-heading\" data-id=\"ceef6c8\" data-element_type=\"widget\" data-widget_type=\"heading.default\">\n\t\t\t\t<div class=\"elementor-widget-container\">\n\t\t\t\t\t<h2 class=\"elementor-heading-title elementor-size-default\">\u00dc\u00e7 Toplu Sabun Silindiri\u200b<\/h2>\t\t\t\t<\/div>\n\t\t\t\t<\/div>\n\t\t\t\t<div class=\"elementor-element elementor-element-2b97d23 elementor-widget elementor-widget-image\" data-id=\"2b97d23\" data-element_type=\"widget\" data-widget_type=\"image.default\">\n\t\t\t\t<div class=\"elementor-widget-container\">\n\t\t\t\t\t\t\t\t\t\t\t\t\t\t\t<img fetchpriority=\"high\" decoding=\"async\" width=\"768\" height=\"1024\" src=\"https:\/\/peronmedya.com\/sabunmakina\/wp-content\/uploads\/2025\/08\/KOTEM-CYLINDER1-768x1024.jpeg\" class=\"attachment-large size-large wp-image-550\" alt=\"\" srcset=\"https:\/\/peronmedya.com\/sabunmakina\/wp-content\/uploads\/2025\/08\/KOTEM-CYLINDER1-768x1024.jpeg 768w, https:\/\/peronmedya.com\/sabunmakina\/wp-content\/uploads\/2025\/08\/KOTEM-CYLINDER1-225x300.jpeg 225w, https:\/\/peronmedya.com\/sabunmakina\/wp-content\/uploads\/2025\/08\/KOTEM-CYLINDER1-1152x1536.jpeg 1152w, https:\/\/peronmedya.com\/sabunmakina\/wp-content\/uploads\/2025\/08\/KOTEM-CYLINDER1.jpeg 1200w\" sizes=\"(max-width: 768px) 100vw, 768px\" \/>\t\t\t\t\t\t\t\t\t\t\t\t\t\t\t<\/div>\n\t\t\t\t<\/div>\n\t\t\t\t<div class=\"elementor-element elementor-element-984711c elementor-widget elementor-widget-text-editor\" data-id=\"984711c\" data-element_type=\"widget\" data-widget_type=\"text-editor.default\">\n\t\t\t\t<div class=\"elementor-widget-container\">\n\t\t\t\t\t\t\t\t\t<p><span style=\"font-weight: 400;\">Modern sabun sanayinde standart tuvalet sabunlar\u0131 i\u00e7in uygundur.Sabunun kalitesini artt\u0131rmak i\u00e7in kullan\u0131l\u0131r. Sabunun i\u00e7indeki p\u00fct\u00fcrleri ezerek sabunun daha rafine olmas\u0131n\u0131 sa\u011flar.Firmam\u0131z tarf\u0131ndan istenilen kapasitede yap\u0131labilmektedir.<\/span><\/p><p>\u00a0<\/p><p><span style=\"font-weight: 400;\">TEKN\u0130K \u00d6ZELL\u0130KLER\u0130:<\/span><\/p><ul><li style=\"font-weight: 400;\" aria-level=\"1\"><span style=\"font-weight: 400;\">Toplarda 304 kalite krom(paslanmaz) kullan\u0131lm\u0131\u015ft\u0131r.<\/span><\/li><li style=\"font-weight: 400;\" aria-level=\"1\"><span style=\"font-weight: 400;\">Toplar i\u00e7erisinden su so\u011futmal\u0131d\u0131r.<\/span><\/li><li style=\"font-weight: 400;\" aria-level=\"1\"><span style=\"font-weight: 400;\">Toplar\u0131n aras\u0131ndaki mesafe sabunun \u00f6zelli\u011fine g\u00f6re ayarlanabilir.<\/span><\/li><\/ul>\t\t\t\t\t\t\t\t<\/div>\n\t\t\t\t<\/div>\n\t\t\t\t<div class=\"elementor-element elementor-element-b438919 elementor-widget elementor-widget-image\" data-id=\"b438919\" data-element_type=\"widget\" data-widget_type=\"image.default\">\n\t\t\t\t<div class=\"elementor-widget-container\">\n\t\t\t\t\t\t\t\t\t\t\t\t\t\t\t<img decoding=\"async\" width=\"1358\" height=\"568\" src=\"https:\/\/peronmedya.com\/sabunmakina\/wp-content\/uploads\/2025\/08\/Screenshot-at-Aug-25-15-50-59.png\" class=\"attachment-full size-full wp-image-545\" alt=\"\" srcset=\"https:\/\/peronmedya.com\/sabunmakina\/wp-content\/uploads\/2025\/08\/Screenshot-at-Aug-25-15-50-59.png 1358w, https:\/\/peronmedya.com\/sabunmakina\/wp-content\/uploads\/2025\/08\/Screenshot-at-Aug-25-15-50-59-300x125.png 300w, https:\/\/peronmedya.com\/sabunmakina\/wp-content\/uploads\/2025\/08\/Screenshot-at-Aug-25-15-50-59-1024x428.png 1024w, https:\/\/peronmedya.com\/sabunmakina\/wp-content\/uploads\/2025\/08\/Screenshot-at-Aug-25-15-50-59-768x321.png 768w\" sizes=\"(max-width: 1358px) 100vw, 1358px\" \/>\t\t\t\t\t\t\t\t\t\t\t\t\t\t\t<\/div>\n\t\t\t\t<\/div>\n\t\t\t\t<div class=\"elementor-element elementor-element-fca28ba elementor-widget elementor-widget-text-editor\" data-id=\"fca28ba\" data-element_type=\"widget\" data-widget_type=\"text-editor.default\">\n\t\t\t\t<div class=\"elementor-widget-container\">\n\t\t\t\t\t\t\t\t\t<table><tbody><tr><td><p><b>Modeli<\/b><\/p><\/td><td><p><span>Top Uzunluk<\/span><span>\u00a0<\/span><span><br \/><\/span><span>mm<\/span><\/p><\/td><td><p><span>Top \u00c7ap<\/span><span>\u00a0<\/span><span><br \/><\/span><span>mm<\/span><\/p><\/td><td><p><span>\u00dcretim<\/span><span>\u00a0<\/span><span><br \/><\/span><span>0,20 mm @<\/span><span>\u00a0<\/span><span><br \/><\/span><span>Kg \/ saat<\/span><\/p><\/td><td><p><span>\u00dcretim<\/span><span>\u00a0<\/span><span><br \/><\/span><span>0,30 mm @<\/span><span>\u00a0<\/span><span><br \/><\/span><span>Kg \/ saat<\/span><\/p><\/td><td><p><span>Motor G\u00fcc\u00fc\u00a0<\/span><span><br \/><\/span><span>kW<\/span><\/p><\/td><\/tr><tr><td><p><b>V-200<\/b><\/p><\/td><td><p><span>500<\/span><\/p><\/td><td><p><span>200<\/span><\/p><\/td><td><p><span>500<\/span><\/p><\/td><td><p><span>800<\/span><\/p><\/td><td><p><span>11-15-15<\/span><\/p><\/td><\/tr><tr><td><p><b>V-250<\/b><\/p><\/td><td><p><span>600<\/span><\/p><\/td><td><p><span>250<\/span><\/p><\/td><td><p><span>1000<\/span><\/p><\/td><td><p><span>1250<\/span><\/p><\/td><td><p><span>18.5-30-30<\/span><\/p><\/td><\/tr><tr><td><p><b>V-300<\/b><\/p><\/td><td><p><span>1000<\/span><\/p><\/td><td><p><span>300<\/span><\/p><\/td><td><p><span>1800<\/span><\/p><\/td><td><p><span>2500<\/span><\/p><\/td><td><p><span>37-45-55<\/span><\/p><\/td><\/tr><tr><td>\u00a0<\/td><td>\u00a0<\/td><td>\u00a0<\/td><td>\u00a0<\/td><td>\u00a0<\/td><td>\u00a0<\/td><\/tr><tr><td>\u00a0<\/td><td>\u00a0<\/td><td>\u00a0<\/td><td>\u00a0<\/td><td>\u00a0<\/td><td>\u00a0<\/td><\/tr><\/tbody><\/table><p>\u00a0<\/p>\t\t\t\t\t\t\t\t<\/div>\n\t\t\t\t<\/div>\n\t\t\t\t<\/div>\n\t\t\t\t\t<\/div>\n\t\t\t\t<\/div>\n\t\t\t\t<\/div>\n\t\t","protected":false},"excerpt":{"rendered":"<p>\u00dc\u00e7 Toplu Sabun Silindiri Anasayfa \u00dcr\u00fcnlerimiz \u00dc\u00e7 Toplu Sabun Silindiri Sabun Budun\u00f6z Makinas\u0131 Sabun \u00c7ubuk Kesme Makinas\u0131 Sabun Mikser Makinas\u0131 Sabun Damgalama Makinas\u0131 Detayl\u0131 Bilgi Al \u0130leti\u015fime Ge\u00e7 \u00dc\u00e7 Toplu Sabun Silindiri\u200b Modern sabun sanayinde standart tuvalet sabunlar\u0131 i\u00e7in uygundur.Sabunun kalitesini artt\u0131rmak i\u00e7in kullan\u0131l\u0131r. Sabunun i\u00e7indeki p\u00fct\u00fcrleri ezerek sabunun daha rafine olmas\u0131n\u0131 sa\u011flar.Firmam\u0131z tarf\u0131ndan istenilen [&hellip;]<\/p>\n","protected":false},"author":1,"featured_media":0,"parent":0,"menu_order":0,"comment_status":"closed","ping_status":"closed","template":"elementor_header_footer","meta":{"footnotes":""},"class_list":["post-542","page","type-page","status-publish","hentry"],"_links":{"self":[{"href":"https:\/\/peronmedya.com\/sabunmakina\/wp-json\/wp\/v2\/pages\/542","targetHints":{"allow":["GET"]}}],"collection":[{"href":"https:\/\/peronmedya.com\/sabunmakina\/wp-json\/wp\/v2\/pages"}],"about":[{"href":"https:\/\/peronmedya.com\/sabunmakina\/wp-json\/wp\/v2\/types\/page"}],"author":[{"embeddable":true,"href":"https:\/\/peronmedya.com\/sabunmakina\/wp-json\/wp\/v2\/users\/1"}],"replies":[{"embeddable":true,"href":"https:\/\/peronmedya.com\/sabunmakina\/wp-json\/wp\/v2\/comments?post=542"}],"version-history":[{"count":10,"href":"https:\/\/peronmedya.com\/sabunmakina\/wp-json\/wp\/v2\/pages\/542\/revisions"}],"predecessor-version":[{"id":556,"href":"https:\/\/peronmedya.com\/sabunmakina\/wp-json\/wp\/v2\/pages\/542\/revisions\/556"}],"wp:attachment":[{"href":"https:\/\/peronmedya.com\/sabunmakina\/wp-json\/wp\/v2\/media?parent=542"}],"curies":[{"name":"wp","href":"https:\/\/api.w.org\/{rel}","templated":true}]}}